{"id":11138,"date":"2025-10-20T11:02:13","date_gmt":"2025-10-20T09:02:13","guid":{"rendered":"https:\/\/africafashiontour.com\/los-colores-simbolicos-de-la-ropa-africana\/"},"modified":"2025-10-20T15:03:56","modified_gmt":"2025-10-20T13:03:56","slug":"los-colores-simbolicos-de-la-ropa-africana","status":"publish","type":"page","link":"https:\/\/africafashiontour.com\/es\/los-colores-simbolicos-de-la-ropa-africana\/","title":{"rendered":"Los colores simb\u00f3licos de la ropa africana"},"content":{"rendered":"<p><b>Cada dise\u00f1o<\/b><span style=\"font-weight: 400;\">, <\/span><b>cada textura<\/b><span style=\"font-weight: 400;\"> y sobre todo <\/span><b>cada color<\/b><span style=\"font-weight: 400;\">  tiene historia en la moda africana. Sumergirse en los s\u00edmbolos crom\u00e1ticos de este vestuario es mucho m\u00e1s que elegir una prenda atractiva. Es tocar el alma de un continente rico en tradici\u00f3n y creatividad. Y hoy..,     <\/span><a href=\"https:\/\/africafashiontour.com\/es\/\"><b>Africa Fashion Tour<\/b><\/a><span style=\"font-weight: 400;\">  le invita a descubrir c\u00f3mo estos colores encarnan el lujo, la identidad, el estatus social o las emociones profundas. Prep\u00e1rate para ver tu ropa bajo una nueva luz, con tonos que nos dicen mucho m\u00e1s de lo que pensamos. <\/span><\/p>\n<h3>\u00bfPor qu\u00e9 son tan importantes los colores en la indumentaria africana?<\/h3>\n<p><span style=\"font-weight: 400;\">Detr\u00e1s de <\/span><b>cada paleta de colores<\/b><span style=\"font-weight: 400;\">Cada tejido tiene su propio mensaje. En muchos pa\u00edses africanos, la elecci\u00f3n del tejido y de su color est\u00e1 ligada a la cultura, a veces incluso al clan o a la regi\u00f3n de origen. \u00a1Nunca es insignificante! Es f\u00e1cil ver que algunos     <\/span><b>suelen repetirse en ceremonias familiares o comunitarias.<\/b><span style=\"font-weight: 400;\"> o ceremonias comunitarias. <\/span> <span style=\"font-weight: 400;\">El impacto psicol\u00f3gico de los colores se extiende tambi\u00e9n a la vida cotidiana. Vestir de rojo en una boda u optar por motivos amarillos en una celebraci\u00f3n religiosa siempre tiene sentido. <\/span><\/p>\n<p><img decoding=\"async\" class=\"aligncenter wp-image-11131\" src=\"https:\/\/africafashiontour.com\/wp-content\/uploads\/2025\/10\/delight-dzansi-zMk89Zo6pOg-unsplash.jpg\" alt=\"\" width=\"761\" height=\"508\"><\/p>\n<p>&nbsp;<\/p>\n<div>\n<h2>Descripci\u00f3n de los principales colores y su significado<\/h2>\n<p><b>Cada color transmite un s\u00edmbolo<\/b><span style=\"font-weight: 400;\">  o un valor particular. Este lenguaje universal resulta fascinante cuando exploramos su uso en el vestuario africano. <\/span><\/p>\n<h3>Rojo: fuerza vital y poder<\/h3>\n<p><span style=\"font-weight: 400;\">Seguro que ya has visto <\/span><b>conjuntos rojo brillante<\/b><span style=\"font-weight: 400;\">  en las grandes celebraciones. Rojo suele rimar con   <\/span><b>energ\u00eda, valor y poder<\/b><span style=\"font-weight: 400;\">. Muchas personas incluso lo asocian a un v\u00ednculo sagrado con los antepasados o la tierra, ya que recuerda el color de la sangre y la vida.  <\/span><span style=\"font-weight: 400;\">Algunos vestidos tradicionales o telas bordadas eligen espec\u00edficamente este color para demostrar el poder de un linaje o el \u00e9xito familiar. En Costa de Marfil, por ejemplo,   <\/span><b>el rojo se utiliza para mostrar respeto y determinaci\u00f3n<\/b><span style=\"font-weight: 400;\"> en las grandes reuniones.<\/span><\/p>\n<h3>Azul: paz, espiritualidad y sabidur\u00eda<\/h3>\n<p><span style=\"font-weight: 400;\">Si hay un tono tranquilizador en la colecci\u00f3n tradicional africana, \u00e9se es el azul. Este color evoca el   <\/span><b>confianza, calma<\/b><span style=\"font-weight: 400;\">  y a veces incluso nobleza de coraz\u00f3n. Los tuaregs del S\u00e1hara llevan con orgullo su ch\u00e8che azul a\u00f1il, s\u00edmbolo de serenidad y pertenencia.   <\/span><span style=\"font-weight: 400;\">En Nigeria, los tejidos azul oscuro se utilizan con frecuencia para significar equilibrio y fidelidad. <\/span><b>equilibrio y fidelidad<\/b><span style=\"font-weight: 400;\">  en las relaciones. Llevar azul env\u00eda un mensaje de tranquilidad e integridad a todos los que se cruzan en tu camino. <\/span><\/p>\n<h3>Amarillo: prosperidad y luz<\/h3>\n<p><span style=\"font-weight: 400;\">Inmediatamente reconocible en los mercados durante las fiestas, el amarillo transmite <\/span><b>generosidad, felicidad y riqueza<\/b><span style=\"font-weight: 400;\">. Es habitual encontrarlo en accesorios o como nota dominante en taparrabos. Este color soleado ilumina literalmente la moda africana.   <\/span><span style=\"font-weight: 400;\">Entre los ashantis de Ghana, llevar una prenda amarilla indica tradicionalmente un estatus elevado o una celebraci\u00f3n especial. <\/span><b>estatus o una celebraci\u00f3n especial<\/b><span style=\"font-weight: 400;\">. Es imposible resistirse a la energ\u00eda positiva que una t\u00fanica amarilla brillante aporta a los actos festivos.<\/span><\/p>\n<h3>Verde: renovaci\u00f3n y esperanza<\/h3>\n<p><span style=\"font-weight: 400;\">A los ojos de muchas personas, el verde encarna <\/span><b>la renovaci\u00f3n y la abundancia<\/b><span style=\"font-weight: 400;\">. Utilizado con frecuencia en momentos de transici\u00f3n, como bautizos o nacimientos, tranquiliza y da un soplo de aire fresco. Su v\u00ednculo con la agricultura y la naturaleza refuerza a\u00fan m\u00e1s su importancia en las distintas culturas.   <\/span><span style=\"font-weight: 400;\">Ya sea en un boubou holgado o en una elegante camisa, <\/span><b>el verde sigue asociado a nuevas oportunidades<\/b><span style=\"font-weight: 400;\"> y la esperanza de crecimiento futuro para uno mismo y la comunidad.<\/span><\/p>\n<h3>Blanco: pureza y renovaci\u00f3n espiritual<\/h3>\n<p><span style=\"font-weight: 400;\">En muchas naciones africanas, el blanco se refiere a la pureza, el luto <\/span><b>pureza, luto<\/b><span style=\"font-weight: 400;\">  en determinados contextos, sino tambi\u00e9n en el renacimiento. Por eso se utiliza en ritos religiosos, funerales y purificaciones colectivas a gran escala. La seda blanca o el algod\u00f3n inmaculado inspiran un profundo respeto entre los mayores.    <\/span><span style=\"font-weight: 400;\">Entre los yoruba, la ropa blanca promueve impl\u00edcitamente la armon\u00eda <\/span><b>la armon\u00eda con los antepasados<\/b><span style=\"font-weight: 400;\">  y una b\u00fasqueda sincera de la espiritualidad. Elegir el blanco significa elegir la luz y la claridad en tu vida cotidiana. <\/span><\/p>\n<h2>\u00bfC\u00f3mo puedes incorporar estos c\u00f3digos de color de forma inteligente a tu estilo?<\/h2>\n<p><span style=\"font-weight: 400;\">Adoptar estos matices no significa necesariamente seguir todas las tradiciones al pie de la letra. Cada vez m\u00e1s   <\/span><b>Los dise\u00f1adores africanos revisitan motivos y paletas<\/b><span style=\"font-weight: 400;\">  para atraer a una clientela internacional, lujosa y abierta. Africa Fashion Tour presenta regularmente colecciones atrevidas que combinan herencia y modernidad. <\/span><\/p>\n<h3>Atr\u00e9vase a combinar armoniosamente<\/h3>\n<p>U<span style=\"font-weight: 400;\">na de las tendencias clave es jugar con los <\/span><b>colores complementarios<\/b><span style=\"font-weight: 400;\">. El morado brillante combinado con toques de naranja, o un azul reposado con detalles dorados, rinden homenaje a la diversidad africana. El resultado es un look aut\u00e9ntico, contempor\u00e1neo y lleno de significado. <\/span><\/p>\n<p><span style=\"font-weight: 400;\">He aqu\u00ed algunas asociaciones populares:<\/span><\/p>\n<ul>\n<li style=\"font-weight: 400;\" aria-level=\"1\"><b>Rojo y dorado<\/b><span style=\"font-weight: 400;\"> para las grandes fiestas y galas<\/span><\/li>\n<li style=\"font-weight: 400;\" aria-level=\"1\"><b>Azul turquesa y blanco<\/b><span style=\"font-weight: 400;\"> para ceremonias religiosas<\/span><\/li>\n<li style=\"font-weight: 400;\" aria-level=\"1\"><b>Verde esmeralda y amarillo p\u00e1lido<\/b><span style=\"font-weight: 400;\"> para reuniones familiares<\/span><\/li>\n<li style=\"font-weight: 400;\" aria-level=\"1\"><b>Negro y plata<\/b><span style=\"font-weight: 400;\"><span style=\"font-weight: 400;\"> para conmemoraciones o veladas formales<\/span><\/span><\/li>\n<\/ul>\n<p><span style=\"color: #333333; font-size: 22px;\">Opta por un accesorio fuerte<\/span><\/p>\n<\/div>\n<p><span style=\"font-weight: 400;\">No hace falta adoptar un total look para expresar tu amor por los <\/span><b>colores simb\u00f3licos<\/b><span style=\"font-weight: 400;\">. Un pa\u00f1uelo bien elegido, un cintur\u00f3n o incluso una joya artesanal pueden cambiar por completo una silueta cl\u00e1sica. Estas peque\u00f1as pinceladas bastan a menudo para despertar el inter\u00e9s y abrir un di\u00e1logo sobre tus or\u00edgenes o tus gustos personales.   <\/span><span style=\"font-weight: 400;\">Influencers seguidos por <\/span><b>Africa Fashion Tour<\/b><span style=\"font-weight: 400;\"> muestran a menudo c\u00f3mo combinar los accesorios de la ropa, ofreciendo consejos sobre c\u00f3mo combinar la comodidad moderna con una profunda conexi\u00f3n con la historia textil africana.<\/span><\/p>\n<h2>La evoluci\u00f3n del c\u00f3digo de colores: entre la conservaci\u00f3n y la innovaci\u00f3n<\/h2>\n<p><span style=\"font-weight: 400;\">El <\/span><b>lenguaje de los colores<\/b><span style=\"font-weight: 400;\">  La moda africana evoluciona constantemente. Por un lado, algunos dise\u00f1adores quieren preservar las tradiciones; por otro, una nueva generaci\u00f3n se atreve a romper los c\u00f3digos con mezclas inesperadas. Gracias a las redes sociales y a las plataformas internacionales, estas innovaciones estil\u00edsticas viajan ya por todas partes.  <\/span><\/p>\n<p><b>Africa Fashion Tour<\/b><span style=\"font-weight: 400;\">  En los \u00faltimos a\u00f1os, hemos observado un entusiasmo creciente entre los j\u00f3venes dise\u00f1adores que utilizan la paleta africana no s\u00f3lo para marcar su identidad, sino tambi\u00e9n como herramienta para hacer una declaraci\u00f3n art\u00edstica. \u00bfEl resultado? Colecciones de moda que se conocen incluso en las capitales del lujo.  <\/span><\/p>\n<div>\n<p>&nbsp;<\/p>\n<\/div>\n","protected":false},"excerpt":{"rendered":"<p>Cada dise\u00f1o, cada textura y sobre todo cada color tiene historia en la moda africana. Sumergirse en los s\u00edmbolos crom\u00e1ticos de este vestuario es mucho m\u00e1s que elegir una prenda atractiva. Es tocar el alma de un continente rico en tradici\u00f3n y creatividad. Y hoy.., Africa Fashion Tour le invita a descubrir c\u00f3mo estos colores [&hellip;]<\/p>\n","protected":false},"author":70,"featured_media":0,"parent":0,"menu_order":0,"comment_status":"closed","ping_status":"closed","template":"","meta":{"_et_pb_use_builder":"off","_et_pb_old_content":"","_et_gb_content_width":"","footnotes":""},"class_list":["post-11138","page","type-page","status-publish","hentry"],"_links":{"self":[{"href":"https:\/\/africafashiontour.com\/es\/wp-json\/wp\/v2\/pages\/11138","targetHints":{"allow":["GET"]}}],"collection":[{"href":"https:\/\/africafashiontour.com\/es\/wp-json\/wp\/v2\/pages"}],"about":[{"href":"https:\/\/africafashiontour.com\/es\/wp-json\/wp\/v2\/types\/page"}],"author":[{"embeddable":true,"href":"https:\/\/africafashiontour.com\/es\/wp-json\/wp\/v2\/users\/70"}],"replies":[{"embeddable":true,"href":"https:\/\/africafashiontour.com\/es\/wp-json\/wp\/v2\/comments?post=11138"}],"version-history":[{"count":2,"href":"https:\/\/africafashiontour.com\/es\/wp-json\/wp\/v2\/pages\/11138\/revisions"}],"predecessor-version":[{"id":11160,"href":"https:\/\/africafashiontour.com\/es\/wp-json\/wp\/v2\/pages\/11138\/revisions\/11160"}],"wp:attachment":[{"href":"https:\/\/africafashiontour.com\/es\/wp-json\/wp\/v2\/media?parent=11138"}],"curies":[{"name":"wp","href":"https:\/\/api.w.org\/{rel}","templated":true}]}}