{"id":11868,"date":"2026-01-22T09:15:58","date_gmt":"2026-01-22T08:15:58","guid":{"rendered":"https:\/\/africafashiontour.com\/cuando-los-disenadores-africanos-redefinen-la-moda-contemporanea\/"},"modified":"2026-03-25T19:12:41","modified_gmt":"2026-03-25T18:12:41","slug":"cuando-los-disenadores-africanos-redefinen-la-moda-contemporanea","status":"publish","type":"page","link":"https:\/\/africafashiontour.com\/es\/cuando-los-disenadores-africanos-redefinen-la-moda-contemporanea\/","title":{"rendered":"Cuando los dise\u00f1adores africanos redefinen la moda contempor\u00e1nea"},"content":{"rendered":"<p><span style=\"font-weight: 400;\"><span class=\"TextRun SCXW68204277 BCX0\" lang=\"FR-FR\" data-contrast=\"auto\" xml:lang=\"FR-FR\"><span class=\"NormalTextRun SCXW68204277 BCX0\">La <\/span><\/span><strong><span class=\"TextRun SCXW68204277 BCX0\" lang=\"FR-FR\" xml:lang=\"FR-FR\" data-contrast=\"auto\"><span class=\"NormalTextRun SCXW68204277 BCX0\">panorama internacional de la moda<\/span><\/span><\/strong><span class=\"TextRun SCXW68204277 BCX0\" lang=\"FR-FR\" data-contrast=\"auto\" xml:lang=\"FR-FR\"><span class=\"NormalTextRun SCXW68204277 BCX0\"> de la moda ha experimentado un notable aumento del n\u00famero de <\/span><\/span><strong><span class=\"TextRun SCXW68204277 BCX0\" lang=\"FR-FR\" xml:lang=\"FR-FR\" data-contrast=\"auto\"><span class=\"NormalTextRun SCXW68204277 BCX0\">dise\u00f1adores africanos<\/span><\/span><\/strong><span class=\"TextRun SCXW68204277 BCX0\" lang=\"FR-FR\" xml:lang=\"FR-FR\" data-contrast=\"auto\"><span class=\"NormalTextRun SCXW68204277 BCX0\">. Lejos de estereotipos, estos  <\/span><\/span><strong><span class=\"TextRun SCXW68204277 BCX0\" lang=\"FR-FR\" xml:lang=\"FR-FR\" data-contrast=\"auto\"><span class=\"NormalTextRun SCXW68204277 BCX0\">Dise\u00f1adores de moda africanos<\/span><\/span><\/strong><span class=\"TextRun SCXW68204277 BCX0\" lang=\"FR-FR\" data-contrast=\"auto\" xml:lang=\"FR-FR\"><span class=\"NormalTextRun SCXW68204277 BCX0\"> revelan una<strong> <\/strong><\/span><\/span><strong><span class=\"TextRun SCXW68204277 BCX0\" lang=\"FR-FR\" xml:lang=\"FR-FR\" data-contrast=\"auto\"><span class=\"NormalTextRun SCXW68204277 BCX0\">creatividad africana<\/span><\/span><\/strong><span class=\"TextRun SCXW68204277 BCX0\" lang=\"FR-FR\" data-contrast=\"auto\" xml:lang=\"FR-FR\"><span class=\"NormalTextRun SCXW68204277 BCX0\"> donde la herencia cultural se une a la innovaci\u00f3n. <a href=\"https:\/\/africafashiontour.com\/es\/\"><b>Africa Fashion Tour<\/b><\/a><\/span><span class=\"NormalTextRun SCXW68204277 BCX0\">un medio de comunicaci\u00f3n especializado en <\/span><\/span> <strong><span class=\"TextRun SCXW68204277 BCX0\" lang=\"FR-FR\" xml:lang=\"FR-FR\" data-contrast=\"auto\"><span class=\"NormalTextRun SCXW68204277 BCX0\">estilo de vida<\/span><\/span><\/strong><span class=\"TextRun SCXW68204277 BCX0\" lang=\"FR-FR\" data-contrast=\"auto\" xml:lang=\"FR-FR\"><span class=\"NormalTextRun SCXW68204277 BCX0\"> y <\/span><\/span><span class=\"TextRun SCXW68204277 BCX0\" lang=\"FR-FR\" data-contrast=\"auto\" xml:lang=\"FR-FR\"><span class=\"NormalTextRun SCXW68204277 BCX0\"><strong>y moda<\/strong><\/span><\/span><span class=\"TextRun SCXW68204277 BCX0\" lang=\"FR-FR\" data-contrast=\"auto\" xml:lang=\"FR-FR\"><span class=\"NormalTextRun SCXW68204277 BCX0\">, <\/span><span class=\"NormalTextRun SCXW68204277 BCX0\">m<\/span><span class=\"NormalTextRun SCXW68204277 BCX0\">y<\/span><span class=\"NormalTextRun SCXW68204277 BCX0\"> esta fascinante din\u00e1mica en la que <\/span><\/span> <strong><span class=\"TextRun SCXW68204277 BCX0\" lang=\"FR-FR\" xml:lang=\"FR-FR\" data-contrast=\"auto\"><span class=\"NormalTextRun SCXW68204277 BCX0\">alta costura<\/span><\/span><\/strong><span class=\"TextRun SCXW68204277 BCX0\" lang=\"FR-FR\" data-contrast=\"auto\" xml:lang=\"FR-FR\"><span class=\"NormalTextRun SCXW68204277 BCX0\"> se codea con el <\/span><\/span><strong><span class=\"TextRun SCXW68204277 BCX0\" lang=\"FR-FR\" xml:lang=\"FR-FR\" data-contrast=\"auto\"><span class=\"NormalTextRun SCXW68204277 BCX0\">pr\u00eat-\u00e0-porter<\/span><\/span><\/strong><span class=\"TextRun SCXW68204277 BCX0\" lang=\"FR-FR\" xml:lang=\"FR-FR\" data-contrast=\"auto\"><span class=\"NormalTextRun SCXW68204277 BCX0\">  atrevida. En  <\/span><\/span><strong><span class=\"TextRun SCXW68204277 BCX0\" lang=\"FR-FR\" xml:lang=\"FR-FR\" data-contrast=\"auto\"><span class=\"NormalTextRun SCXW68204277 BCX0\">j\u00f3venes dise\u00f1adores<\/span><\/span><\/strong><span class=\"TextRun SCXW68204277 BCX0\" lang=\"FR-FR\" data-contrast=\"auto\" xml:lang=\"FR-FR\"><span class=\"NormalTextRun SCXW68204277 BCX0\"> est\u00e1n dando la vuelta a los c\u00f3digos establecidos, sacudiendo las pasarelas y multiplicando sus colaboraciones con <\/span><\/span><strong><span class=\"TextRun SCXW68204277 BCX0\" lang=\"FR-FR\" xml:lang=\"FR-FR\" data-contrast=\"auto\"><span class=\"NormalTextRun SCXW68204277 BCX0\">influencers<\/span><\/span><\/strong><span class=\"TextRun SCXW68204277 BCX0\" lang=\"FR-FR\" data-contrast=\"auto\" xml:lang=\"FR-FR\"><span class=\"NormalTextRun SCXW68204277 BCX0\"> y colaboraciones con influencers apasionados por los estilos de moda de un continente en plena efervescencia.<\/span><\/span><\/span><\/p>\n<p>&nbsp;<\/p>\n<h3><span class=\"TextRun SCXW155745016 BCX0\" lang=\"FR-FR\" xml:lang=\"FR-FR\" data-contrast=\"none\"><span class=\"NormalTextRun SCXW155745016 BCX0\" data-ccp-parastyle=\"heading 2\">\u00bfPor qu\u00e9 la moda africana conquista la escena internacional?<\/span><\/span><span class=\"EOP SCXW155745016 BCX0\" data-ccp-props=\"{\"134233117\":false,\"134233118\":false,\"134245418\":true,\"134245529\":true,\"335559738\":299,\"335559739\":299}\"> <\/span><\/h3>\n<p><span data-contrast=\"auto\">El creciente atractivo de la <\/span><b><span data-contrast=\"auto\">moda africana contempor\u00e1nea<\/span><\/b><span data-contrast=\"auto\">  no es un accidente. En  <\/span><b><span data-contrast=\"auto\">Dise\u00f1adores africanos<\/span><\/b><span data-contrast=\"auto\"> y <\/span><b><span data-contrast=\"auto\">estilistas<\/span><\/b><span data-contrast=\"auto\"> de todas las regiones brillan por su talento para fusionar <\/span><b><span data-contrast=\"auto\">tejidos tradicionales<\/span><\/b><span data-contrast=\"auto\">El resultado es una sutil mezcla de colecciones originales que atraen tanto a los amantes de la moda como del dise\u00f1o. El resultado es una sutil mezcla de colecciones originales que atraen tanto a los amantes de la moda como del dise\u00f1o.   <\/span><b><span data-contrast=\"auto\">alta costura<\/span><\/b><span data-contrast=\"auto\"> que <\/span><b><span data-contrast=\"auto\">pr\u00eat-\u00e0-porter<\/span><\/b><span data-contrast=\"auto\"> pr\u00eat-\u00e0-porter urbano.<\/span><span data-ccp-props=\"{\"134233117\":false,\"134233118\":false,\"335559738\":240,\"335559739\":240}\"> <\/span><\/p>\n<p><span data-contrast=\"auto\">El mundo <\/span><b><span data-contrast=\"auto\">Estilo de vida africano<\/span><\/b><span data-contrast=\"auto\">  tambi\u00e9n inspira a una nueva generaci\u00f3n de talentos, orgullosos de mostrar sus ra\u00edces al tiempo que incorporan influencias internacionales. Entre el respeto por la tradici\u00f3n y la apertura cosmopolita, ofrecen piezas \u00fanicas que reflejan la riqueza art\u00edstica del continente. <\/span><span data-ccp-props=\"{\"134233117\":false,\"134233118\":false,\"335559738\":240,\"335559739\":240}\"> <\/span><\/p>\n<p><img decoding=\"async\" class=\"aligncenter wp-image-11803 size-large\" src=\"https:\/\/africafashiontour.com\/wp-content\/uploads\/2026\/01\/designer-africain-683x1024.webp\" alt=\"\" width=\"683\" height=\"1024\" srcset=\"https:\/\/africafashiontour.com\/wp-content\/uploads\/2026\/01\/designer-africain-683x1024.webp 683w, https:\/\/africafashiontour.com\/wp-content\/uploads\/2026\/01\/designer-africain-480x720.webp 480w\" sizes=\"(min-width: 0px) and (max-width: 480px) 480px, (min-width: 481px) 683px, 100vw\" \/><\/p>\n<p>&nbsp;<\/p>\n<div>\n<h3><span class=\"TextRun SCXW70675462 BCX0\" lang=\"FR-FR\" xml:lang=\"FR-FR\" data-contrast=\"none\"><span class=\"NormalTextRun SCXW70675462 BCX0\" data-ccp-parastyle=\"heading 3\">La influencia de la<\/span><span class=\"NormalTextRun SCXW70675462 BCX0\" data-ccp-parastyle=\"heading 3\"> creatividad africana <\/span><span class=\"NormalTextRun SCXW70675462 BCX0\" data-ccp-parastyle=\"heading 3\">en<\/span><span class=\"NormalTextRun SCXW70675462 BCX0\" data-ccp-parastyle=\"heading 3\"> tendencias mundiales<\/span><\/span><span class=\"LineBreakBlob BlobObject DragDrop SCXW70675462 BCX0\"><span class=\"SCXW70675462 BCX0\"> <\/span><br class=\"SCXW70675462 BCX0\"><\/span><\/h3>\n<p aria-level=\"3\"><span data-contrast=\"auto\">Muchos elementos de la <\/span><b><span data-contrast=\"auto\">moda africana contempor\u00e1nea<\/span><\/b><span data-contrast=\"auto\">  son ahora una fuerza a tener en cuenta en la escena mundial. Regularmente vemos   <\/span><b><span data-contrast=\"auto\">tejidos de cera revisitados<\/span><\/b><span data-contrast=\"auto\"> y accesorios adornados con cuentas artesanales.<\/span><span data-ccp-props=\"{\"134233117\":false,\"134233118\":false,\"134245418\":true,\"134245529\":true,\"335559738\":281,\"335559739\":281}\"> <\/span><\/p>\n<p><span data-contrast=\"auto\">Esta influencia va m\u00e1s all\u00e1 de la est\u00e9tica <\/span><b><span data-contrast=\"auto\">Las marcas africanas<\/span><\/b><span data-contrast=\"auto\"> tambi\u00e9n demuestran sus conocimientos t\u00e9cnicos y favorecen un enfoque \u00e9tico. <\/span><b><span data-contrast=\"auto\">Producci\u00f3n local<\/span><\/b><span data-contrast=\"auto\">Producci\u00f3n local, trazabilidad, reconocimiento del valor de los artesanos&#8230; son algunos de los compromisos que seducen a un p\u00fablico comprometido con la autenticidad y la sostenibilidad.<\/span><span data-ccp-props=\"{\"134233117\":false,\"134233118\":false,\"335559738\":240,\"335559739\":240}\"> <\/span><\/p>\n<h3><span class=\"TextRun SCXW240846284 BCX0\" lang=\"FR-FR\" xml:lang=\"FR-FR\" data-contrast=\"none\"><span class=\"NormalTextRun SCXW240846284 BCX0\" data-ccp-parastyle=\"heading 3\">L<\/span><span class=\"NormalTextRun SCXW240846284 BCX0\" data-ccp-parastyle=\"heading 3\">as principales bazas de los dise\u00f1adores africanos<\/span><\/span><span class=\"EOP SCXW240846284 BCX0\" data-ccp-props=\"{\"134233117\":false,\"134233118\":false,\"134245418\":true,\"134245529\":true,\"335559738\":281,\"335559739\":281}\"> <\/span><\/h3>\n<p><span data-contrast=\"auto\">En <\/span><b><span data-contrast=\"auto\">dise\u00f1adores de moda africanos<\/span><\/b><span data-contrast=\"auto\">  han destacado por su capacidad de adaptarse a los r\u00e1pidos cambios del mercado. Su fuerza reside en tender puentes entre la cultura africana y las expectativas estil\u00edsticas mundiales, dando vida a una nueva generaci\u00f3n de dise\u00f1adores.   <\/span><b><span data-contrast=\"auto\">armario mixto<\/span><\/b><span data-contrast=\"auto\">innovador y significativo.<\/span><span data-ccp-props=\"{\"134233117\":false,\"134233118\":false,\"335559738\":240,\"335559739\":240}\"> <\/span><\/p>\n<p><span data-contrast=\"auto\">Estos <\/span><b><span data-contrast=\"auto\">dise\u00f1adores africanos<\/span><\/b><span data-contrast=\"auto\">  cuentan una historia a trav\u00e9s de cada colecci\u00f3n. Bas\u00e1ndose en su herencia, ya sea en \u00c1frica Occidental, Meridional u Oriental, crean l\u00edneas distintivas, ricas en simbolismo y emoci\u00f3n. <\/span><\/p>\n<p>&nbsp;<\/p>\n<h2><span class=\"TextRun SCXW66672605 BCX0\" lang=\"FR-FR\" xml:lang=\"FR-FR\" data-contrast=\"none\"><span class=\"NormalTextRun SCXW66672605 BCX0\" data-ccp-parastyle=\"heading 2\">\u00bfQui\u00e9nes son los nuevos rostros de la moda africana contempor\u00e1nea?<\/span><\/span><span class=\"EOP SCXW66672605 BCX0\" data-ccp-props=\"{\"134233117\":false,\"134233118\":false,\"134245418\":true,\"134245529\":true,\"335559738\":299,\"335559739\":299}\"> <\/span><\/h2>\n<p><span data-contrast=\"auto\">La nueva generaci\u00f3n de <\/span><b><span data-contrast=\"auto\">j\u00f3venes dise\u00f1adores africanos<\/span><\/b><span data-contrast=\"auto\"> se atreven a afirmar su singularidad, gracias a los <\/span><b><span data-contrast=\"auto\">dise\u00f1adores africanos<\/span><\/b><span data-contrast=\"auto\">  din\u00e1micos e inventivos. Muchos de ellos se dan a conocer en semanas de la moda especializadas, mientras que algunos ya trabajan con algunas de las principales casas de moda del mundo. <\/span><span data-ccp-props=\"{\"134233117\":false,\"134233118\":false,\"335559738\":240,\"335559739\":240}\"> <\/span><\/p>\n<p><span data-contrast=\"auto\"><strong>Africa Fashion Tour<\/strong> destaca peri\u00f3dicamente a estas ambiciosas figuras que est\u00e1n reinventando el futuro de la industria. Algunos optan por un enfoque vanguardista basado en la experimentaci\u00f3n textil, mientras que otros se centran en la sofisticaci\u00f3n o el minimalismo, revelando la diversidad del panorama de la moda africana.   <\/span><b><span data-contrast=\"auto\">Creatividad africana<\/span><\/b><span data-contrast=\"auto\">.<\/span><\/p>\n<h3><span class=\"TextRun SCXW241529935 BCX0\" lang=\"FR-FR\" xml:lang=\"FR-FR\" data-contrast=\"none\"><span class=\"NormalTextRun SCXW241529935 BCX0\" data-ccp-parastyle=\"heading 3\">Los mensajes<\/span><span class=\"NormalTextRun SCXW241529935 BCX0\" data-ccp-parastyle=\"heading 3\"> mensajes<\/span><span class=\"NormalTextRun SCXW241529935 BCX0\" data-ccp-parastyle=\"heading 3\">de<\/span><span class=\"NormalTextRun SCXW241529935 BCX0\" data-ccp-parastyle=\"heading 3\"> por las marcas africanas a trav\u00e9s de sus creaciones<\/span><\/span><span class=\"EOP SCXW241529935 BCX0\" data-ccp-props=\"{\"134233117\":false,\"134233118\":false,\"134245418\":true,\"134245529\":true,\"335559738\":281,\"335559739\":281}\"> <\/span><\/h3>\n<p><span data-contrast=\"auto\">M\u00e1s all\u00e1 del estilo, el compromiso de <\/span><b><span data-contrast=\"auto\">marcas africanas<\/span><\/b><span data-contrast=\"auto\">  es a menudo una firma. Ya sea promoviendo el papel de la mujer en el sector, realzando el valor de los materiales locales o apoyando talleres comunitarios, sus acciones tienen tanto peso como sus prendas. <\/span><span data-ccp-props=\"{\"134233117\":false,\"134233118\":false,\"335559738\":240,\"335559739\":240}\"> <\/span><\/p>\n<p><span data-contrast=\"auto\">Algunos <\/span><b><span data-contrast=\"auto\">dise\u00f1adores africanos<\/span><\/b><span data-contrast=\"auto\">  tambi\u00e9n invierten en formaci\u00f3n, conscientes del potencial de los j\u00f3venes talentos del continente. Muchos de los proyectos apoyados por Africa Fashion Tour est\u00e1n impulsados por el intercambio de competencias y la transmisi\u00f3n de conocimientos. <\/span><\/p>\n<p>&nbsp;<\/p>\n<\/div>\n<h2><span class=\"TextRun SCXW221204534 BCX0\" lang=\"FR-FR\" xml:lang=\"FR-FR\" data-contrast=\"none\"><span class=\"NormalTextRun SCXW221204534 BCX0\" data-ccp-parastyle=\"heading 2\">\u00bfQu\u00e9 medios de comunicaci\u00f3n contribuyen a dar a conocer a los dise\u00f1adores africanos?<\/span><\/span><span class=\"EOP SCXW221204534 BCX0\" data-ccp-props=\"{\"134233117\":false,\"134233118\":false,\"134245418\":true,\"134245529\":true,\"335559738\":281,\"335559739\":281}\"> <\/span><\/h2>\n<p><span data-contrast=\"auto\">En <\/span><b><span data-contrast=\"auto\">medios especializados<\/span><\/b><span data-contrast=\"auto\"> desempe\u00f1an un papel clave en la difusi\u00f3n de las nuevas tendencias del continente africano. <\/span><b><span data-contrast=\"auto\">Africa Fashion Tour<\/span><\/b><span data-contrast=\"auto\"> es uno de esos medios comprometidos, que retransmite iniciativas prometedoras, presenta perfiles de <\/span><b><span data-contrast=\"auto\">dise\u00f1adores africanos emergentes<\/span><\/b><span data-contrast=\"auto\"> y descifrando los movimientos clave de la moda <\/span><b><span data-contrast=\"auto\">moda africana contempor\u00e1nea<\/span><\/b><span data-contrast=\"auto\">.<\/span><span data-ccp-props=\"{\"134233117\":false,\"134233118\":false,\"335559738\":240,\"335559739\":240}\"> <\/span><\/p>\n<p><span data-contrast=\"auto\">Este compromiso editorial incluye tambi\u00e9n la creaci\u00f3n de redes de talentos, la organizaci\u00f3n de eventos dedicados y la promoci\u00f3n de talleres. Todas estas actividades contribuyen a reforzar el ecosistema local e internacional en torno al   <\/span><b><span data-contrast=\"auto\">Creatividad africana<\/span><\/b><span data-contrast=\"auto\">.<\/span><span data-ccp-props=\"{\"134233117\":false,\"134233118\":false,\"335559738\":240,\"335559739\":240}\"> <\/span><\/p>\n<p><span data-contrast=\"auto\">Organizando <\/span><b><span data-contrast=\"auto\">desfiles de moda<\/span><\/b><span data-contrast=\"auto\"> que muestren a j\u00f3venes dise\u00f1adores, desarrollando <\/span><b><span data-contrast=\"auto\">plataformas digitales<\/span><\/b><span data-contrast=\"auto\"> plataformas dedicadas a descubrir nuevos talentos, trabajando con <\/span><b><span data-contrast=\"auto\">colaborando con fot\u00f3grafos<\/span><\/b><span data-contrast=\"auto\">modelos y artistas de todo el continente, as\u00ed como difundiendo <\/span><b><span data-contrast=\"auto\">informes<\/span><\/b><span data-contrast=\"auto\"> sobre la transformaci\u00f3n positiva del sector, el ecosistema creativo africano se va estructurando y reforzando poco a poco.<\/span><span data-ccp-props=\"{\"134233117\":false,\"134233118\":false,\"335559738\":240,\"335559739\":240}\"> <\/span><\/p>\n<p><span data-contrast=\"auto\">Entre en <\/span><b><span data-contrast=\"auto\">redes sociales<\/span><\/b><span data-contrast=\"auto\">blogs influyentes y revistas de estilo de vida, la voz de los <\/span><b><span data-contrast=\"auto\">dise\u00f1adores de <a href=\"https:\/\/africafashiontour.com\/es\/descubra-la-moda-africana-moderna-mezcla-de-innovacion-tradicion-y-creatividad\/\">moda africana moderna<\/a><\/span><\/b><span data-contrast=\"auto\">  est\u00e1 creciendo. Solicitados por sellos europeos y estadounidenses, encuentran una plataforma para expresar su creatividad.   <\/span><b><span data-contrast=\"auto\">creatividad africana<\/span><\/b><span data-contrast=\"auto\"> y abrir nuevos horizontes a la moda mundial.<\/span><\/p>\n<p>&nbsp;<\/p>\n<h2><span class=\"TextRun SCXW189947214 BCX0\" lang=\"FR-FR\" xml:lang=\"FR-FR\" data-contrast=\"none\"><span class=\"NormalTextRun SCXW189947214 BCX0\" data-ccp-parastyle=\"heading 2\">\u00bfQu\u00e9 retos aguardan a los futuros dise\u00f1adores africanos?<\/span><\/span><span class=\"EOP SCXW189947214 BCX0\" data-ccp-props=\"{\"134233117\":false,\"134233118\":false,\"134245418\":true,\"134245529\":true,\"335559738\":299,\"335559739\":299}\"> <\/span><\/h2>\n<p><span data-contrast=\"auto\">Aunque <\/span><b><span data-contrast=\"auto\">moda africana<\/span><\/b><span data-contrast=\"auto\"> est\u00e1 en auge, sigue habiendo obst\u00e1culos para los <\/span><b><span data-contrast=\"auto\">j\u00f3venes dise\u00f1adores<\/span><\/b><span data-contrast=\"auto\">. El acceso a la financiaci\u00f3n, la estructuraci\u00f3n de las cadenas de suministro locales y la distribuci\u00f3n internacional siguen siendo retos cruciales si se quiere mantener este impulso.<\/span><span data-ccp-props=\"{\"134233117\":false,\"134233118\":false,\"335559738\":240,\"335559739\":240}\"> <\/span><\/p>\n<p><span data-contrast=\"auto\">Sin embargo, la audacia sigue estando en el coraz\u00f3n de cada camino. Los que perseveran suelen apoyarse en iniciativas colectivas, benefici\u00e1ndose de un entorno propicio a la cooperaci\u00f3n y alimentado por proyectos unificadores. <strong>Africa Fashion Tour<\/strong> sigue sirviendo as\u00ed de trampol\u00edn para quienes sue\u00f1an con erigirse en grandes referencias del mundo de la moda.   <\/span><b><span data-contrast=\"auto\">Creatividad africana<\/span><\/b><span data-contrast=\"auto\">.<\/span><span data-ccp-props=\"{\"134233117\":false,\"134233118\":false,\"335559738\":240,\"335559739\":240}\"> <\/span><\/p>\n<p><span data-ccp-props=\"{\"134233117\":false,\"134233118\":false,\"335559738\":240,\"335559739\":240}\"> <\/span><\/p>\n<div>\n<p>&nbsp;<\/p>\n<\/div>\n","protected":false},"excerpt":{"rendered":"<p>La panorama internacional de la moda de la moda ha experimentado un notable aumento del n\u00famero de dise\u00f1adores africanos. Lejos de estereotipos, estos Dise\u00f1adores de moda africanos revelan una creatividad africana donde la herencia cultural se une a la innovaci\u00f3n. Africa Fashion Tourun medio de comunicaci\u00f3n especializado en estilo de vida y y moda, my [&hellip;]<\/p>\n","protected":false},"author":70,"featured_media":0,"parent":0,"menu_order":0,"comment_status":"closed","ping_status":"closed","template":"","meta":{"_et_pb_use_builder":"off","_et_pb_old_content":"","_et_gb_content_width":"","footnotes":""},"class_list":["post-11868","page","type-page","status-publish","hentry"],"_links":{"self":[{"href":"https:\/\/africafashiontour.com\/es\/wp-json\/wp\/v2\/pages\/11868","targetHints":{"allow":["GET"]}}],"collection":[{"href":"https:\/\/africafashiontour.com\/es\/wp-json\/wp\/v2\/pages"}],"about":[{"href":"https:\/\/africafashiontour.com\/es\/wp-json\/wp\/v2\/types\/page"}],"author":[{"embeddable":true,"href":"https:\/\/africafashiontour.com\/es\/wp-json\/wp\/v2\/users\/70"}],"replies":[{"embeddable":true,"href":"https:\/\/africafashiontour.com\/es\/wp-json\/wp\/v2\/comments?post=11868"}],"version-history":[{"count":2,"href":"https:\/\/africafashiontour.com\/es\/wp-json\/wp\/v2\/pages\/11868\/revisions"}],"predecessor-version":[{"id":12577,"href":"https:\/\/africafashiontour.com\/es\/wp-json\/wp\/v2\/pages\/11868\/revisions\/12577"}],"wp:attachment":[{"href":"https:\/\/africafashiontour.com\/es\/wp-json\/wp\/v2\/media?parent=11868"}],"curies":[{"name":"wp","href":"https:\/\/api.w.org\/{rel}","templated":true}]}}