{"id":9049,"date":"2024-01-09T00:11:50","date_gmt":"2024-01-08T23:11:50","guid":{"rendered":"https:\/\/africafashiontour.com\/nuestra-guia-de-la-moda-africana\/como-han-influido-las-culturas-occidentales-en-la-moda-africana\/"},"modified":"2024-01-09T00:11:50","modified_gmt":"2024-01-08T23:11:50","slug":"como-han-influido-las-culturas-occidentales-en-la-moda-africana","status":"publish","type":"page","link":"https:\/\/africafashiontour.com\/es\/nuestra-guia-de-la-moda-africana\/como-han-influido-las-culturas-occidentales-en-la-moda-africana\/","title":{"rendered":"\u00bfC\u00f3mo han influido las culturas occidentales en la moda africana?"},"content":{"rendered":"<p>A lo largo de los siglos, <strong>la moda africana<\/strong> ha evolucionado bajo la influencia de diversas culturas, sobre todo occidentales. Esta interacci\u00f3n entre or\u00edgenes diversos ha creado un panorama sartorial rico y variado. Estudiar<a href=\"https:\/\/africafashiontour.com\/es\/nuestra-guia-de-la-moda-africana\/influencias-externas-en-la-moda-africana\/\">el desarrollo hist\u00f3rico<\/a> de la moda africana pone de relieve c\u00f3mo las costumbres y la indumentaria africanas han sido moldeadas por influencias procedentes de fuera del continente. Del mismo modo, es pertinente explorar las <strong>manifestaciones contempor\u00e1neas<\/strong> de estas influencias y c\u00f3mo se entrelazan con las tradiciones aut\u00f3ctonas. Por otra parte, los <strong>problemas<\/strong> y las perspectivas de esta fusi\u00f3n entre <a href=\"https:\/\/africafashiontour.com\/es\/\">la moda africana<\/a> y las influencias occidentales son cruciales para comprender la din\u00e1mica actual y futura del sector de la moda en \u00c1frica. El an\u00e1lisis de estas interacciones ofrece elementos de reflexi\u00f3n sobre <strong>la identidad<\/strong> y la <strong>autonom\u00eda<\/strong> de la moda africana en un contexto globalizado.     <\/p>\n<p>&nbsp;<\/p>\n<p><img decoding=\"async\" class=\"img-responsive\" src=\"https:\/\/africafashiontour.com\/wp-content\/uploads\/2024\/01\/mode-africaine-influence-cultures-occidentales.jpg\" alt=\"\u00bfC\u00f3mo han influido las culturas occidentales en la moda africana?\"><\/p>\n<h2>Evoluci\u00f3n hist\u00f3rica de la influencia occidental en la moda africana<\/h2>\n<p>El <strong>mestizaje de<\/strong> las culturas occidental y africana en el \u00e1mbito de la indumentaria se remonta a varios siglos atr\u00e1s, coincidiendo con los primeros contactos entre estos dos mundos. La influencia de Occidente empez\u00f3 a impregnar la moda africana ya en la \u00e9poca colonial, cuando el gusto por los tejidos importados y los cortes europeos arraig\u00f3 poco a poco entre ciertas \u00e9lites africanas. Tejidos como el terciopelo y la seda, as\u00ed como los motivos florales y geom\u00e9tricos europeos, calaron en los artesanos locales que, sin dejar de preservar su identidad cultural original, incorporaron estas nuevas inspiraciones a sus habilidades.  <\/p>\n<p>Con la <strong>descolonizaci\u00f3n<\/strong> y la independencia de muchos Estados, naci\u00f3 un periodo efervescente para la moda africana. Fue un momento crucial en el que los dise\u00f1adores africanos empezaron a afirmar su propia identidad, al tiempo que reinterpretaban ciertos c\u00f3digos de la indumentaria occidental. El traje pantal\u00f3n, verdadero s\u00edmbolo del pr\u00eat-\u00e0-porter femenino occidental, se reinvent\u00f3 utilizando tejidos panafricanos como la cera y el bogol\u00e1n.  <\/p>\n<p>En las d\u00e9cadas siguientes, esta integraci\u00f3n de <strong>las influencias occidentales<\/strong> se hizo m\u00e1s compleja con la globalizaci\u00f3n, dando lugar a una fertilizaci\u00f3n estil\u00edstica cruzada en la que las tradiciones locales y las tendencias internacionales siguieron interactuando. Los dise\u00f1adores africanos empezaron a presentar sus colecciones en las pasarelas internacionales, abriendo un nuevo cap\u00edtulo para la moda del continente: el de una escena africana din\u00e1mica e innovadora que participa plenamente en el concierto de la alta costura mundial. <\/p>\n<p>Pero lejos de quedarse en una simple adaptaci\u00f3n de los c\u00e1nones occidentales, esta evoluci\u00f3n muestra una sutil transformaci\u00f3n: cada pieza se convierte en la expresi\u00f3n de una <strong>dualidad cultural<\/strong> asumida. Marcas ic\u00f3nicas han marcado esta transici\u00f3n con atuendos que unas veces celebran el corte sastre del traje ingl\u00e9s, realzado por un extravagante taparrabos, y otras un <strong>boubou tradicional<\/strong> revisitado con los t\u00edpicos botones plateados &#8220;old-school British&#8221;. Este di\u00e1logo transhist\u00f3rico entre Occidente y \u00c1frica ilustra perfectamente c\u00f3mo el ingenio estil\u00edstico puede sacar partido de un rico patrimonio multicultural.  <\/p>\n<h2>Manifestaciones de la influencia occidental en la moda africana contempor\u00e1nea<\/h2>\n<p>La influencia de Occidente en la indumentaria africana es patente en varias tendencias contempor\u00e1neas. La silueta africana se adorna a menudo con <strong>estampados<\/strong> y <strong>cortes<\/strong> inspirados en las tendencias occidentales, creando una atrevida mezcla estil\u00edstica. Dise\u00f1adores y consumidores est\u00e1n haciendo suyas piezas ic\u00f3nicas como la americana, los pantalones de cintura alta e incluso el vestido vaina, combinando tejidos como la cera y el kente, caracter\u00edsticos de la herencia africana.  <\/p>\n<p>Esta alquimia entre Occidente y \u00c1frica se refleja tambi\u00e9n en la adopci\u00f3n de <strong>accesorios<\/strong>. Bolsos, zapatos y joyas, s\u00edmbolos del lujo que suelen transmitir las marcas internacionales de renombre, se revisan creativamente utilizando materiales locales o introduciendo un toque de artesan\u00eda africana. <\/p>\n<p>Sin embargo, el pr\u00eat-\u00e0-porter africano no se queda estancado en esta \u00fanica perspectiva de aculturaci\u00f3n, sino que reinterpreta estas influencias para crear una <strong>identidad \u00fanica<\/strong>. Los dise\u00f1adores de vanguardia se esfuerzan por reinventar la moda occidental cl\u00e1sica a trav\u00e9s de un prisma africano. Estos dise\u00f1adores est\u00e1n dando vida a una nueva est\u00e9tica que celebra el eclecticismo cultural al tiempo que subraya su leg\u00edtimo orgullo por la riqueza art\u00edstica del continente.  <\/p>\n<p>En las pasarelas internacionales, estas inspiraciones cruzadas transmiten un poderoso mensaje: el de una \u00c1frica din\u00e1mica y contempor\u00e1nea que toma prestado de Occidente sin perder el rumbo. Participa activamente en el renacimiento de la moda mundial, ofreciendo sus paletas de colores y texturas singulares como firmas indelebles de un continente con infinitas posibilidades. <\/p>\n<h2>Retos y perspectivas de la fusi\u00f3n entre la moda africana y las influencias occidentales<\/h2>\n<p>La combinaci\u00f3n de la est\u00e9tica africana y occidental en la moda actual no es simplemente una cuesti\u00f3n de tendencias. Forma parte de una din\u00e1mica compleja en la que se entrelazan la <strong>identidad cultural<\/strong>, la <strong>globalizaci\u00f3n econ\u00f3mica<\/strong> y la <strong>creatividad art\u00edstica<\/strong>. Los dise\u00f1adores africanos, al tiempo que preservan la herencia sartorial de sus pa\u00edses de origen, incorporan sutilmente elementos del dise\u00f1o occidental para ofrecer un lenguaje estil\u00edstico innovador que traspasa fronteras. Es un enfoque que tiene un considerable valor representativo: permite a la moda africana afirmarse en la escena mundial, al tiempo que cuenta una historia impregnada de autenticidad.   <\/p>\n<p>Esta sinergia entre los dos hemisferios es tambi\u00e9n una invitaci\u00f3n a repensar los canales de <strong>producci\u00f3n y distribuci\u00f3n<\/strong>, fomentando la aparici\u00f3n de una industria m\u00e1s integradora que promueva el esp\u00edritu empresarial local. Una mayor colaboraci\u00f3n con las marcas internacionales abre la v\u00eda a intercambios interculturales fruct\u00edferos, pero tambi\u00e9n plantea la cuesti\u00f3n del respeto de los conocimientos t\u00e9cnicos tradicionales frente a una posible apropiaci\u00f3n cultural. <\/p>\n<p>En este contexto floreciente, las perspectivas apuntan a un consumo m\u00e1s consciente, centrado en el respeto mutuo de la est\u00e9tica. Con el auge de las tecnolog\u00edas digitales, especialmente las plataformas sociales y de comercio electr\u00f3nico, la moda africana de influencia occidental est\u00e1 captando un p\u00fablico cada vez m\u00e1s amplio. Los dise\u00f1adores se enfrentan ahora al apasionante reto de preservar su singularidad al tiempo que se renuevan continuamente para cautivar a una clientela mundial curiosa y exigente.  <\/p>\n<div>\n<h2>FAQ Clich\u00e9s y estereotipos<\/h2>\n<div class=\"question-container\">\n<div class=\"answer\">\n<p><b>\u00bfSe limita la moda africana a la ropa de verano?<\/b><span style=\"font-weight: 400;\">En absoluto. Los dise\u00f1adores africanos crean piezas para todas las estaciones, reflejando la riqueza de sus conocimientos.<\/span><\/p>\n<p><b>\u00bfPuedo llevar un sombrero akan de Costa de Marfil en cualquier ocasi\u00f3n?  <\/b><span style=\"font-weight: 400;\">S\u00ed, el sombrero akan de Costa de Marfil est\u00e1 impregnado de tradici\u00f3n y puede llevarse adecuadamente en diversas ocasiones. Su dise\u00f1o \u00fanico puede a\u00f1adir un toque cultural a su atuendo, pero es aconsejable respetar las costumbres asociadas a \u00e9l. <\/span><\/p>\n<p><b>\u00bfTiene la cera una larga historia en \u00c1frica?  <\/b><span style=\"font-weight: 400;\">La respuesta a esta pregunta no est\u00e1 clara, pero le invitamos a adentrarse en la cautivadora historia de la cera. Es una cuesti\u00f3n muy debatida que merece una exploraci\u00f3n en profundidad. El t\u00e9rmino &#8220;cera&#8221; deriva de la palabra inglesa &#8220;wax&#8221; y tiene su origen en la t\u00e9cnica de estampaci\u00f3n con cera, inspirada en el batik javan\u00e9s de Indonesia. Este m\u00e9todo consiste en cubrir el motivo negativo con cera, te\u00f1ir la tela y luego aclarar para eliminar la cera. Los colonizadores ingleses y holandeses adoptaron esta t\u00e9cnica para conquistar el mercado indonesio del batik javan\u00e9s, produci\u00e9ndolo r\u00e1pidamente y a bajo coste en Europa gracias a la industrializaci\u00f3n de la industria textil.    <\/span><\/p>\n<p><span style=\"font-weight: 400;\">Cuando los batiks europeos se exportaban a Indonesia, se consideraban de calidad mediocre debido a irregularidades en la t\u00e9cnica de estampaci\u00f3n. Ante este fracaso, los colonizadores decidieron ofrecer su producto en \u00c1frica, donde tuvo un \u00e9xito rotundo. La cera se convirti\u00f3 en una parte esencial de la moda africana, y empresarias como Nanas Benz construyeron imperios vendi\u00e9ndola. Hoy en d\u00eda, la cera se fabrica en diversos lugares, como Holanda, China e India, y las f\u00e1bricas africanas especializadas se enfrentan a la competencia mundial.   <\/span><\/p>\n<p><b>\u00bfPor qu\u00e9 generalizar la diversidad de estilos bajo el ep\u00edgrafe de &#8220;moda africana&#8221;?  <\/b><span style=\"font-weight: 400;\">El t\u00e9rmino &#8220;moda africana&#8221; puede englobar tanto las colecciones locales como las de dise\u00f1adores de origen africano residentes en otros lugares.<\/span><\/p>\n<p><b>\u00bfEs acertado calificar la moda africana de ex\u00f3tica?  <\/b><span style=\"font-weight: 400;\">No, el adjetivo &#8220;ex\u00f3tica&#8221; ya no es adecuado para describir la moda africana. Merece ser reconocida sin verse limitada por percepciones occidentales anticuadas. <\/span><\/p>\n<\/div>\n<\/div>\n<\/div>\n<p><em>Le recomendamos estas otras p\u00e1ginas:  <\/em><\/p>\n<ul>\n<li><a href=\"https:\/\/africafashiontour.com\/guide-mode-africaine\/mode-africaine-influence-asiatique-styles-africains\/\">El impacto de las influencias asi\u00e1ticas en los estilos africanos<\/a><\/li>\n<li><a href=\"https:\/\/africafashiontour.com\/es\/nuestra-guia-de-la-moda-africana\/la-influencia-de-la-globalizacion-en-la-moda-tradicional-africana\/\">La influencia de la globalizaci\u00f3n en la moda tradicional africana<\/a><\/li>\n<\/ul>\n","protected":false},"excerpt":{"rendered":"<p>A lo largo de los siglos, la moda africana ha evolucionado bajo la influencia de diversas culturas, sobre todo occidentales. Esta interacci\u00f3n entre or\u00edgenes diversos ha creado un panorama sartorial rico y variado. Estudiarel desarrollo hist\u00f3rico de la moda africana pone de relieve c\u00f3mo las costumbres y la indumentaria africanas han sido moldeadas por influencias [&hellip;]<\/p>\n","protected":false},"author":17,"featured_media":0,"parent":9010,"menu_order":0,"comment_status":"closed","ping_status":"closed","template":"","meta":{"_et_pb_use_builder":"","_et_pb_old_content":"","_et_gb_content_width":"","footnotes":""},"class_list":["post-9049","page","type-page","status-publish","hentry"],"_links":{"self":[{"href":"https:\/\/africafashiontour.com\/es\/wp-json\/wp\/v2\/pages\/9049","targetHints":{"allow":["GET"]}}],"collection":[{"href":"https:\/\/africafashiontour.com\/es\/wp-json\/wp\/v2\/pages"}],"about":[{"href":"https:\/\/africafashiontour.com\/es\/wp-json\/wp\/v2\/types\/page"}],"author":[{"embeddable":true,"href":"https:\/\/africafashiontour.com\/es\/wp-json\/wp\/v2\/users\/17"}],"replies":[{"embeddable":true,"href":"https:\/\/africafashiontour.com\/es\/wp-json\/wp\/v2\/comments?post=9049"}],"version-history":[{"count":0,"href":"https:\/\/africafashiontour.com\/es\/wp-json\/wp\/v2\/pages\/9049\/revisions"}],"up":[{"embeddable":true,"href":"https:\/\/africafashiontour.com\/es\/wp-json\/wp\/v2\/pages\/9010"}],"wp:attachment":[{"href":"https:\/\/africafashiontour.com\/es\/wp-json\/wp\/v2\/media?parent=9049"}],"curies":[{"name":"wp","href":"https:\/\/api.w.org\/{rel}","templated":true}]}}