{"id":9051,"date":"2024-01-09T00:11:41","date_gmt":"2024-01-08T23:11:41","guid":{"rendered":"https:\/\/africafashiontour.com\/nuestra-guia-de-la-moda-africana\/influencias-externas-en-la-moda-africana\/"},"modified":"2024-01-09T00:11:41","modified_gmt":"2024-01-08T23:11:41","slug":"influencias-externas-en-la-moda-africana","status":"publish","type":"page","link":"https:\/\/africafashiontour.com\/es\/nuestra-guia-de-la-moda-africana\/influencias-externas-en-la-moda-africana\/","title":{"rendered":"Influencias externas en la moda africana"},"content":{"rendered":"<p><strong>La moda africana<\/strong> es rica y diversa, con una profunda historia y fuertes ra\u00edces culturales. Sin embargo, no se ha quedado confinada en sus fronteras originales, sino que ha evolucionado incorporando influencias exteriores. Ya sea a trav\u00e9s de la ligereza de los tejidos o de cortes vanguardistas, la <strong>transformaci\u00f3n<\/strong> es tangible. Esta sorprendente hibridez estil\u00edstica muestra c\u00f3mo las culturas del mundo han desempe\u00f1ado un papel en la reinvenci\u00f3n de la moda en el continente africano. Haga clic en <a href=\"https:\/\/africafashiontour.com\/es\/\">Moda africana<\/a> para echar un vistazo a esta efervescencia creativa.    <\/p>\n<p>La primera parte de nuestro an\u00e1lisis se centrar\u00e1 en la<strong>influencia occidental<\/strong>, que ha modelado muchos aspectos de la indumentaria tradicional. A continuaci\u00f3n examinaremos en detalle el impacto de los motivos orientales y el corte de las prendas asi\u00e1ticas en <strong>los estilos africanos<\/strong>. Por \u00faltimo, examinaremos el impacto de la <a href=\"https:\/\/africafashiontour.com\/guide-mode-africaine\/mode-africaine-comment-traverse-epoques\/\">globalizaci\u00f3n<\/a>, que ha estandarizado y enriquecido la paleta de expresiones de la moda africana.  <\/p>\n<p>&nbsp;<\/p>\n<p><img decoding=\"async\" class=\"img-responsive\" src=\"https:\/\/africafashiontour.com\/wp-content\/uploads\/2024\/01\/mode-africaine-influences-exterieures-impacts.jpg\" alt=\"Influencias externas en la moda africana: repercusiones y consecuencias\"><\/p>\n<h2>\u00bfC\u00f3mo han influido las culturas occidentales en la moda africana?<\/h2>\n<p>En el vasto tablero de ajedrez de la moda internacional, donde cada cultura aporta su piedra al edificio estil\u00edstico global, la influencia de las culturas occidentales se deja sentir innegablemente en <a href=\"https:\/\/africafashiontour.com\/es\/nuestra-guia-de-la-moda-africana\/como-han-influido-las-culturas-occidentales-en-la-moda-africana\/\">la moda africana<\/a>. Esta influencia no se limita a la simple adopci\u00f3n de tendencias, sino que encarna un di\u00e1logo creativo entre tradici\u00f3n y modernidad. \u00c1frica, con su riqueza textil y sus motivos emblem\u00e1ticos, acoge el pr\u00eat-\u00e0-porter occidental infundi\u00e9ndole su propia esencia est\u00e9tica.  <\/p>\n<p>La introducci\u00f3n de <strong>la sastrer\u00eda<\/strong>, herencia colonial por excelencia, ha provocado una metamorfosis en los cortes tradicionales, que se han vuelto m\u00e1s refinados y estructurados. El uso de tejidos como el tweed y el denim en la ropa africana es una buena ilustraci\u00f3n de este cruce de influencias. Los dise\u00f1adores del continente negro est\u00e1n utilizando estos materiales de otros lugares para revisitar y reinventar las siluetas aut\u00f3ctonas.  <\/p>\n<p><strong>La ropa de calle<\/strong>, pilar de la moda occidental actual, tambi\u00e9n ha calado en los dise\u00f1adores africanos, que encuentran en ella un caldo de cultivo f\u00e9rtil para su inventiva desenfrenada. Estas marcas urbanas se inspiran en su herencia iconogr\u00e1fica para crear colecciones cautivadoras que, sin duda, arrasar\u00e1n tanto en las calles de Accra como en las de Nueva York. <\/p>\n<p>Este flujo transcontinental ha propiciado la aparici\u00f3n de marcas africanas en las pasarelas internacionales, aportando una narrativa \u00fanica, en la que cada modelo cuenta una historia personal, encarnada por un saber hacer local ancestral transfigurado a trav\u00e9s de un prisma contempor\u00e1neo.<\/p>\n<h2>El impacto de las influencias asi\u00e1ticas en los estilos africanos<\/h2>\n<p>En materia de mestizaje estil\u00edstico, <strong>\u00c1frica destaca<\/strong> por su capacidad para integrar y reinventar las influencias exteriores. Asia, con sus centenarias tradiciones textiles, ha dejado su impronta en la indumentaria africana. Este impacto es especialmente visible en la elecci\u00f3n de materiales y en los estampados que ahora adornan las telas que se llevan en el continente.  <\/p>\n<p>Los mercados africanos rebosan ahora de tejidos como el raso de seda y la organza, de innegable inspiraci\u00f3n oriental. Los motivos de dragones, que representan la fuerza y el poder en Asia, tambi\u00e9n florecen en las creaciones contempor\u00e1neas, dando una dimensi\u00f3n transcontinental a la identidad visual africana. <\/p>\n<p><strong>Algunos cortes tradicionales asi\u00e1ticos<\/strong> se han adaptado para reflejar el<a href=\"https:\/\/africafashiontour.com\/guide-mode-africaine\/mode-africaine-influence-asiatique-styles-africains\/\">impacto de las influencias asi\u00e1ticas<\/a> en los estilos africanos. Un ejemplo llamativo es la adopci\u00f3n del cuello mandar\u00edn, caracter\u00edstico del qipao chino, que se abre paso en vestidos o t\u00fanicas entalladas confeccionados con tejidos de cera t\u00edpicamente africanos. Esta fusi\u00f3n crea un puente entre dos ricos mundos est\u00e9ticos, permitiendo a los dise\u00f1adores africanos ofrecer piezas que cuentan una nueva historia.  <\/p>\n<p>La <strong>filosof\u00eda asi\u00e1tica del<\/strong> color est\u00e1 impregnando poco a poco las tendencias del mercado africano. Asistimos a un uso m\u00e1s audaz y simb\u00f3lico de los colores brillantes, colores que ya exist\u00edan, pero que ahora encuentran armon\u00edas innovadoras inspiradas en las paletas asi\u00e1ticas. <\/p>\n<p>Esta influencia mutua es un testimonio de la <strong>riqueza creativa que surge del di\u00e1logo<\/strong> entre culturas diferentes, y un recordatorio de c\u00f3mo la moda se utiliza a menudo como veh\u00edculo para expresar el respeto mutuo y la admiraci\u00f3n compartida entre los pueblos.<\/p>\n<h2>La influencia de la globalizaci\u00f3n en la moda tradicional africana<\/h2>\n<p>La globalizaci\u00f3n, con sus consiguientes intercambios y conexiones interculturales, ha influido decisivamente en la moda africana. La difusi\u00f3n generalizada de tendencias y pr\u00e1cticas indumentarias ha abierto horizontes estil\u00edsticos, pero tambi\u00e9n plantea un reto considerable a la autenticidad y preservaci\u00f3n de patrimonios ancestrales. Los dise\u00f1adores africanos navegan ahora por un espacio en el que se funden la inspiraci\u00f3n local y la din\u00e1mica global.  <\/p>\n<p>Este crisol cultural se ilustra con la aparici\u00f3n de piezas que combinan h\u00e1bilmente motivos tradicionales africanos con cortes y t\u00e9cnicas de la industria mundial de la moda. Tejidos emblem\u00e1ticos como el kente y la cera se reinventan de nuevas maneras, oscilando entre el respeto por el pasado y el deseo de innovaci\u00f3n. Esta \u00f3smosis tambi\u00e9n da lugar a creaciones h\u00edbridas en las que conviven armoniosamente tejidos africanos y dise\u00f1os contempor\u00e1neos.  <\/p>\n<p>Sin embargo, aunque el enriquecimiento mutuo es evidente, algunos temen una posible erosi\u00f3n de la identidad de la indumentaria tradicional africana ante la apisonadora de la globalizaci\u00f3n. Frente a ello, una nueva ola de dise\u00f1adores opta estrat\u00e9gicamente por el localismo: al promover el uso exclusivo de materiales del continente y recurrir constantemente al vasto pozo de las tradiciones \u00e9tnicas locales para sus creaciones, no s\u00f3lo afirman su identidad, sino que impulsan un renacimiento creativo que inspira a todo el sector. <\/p>\n<p>Con sus m\u00faltiples repercusiones, tanto econ\u00f3micas como culturales, la cuesti\u00f3n sigue siendo compleja: \u00bfc\u00f3mo aprovechar las ventajas de esta apertura salvaguardando al mismo tiempo la integridad de la singularidad que caracteriza la riqueza de los tejidos y dise\u00f1os africanos? Este delicado equilibrio entre integraci\u00f3n global y autenticidad est\u00e1 ahora en el centro de un <a href=\"https:\/\/africafashiontour.com\/es\/nuestra-guia-de-la-moda-africana\/la-influencia-de-la-globalizacion-en-la-moda-tradicional-africana\/\">di\u00e1logo permanente entre modernidad y tradiciones ancestrales<\/a>. <\/p>\n<p>&nbsp;<\/p>\n<h2>FAQ Clich\u00e9s y estereotipos<\/h2>\n<div class=\"question-container\">\n<div class=\"question\"><strong>\u00bfQu\u00e9 sentido tiene agrupar la diversidad de estilos bajo el t\u00e9rmino &#8220;moda africana&#8221;?<\/strong><br \/>\nSe utiliza para describir una amplia gama de creaciones, aunque cada pieza tiene su propia historia.<\/div>\n<\/div>\n<div class=\"question-container\">\n<div class=\"question\"><\/div>\n<\/div>\n<div class=\"question-container\">\n<div class=\"answer\"><strong>\u00bfOfrece la moda africana ropa informal para todas las estaciones?<\/strong><br \/>\nDesde luego, la moda africana ofrece conjuntos informales para todas las estaciones, con una gran variedad de opciones para cada ocasi\u00f3n.<\/div>\n<\/div>\n<div>El sombrero Fulani Tengada puede llevarse con estilo en los desfiles de moda africanos. Sin embargo, se recomienda encarecidamente que se haga con un conocimiento profundo de su significado cultural. Respetar el significado de este sombrero es esencial para evitar la apropiaci\u00f3n cultural.  <\/div>\n<div><\/div>\n<div><strong>\u00bfSe asocia la moda africana principalmente con colores vivos?<\/strong><br \/>\nNo, la moda africana no se limita a los colores intensos, sino que celebra la versatilidad crom\u00e1tica en sus creaciones.<\/div>\n<div><\/div>\n<div><strong>\u00bfEs apropiado calificar de ex\u00f3tica la moda africana?<\/strong><br \/>\nNo, la moda africana merece una apreciaci\u00f3n m\u00e1s matizada que el t\u00e9rmino &#8220;ex\u00f3tica&#8221;, porque contribuye activamente a la escena mundial de la moda.<\/div>\n<div><\/div>\n<div>\n<p><em>Le recomendamos estas otras p\u00e1ginas:  <\/em><\/p>\n<ul>\n<li><a href=\"https:\/\/africafashiontour.com\/es\/nuestra-guia-de-la-moda-africana\/la-historia-de-la-moda-africana-y-su-influencia-en-la-moda-internacional\/\">La historia de la moda africana y su influencia en la moda internacional<\/a><\/li>\n<li><a href=\"https:\/\/africafashiontour.com\/es\/nuestra-guia-de-la-moda-africana\/la-evolucion-de-la-moda-africana-a-lo-largo-de-los-anos\/\">La evoluci\u00f3n de la moda africana a lo largo de los a\u00f1os<\/a><\/li>\n<li><a href=\"https:\/\/africafashiontour.com\/es\/nuestra-guia-de-la-moda-africana\/diferentes-estilos-para-diferentes-regiones-de-africa\/\">Diferentes estilos para diferentes regiones de \u00c1frica<\/a><\/li>\n<li><a href=\"https:\/\/africafashiontour.com\/es\/nuestra-guia-de-la-moda-africana\/moda-africana-moderna-cuando-tradicion-y-contemporaneidad-se-dan-la-mano\/\">Moda africana moderna: cuando tradici\u00f3n y contemporaneidad se dan la mano<\/a><\/li>\n<li><a href=\"https:\/\/africafashiontour.com\/guide-mode-africaine\/mode-africaine-decouvrez-dernieres-tendances\/\">Descubra las \u00faltimas tendencias de la moda africana<\/a><\/li>\n<\/ul>\n<\/div>\n","protected":false},"excerpt":{"rendered":"<p>La moda africana es rica y diversa, con una profunda historia y fuertes ra\u00edces culturales. Sin embargo, no se ha quedado confinada en sus fronteras originales, sino que ha evolucionado incorporando influencias exteriores. Ya sea a trav\u00e9s de la ligereza de los tejidos o de cortes vanguardistas, la transformaci\u00f3n es tangible. Esta sorprendente hibridez estil\u00edstica [&hellip;]<\/p>\n","protected":false},"author":17,"featured_media":0,"parent":9010,"menu_order":0,"comment_status":"closed","ping_status":"closed","template":"","meta":{"_et_pb_use_builder":"","_et_pb_old_content":"","_et_gb_content_width":"","footnotes":""},"class_list":["post-9051","page","type-page","status-publish","hentry"],"_links":{"self":[{"href":"https:\/\/africafashiontour.com\/es\/wp-json\/wp\/v2\/pages\/9051","targetHints":{"allow":["GET"]}}],"collection":[{"href":"https:\/\/africafashiontour.com\/es\/wp-json\/wp\/v2\/pages"}],"about":[{"href":"https:\/\/africafashiontour.com\/es\/wp-json\/wp\/v2\/types\/page"}],"author":[{"embeddable":true,"href":"https:\/\/africafashiontour.com\/es\/wp-json\/wp\/v2\/users\/17"}],"replies":[{"embeddable":true,"href":"https:\/\/africafashiontour.com\/es\/wp-json\/wp\/v2\/comments?post=9051"}],"version-history":[{"count":0,"href":"https:\/\/africafashiontour.com\/es\/wp-json\/wp\/v2\/pages\/9051\/revisions"}],"up":[{"embeddable":true,"href":"https:\/\/africafashiontour.com\/es\/wp-json\/wp\/v2\/pages\/9010"}],"wp:attachment":[{"href":"https:\/\/africafashiontour.com\/es\/wp-json\/wp\/v2\/media?parent=9051"}],"curies":[{"name":"wp","href":"https:\/\/api.w.org\/{rel}","templated":true}]}}