{"id":9054,"date":"2024-01-09T00:11:58","date_gmt":"2024-01-08T23:11:58","guid":{"rendered":"https:\/\/africafashiontour.com\/nuestra-guia-de-la-moda-africana\/el-impacto-de-las-influencias-asiaticas-en-los-estilos-africanos\/"},"modified":"2024-01-09T00:11:58","modified_gmt":"2024-01-08T23:11:58","slug":"el-impacto-de-las-influencias-asiaticas-en-los-estilos-africanos","status":"publish","type":"page","link":"https:\/\/africafashiontour.com\/es\/nuestra-guia-de-la-moda-africana\/el-impacto-de-las-influencias-asiaticas-en-los-estilos-africanos\/","title":{"rendered":"El impacto de las influencias asi\u00e1ticas en los estilos africanos"},"content":{"rendered":"<p><a href=\"https:\/\/africafashiontour.com\/es\/\">La moda africana<\/a> siempre ha sido una encrucijada de intercambios culturales y un reflejo de interacciones hist\u00f3ricas. La integraci\u00f3n de las influencias asi\u00e1ticas en los estilos africanos es un ejemplo fascinante de esta din\u00e1mica. A trav\u00e9s del prisma del tiempo, reconocemos la importancia de los intercambios que han permitido entrelazar estos dos mundos y culturas. La historia nos ense\u00f1a que la relaci\u00f3n entre Asia y \u00c1frica es rica y compleja, y que implica compartir elementos est\u00e9ticos y conocimientos t\u00e9cnicos. Podemos ver el impacto de las influencias asi\u00e1ticas en los estilos africanos.    <\/p>\n<p>Nuestra exploraci\u00f3n comienza con una mirada a la historia de los intercambios entre estos dos continentes, antes de estudiar c\u00f3mo los patrones y tejidos asi\u00e1ticos se han incorporado a <strong>la moda africana<\/strong>. Por \u00faltimo, analizamos c\u00f3mo los dise\u00f1adores africanos reinterpretan ahora sus estilos a la luz de la est\u00e9tica asi\u00e1tica, dando lugar a creaciones innovadoras. Este mestizaje estil\u00edstico, no exento de repercusiones, ilustra la evoluci\u00f3n constante de la moda y de las propias sociedades. <a href=\"https:\/\/africafashiontour.com\/es\/nuestra-guia-de-la-moda-africana\/influencias-externas-en-la-moda-africana\/\">Las influencias externas en la moda africana<\/a> no son una mera cuesti\u00f3n de tendencias, sino una verdadera cuesti\u00f3n de identidad que se redefine constantemente.   <\/p>\n<p>&nbsp;<\/p>\n<p><img decoding=\"async\" class=\"img-responsive\" src=\"https:\/\/africafashiontour.com\/wp-content\/uploads\/2024\/01\/mode-africaine-influence-asiatique-styles-africains.jpg\" alt=\"El impacto de las influencias asi\u00e1ticas en los estilos africanos\"><\/p>\n<h2>Historia de los intercambios entre Asia y \u00c1frica y sus influencias mutuas<\/h2>\n<p>Los intercambios culturales entre Asia y \u00c1frica se remontan a miles de a\u00f1os atr\u00e1s, moldeados por una rica historia de comercio, migraci\u00f3n y di\u00e1logo intercultural. La Ruta de la Seda, aut\u00e9ntico cord\u00f3n umbilical que une estos continentes, ha sido el escenario de una fertilizaci\u00f3n cruzada gradual en la que ideas, costumbres y conocimientos han viajado desde las caravanas chinas hasta los mercados africanos. Estas interacciones han dado lugar a un <strong>patrimonio compartido<\/strong>, creando una densa red de relaciones con repercusiones de gran alcance en <strong>las modas de vestir<\/strong>.  <\/p>\n<p>Este rico panorama hist\u00f3rico muestra que los <strong>preciosos tejidos<\/strong> asi\u00e1ticos, como la seda, sedujeron a los soberanos africanos desde la \u00e9poca medieval, simbolizando prestigio y poder. Los puestos comerciales asi\u00e1ticos se establecieron gradualmente a lo largo de las costas orientales de \u00c1frica, inyectando una est\u00e9tica h\u00edbrida en las expresiones art\u00edsticas locales, y la moda no fue una excepci\u00f3n. Los textiles repujados con delicados motivos o te\u00f1idos con ancestrales t\u00e9cnicas orientales revolucionaron <strong>la indumentaria afric<\/strong> ana, trayendo consigo una nueva percepci\u00f3n del lujo y el refinamiento.  <\/p>\n<p>Esta din\u00e1mica no ha cesado a lo largo de los siglos, sino que se ha transformado. Los movimientos anticoloniales del siglo XX, seguidos del auge econ\u00f3mico de algunos pa\u00edses asi\u00e1ticos en la era moderna, han propiciado una profunda renovaci\u00f3n de las influencias rec\u00edprocas entre estos dos gigantes culturales. Incluso hoy, al pasear por mercados africanos como los de Lagos o Nairobi, se puede admirar la <strong>sutil mezcla de<\/strong> influencias asi\u00e1ticas que sigue condimentando la moda local.  <\/p>\n<p>Al mirar al pasado para entender el presente, no s\u00f3lo podemos apreciar la <strong>herencia cosmopolita<\/strong> que encarnan estas prendas multicolores, sino tambi\u00e9n ver c\u00f3mo estos <strong>puentes<\/strong> hist\u00f3ricos seguir\u00e1n inspirando a los dise\u00f1adores contempor\u00e1neos de todos los continentes.<\/p>\n<h2>Incorporaci\u00f3n de motivos y tejidos asi\u00e1ticos a la moda africana<\/h2>\n<p>La integraci\u00f3n de tejidos y motivos asi\u00e1ticos en el universo textil africano revela una <strong>simbiosis<\/strong> cultural impregnada de creatividad. La seda china, de brillo opulento y textura fluida, se codea ahora con tejidos robustos como el bazin o el bogolan africanos. La uni\u00f3n de estos materiales da como resultado siluetas que encarnan la alianza del <strong>refinamiento asi\u00e1tico<\/strong> y el vigor est\u00e9tico africano.  <\/p>\n<p>Los estampados asi\u00e1ticos, con sus delicados dise\u00f1os de dragones y flores de cerezo, se abren paso en los vestidos, faldas y t\u00fanicas de los dise\u00f1adores africanos. Estos \u00faltimos no dudan en recurrir a este exotismo para enriquecer su paleta de dise\u00f1os. Con sus cortes estructurados, los famosos kimonos inspiran incluso nuevas interpretaciones de los tradicionales boubous africanos, a\u00f1adiendo <strong>un toque de elegancia<\/strong> directamente oriental.  <\/p>\n<p>La llamativa combinaci\u00f3n de los vibrantes colores t\u00edpicos de los taparrabos de cera con la delicadeza de la escritura asi\u00e1tica crea un audaz lenguaje visual que traspasa fronteras. La creciente demanda de estas mezclas textiles da fe de un entusiasmo palpable entre los amantes de la moda, tanto en \u00c1frica como en toda la di\u00e1spora. Esta <strong>hibridaci\u00f3n estil\u00edstica<\/strong> es la prueba innegable de una fascinaci\u00f3n mutua, pero sobre todo de una f\u00e9rtil interacci\u00f3n entre estas culturas, que redefine continuamente los c\u00e1nones est\u00e9ticos de la indumentaria africana.  <\/p>\n<p>Este fen\u00f3meno ilustra tambi\u00e9n la capacidad intr\u00ednseca de la moda para absorber influencias extranjeras conservando el alma de sus or\u00edgenes. En este contexto cambiante, en el que globalizaci\u00f3n ya no rima sistem\u00e1ticamente con uniformidad, la aparici\u00f3n de <strong>mezclas sartoriales<\/strong> tan originales como enriquecedoras tiende un puente entre dos mundos, esbozando una nueva era para la moda africana contempor\u00e1nea. <\/p>\n<h2>Una reinterpretaci\u00f3n moderna de los estilos africanos a trav\u00e9s de una lente asi\u00e1tica<\/h2>\n<p>La reinterpretaci\u00f3n moderna de los estilos africanos, encarnados a trav\u00e9s de un prisma asi\u00e1tico, representa una verdadera simbiosis cultural entre estas dos cunas de civilizaciones milenarias. Los dise\u00f1adores de moda recurren constantemente al<strong>patrimonio est\u00e9tico de \u00c1frica<\/strong>, infundi\u00e9ndole una esencia de orientalismo que trasciende las fronteras y trastoca <strong>los c\u00f3digos tradicionales<\/strong>. En los talleres, asistimos a una fertilizaci\u00f3n cruzada en la que caftanes y kimonos se encuentran para dar a luz piezas \u00fanicas con combinaciones sorprendentes. Es interesante estudiar el impacto de las influencias asi\u00e1ticas en los estilos africanos.   <\/p>\n<p>Esta fusi\u00f3n da lugar a colecciones cautivadoras en las que el esp\u00edritu audaz de \u00c1frica abraza la <strong>delicadeza caracter\u00edstica<\/strong> de Asia. Los dise\u00f1adores contempor\u00e1neos se aventuran en esta exploraci\u00f3n transcultural, revisitando, por ejemplo, los famosos <strong>taparrabos de cera africanos<\/strong> con elegantes cortes asi\u00e1ticos, introduciendo un di\u00e1logo entre dos mundos a los que todo parece oponerse. Estas siluetas redefinidas dan testimonio de una nueva est\u00e9tica intr\u00e9pidamente global, rica en una <strong>diversidad textil<\/strong> e iconogr\u00e1fica sin precedentes.  <\/p>\n<p>Quiz\u00e1 el ejemplo m\u00e1s emblem\u00e1tico sea el de los dise\u00f1adores que se inspiran en el tradicional <em>boubou<\/em> de \u00c1frica Occidental, que reelaboran con la <strong>carga simb\u00f3lica del<\/strong> <em>hanfu<\/em>, la prenda tradicional china. Estas prendas h\u00edbridas no s\u00f3lo atraen a una clientela \u00e1vida de novedades, sino que subrayan una universalidad de la moda que trasciende el mero vestir, convirti\u00e9ndose en portavoz de un <strong>patrimonio rico y plural<\/strong>. <\/p>\n<p>La reinterpretaci\u00f3n moderna no es s\u00f3lo visual o estil\u00edstica; tambi\u00e9n refleja una <strong>convergencia ideol\u00f3gica y espiritual<\/strong>. La introducci\u00f3n del concepto zen en la est\u00e9tica afroc\u00e9ntrica amplifica la <strong>filosof\u00eda minimalista<\/strong> en el dise\u00f1o de las piezas: menos superfluo para sublimar la pureza del tejido y contar su historia visceral. De este modo, cada creaci\u00f3n se convierte en un puente entre tradici\u00f3n y modernidad, entre continentes y siglos.  <\/p>\n<h2>FAQ Clich\u00e9s y estereotipos<\/h2>\n<div class=\"question-container\">\n<div class=\"answer\">\n<p><strong>\u00bfSe adapta el vestuario africano a todas las estaciones?<\/strong><br \/>\nAbsolutamente, la moda africana es vers\u00e1til y adecuada para todas las \u00e9pocas del a\u00f1o.<\/p>\n<p><strong>\u00bfPuedo llevar un sombrero Tengada Peul en cualquier ocasi\u00f3n?<\/strong><br \/>\nSe recomienda encarecidamente que se haga con un conocimiento profundo de su significado cultural. Respetar el significado del sombrero es esencial para evitar la apropiaci\u00f3n cultural. <\/p>\n<p><strong>\u00bfQu\u00e9 factores influyen en la decisi\u00f3n de describir la moda africana de forma unificada?<\/strong><br \/>\n&#8220;Moda africana&#8221; puede significar cosas diferentes seg\u00fan hablemos de dise\u00f1adores locales o de la di\u00e1spora.<\/p>\n<p><strong>\u00bfPuede considerarse la cera un producto cultural africano?<\/strong><br \/>\nNo existe una respuesta definitiva a esta pregunta, pero le animamos a explorar la fascinante historia de la cera. Es un tema que genera apasionados debates y merece un conocimiento profundo. El t\u00e9rmino &#8220;cera&#8221; tiene su origen en la t\u00e9cnica de estampaci\u00f3n con cera inspirada en el batik javan\u00e9s de Indonesia. Este m\u00e9todo consiste en cubrir el motivo negativo con cera, te\u00f1ir la tela con un color y luego aclarar para eliminar la cera. Los colonizadores ingleses y holandeses adoptaron esta t\u00e9cnica para conquistar el mercado indonesio del batik javan\u00e9s, produci\u00e9ndolo r\u00e1pidamente y a bajo coste en Europa gracias a la industrializaci\u00f3n textil.    <\/p>\n<p>Cuando los batiks europeos se exportaban a Indonesia, se consideraban de calidad mediocre debido a irregularidades en la t\u00e9cnica de estampaci\u00f3n. Ante este fracaso, los colonizadores decidieron ofrecer su producto en \u00c1frica, donde tuvo un \u00e9xito rotundo. La cera se convirti\u00f3 en un elemento b\u00e1sico de la moda africana, y empresarias como Nanas Benz construyeron imperios a partir de su comercializaci\u00f3n. Hoy en d\u00eda, la cera se produce en diversos lugares, como Holanda, China e India, y las f\u00e1bricas africanas especializadas se enfrentan a la competencia mundial.   <\/p>\n<p><strong>\u00bfSuelen ser las colecciones africanas ricas en colores vivos?<\/strong><br \/>\nEn absoluto, la moda africana abarca una amplia gama de tonalidades, que va mucho m\u00e1s all\u00e1 de los t\u00f3picos de los colores vivos.<\/p>\n<\/div>\n<\/div>\n<p>&nbsp;<\/p>\n<p><em>Le recomendamos estas otras p\u00e1ginas:  <\/em><\/p>\n<ul>\n<li><a href=\"https:\/\/africafashiontour.com\/es\/nuestra-guia-de-la-moda-africana\/como-han-influido-las-culturas-occidentales-en-la-moda-africana\/\">\u00bfC\u00f3mo han influido las culturas occidentales en la moda africana?<\/a><\/li>\n<li><a href=\"https:\/\/africafashiontour.com\/es\/nuestra-guia-de-la-moda-africana\/la-influencia-de-la-globalizacion-en-la-moda-tradicional-africana\/\">La influencia de la globalizaci\u00f3n en la moda tradicional africana<\/a><\/li>\n<\/ul>\n","protected":false},"excerpt":{"rendered":"<p>La moda africana siempre ha sido una encrucijada de intercambios culturales y un reflejo de interacciones hist\u00f3ricas. La integraci\u00f3n de las influencias asi\u00e1ticas en los estilos africanos es un ejemplo fascinante de esta din\u00e1mica. A trav\u00e9s del prisma del tiempo, reconocemos la importancia de los intercambios que han permitido entrelazar estos dos mundos y culturas. [&hellip;]<\/p>\n","protected":false},"author":17,"featured_media":0,"parent":9010,"menu_order":0,"comment_status":"closed","ping_status":"closed","template":"","meta":{"_et_pb_use_builder":"","_et_pb_old_content":"","_et_gb_content_width":"","footnotes":""},"class_list":["post-9054","page","type-page","status-publish","hentry"],"_links":{"self":[{"href":"https:\/\/africafashiontour.com\/es\/wp-json\/wp\/v2\/pages\/9054","targetHints":{"allow":["GET"]}}],"collection":[{"href":"https:\/\/africafashiontour.com\/es\/wp-json\/wp\/v2\/pages"}],"about":[{"href":"https:\/\/africafashiontour.com\/es\/wp-json\/wp\/v2\/types\/page"}],"author":[{"embeddable":true,"href":"https:\/\/africafashiontour.com\/es\/wp-json\/wp\/v2\/users\/17"}],"replies":[{"embeddable":true,"href":"https:\/\/africafashiontour.com\/es\/wp-json\/wp\/v2\/comments?post=9054"}],"version-history":[{"count":0,"href":"https:\/\/africafashiontour.com\/es\/wp-json\/wp\/v2\/pages\/9054\/revisions"}],"up":[{"embeddable":true,"href":"https:\/\/africafashiontour.com\/es\/wp-json\/wp\/v2\/pages\/9010"}],"wp:attachment":[{"href":"https:\/\/africafashiontour.com\/es\/wp-json\/wp\/v2\/media?parent=9054"}],"curies":[{"name":"wp","href":"https:\/\/api.w.org\/{rel}","templated":true}]}}