{"id":9060,"date":"2024-01-09T00:12:17","date_gmt":"2024-01-08T23:12:17","guid":{"rendered":"https:\/\/africafashiontour.com\/nuestra-guia-de-la-moda-africana\/como-puede-inspirar-la-moda-africana-su-estilo-personal\/"},"modified":"2024-01-09T00:12:17","modified_gmt":"2024-01-08T23:12:17","slug":"como-puede-inspirar-la-moda-africana-su-estilo-personal","status":"publish","type":"page","link":"https:\/\/africafashiontour.com\/es\/nuestra-guia-de-la-moda-africana\/como-puede-inspirar-la-moda-africana-su-estilo-personal\/","title":{"rendered":"\u00bfC\u00f3mo puede inspirar la moda africana su estilo personal?"},"content":{"rendered":"<p>\u00bfC\u00f3mo puede la moda africana inspirar tu estilo personal? La <a href=\"https:\/\/africafashiontour.com\/es\/\">moda africana<\/a> es cada vez m\u00e1s popular, gracias a su rica cultura y sus coloridos dise\u00f1os. Inspirarse en este <strong>patrimonio estil\u00edstico<\/strong> para personalizar el vestuario puede ser una excelente manera de expresar la propia identidad sin dejar de estar a la vanguardia de <strong>la moda<\/strong>. Para adaptar armoniosamente el estilo africano a tu propio look, necesitas <strong>consejos<\/strong> y sugerencias. <strong>\u00bfQu\u00e9<\/strong> distingue realmente a la moda africana de otros estilos? Responder a esta pregunta le permitir\u00e1 abrazar plenamente su esencia. Por \u00faltimo, saber d\u00f3nde encontrar <strong>dise\u00f1adores de<\/strong> moda africana es esencial para adquirir piezas aut\u00e9nticas. Nuestra gu\u00eda detallar\u00e1 c\u00f3mo incorporar con criterio las caracter\u00edsticas \u00fanicas de esta moda, y <a href=\"https:\/\/africafashiontour.com\/es\/nuestra-guia-de-la-moda-africana\/explorar-los-origenes-y-la-influencia-de-la-moda-africana\/\">explorar\u00e1 los or\u00edgenes y la influencia<\/a> de este estilo que ha cautivado al mundo entero.      <\/p>\n<p>&nbsp;<\/p>\n<p><img decoding=\"async\" class=\"img-responsive\" src=\"https:\/\/africafashiontour.com\/wp-content\/uploads\/2024\/01\/mode-africaine-inspirer-style-elegance-africaine.jpg\" alt=\"\u00bfC\u00f3mo puede inspirar la moda africana su estilo personal?\"><\/p>\n<h2>Trucos y consejos para crear un estilo personal inspirado en la moda africana<\/h2>\n<p>Adoptar el estilo de la moda africana es una forma maravillosa de infundir <strong>riqueza cultural<\/strong> y <strong>vibrante elegancia<\/strong> a tu vestuario. Para integrar armoniosamente este estilo en tu guardarropa, empieza por centrarte en la pieza central, que es sin duda el tejido. Elija tejidos emblem\u00e1ticos como la cera, el bogol\u00e1n o la seda adamascada, conocida como &#8220;bazin&#8221;. D\u00e9jate seducir por sus brillantes motivos geom\u00e9tricos o sus atrevidos estampados animales.   <\/p>\n<p>El secreto est\u00e1 en equilibrar siluetas y colores. Puedes combinar una pieza de estampado fuerte y brillante con prendas m\u00e1s sobrias para resaltar sutilmente la originalidad del tejido. A la hora de elegir un accesorio, como un collar de perlas o una pulsera brazalete de cobre, b\u00e1sate en los contrastes, que te permitir\u00e1n resaltar estos detalles artesanales sin saturaci\u00f3n visual.  <\/p>\n<p>Descubre estos trucos y consejos para adoptar el estilo de la moda africana:<\/p>\n<ul>\n<li>Familiar\u00edcese con los distintos materiales: ya sea un vestido entallado de kente ghan\u00e9s o una camisa vaporosa de batik marfile\u00f1o, cada tejido cuenta una historia distinta.<\/li>\n<li>Juega con las capas: un caft\u00e1n ligero sobre unos pantalones pitillo aporta un enfoque moderno sin distorsionar el aura tradicional.<\/li>\n<li>Var\u00eda los colores: \u00a1todo vale! Desde los tonos tierra que simbolizan las vastas sabanas hasta las tonalidades brillantes que recuerdan los bulliciosos mercados, atr\u00e9vete a mezclar paletas para reflejar la exuberancia del continente. <\/li>\n<li>La artesan\u00eda en primer plano: bolsos tejidos, joyas esculpidas y zapatos bordados dar\u00e1n ese toque distintivo a tu conjunto.<\/li>\n<\/ul>\n<p>Por \u00faltimo, sigue el ejemplo de tus iconos favoritos de la di\u00e1spora, que incorporan h\u00e1bilmente elementos africanos a sus atuendos cotidianos sin dejar de ser fieles a su <strong>firma de estilo<\/strong> personal. Adorna tu atuendo con toques \u00e9tnicos sin renunciar a tu propia identidad para crear una armon\u00eda entre tradici\u00f3n y modernidad. <\/p>\n<h2>\u00bfQu\u00e9 hace que la moda africana sea \u00fanica en comparaci\u00f3n con otros estilos?<\/h2>\n<p>La exuberancia de la moda africana reside en <strong>la originalidad<\/strong> de sus estampados y la viveza de sus colores. Donde otros estilos pueden jugar a veces la carta de la discreci\u00f3n, los dise\u00f1adores africanos celebran su herencia cultural con audacia, mezclando texturas y estampados con una confianza que emana de un conocimiento ancestral compartido. Cada pieza cuenta una historia, la de un pueblo, una tradici\u00f3n o incluso una filosof\u00eda coloreada por las m\u00faltiples facetas del continente.  <\/p>\n<p>Sus tejidos son el resultado de una alquimia entre <strong>artesan\u00eda innovadora<\/strong> y respeto por las t\u00e9cnicas transmitidas de generaci\u00f3n en generaci\u00f3n: basta pensar en el bogolan maliense o el kente ghan\u00e9s, con su infinita gama de dise\u00f1os geom\u00e9tricos o simb\u00f3licos. Estos tejidos son algo m\u00e1s que una elecci\u00f3n est\u00e9tica: transmiten mensajes sociales, etnias e incluso estatus sociales. <\/p>\n<p>El corte de la ropa <strong>africana<\/strong> tambi\u00e9n es caracter\u00edstico: suele ser fluido para favorecer la ventilaci\u00f3n en un clima predominantemente caluroso. La atenci\u00f3n a los detalles, como los bordados o la meticulosa incorporaci\u00f3n de accesorios (abalorios, conchas), refuerza el car\u00e1cter opulento y sofisticado que hace tan vibrante esta moda. <\/p>\n<p>Si a esto a\u00f1adimos una industria en auge que no reh\u00faye romper c\u00f3digos integrando elementos contempor\u00e1neos con dise\u00f1os tradicionales, tenemos un estilo inimitable capaz de dejar su huella en las pasarelas internacionales y en las calles de las ciudades de todo el mundo. La magia se produce gracias al <strong>di\u00e1logo creativo<\/strong> entre el pasado y el presente, lo global y lo local, una mezcla \u00fanica que alimenta constantemente la renovaci\u00f3n estil\u00edstica que caracteriza a la moda africana. Para saber m\u00e1s sobre <a href=\"https:\/\/africafashiontour.com\/guide-mode-africaine\/mode-africaine-rend-unique\/\">lo que hace que la moda africana sea \u00fanica con respecto a otros estilos<\/a>, explore las riquezas de esta fascinante cultura.  <\/p>\n<h2>\u00bfD\u00f3nde puede encontrar dise\u00f1adores de moda africanos para crear su propio estilo personal?<\/h2>\n<p>En su b\u00fasqueda de autenticidad y originalidad para enriquecer su guardarropa, quiz\u00e1 se pregunte d\u00f3nde puede encontrar prendas confeccionadas por aut\u00e9nticos dise\u00f1adores de moda africanos. Afortunadamente, con un resurgimiento mundial del inter\u00e9s por el trabajo del continente, hay varias opciones disponibles para quienes deseen explorar esta rica est\u00e9tica. <\/p>\n<p><strong>El inicio de esta aventura estil\u00edstica<\/strong> bien podr\u00eda comenzar en los numerosos mercados de artesan\u00eda que se celebran peri\u00f3dicamente en las grandes ciudades. Estos encuentros rebosan talento y suelen ofrecer una selecci\u00f3n de piezas hechas a mano que encarnan la vitalidad y diversidad de las culturas africanas. <\/p>\n<p>Si no le es posible viajar, existen numerosas boutiques especializadas en Internet que ofrecen una amplia gama de prendas dise\u00f1adas por creadores africanos. Estas plataformas no solo dan acceso a la est\u00e9tica panafricana, sino que tambi\u00e9n apoyan el desarrollo econ\u00f3mico local. <\/p>\n<p><strong>Siguiendo en el frente digital<\/strong>, pero en un plano m\u00e1s personal, no dude en explorar las redes sociales donde algunos dise\u00f1adores comparten su trabajo. Seguir a tus favoritos en Instagram o Facebook te ofrece una visi\u00f3n inmediata de las colecciones actuales y mantiene un v\u00ednculo directo con estos embajadores del estilo africano. <\/p>\n<p>Por \u00faltimo, piense en las distintas ferias internacionales de moda, donde a menudo se dan cita dise\u00f1adores del continente africano. Esto ofrece la importante ventaja de poder evaluar al tacto la calidad de los tejidos y apreciar en persona el ingenio del dise\u00f1o. <\/p>\n<p>Con todos estos puntos de encuentro para entusiastas de la est\u00e9tica audaz y dise\u00f1adores inspirados, la <a href=\"https:\/\/africafashiontour.com\/guide-mode-africaine\/mode-africaine-trouver-createurs-qualite\/\">b\u00fasqueda de dise\u00f1adores de moda africanos<\/a> se ver\u00e1 transformada por la esencia misma del refinamiento que es la moda africana.<\/p>\n<h2>FAQ Clich\u00e9s y estereotipos<\/h2>\n<div class=\"question-container\">\n<div class=\"answer\">\n<p><strong>\u00bfLa moda africana est\u00e1 pensada exclusivamente para el verano?<\/strong><br \/>\nNo, la moda africana se adapta a todas las estaciones.<\/p>\n<p><strong>\u00bfEs apropiado llevar pulseras de cuero bordadas con los colores de Senegal a cualquier evento?<\/strong><br \/>\nLas coloridas pulseras de cuero bordado de Senegal a\u00f1aden el toque perfecto de diversi\u00f3n para los festivales. Sin embargo, se recomienda encarecidamente llevarlas con un conocimiento profundo de su significado cultural para evitar cualquier apropiaci\u00f3n desinformada. <\/p>\n<p><strong>\u00bfExiste alg\u00fan debate sobre el uso del singular para describir la moda procedente de \u00c1frica?<\/strong><br \/>\nEsta expresi\u00f3n puede referirse a colecciones producidas localmente o por dise\u00f1adores africanos de todo el mundo.<\/p>\n<p><strong>\u00bfEs realmente la cera un producto textil africano?<\/strong><br \/>\nNo existe una respuesta definitiva a esta pregunta, pero le invitamos a participar en una fascinante exploraci\u00f3n de la historia de la cera. Es un tema muy debatido y merece un conocimiento profundo. El t\u00e9rmino &#8220;cera&#8221; tiene su origen en la t\u00e9cnica de impresi\u00f3n con cera inspirada en el batik javan\u00e9s de Indonesia. Este m\u00e9todo consiste en cubrir el dibujo en negativo con cera, te\u00f1ir la tela con un color y luego aclarar para eliminar la cera. Los colonizadores ingleses y holandeses adoptaron esta t\u00e9cnica para conquistar el mercado indonesio del batik javan\u00e9s, produci\u00e9ndolo r\u00e1pidamente y a bajo coste en Europa gracias a la industrializaci\u00f3n textil.    <\/p>\n<p>Cuando los batiks europeos se exportaban a Indonesia, se consideraban de calidad mediocre debido a irregularidades en la t\u00e9cnica de estampaci\u00f3n. Ante este fracaso, los colonizadores decidieron ofrecer su producto en \u00c1frica, donde tuvo un \u00e9xito rotundo. La cera se convirti\u00f3 en un elemento b\u00e1sico de la moda africana, y empresarias como Nanas Benz construyeron imperios a partir de su comercializaci\u00f3n. Hoy en d\u00eda, la cera se produce en diversos lugares, como Holanda, China e India, y las f\u00e1bricas africanas especializadas se enfrentan a la competencia mundial.   <\/p>\n<p><strong>\u00bfLa variedad crom\u00e1tica de la moda africana se compone esencialmente de colores vivos?<\/strong><br \/>\nNo, la moda africana presenta toda una paleta de colores, reflejo de la diversidad art\u00edstica de los dise\u00f1adores del continente.<\/p>\n<\/div>\n<\/div>\n<div>\n<p><em>Le recomendamos estas otras p\u00e1ginas:  <\/em><\/p>\n<ul>\n<li><a href=\"https:\/\/africafashiontour.com\/guide-mode-africaine\/mode-africaine-comment-traverse-epoques\/\">\u00bfC\u00f3mo ha resistido la moda africana el paso del tiempo?<\/a><\/li>\n<li><a href=\"https:\/\/africafashiontour.com\/guide-mode-africaine\/mode-africaine-place-podiums\/\">\u00bfQu\u00e9 papel desempe\u00f1a la moda africana en las pasarelas de alta costura?<\/a><\/li>\n<\/ul>\n<\/div>\n","protected":false},"excerpt":{"rendered":"<p>\u00bfC\u00f3mo puede la moda africana inspirar tu estilo personal? La moda africana es cada vez m\u00e1s popular, gracias a su rica cultura y sus coloridos dise\u00f1os. Inspirarse en este patrimonio estil\u00edstico para personalizar el vestuario puede ser una excelente manera de expresar la propia identidad sin dejar de estar a la vanguardia de la moda. [&hellip;]<\/p>\n","protected":false},"author":17,"featured_media":0,"parent":9010,"menu_order":0,"comment_status":"closed","ping_status":"closed","template":"","meta":{"_et_pb_use_builder":"","_et_pb_old_content":"","_et_gb_content_width":"","footnotes":""},"class_list":["post-9060","page","type-page","status-publish","hentry"],"_links":{"self":[{"href":"https:\/\/africafashiontour.com\/es\/wp-json\/wp\/v2\/pages\/9060","targetHints":{"allow":["GET"]}}],"collection":[{"href":"https:\/\/africafashiontour.com\/es\/wp-json\/wp\/v2\/pages"}],"about":[{"href":"https:\/\/africafashiontour.com\/es\/wp-json\/wp\/v2\/types\/page"}],"author":[{"embeddable":true,"href":"https:\/\/africafashiontour.com\/es\/wp-json\/wp\/v2\/users\/17"}],"replies":[{"embeddable":true,"href":"https:\/\/africafashiontour.com\/es\/wp-json\/wp\/v2\/comments?post=9060"}],"version-history":[{"count":0,"href":"https:\/\/africafashiontour.com\/es\/wp-json\/wp\/v2\/pages\/9060\/revisions"}],"up":[{"embeddable":true,"href":"https:\/\/africafashiontour.com\/es\/wp-json\/wp\/v2\/pages\/9010"}],"wp:attachment":[{"href":"https:\/\/africafashiontour.com\/es\/wp-json\/wp\/v2\/media?parent=9060"}],"curies":[{"name":"wp","href":"https:\/\/api.w.org\/{rel}","templated":true}]}}