{"id":9075,"date":"2024-01-09T00:13:00","date_gmt":"2024-01-08T23:13:00","guid":{"rendered":"https:\/\/africafashiontour.com\/nuestra-guia-de-la-moda-africana\/como-se-combinan-las-prendas-de-moda-africana\/"},"modified":"2024-01-09T00:13:00","modified_gmt":"2024-01-08T23:13:00","slug":"como-se-combinan-las-prendas-de-moda-africana","status":"publish","type":"page","link":"https:\/\/africafashiontour.com\/es\/nuestra-guia-de-la-moda-africana\/como-se-combinan-las-prendas-de-moda-africana\/","title":{"rendered":"\u00bfC\u00f3mo se combinan las prendas de moda africana?"},"content":{"rendered":"<p>\u00bfC\u00f3mo mezclar la moda africana con piezas occidentales para conseguir un look \u00fanico? El arte de fusionar la <strong><a href=\"https:\/\/africafashiontour.com\/es\/\">moda africana<\/a><\/strong> con elementos de estilo occidental es un enfoque creativo que ofrece una riqueza inestimable. Este enfoque atrae a quienes desean expresar su identidad cultural sin dejar de estar arraigados en la modernidad. Comprender la esencia de la <strong>moda afric<\/strong>ana, con sus coloridos tejidos, atrevidos estampados y cortes tradicionales, es clave para lograr este tipo de fusi\u00f3n. A continuaci\u00f3n exploraremos los principios de la combinaci\u00f3n armoniosa de estilos, para que las piezas africanas y occidentales se complementen sin chocar. Por \u00faltimo, compartiremos <strong><a href=\"https:\/\/africafashiontour.com\/guide-mode-africaine\/mode-africaine-astuces-adopter-style-elegance\/\">consejos e inspiraci\u00f3n<\/a><\/strong> para crear looks \u00fanicos que har\u00e1n las delicias de quienes est\u00e9n dispuestos a experimentar e innovar con su vestuario. <strong>Los conjuntos<\/strong> resultantes, lejos de ser fruto de la casualidad, reflejar\u00e1n una elecci\u00f3n deliberada hacia la expresi\u00f3n personal y la mezcla cultural.     <\/p>\n<p>&nbsp;<\/p>\n<p><img decoding=\"async\" class=\"img-responsive\" src=\"https:\/\/africafashiontour.com\/wp-content\/uploads\/2024\/01\/mode-africaine-melanger-pieces-africaines-occidentales-look-unique.jpg\" alt=\"\u00bfC\u00f3mo se mezcla la moda africana con piezas occidentales para conseguir un look \u00fanico?\"><\/p>\n<h2>Comprender la esencia de la moda africana<\/h2>\n<p>Para crear un look memorable combinando <strong>la moda africana<\/strong> con <strong>las tendencias occidentales<\/strong>, es esencial captar la esencia misma de la moda del continente africano. Se caracteriza por tejidos ricos en colores, estampados atrevidos y una gran variedad de texturas que se inspiran en un patrimonio cultural ancestral. <\/p>\n<p>La est\u00e9tica africana va m\u00e1s all\u00e1 del simple aspecto visual; incorpora un profundo simbolismo en el que cada motivo cuenta una historia, <strong>refleja valores<\/strong> sociales o marca las principales etapas de la vida. La famosa <strong>cera<\/strong>, el <strong>bazin<\/strong> y el <strong>kente<\/strong> no son s\u00f3lo tejidos; son un vibrante di\u00e1logo visual, impregnado de historia y significado. <\/p>\n<p>Esta riqueza va acompa\u00f1ada de una meticulosa artesan\u00eda, ya sea en el tejido, el te\u00f1ido o la costura. Los dise\u00f1adores africanos preservan esta herencia al tiempo que le inyectan una modernidad palpable, haciendo que cada pieza sea tan atemporal como vanguardista. Comprender esta <strong>dualidad<\/strong> entre tradici\u00f3n y contemporaneidad es esencial para cualquier entusiasta que desee combinar piezas africanas con las del armario occidental. Una vez que le hayas cogido el truco, te convertir\u00e1s en un maestro en el sutil arte de mezclar estilos para crear un conjunto armonioso que honre a ambas culturas.   <\/p>\n<h2>Principios para mezclar piezas africanas armoniosamente<\/h2>\n<p>El arte de combinar la moda africana con piezas de inspiraci\u00f3n occidental reside en lograr el equilibrio perfecto entre brillo y sutileza. Para lograrlo, hay que adoptar ciertos principios que ayudar\u00e1n a crear una <strong>simbiosis estil\u00edstica<\/strong> que, sin duda, causar\u00e1 una impresi\u00f3n duradera por su originalidad y elegancia. <\/p>\n<p><strong>Empieza<\/strong> siempre con una pieza central; ya sea un boubou con motivos ankara o un taparrabos meticulosamente tejido, marcar\u00e1 el tono del look. A continuaci\u00f3n, comb\u00ednalo con elementos m\u00e1s neutros para resaltar el car\u00e1cter \u00fanico del tejido africano sin ahogarlo en demasiados acentos divergentes. <\/p>\n<h3>Elegir los colores adecuados para mezclar piezas africanas<\/h3>\n<p>Los colores vivos y los estampados atrevidos suelen ser la firma de la moda africana, por lo que es esencial componer con cuidado. Los colores s\u00f3lidos, en tonos tierra o pastel, pueden complementar eficazmente estos estampados sin crear disonancia visual. El uso estrat\u00e9gico del color atrae la mirada hacia donde se desea y mantiene la armon\u00eda general.  <\/p>\n<h3>Equilibrar las proporciones para mezclar piezas africanas<\/h3>\n<p><strong>Por eso,<\/strong> incluso en el ejercicio creativo de mezclar estilos, las proporciones desempe\u00f1an un papel fundamental. Un pantal\u00f3n de cera acampanado es ideal con un top sobrio y entallado para contrarrestar la exuberancia del estampado. A la inversa, un vestido suelto con estampado puede complementarse con accesorios discretos y minimalistas.  <\/p>\n<h3>Cuidada selecci\u00f3n de materiales para mezclar piezas africanas<\/h3>\n<p>Adem\u00e1s de los colores y los cortes, la propia textura puede ser un factor decisivo en la combinaci\u00f3n de prendas. Combinar la riqueza sensorial de un tejido de cera con la sencillez de un algod\u00f3n o una seda occidental invita a un viaje tanto t\u00e1ctil como visual. Este contraste de materiales crea una experiencia textil envolvente y cohesiva.  <\/p>\n<p><strong>Dominar<\/strong> la combinaci\u00f3n de piezas de inspiraci\u00f3n africana y occidental no es insuperable. Solo tienes que recordar que cada elecci\u00f3n debe contribuir a la historia que cuenta tu atuendo; cada elemento debe interactuar sin imponerse, construyendo juntos la sutil historia de un estilo que atraviesa continentes y culturas para unirse en armon\u00eda. <\/p>\n<h2>Crear looks \u00fanicos: consejos e inspiraci\u00f3n<\/h2>\n<p>Crear <strong>looks \u00fanicos<\/strong> que mezclen moda africana con piezas occidentales es una forma de expresi\u00f3n personal que trasciende las fronteras culturales. Para dar un toque distintivo a estos conjuntos, es esencial combinar texturas, complementar colores y equilibrar vol\u00famenes. Por ejemplo, considere la posibilidad de integrar un colorido taparrabos de cera en forma de falda entallada con un sobrio top occidental blanco para crear un llamativo contraste.  <\/p>\n<h3>Consejos para mezclar piezas africanas<\/h3>\n<p>He aqu\u00ed algunos consejos para armonizar estos dos mundos:<\/p>\n<ul>\n<li>Opta por <strong>un accesorio<\/strong> de moda africana <strong>fuerte<\/strong>, como un bolso llamativo o joyas \u00e9tnicas, para elevar al instante un conjunto b\u00e1sico.<\/li>\n<li>Encuentra <strong>piezas clave<\/strong>, como una chaqueta entallada en un emblem\u00e1tico tejido de bogol\u00e1n, para combinar con vaqueros de denim crudo y zapatos de sal\u00f3n para combinar un estilo atrevido con una elegancia atemporal.<\/li>\n<li>Atr\u00e9vete con las capas, confeccionando un conjunto que combine <strong>tejidos con estampados imponentes<\/strong>, pero teniendo cuidado de elegir colores que combinen con naturalidad con los tonos neutros de tu vestuario occidental.<\/li>\n<\/ul>\n<p>Al crear estas mezclas, nunca hay que olvidar que cada pieza tiene una historia detr\u00e1s. El refinamiento reside en el sutil di\u00e1logo entre la simb\u00f3lica herencia africana y la sencillez, a veces m\u00e1s minimalista, de la moda occidental. Un sencillo boubou revisitado de este modo puede casar con gracia con unos pantalones pitillo profesionales para esbozar un <strong>armonioso look vanguardista<\/strong>.  <\/p>\n<h3>Inspiraciones estil\u00edsticas extra\u00eddas de las fuentes del continente africano<\/h3>\n<p>Inspirarse en la imaginer\u00eda africana contempor\u00e1nea puede transformar tu expresi\u00f3n sartorial cotidiana en <strong>creaciones vanguardistas<\/strong>. Insp\u00edrate en dise\u00f1adores que est\u00e1n revolucionando el mundo de la moda, como Alphadi o Imane Ayissi, que basan sus colecciones en la fusi\u00f3n cultural. Estos dise\u00f1adores demuestran que la riqueza visual y estructural de una prenda Kente o Maasai tiene cabida junto a una simple camisa oxford o incluso un par de zapatillas minimalistas.  <\/p>\n<p>En esta b\u00fasqueda de una est\u00e9tica \u00fanica, recuerde que cada complemento debe realzar su individualidad sin comprometer la comodidad ni la intenci\u00f3n del estilo elegido. No se trata tanto de seguir ciegamente las tendencias como de crear un <strong>lenguaje indumentario<\/strong> en el que confluyan tus ra\u00edces y tus deseos contempor\u00e1neos. <\/p>\n<p>Podcast del Africa Fashion Tour<\/p>\n<h2>FAQ Clich\u00e9s y estereotipos<\/h2>\n<div>\n<div class=\"question-container\">\n<div class=\"answer\">\n<p><b>\u00bfLa moda africana est\u00e1 reservada a la temporada estival?  <\/b><span style=\"font-weight: 400;\">La moda africana no se limita a una estaci\u00f3n concreta.<\/span><\/p>\n<p><b>\u00bfSe pueden llevar conchas de cauri con orgullo en cualquier ocasi\u00f3n?  <\/b><span style=\"font-weight: 400;\">Las conchas de cauri pueden llevarse con elegancia en ocasiones formales, pero se recomienda encarecidamente hacerlo con un conocimiento profundo de su significado cultural. Respetar el valor cultural de las conchas de cauri es esencial para evitar la apropiaci\u00f3n cultural. <\/span><\/p>\n<p><b>\u00bfPor qu\u00e9 se utiliza el t\u00e9rmino &#8220;moda africana&#8221; en lugar de &#8220;modas africanas&#8221;?  <\/b><span style=\"font-weight: 400;\">El uso del t\u00e9rmino &#8220;moda africana&#8221; pretende simplificar la comprensi\u00f3n, aunque la diversidad merezca un estudio m\u00e1s profundo.<\/span><\/p>\n<p><b>\u00bfComenz\u00f3 la tradici\u00f3n de la cera en \u00c1frica?  <\/b><span style=\"font-weight: 400;\">La respuesta a esta pregunta sigue abierta, pero le invitamos a explorar la fascinante historia de la cera. Es una pregunta que suscita debate y requiere un conocimiento profundo. El t\u00e9rmino &#8220;cera&#8221; tiene su origen en la t\u00e9cnica de impresi\u00f3n con cera inspirada en el batik javan\u00e9s de Indonesia.    <\/span><\/p>\n<p><span style=\"font-weight: 400;\">Este m\u00e9todo consiste en cubrir el dibujo en negativo con cera, te\u00f1ir la tela con un color y luego aclarar para eliminar la cera. Los colonizadores ingleses y holandeses adoptaron esta t\u00e9cnica para conquistar el mercado indonesio del batik de Java, produci\u00e9ndolo de forma r\u00e1pida y barata en Europa gracias a la industrializaci\u00f3n textil. <\/span><\/p>\n<p><span style=\"font-weight: 400;\">Cuando los batiks europeos se exportaron a Indonesia, se juzgaron de calidad mediocre debido a irregularidades en la t\u00e9cnica de estampaci\u00f3n. Ante este fracaso, los colonizadores decidieron ofrecer su producto en \u00c1frica, donde tuvo un \u00e9xito rotundo. La cera se convirti\u00f3 en un elemento esencial de la moda africana, y empresarias como Nanas Benz construyeron imperios a partir de su comercializaci\u00f3n.    <\/span><\/p>\n<p><span style=\"font-weight: 400;\">Hoy en d\u00eda, la cera se produce en diversos lugares, como Holanda, China e India, y las f\u00e1bricas especializadas africanas se enfrentan a la competencia mundial.<\/span><\/p>\n<p><b>\u00bfLa variedad crom\u00e1tica de la moda africana se compone esencialmente de colores vivos?  <\/b><span style=\"font-weight: 400;\">No, la moda africana presenta toda una paleta de colores, reflejo de la diversidad art\u00edstica de los dise\u00f1adores del continente.<\/span><\/p>\n<p>&nbsp;<\/p>\n<\/div>\n<\/div>\n<\/div>\n<p><em>Le recomendamos estas otras p\u00e1ginas:  <\/em><\/p>\n<ul>\n<li><a href=\"https:\/\/africafashiontour.com\/es\/nuestra-guia-de-la-moda-africana\/cuales-son-los-principales-materiales-utilizados-en-la-moda-africana\/\">\u00bfCu\u00e1les son los principales materiales utilizados en la moda africana?<\/a><\/li>\n<li><a href=\"https:\/\/africafashiontour.com\/es\/nuestra-guia-de-la-moda-africana\/que-tejidos-son-los-mas-utilizados-en-la-moda-africana\/\">\u00bfQu\u00e9 tejidos son los m\u00e1s utilizados en la moda africana?<\/a><\/li>\n<li><a href=\"https:\/\/africafashiontour.com\/es\/nuestra-guia-de-la-moda-africana\/cuales-son-los-accesorios-clave-para-un-look-inspirado-en-la-moda-africana\/\">\u00bfCu\u00e1les son los accesorios clave para un look inspirado en la moda africana?<\/a><\/li>\n<li><a href=\"https:\/\/africafashiontour.com\/guide-mode-africaine\/mode-africaine-impact-imprimes-expression-mode\/\">El impacto de los estampados en la expresi\u00f3n de la moda africana<\/a><\/li>\n<li><a href=\"https:\/\/africafashiontour.com\/guide-mode-africaine\/mode-africaine-couleurs-dominent-comment-utiliser\/\">\u00bfQu\u00e9 colores predominan en la moda africana y c\u00f3mo pueden utilizarse en un conjunto?<\/a><\/li>\n<\/ul>\n","protected":false},"excerpt":{"rendered":"<p>\u00bfC\u00f3mo mezclar la moda africana con piezas occidentales para conseguir un look \u00fanico? El arte de fusionar la moda africana con elementos de estilo occidental es un enfoque creativo que ofrece una riqueza inestimable. Este enfoque atrae a quienes desean expresar su identidad cultural sin dejar de estar arraigados en la modernidad. Comprender la esencia [&hellip;]<\/p>\n","protected":false},"author":17,"featured_media":0,"parent":9010,"menu_order":0,"comment_status":"closed","ping_status":"closed","template":"","meta":{"_et_pb_use_builder":"","_et_pb_old_content":"","_et_gb_content_width":"","footnotes":""},"class_list":["post-9075","page","type-page","status-publish","hentry"],"_links":{"self":[{"href":"https:\/\/africafashiontour.com\/es\/wp-json\/wp\/v2\/pages\/9075","targetHints":{"allow":["GET"]}}],"collection":[{"href":"https:\/\/africafashiontour.com\/es\/wp-json\/wp\/v2\/pages"}],"about":[{"href":"https:\/\/africafashiontour.com\/es\/wp-json\/wp\/v2\/types\/page"}],"author":[{"embeddable":true,"href":"https:\/\/africafashiontour.com\/es\/wp-json\/wp\/v2\/users\/17"}],"replies":[{"embeddable":true,"href":"https:\/\/africafashiontour.com\/es\/wp-json\/wp\/v2\/comments?post=9075"}],"version-history":[{"count":0,"href":"https:\/\/africafashiontour.com\/es\/wp-json\/wp\/v2\/pages\/9075\/revisions"}],"up":[{"embeddable":true,"href":"https:\/\/africafashiontour.com\/es\/wp-json\/wp\/v2\/pages\/9010"}],"wp:attachment":[{"href":"https:\/\/africafashiontour.com\/es\/wp-json\/wp\/v2\/media?parent=9075"}],"curies":[{"name":"wp","href":"https:\/\/api.w.org\/{rel}","templated":true}]}}