{"id":9091,"date":"2024-01-09T00:05:57","date_gmt":"2024-01-08T23:05:57","guid":{"rendered":"https:\/\/africafashiontour.com\/nuestra-guia-de-la-moda-africana\/como-ha-resistido-la-moda-africana-el-paso-del-tiempo\/"},"modified":"2024-01-09T00:05:57","modified_gmt":"2024-01-08T23:05:57","slug":"como-ha-resistido-la-moda-africana-el-paso-del-tiempo","status":"publish","type":"page","link":"https:\/\/africafashiontour.com\/es\/nuestra-guia-de-la-moda-africana\/como-ha-resistido-la-moda-africana-el-paso-del-tiempo\/","title":{"rendered":"\u00bfC\u00f3mo ha resistido la moda africana el paso del tiempo?"},"content":{"rendered":"<p>El continente africano, con su <strong>rica cultura<\/strong> y su profunda <strong>historia<\/strong>, ha visto expresada su est\u00e9tica a trav\u00e9s de una moda que trasciende las \u00e9pocas e influye enormemente en la escena internacional. A trav\u00e9s de nuestra exploraci\u00f3n, le invitamos a <a href=\"https:\/\/africafashiontour.com\/es\/nuestra-guia-de-la-moda-africana\/explorar-los-origenes-y-la-influencia-de-la-moda-africana\/\">descubrir<\/a> c\u00f3mo ha evolucionado <a href=\"https:\/\/africafashiontour.com\/es\/\">la moda afric<\/a> ana, desde los vestigios del pasado hasta las innovaciones de hoy. Comenzamos analizando la historia de esta moda contagiosa y su innegable contribuci\u00f3n a escala mundial, antes de ahondar en su metamorfosis a lo largo del tiempo. Se explorar\u00e1n las diferencias estil\u00edsticas entre las regiones africanas, poniendo de relieve la diversidad y la <strong>riqueza sartorial<\/strong> del continente. A continuaci\u00f3n, se destacar\u00e1 la mezcla de tradici\u00f3n y modernidad, revelando una moda africana contempor\u00e1nea que a\u00fana distintas \u00e9pocas. Por \u00faltimo, analizaremos las tendencias actuales y examinaremos el impacto de las influencias externas en esta moda que se reinventa constantemente.     <\/p>\n<p>&nbsp;<\/p>\n<p><img decoding=\"async\" class=\"img-responsive\" src=\"https:\/\/africafashiontour.com\/wp-content\/uploads\/2024\/01\/mode-africaine-comment-traverse-epoques.jpg\" alt=\"\u00bfC\u00f3mo ha resistido la moda africana el paso del tiempo?\"><\/p>\n<h2>La historia de la moda africana y su influencia en la moda internacional<\/h2>\n<p>La huella de la moda africana en el <strong>mundo de la<\/strong> <strong>alta costura<\/strong> es compleja, rica y tenaz. La historia de sus tejidos narra siglos de intercambios culturales, ingenio artesanal y perseverancia creativa. Todo comienza con el uso ancestral de telas como la rafia y el algod\u00f3n, pacientemente tejidas en taparrabos tradicionales y boubous reales. Estas prendas son mucho m\u00e1s que simples galas, est\u00e1n impregnadas de s\u00edmbolos y colores representativos de las distintas comunidades.   <\/p>\n<p>Aprovechando esta reserva<strong>infinita<\/strong> de<strong>inventiva<\/strong>, los dise\u00f1adores africanos han sabido transmitir al resto del mundo un patrimonio visual \u00fanico. El reconocimiento internacional llega en acontecimientos prestigiosos como las Semanas de la Moda, donde la est\u00e9tica africana impone su vocabulario: motivos geom\u00e9tricos hipn\u00f3ticos, explosiones crom\u00e1ticas y tejidos ricos en historia, como el Kente ghan\u00e9s o el Wax holand\u00e9s. <\/p>\n<p>La globalizaci\u00f3n no ha hecho sino intensificar esta presencia africana en los \u00e1mbitos del lujo y el pr\u00eat-\u00e0-porter. Los dise\u00f1adores visionarios, que revisan<a href=\"https:\/\/africafashiontour.com\/es\/nuestra-guia-de-la-moda-africana\/la-historia-de-la-moda-africana-y-su-influencia-en-la-moda-internacional\/\">la historia de la moda africana y su influencia en la moda internacional<\/a> para satisfacer las expectativas contempor\u00e1neas, han captado el inter\u00e9s de los iconos de la moda internacional. Desde Yves Saint Laurent, que se inspira en Marruecos, hasta Jean Paul Gaultier, que toma prestados los c\u00f3digos estructurales del taparrabos Vlisco, \u00c1frica no deja de inspirar con su abundante diversidad cultural, manifestada a trav\u00e9s de sus trajes.  <\/p>\n<p>Esta interacci\u00f3n estil\u00edstica no es una v\u00eda de sentido \u00fanico; tambi\u00e9n plantea un di\u00e1logo fundamental sobre la apropiaci\u00f3n cultural frente a la apreciaci\u00f3n respetuosa. De este modo, la sinergia entre <strong>los dise\u00f1adores africanos<\/strong> y sus hom\u00f3logos internacionales sigue enriqueciendo una historia ya f\u00e9rtil de exploraci\u00f3n mutua, que promete un apasionante final de siglo para la escena mundial de la moda. <\/p>\n<h2>La evoluci\u00f3n de la moda africana a lo largo de los a\u00f1os<\/h2>\n<p><strong>La moda africana<\/strong>, en toda su riqueza y diversidad, cuenta una vibrante historia de identidades y tradiciones en constante evoluci\u00f3n. A lo largo de los siglos, ha seguido el ritmo de la historia social y pol\u00edtica de las naciones que componen este vasto continente. De hecho, las fibras entretejidas de las prendas tradicionales no son s\u00f3lo un pretexto est\u00e9tico; sirven delicadamente de testigo cultural, reflejando el esp\u00edritu de una \u00e9poca.  <\/p>\n<p>En la \u00e9poca de los reinos precoloniales, los ornamentos se utilizaban para significar riqueza, estatus social o pertenencia a un grupo \u00e9tnico concreto. Los <strong>materiales utilizados<\/strong> variaban mucho en funci\u00f3n de los recursos disponibles: cuentas de colores para los zul\u00faes, telas tejidas para los akan e intrincados bordados para los fulani. <\/p>\n<p>El impacto del colonialismo y su influencia en el comercio condujeron a la introducci\u00f3n de nuevos materiales, como los tejidos importados. Parad\u00f3jicamente, este periodo tambi\u00e9n estimul\u00f3 un movimiento de resistencia cultural en el que la moda se convirti\u00f3 en una forma pasiva de resistencia contra la asimilaci\u00f3n forzada. <\/p>\n<p>Despu\u00e9s de la independencia lleg\u00f3 una nueva era de autodeterminaci\u00f3n, y <a href=\"https:\/\/africafashiontour.com\/es\/nuestra-guia-de-la-moda-africana\/la-evolucion-de-la-moda-africana-a-lo-largo-de-los-anos\/\">la evoluci\u00f3n de la moda africana a lo largo de los a\u00f1os<\/a> estall\u00f3 en un caleidoscopio de estilos. Los a\u00f1os 60 y 70 vieron surgir un verdadero orgullo de identidad, encarnado por el movimiento &#8220;lo negro es bello&#8221; y afirmado por iconos como Miriam Makeba, con sus vestidos xhosa tachonados de destellos modernistas. <\/p>\n<p>A medida que nos adentramos en el siglo <sup>XXI<\/sup>, asistimos a otro cap\u00edtulo apasionante, con la llegada de <strong>dise\u00f1adores africanos<\/strong> a la escena internacional, que combinan brillantemente herencias ancestrales con una visi\u00f3n futurista. Las marcas de vanguardia est\u00e1n poniendo patas arriba la industria mundial con una alta costura que combina sin pudor estampados gr\u00e1ficos de cera y atrevidos cortes contempor\u00e1neos. <\/p>\n<p>Toda esta alquimia da vida a una <strong>moda africana transfigurada<\/strong> que no s\u00f3lo conserva sus ra\u00edces tradicionales, sino que se nutre de influencias cosmopolitas para conformar su actual identidad plural.<\/p>\n<h2>Diferentes estilos para diferentes regiones de \u00c1frica<\/h2>\n<p>La diversidad de las culturas africanas se refleja en la forma de vestir de sus gentes. Cada regi\u00f3n del continente, con sus costumbres y su clima particulares, ofrece una antolog\u00eda de estilos distintos que componen el deslumbrante mosaico de la moda africana. \u00c1frica Occidental, por ejemplo, es famosa por sus amplios y coloridos boubous, s\u00edmbolos de elegancia y dignidad; mientras que \u00c1frica Oriental es conocida por sus elocuentes kanga estampados, a menudo blasonados con proverbios locales.  <\/p>\n<p>Entre los <strong>himbas<\/strong> de Namibia, la silueta se adorna con destellos ocres gracias a su uso tradicional de la mantequilla y el ocre rojo, que protege su piel al tiempo que le confiere una fuerte identidad visual. M\u00e1s al norte, en <strong>Etiop\u00eda<\/strong> y Eritrea, la shamma tejida a mano se honra en ocasiones especiales. En el sur de \u00c1frica, no es raro ver los deslumbrantes vestidos <strong>xibelani<\/strong> que llevan las mujeres tsonga. Estas faldas abullonadas, transmitidas de generaci\u00f3n en generaci\u00f3n, se ondean con orgullo en las danzas tradicionales.   <\/p>\n<p>Lejos de ser est\u00e1tico u homog\u00e9neo, este panorama estil\u00edstico es el resultado de infinidad de saberes locales: el meticuloso bordado de Senegal, el complejo tejido del Kente de Ghana o la precisi\u00f3n de los motivos masai de Kenia&#8230; \u00c9stas son s\u00f3lo algunas de las herencias que persisten y se afirman en los escenarios rurales y urbanos. Para profundizar en las <a href=\"https:\/\/africafashiontour.com\/es\/nuestra-guia-de-la-moda-africana\/diferentes-estilos-para-diferentes-regiones-de-africa\/\">diferencias de estilos de una regi\u00f3n africana a otra<\/a>, existen numerosos portales de informaci\u00f3n y recursos dedicados a esta riqueza cultural.  <\/p>\n<h2>Moda africana moderna: cuando tradici\u00f3n y contemporaneidad se dan la mano<\/h2>\n<p>La alianza entre tradici\u00f3n y modernidad resuena con especial profundidad en el mundo de la <a href=\"https:\/\/africafashiontour.com\/es\/nuestra-guia-de-la-moda-africana\/moda-africana-moderna-cuando-tradicion-y-contemporaneidad-se-dan-la-mano\/\">moda africana moderna<\/a>: tradici\u00f3n y contemporaneidad se dan la mano. Los modistos del continente, portadores de un rico patrimonio cultural, consiguen orquestar un di\u00e1logo creativo entre motivos ancestrales y tendencias vanguardistas. Esta hibridez estil\u00edstica da lugar a colecciones en las que los taparrabos tejidos a mano se codean con cortes decididamente de dise\u00f1o.  <\/p>\n<p>Las pasarelas de Lagos, Johannesburgo y Dakar ilustran esta efervescencia creativa; son el escenario de una reinvenci\u00f3n perpetua que impulsa la identidad africana a la vanguardia de la escena internacional. Las camisas de cera siguen siendo atemporales, con l\u00edneas limpias que atraen a un p\u00fablico urbano y conectado, mientras que los vestidos bogoles son generosos en volumen, con un toque minimalista. <\/p>\n<p>Esta <strong>moda africana moderna<\/strong> no se limita al pr\u00eat-\u00e0-porter; tambi\u00e9n se adentra en el segmento m\u00e1s lujoso. Dise\u00f1adores como Alphadi y Deola Sagoe utilizan una meticulosa artesan\u00eda para sublimar tejidos como el kente y el adire, aportando su propia y distintiva contribuci\u00f3n al mundo de la moda de alta gama. <\/p>\n<p>El \u00e9xito de la interacci\u00f3n entre lo antiguo y lo moderno tambi\u00e9n queda patente en el enfoque responsable que adoptan estas viviendas. Conscientes de la importancia del desarrollo sostenible, muchas de ellas optan por materiales ecorresponsables o conf\u00edan en m\u00e9todos de producci\u00f3n que favorecen el trabajo manual y garantizan una remuneraci\u00f3n justa a los artesanos locales. <\/p>\n<p>En resumen, <strong>la moda africana moderna<\/strong> no es una mera moda pasajera o imitaci\u00f3n de las tendencias occidentales, sino que representa una expresi\u00f3n rica y vibrante de un continente en pleno florecimiento art\u00edstico. Una invitaci\u00f3n visual a celebrar el rico patrimonio sartorial de \u00c1frica y, al mismo tiempo, abrazar los cambios contempor\u00e1neos con elegancia y originalidad. <\/p>\n<h2>Descubra las \u00faltimas tendencias de la moda africana<\/h2>\n<p>La moda africana, rica en colores y texturas, se reinventa cada temporada con una creatividad sin l\u00edmites. Los dise\u00f1adores del continente recurren tanto a su herencia milenaria como a su pulso contempor\u00e1neo, ofreciendo colecciones que narran la historia de un \u00c1frica vibrante y moderna. En el bullicio de capitales de la moda como Lagos y Dakar, asistimos a la aparici\u00f3n de piezas en las que el taparrabos de cera se revisita en favor de una est\u00e9tica audaz.  <\/p>\n<p>Esta vitalidad se manifiesta en la reaparici\u00f3n de motivos ancestrales combinados con cortes refinados, en un di\u00e1logo f\u00e9rtil entre las dimensiones del tiempo. Adem\u00e1s, el creciente inter\u00e9s por la ecorresponsabilidad est\u00e1 introduciendo materiales sostenibles, como el algod\u00f3n org\u00e1nico o reciclado, en formas innovadoras. Tambi\u00e9n presentamos :  <\/p>\n<ul>\n<li>A\u00f1adir bordados hechos a mano a la ropa informal;<\/li>\n<li>El uso innovador de la piel te\u00f1ida tradicionalmente para modernizar los accesorios;<\/li>\n<li>Un toque art\u00edstico en batik para vestidos bohemios chic.<\/li>\n<\/ul>\n<p><strong>Los dise\u00f1adores africanos<\/strong> tampoco tienen reparos en coquetear con los c\u00f3digos del lujo para satisfacer las expectativas de una clientela internacional. De este modo, rinden homenaje a su cultura, al tiempo que se inscriben plenamente en una din\u00e1mica global. En este momento propicio en que la moda sirve tambi\u00e9n de embajadora cultural, <a href=\"https:\/\/africafashiontour.com\/es\/nuestra-guia-de-la-moda-africana\/descubra-las-ultimas-tendencias-de-la-moda-africana\/\">descubra las \u00faltimas tendencias de la moda africana<\/a>. Est\u00e1 claro que las distinciones estil\u00edsticas est\u00e1n inundando y transformando el panorama sartorial mundial.   <\/p>\n<h2>Influencias externas en la moda africana: repercusiones y consecuencias<\/h2>\n<p>El encuentro <a href=\"https:\/\/africafashiontour.com\/es\/nuestra-guia-de-la-moda-africana\/influencias-externas-en-la-moda-africana\/\">entre la moda africana y las influencias exteriores<\/a> ha producido una chispeante fertilizaci\u00f3n cultural cruzada que ha remodelado el paisaje de los textiles africanos. <strong>Los dise\u00f1adores del continente<\/strong> han forjado h\u00e1bilmente v\u00ednculos <strong>entre tradiciones ancestrales y modernismo<\/strong>, mezclando en su creatividad aportaciones de distintos horizontes. Desde la preponderancia de los tejidos asi\u00e1ticos, sobre todo chinos, que se abren paso en los mercados locales hasta la adopci\u00f3n de t\u00e9cnicas avanzadas de sastrer\u00eda procedentes de Occidente, esta simbiosis ha dado lugar a una rica alquimia de <strong>texturas<\/strong> y <strong>estampados<\/strong>.  <\/p>\n<p>Dicho esto, esta incorporaci\u00f3n no est\u00e1 exenta de repercusiones. La<strong>afluencia masiva de tejidos baratos<\/strong> procedentes de Asia supone a veces un formidable desaf\u00edo para los artesanos locales, cuyos m\u00e9todos tradicionales son dif\u00edciles de igualar con estos precios competitivos. Adem\u00e1s, algunos observadores temen que se diluyan los significados profundos y simb\u00f3licos que encarnan los tejidos ancestrales cuando se combinan con materiales o <strong>dise\u00f1os no tradicionales<\/strong>.  <\/p>\n<p>A pesar de este panorama desigual, es innegable que la influencia exterior en la moda africana tambi\u00e9n est\u00e1 actuando como catalizador de la innovaci\u00f3n. Los dise\u00f1adores africanos, deseosos <strong>de honrar su patrimonio<\/strong> y responder al mismo tiempo a una demanda globalizada, siguen encantando al mundo con su b\u00fasqueda incesante de un equilibrio armonioso entre el <strong>respeto por el pasado<\/strong> y <strong>un audaz abrazo al futuro<\/strong>.<\/p>\n<p>&nbsp;<\/p>\n<h2>FAQ Clich\u00e9s y estereotipos<\/h2>\n<div class=\"question-container\">\n<div>\n<p><b>\u00bfLa moda africana est\u00e1 reservada al verano?  <\/b><span style=\"font-weight: 400;\">No, la diversidad de creaciones africanas ofrece opciones para cada estaci\u00f3n del a\u00f1o.<\/span><\/p>\n<p><b>\u00bfEs apropiado llevar un sombrero Agbada nigeriano en todas las ocasiones?  <\/b><span style=\"font-weight: 400;\">El elegante y caracter\u00edstico sombrero Agbada nigeriano puede llevarse en una gran variedad de ocasiones, desde bodas hasta actos culturales. Su versatilidad lo convierte en un gran accesorio, pero siempre es buena idea tener en cuenta el nivel de formalidad del evento. <\/span><\/p>\n<p><b>\u00bfHay alguna raz\u00f3n espec\u00edfica para hablar de la moda africana como un todo coherente?  <\/b><span style=\"font-weight: 400;\">Utilizar la &#8220;moda africana&#8221; es una forma pr\u00e1ctica de reunir diferentes creaciones, aunque a\u00fan quedan por explorar los matices.<\/span><\/p>\n<p><b>\u00bfEl tejido de cera es de origen africano?  <\/b><span style=\"font-weight: 400;\">No tenemos una respuesta definitiva a esta pregunta, pero nos gustar\u00eda llevarle de viaje por la fascinante historia de este tejido. Le corresponde a usted formarse su propia opini\u00f3n con conocimiento de causa. Esta pregunta est\u00e1 provocando un interesante debate.    <\/span><span style=\"font-weight: 400;\">La palabra &#8220;wax&#8221; significa &#8220;cera&#8221; en ingl\u00e9s, y sus or\u00edgenes se remontan a la t\u00e9cnica de estampado con cera inspirada en el batik indonesio de Java. Este m\u00e9todo consiste en cubrir el dibujo en negativo con cera, te\u00f1ir la tela con un color y luego aclarar para eliminar la cera.   <\/span><span style=\"font-weight: 400;\">Dos colonizadores, el ingl\u00e9s y el holand\u00e9s, adoptaron esta t\u00e9cnica con el objetivo de conquistar el mercado indonesio del batik de Java produciendo de forma r\u00e1pida y barata en Europa gracias a la industrializaci\u00f3n textil.  <\/span><\/p>\n<p><span style=\"font-weight: 400;\">Cuando se exportaron a Indonesia, los batiks elaborados en Europa se consideraron de mala calidad debido a las irregularidades creadas por la t\u00e9cnica de estampaci\u00f3n. Ante este fracaso, los empresarios coloniales decidieron ofrecer su producto en \u00c1frica, donde tuvo un \u00e9xito rotundo.   <\/span><span style=\"font-weight: 400;\">La cera se ha convertido en un elemento esencial del vestuario africano, y las empresarias africanas, las Nanas Benz, han desarrollado verdaderos imperios comercializando este tejido.  <\/span><span style=\"font-weight: 400;\">Hoy en d\u00eda, la cera se fabrica en Holanda, China e India. Las f\u00e1bricas africanas especializadas en su fabricaci\u00f3n se enfrentan a una feroz competencia exterior. <\/span><\/p>\n<p><b>\u00bfEs justo considerar ex\u00f3tica la moda africana?  <\/b><span style=\"font-weight: 400;\">No, el t\u00e9rmino &#8220;ex\u00f3tico&#8221; ya no es apropiado para describir la moda africana. Ha ganado legitimidad en la escena mundial sin tener que definirse a trav\u00e9s de un prisma occidental y etnoc\u00e9ntrico. <\/span><\/p>\n<\/div>\n<\/div>\n<div>\n<p><em>Le recomendamos estas otras p\u00e1ginas:  <\/em><\/p>\n<ul>\n<li><a href=\"https:\/\/africafashiontour.com\/es\/nuestra-guia-de-la-moda-africana\/como-puede-inspirar-la-moda-africana-su-estilo-personal\/\">\u00bfC\u00f3mo puede inspirar la moda africana su estilo personal?<\/a><\/li>\n<li><a href=\"https:\/\/africafashiontour.com\/guide-mode-africaine\/mode-africaine-place-podiums\/\">\u00bfQu\u00e9 papel desempe\u00f1a la moda africana en las pasarelas de alta costura?<\/a><\/li>\n<\/ul>\n<\/div>\n","protected":false},"excerpt":{"rendered":"<p>El continente africano, con su rica cultura y su profunda historia, ha visto expresada su est\u00e9tica a trav\u00e9s de una moda que trasciende las \u00e9pocas e influye enormemente en la escena internacional. A trav\u00e9s de nuestra exploraci\u00f3n, le invitamos a descubrir c\u00f3mo ha evolucionado la moda afric ana, desde los vestigios del pasado hasta las [&hellip;]<\/p>\n","protected":false},"author":17,"featured_media":0,"parent":9010,"menu_order":0,"comment_status":"closed","ping_status":"closed","template":"","meta":{"_et_pb_use_builder":"","_et_pb_old_content":"","_et_gb_content_width":"","footnotes":""},"class_list":["post-9091","page","type-page","status-publish","hentry"],"_links":{"self":[{"href":"https:\/\/africafashiontour.com\/es\/wp-json\/wp\/v2\/pages\/9091","targetHints":{"allow":["GET"]}}],"collection":[{"href":"https:\/\/africafashiontour.com\/es\/wp-json\/wp\/v2\/pages"}],"about":[{"href":"https:\/\/africafashiontour.com\/es\/wp-json\/wp\/v2\/types\/page"}],"author":[{"embeddable":true,"href":"https:\/\/africafashiontour.com\/es\/wp-json\/wp\/v2\/users\/17"}],"replies":[{"embeddable":true,"href":"https:\/\/africafashiontour.com\/es\/wp-json\/wp\/v2\/comments?post=9091"}],"version-history":[{"count":0,"href":"https:\/\/africafashiontour.com\/es\/wp-json\/wp\/v2\/pages\/9091\/revisions"}],"up":[{"embeddable":true,"href":"https:\/\/africafashiontour.com\/es\/wp-json\/wp\/v2\/pages\/9010"}],"wp:attachment":[{"href":"https:\/\/africafashiontour.com\/es\/wp-json\/wp\/v2\/media?parent=9091"}],"curies":[{"name":"wp","href":"https:\/\/api.w.org\/{rel}","templated":true}]}}