{"id":9129,"date":"2024-01-09T00:14:34","date_gmt":"2024-01-08T23:14:34","guid":{"rendered":"https:\/\/africafashiontour.com\/nuestra-guia-de-la-moda-africana\/que-disenadores-de-alta-costura-se-han-inspirado-en-la-moda-africana\/"},"modified":"2024-01-09T00:14:34","modified_gmt":"2024-01-08T23:14:34","slug":"que-disenadores-de-alta-costura-se-han-inspirado-en-la-moda-africana","status":"publish","type":"page","link":"https:\/\/africafashiontour.com\/es\/nuestra-guia-de-la-moda-africana\/que-disenadores-de-alta-costura-se-han-inspirado-en-la-moda-africana\/","title":{"rendered":"\u00bfQu\u00e9 dise\u00f1adores de alta costura se han inspirado en la moda africana?"},"content":{"rendered":"<p>La expresi\u00f3n art\u00edstica que caracteriza a <strong>la moda afric<\/strong> ana ha atravesado continentes y \u00e9pocas, infundiendo al mundo de la alta costura un dinamismo colorista y una riqueza cultural. Es interesante fijarse en quienes se han inspirado en la moda africana. Para comprender mejor este impacto, es esencial fijarse en los <strong>dise\u00f1adores<\/strong> que se han inspirado en este <strong>tesoro estil\u00edstico<\/strong>. En las primeras l\u00edneas de esta historia, seguiremos los pasos de los <strong>pioneros de<\/strong> la alta costura que se inspiraron en los tejidos, los estampados y las siluetas africanas. El resto de nuestra exploraci\u00f3n se centrar\u00e1 en c\u00f3mo la moda africana est\u00e1 impregnando <a href=\"https:\/\/africafashiontour.com\/guide-mode-africaine\/mode-africaine-place-podiums\/\">las tendencias de la alta costura contempor\u00e1nea<\/a>, una forma de ver c\u00f3mo los tejidos tradicionales y los vibrantes estampados africanos siguen enriqueciendo las colecciones m\u00e1s vanguardistas. Por \u00faltimo, destacaremos las colaboraciones entre <strong>dise\u00f1adores de renombre<\/strong> y <strong>artesanos afric<\/strong>anos, testimonio de la uni\u00f3n creativa y el respeto mutuo entre estos diferentes actores. Este enfoque nos permitir\u00e1 captar todo el <a href=\"https:\/\/africafashiontour.com\/es\/\">alcance<\/a> y la influencia duradera de \u00c1frica en la elitista esfera de la moda internacional.      <\/p>\n<p>&nbsp;<\/p>\n<p><img decoding=\"async\" class=\"img-responsive\" src=\"https:\/\/africafashiontour.com\/wp-content\/uploads\/2024\/01\/mode-africaine-createurs-haute-couture-inspires-afrique.jpg\" alt=\"\u00bfQu\u00e9 dise\u00f1adores de alta costura se han inspirado en la moda africana?\"><\/p>\n<h2>Los pioneros de la alta costura se inspiran en la moda africana<\/h2>\n<p>La moda africana, con sus estampados resplandecientes y sus tejidos ricos en color y textura, siempre ha sido fuente de inspiraci\u00f3n para los grandes dise\u00f1adores. Los pioneros de la alta costura, seducidos por esta <strong>singular est\u00e9tica<\/strong>, incorporaron con audacia elementos de la herencia africana a sus colecciones, fusionando la artesan\u00eda con la elegancia de la alta costura. Entre estos visionarios destaca <strong>Yves Saint Laurent<\/strong>. Su famosa colecci\u00f3n &#8220;Bambara&#8221;, presentada en 1967, fue un vibrante homenaje a \u00c1frica, con trajes inspirados en las m\u00e1scaras y vestidos tradicionales malienses.   <\/p>\n<p>La dise\u00f1adora brit\u00e1nica <strong>Vivienne Westwood<\/strong> tambi\u00e9n es famosa por inspirarse en la diversidad cultural africana para revisitar su ic\u00f3nica est\u00e9tica punk. Sus llamativas piezas, como cors\u00e9s serigrafiados con motivos africanos y faldas drapeadas con cortes t\u00edpicos del bogolan (una t\u00e9cnica de te\u00f1ido maliense), han quedado grabadas en la mente del mundo de la moda. <\/p>\n<p>Este di\u00e1logo entre dos mundos tambi\u00e9n puede apreciarse en las obras de<strong>Azzedine Ala\u00efa<\/strong>, que esculpi\u00f3 el cuerpo femenino con notable precisi\u00f3n al tiempo que incorporaba sutilmente motivos y tejidos africanos como acento chic a sus vestidos atemporales. Marcando un giro definitivo hacia una celebraci\u00f3n globalizada de la moda, estos dise\u00f1adores abrazaron toda la riqueza est\u00e9tica que ofrece el continente africano, enriqueciendo de forma duradera el lenguaje visual de la alta costura. <\/p>\n<h2>La influencia de la moda africana en las tendencias de la alta costura contempor\u00e1nea<\/h2>\n<p>La africanidad se revela en siluetas que emanan de la creatividad sin l\u00edmites de los dise\u00f1adores, llenas de tonos brillantes y patrones din\u00e1micos del continente. La profunda influencia de la moda africana se aprecia en las colecciones contempor\u00e1neas de las casas de alta costura, donde el mestizaje cultural se convierte en una fuente inagotable de inspiraci\u00f3n. Como un soplo de aire fresco para la industria, esta hibridaci\u00f3n art\u00edstica est\u00e1 dando lugar a un renacimiento est\u00e9tico en el que los colores vivos y los estampados geom\u00e9tricos ocupan un lugar de honor.  <\/p>\n<p>Los dise\u00f1adores recurren a esta <strong>herencia<\/strong> para enriquecer su vocabulario visual, al tiempo que rinden homenaje a la riqueza de una tierra con diversos horizontes art\u00edsticos. Los tejidos tradicionales africanos, como la cera, el bogol\u00e1n y el kente, infunden car\u00e1cter y narrativa a las piezas de alta gama, a menudo reinterpretadas para atraer a una clientela exigente. El di\u00e1logo que se establece entre estos tejidos milenarios y los cortes estructurados del mundo del lujo evoca una nueva est\u00e9tica, s\u00edmbolo de una globalizaci\u00f3n respetuosa con las ra\u00edces y las tradiciones.  <\/p>\n<p>No son s\u00f3lo las materias primas las que captan la atenci\u00f3n de las grandes marcas; es tambi\u00e9n el arte del drapeado, practicado por varios pueblos africanos, el que ha influido en muchas colecciones de temporada proponiendo un lenguaje corporal diferente. Los vol\u00famenes se revisan con delicadeza para abrazar las formas o, por el contrario, expresar una libertad relajada. En esta explosi\u00f3n creativa transcontinental, tambi\u00e9n crece la presencia de sofisticados accesorios artesanales -perlas multicolores o joyas de materiales naturales- como acentos de prendas aerodin\u00e1micas.  <\/p>\n<p>Al final, esta exitosa asimilaci\u00f3n no s\u00f3lo ha permitido a dise\u00f1adores de todo el mundo distinguirse por sus enfoques innovadores, sino que tambi\u00e9n ha servido de trampol\u00edn para el reconocimiento internacional del saber hacer africano en el restringido y codiciado mundo de la alta costura.<\/p>\n<h2>Colaboraci\u00f3n entre dise\u00f1adores de alta costura y artesanos africanos<\/h2>\n<p>La alquimia entre los <strong>maestros de la alta costura<\/strong> y los <strong>virtuosos de la artesan\u00eda africana<\/strong> da lugar invariablemente a colecciones que combinan refinamiento y exuberancia. Estas colaboraciones representan mucho m\u00e1s que una fusi\u00f3n de saber hacer; son un di\u00e1logo creativo en el que las t\u00e9cnicas tradicionales africanas, como el tejido, el bordado y el te\u00f1ido, son celebradas y magnificadas por la elegancia innata de las grandes casas de moda. <\/p>\n<p>La <strong>convergencia<\/strong> entre estos dos mundos se extiende tambi\u00e9n a una responsabilidad social compartida, que ofrece a los artesanos del continente africano una valiosa oportunidad de entrar en la escena internacional preservando al mismo tiempo su patrimonio cultural. Los proyectos de colaboraci\u00f3n ayudan a contar historias \u00fanicas tejidas en el coraz\u00f3n de las aldeas, poniendo de relieve habilidades ancestrales a menudo poco conocidas. <\/p>\n<p>Yves Saint Laurent, por ejemplo, se ha inspirado en el esp\u00edritu colorista de los estampados a la cera para algunas de sus l\u00edneas, mientras que Stella McCartney ha incorporado a sus colecciones el delicado trabajo de bordado Shweshwe realizado por grupos de artesanas. Estas iniciativas son un poderoso vector de capacitaci\u00f3n econ\u00f3mica para las comunidades implicadas, y demuestran el impacto positivo que puede tener el lujo cuando est\u00e1 anclado en un planteamiento \u00e9tico razonado. <\/p>\n<p>Estas colaboraciones son tambi\u00e9n indicativas de un cambio progresivo en la industria, donde la responsabilidad medioambiental y el reconocimiento de la artesan\u00eda africana se est\u00e1n convirtiendo en parte integrante del proceso creativo. De este modo, cada prenda resultante de estas colaboraciones se convierte en un embajador cultural, portador orgulloso de la herencia est\u00e9tica de un \u00c1frica plural dentro de un territorio tradicionalmente dominado por los valores occidentales. <\/p>\n<h2><\/h2>\n<div>\n<p><em>Le recomendamos estas otras p\u00e1ginas:  <\/em><\/p>\n<ul>\n<li><a href=\"https:\/\/africafashiontour.com\/guide-mode-africaine\/mode-africaine-representation-defiles-internationaux\/\">\u00bfEst\u00e1 representada la moda africana en los desfiles internacionales?<\/a><\/li>\n<li><a href=\"https:\/\/africafashiontour.com\/es\/nuestra-guia-de-la-moda-africana\/tiene-buena-acogida-la-moda-africana-en-las-pasarelas-de-alta-costura\/\">\u00bfTiene buena acogida la moda africana en las pasarelas de alta costura?<\/a><\/li>\n<li><a href=\"https:\/\/africafashiontour.com\/guide-mode-africaine\/mode-africaine-defis-designers-podiums-haute-couture\/\">\u00bfA qu\u00e9 retos se enfrentan los dise\u00f1adores africanos en la pasarela de la alta costura?<\/a><\/li>\n<li><a href=\"https:\/\/africafashiontour.com\/guide-mode-africaine\/mode-africaine-vetements-phares-podiums-haute-couture\/\">\u00bfQu\u00e9 prendas africanas son las m\u00e1s populares en las pasarelas de alta costura?<\/a><\/li>\n<li><a href=\"https:\/\/africafashiontour.com\/guide-mode-africaine\/mode-africaine-evenements-dedies-haute-couture\/\">\u00bfHay alg\u00fan evento espec\u00edfico dedicado a la moda africana en la alta costura?<\/a><\/li>\n<\/ul>\n<\/div>\n","protected":false},"excerpt":{"rendered":"<p>La expresi\u00f3n art\u00edstica que caracteriza a la moda afric ana ha atravesado continentes y \u00e9pocas, infundiendo al mundo de la alta costura un dinamismo colorista y una riqueza cultural. Es interesante fijarse en quienes se han inspirado en la moda africana. Para comprender mejor este impacto, es esencial fijarse en los dise\u00f1adores que se han [&hellip;]<\/p>\n","protected":false},"author":17,"featured_media":0,"parent":9010,"menu_order":0,"comment_status":"closed","ping_status":"closed","template":"","meta":{"_et_pb_use_builder":"","_et_pb_old_content":"","_et_gb_content_width":"","footnotes":""},"class_list":["post-9129","page","type-page","status-publish","hentry"],"_links":{"self":[{"href":"https:\/\/africafashiontour.com\/es\/wp-json\/wp\/v2\/pages\/9129","targetHints":{"allow":["GET"]}}],"collection":[{"href":"https:\/\/africafashiontour.com\/es\/wp-json\/wp\/v2\/pages"}],"about":[{"href":"https:\/\/africafashiontour.com\/es\/wp-json\/wp\/v2\/types\/page"}],"author":[{"embeddable":true,"href":"https:\/\/africafashiontour.com\/es\/wp-json\/wp\/v2\/users\/17"}],"replies":[{"embeddable":true,"href":"https:\/\/africafashiontour.com\/es\/wp-json\/wp\/v2\/comments?post=9129"}],"version-history":[{"count":0,"href":"https:\/\/africafashiontour.com\/es\/wp-json\/wp\/v2\/pages\/9129\/revisions"}],"up":[{"embeddable":true,"href":"https:\/\/africafashiontour.com\/es\/wp-json\/wp\/v2\/pages\/9010"}],"wp:attachment":[{"href":"https:\/\/africafashiontour.com\/es\/wp-json\/wp\/v2\/media?parent=9129"}],"curies":[{"name":"wp","href":"https:\/\/api.w.org\/{rel}","templated":true}]}}