{"id":9130,"date":"2024-01-09T00:14:42","date_gmt":"2024-01-08T23:14:42","guid":{"rendered":"https:\/\/africafashiontour.com\/nuestra-guia-de-la-moda-africana\/tiene-buena-acogida-la-moda-africana-en-las-pasarelas-de-alta-costura\/"},"modified":"2024-01-09T00:14:42","modified_gmt":"2024-01-08T23:14:42","slug":"tiene-buena-acogida-la-moda-africana-en-las-pasarelas-de-alta-costura","status":"publish","type":"page","link":"https:\/\/africafashiontour.com\/es\/nuestra-guia-de-la-moda-africana\/tiene-buena-acogida-la-moda-africana-en-las-pasarelas-de-alta-costura\/","title":{"rendered":"\u00bfTiene buena acogida la moda africana en las pasarelas de alta costura?"},"content":{"rendered":"<p>El auge de la <strong><a href=\"https:\/\/africafashiontour.com\/es\/\">moda africana<\/a><\/strong> en la escena internacional es innegable. De los colores vivos a los tejidos tradicionales, cada creaci\u00f3n lleva consigo una historia, una cultura y un saber hacer que traspasan las fronteras para llegar a las pasarelas del mundo entero. La moda africana ya no es s\u00f3lo una invitada espor\u00e1dica en las pasarelas: se est\u00e1 convirtiendo en una fuente de influencia para muchos dise\u00f1adores de renombre. La inclusi\u00f3n de estos elementos en las colecciones de los mejores dise\u00f1adores es se\u00f1al de un importante reconocimiento. Es interesante pensar en la integraci\u00f3n de la moda africana en el mundo de la moda.    <\/p>\n<p>Analizaremos la presencia de estos dise\u00f1os ricos y vibrantes en <strong>las pasarelas internacionales<\/strong>, antes de destacar c\u00f3mo algunas de las <strong>principales<\/strong> marcas de moda del mundo se inspiran en este <strong>patrimonio est\u00e9tico<\/strong>. Por \u00faltimo, evaluaremos c\u00f3mo el p\u00fablico y la cr\u00edtica perciben el <a href=\"https:\/\/africafashiontour.com\/guide-mode-africaine\/mode-africaine-place-podiums\/\">lugar de la moda africana en las pasarelas de alta costura<\/a>, lo que significa su impacto en el mundo de la moda. <\/p>\n<p>&nbsp;<\/p>\n<p><img decoding=\"async\" class=\"img-responsive\" src=\"https:\/\/africafashiontour.com\/wp-content\/uploads\/2024\/01\/mode-africaine-recue-podiums-haute-couture.jpg\" alt=\"\u00bfTiene buena acogida la moda africana en las pasarelas de alta costura?\"><\/p>\n<h2>La presencia de la moda africana en las pasarelas internacionales<\/h2>\n<p>La vitalidad y el dinamismo de la moda africana han llegado recientemente a las pasarelas internacionales, trayendo consigo un viento de innovaci\u00f3n y renovaci\u00f3n. <strong>Las Semanas de la Moda<\/strong> de todo el mundo se engalanan ahora con los vivos colores, los atrevidos estampados \u00e9tnicos y los lujosos tejidos artesanales que caracterizan este arte de vestir enraizado en una cultura rica y ancestral. Cabe preguntarse c\u00f3mo se est\u00e1 integrando la moda africana fuera del continente.  <\/p>\n<p>El esp\u00edritu creativo que anima a los dise\u00f1adores africanos resuena en un p\u00fablico internacional \u00e1vido de autenticidad y frescura. Las pasarelas se convirtieron en el escenario de una armoniosa mezcla de tradiciones ancestrales africanas y vanguardia del mundo moderno. Dise\u00f1adores como <strong>Alphadi<\/strong> y <strong>Ozwald Boateng<\/strong> han asombrado al p\u00fablico con colecciones que rinden homenaje a la herencia africana al tiempo que subliman la elegancia contempor\u00e1nea.  <\/p>\n<p><strong>Par\u00eds, Mil\u00e1n y Nueva York<\/strong>, ciudades emblem\u00e1ticas de la alta costura, atraen ahora regularmente a estos talentos de \u00c1frica, prueba de que su trabajo encaja perfectamente en este prestigioso medio. La cera africana se codea con las sedas europeas, y cuando las modelos vestidas de Kente o Aso Oke recorren las pasarelas ante la mirada fascinada de los amantes de la moda, todo un continente demuestra su creciente influencia en este selecto mundo. <\/p>\n<p>Ya no es una mera presencia: las siluetas caracter\u00edsticas de los trajes tradicionales, reinterpretadas con garbo, despiertan la curiosidad de los espectadores por descubrir m\u00e1s sobre estos cautivadores tejidos cargados de historia. La moda africana no s\u00f3lo desfila por las pasarelas; baila y celebra su identidad, encarnando con orgullo el esp\u00edritu innovador y cosmopolita que caracteriza al mundo contempor\u00e1neo. <\/p>\n<h2>Influencia e integraci\u00f3n de la moda africana en las grandes marcas de moda<\/h2>\n<p>El mete\u00f3rico ascenso de la moda africana ya no pasa desapercibido en la escena internacional, hasta el punto de que las casas de alta costura no dudan en inspirarse en ella. Sus colecciones presentan hoy una imparable alquimia de modernidad y tradici\u00f3n, reflejo de un creciente enamoramiento del rico patrimonio textil africano y de sus exuberantes estampados. As\u00ed pues, la integraci\u00f3n de estos elementos est\u00e9ticos no es un fen\u00f3meno pasajero, sino que refleja una profunda evoluci\u00f3n de los c\u00f3digos del lujo. \u00bfY c\u00f3mo integrar con \u00e9xito la moda africana en la escena internacional?   <\/p>\n<p>Tomemos, por ejemplo, las <strong>siluetas dise\u00f1adas por<\/strong> marcas ic\u00f3nicas que desfilan por pasarelas salpicadas de destellos de cera, o los tejidos de bogol que envuelven formas contempor\u00e1neas. Estas <strong>audaces reinterpretaciones<\/strong> rompen las fronteras creativas, dando lugar a piezas que combinan armoniosamente el estilo coup\u00e9-d\u00e9cal\u00e9 africano con la elegancia tradicional occidental. <\/p>\n<p>Por notable que sea, esta colaboraci\u00f3n transcontinental va m\u00e1s all\u00e1 de la mera apropiaci\u00f3n est\u00e9tica; tiene una dimensi\u00f3n colaborativa y \u00e9tica. Los propios <strong>dise\u00f1adores africanos<\/strong> se honran en el candelero de Par\u00eds, Mil\u00e1n y Nueva York colaborando activamente con estos venerables templos de la moda. Del mismo modo, varias grandes casas de moda participan en un movimiento virtuoso apoyando la aparici\u00f3n de talleres locales mediante colaboraciones directas. De este modo, aportan <strong>un valor a\u00f1adido tangible<\/strong> a las comunidades artesanales al tiempo que preservan su patrimonio cultural inmemorial.   <\/p>\n<p>Como resultado, es innegable que la moda africana est\u00e1 enriqueciendo profundamente el mundo de la alta costura con su autenticidad y su visi\u00f3n innovadora. El inter\u00e9s que despierta entre los dise\u00f1adores de renombre y sus clientes ilustra a la perfecci\u00f3n este f\u00e9rtil di\u00e1logo entre tradici\u00f3n milenaria e innovaci\u00f3n vanguardista. <\/p>\n<h2>Recepci\u00f3n y percepci\u00f3n de la moda africana por el p\u00fablico y los cr\u00edticos de moda<\/h2>\n<p>La integraci\u00f3n de la moda africana en el mundo del lujo y las pasarelas no ha pasado desapercibida. Acogida con creciente inter\u00e9s, su acogida por el p\u00fablico mundial y las <strong>cr\u00edticas favorables<\/strong> ofrecen una visi\u00f3n fascinante de la evoluci\u00f3n de las tendencias. Al tiempo que preserva su esencia aut\u00e9ntica, consigue infundir el esp\u00edritu contempor\u00e1neo de la alta costura con sus exuberantes estampados y paletas de colores. Las creaciones africanas ofrecen una rica narrativa que se traduce en una fuerte expresi\u00f3n de identidad.   <\/p>\n<p>Lejos de limitarse a los accesorios ex\u00f3ticos o a los clich\u00e9s simplistas de un folclore inmutable, los dise\u00f1adores africanos se imponen gracias a una <strong>fusi\u00f3n h\u00e1bilmente orquestada de<\/strong> tradici\u00f3n e innovaci\u00f3n estil\u00edstica. Y as\u00ed es como podemos ver la integraci\u00f3n de la moda africana en el Cet \u00e9quilibre seduciendo a los entusiastas de la moda que buscan originalidad e historias en sus atuendos. El apetito por estas piezas \u00fanicas se hace patente en los desfiles, donde cada aparici\u00f3n de una silueta impregnada de este rico patrimonio cultural es recibida con aplausos enfervorizados.  <\/p>\n<p>Muchos cr\u00edticos de moda tambi\u00e9n se han contagiado de esta moda, viendo en estos dise\u00f1os un potencial vector de influencia que podr\u00eda remodelar el futuro del pr\u00eat-\u00e0-porter de alta gama. Las p\u00e1ginas satinadas de las revistas especializadas se deshacen en elogios hacia el trabajo de los dise\u00f1adores africanos, que inyectan frescura y dinamismo a los c\u00e1nones est\u00e9ticos, a veces r\u00edgidos, de la alta costura. El di\u00e1logo est\u00e1 abierto para facilitar la integraci\u00f3n de la moda africana en las pasarelas de todo el mundo.  <\/p>\n<p>Este movimiento tambi\u00e9n est\u00e1 provocando un di\u00e1logo esencial sobre la <strong>representatividad y la diversidad<\/strong> dentro de la propia industria. La resonancia cultural que aporta la moda africana est\u00e1 estimulando una reflexi\u00f3n m\u00e1s amplia sobre la inclusividad y las perspectivas que se esfuerza por ampliar. M\u00e1s que nunca, esta colorida irrupci\u00f3n va m\u00e1s all\u00e1 del textil para forjar v\u00ednculos profundos con sus espectadores, encarnando mucho m\u00e1s que una tendencia, sino una mutaci\u00f3n simb\u00f3lica en el alma misma de la industria internacional de la confecci\u00f3n.  <\/p>\n<div>\n<h2>FAQ Clich\u00e9s y estereotipos<\/h2>\n<div class=\"question-container\"><\/div>\n<div class=\"question-container\">\n<div class=\"answer\"><strong>\u00bfSe limita la moda africana a una temporada concreta?<\/strong><br \/>\nPor supuesto que no. Los dise\u00f1adores de moda africanos, guiados por un saber hacer excepcional, crean colecciones que trascienden las estaciones. De la ligereza de los tejidos para el verano a la elegancia de las piezas m\u00e1s c\u00e1lidas para el invierno, la moda africana se adapta a todos los climas.  <\/div>\n<\/div>\n<p><strong>\u00bfExisten contextos espec\u00edficos en los que el singular sea m\u00e1s apropiado para describir la moda africana?<\/strong><br \/>\nEl uso de &#8220;moda africana&#8221; simplifica la conversaci\u00f3n, pero merece la pena profundizar en la riqueza de influencias.<\/p>\n<div class=\"question-container\">\n<div class=\"answer\">\n<p><strong>\u00bfSe empez\u00f3 a fabricar cera en \u00c1frica?  <\/strong>La respuesta a esta pregunta sigue sin estar definida, pero le animamos a adentrarse en la cautivadora historia de la cera. Es una pregunta que suscita vivos debates y requiere un conocimiento profundo. El t\u00e9rmino &#8220;cera&#8221; tiene su origen en la t\u00e9cnica de impresi\u00f3n con cera inspirada en el batik javan\u00e9s de Indonesia. Este m\u00e9todo consiste en cubrir el motivo negativo con cera, te\u00f1ir la tela con un color y luego aclarar para eliminar la cera. Los colonizadores ingleses y holandeses adoptaron esta t\u00e9cnica para conquistar el mercado indonesio del batik javan\u00e9s, produci\u00e9ndolo r\u00e1pidamente y a bajo coste en Europa gracias a la industrializaci\u00f3n textil.    <\/p>\n<p>Cuando los batiks europeos se exportaban a Indonesia, se consideraban de calidad mediocre debido a irregularidades en la t\u00e9cnica de estampaci\u00f3n. Ante este fracaso, los colonizadores decidieron ofrecer su producto en \u00c1frica, donde tuvo un \u00e9xito rotundo. La cera se convirti\u00f3 en un elemento esencial de la moda africana, y empresarias como Nanas Benz construyeron imperios a partir de su comercializaci\u00f3n. Hoy en d\u00eda, la cera se produce en diversos lugares, como Holanda, China e India, y las f\u00e1bricas africanas especializadas se enfrentan a la competencia mundial.   <\/p>\n<\/div>\n<\/div>\n<\/div>\n<p><strong>\u00bfCree que la moda africana puede calificarse de ex\u00f3tica?<\/strong><br \/>\nNo, el t\u00e9rmino &#8220;ex\u00f3tico&#8221; no hace justicia a la diversidad y sofisticaci\u00f3n de la moda africana, que trasciende los t\u00f3picos anticuados.<\/p>\n<p><em>Le recomendamos estas otras p\u00e1ginas:  <\/em><\/p>\n<ul>\n<li><a href=\"https:\/\/africafashiontour.com\/guide-mode-africaine\/mode-africaine-representation-defiles-internationaux\/\">\u00bfEst\u00e1 representada la moda africana en los desfiles internacionales?<\/a><\/li>\n<li><a href=\"https:\/\/africafashiontour.com\/es\/nuestra-guia-de-la-moda-africana\/que-disenadores-de-alta-costura-se-han-inspirado-en-la-moda-africana\/\">\u00bfQu\u00e9 dise\u00f1adores de alta costura se han inspirado en la moda africana?<\/a><\/li>\n<li><a href=\"https:\/\/africafashiontour.com\/guide-mode-africaine\/mode-africaine-defis-designers-podiums-haute-couture\/\">\u00bfA qu\u00e9 retos se enfrentan los dise\u00f1adores africanos en la pasarela de la alta costura?<\/a><\/li>\n<li><a href=\"https:\/\/africafashiontour.com\/guide-mode-africaine\/mode-africaine-vetements-phares-podiums-haute-couture\/\">\u00bfQu\u00e9 prendas africanas son las m\u00e1s populares en las pasarelas de alta costura?<\/a><\/li>\n<li><a href=\"https:\/\/africafashiontour.com\/guide-mode-africaine\/mode-africaine-evenements-dedies-haute-couture\/\">\u00bfHay alg\u00fan evento espec\u00edfico dedicado a la moda africana en la alta costura?<\/a><\/li>\n<\/ul>\n","protected":false},"excerpt":{"rendered":"<p>El auge de la moda africana en la escena internacional es innegable. De los colores vivos a los tejidos tradicionales, cada creaci\u00f3n lleva consigo una historia, una cultura y un saber hacer que traspasan las fronteras para llegar a las pasarelas del mundo entero. La moda africana ya no es s\u00f3lo una invitada espor\u00e1dica en [&hellip;]<\/p>\n","protected":false},"author":17,"featured_media":0,"parent":9010,"menu_order":0,"comment_status":"closed","ping_status":"closed","template":"","meta":{"_et_pb_use_builder":"","_et_pb_old_content":"","_et_gb_content_width":"","footnotes":""},"class_list":["post-9130","page","type-page","status-publish","hentry"],"_links":{"self":[{"href":"https:\/\/africafashiontour.com\/es\/wp-json\/wp\/v2\/pages\/9130","targetHints":{"allow":["GET"]}}],"collection":[{"href":"https:\/\/africafashiontour.com\/es\/wp-json\/wp\/v2\/pages"}],"about":[{"href":"https:\/\/africafashiontour.com\/es\/wp-json\/wp\/v2\/types\/page"}],"author":[{"embeddable":true,"href":"https:\/\/africafashiontour.com\/es\/wp-json\/wp\/v2\/users\/17"}],"replies":[{"embeddable":true,"href":"https:\/\/africafashiontour.com\/es\/wp-json\/wp\/v2\/comments?post=9130"}],"version-history":[{"count":0,"href":"https:\/\/africafashiontour.com\/es\/wp-json\/wp\/v2\/pages\/9130\/revisions"}],"up":[{"embeddable":true,"href":"https:\/\/africafashiontour.com\/es\/wp-json\/wp\/v2\/pages\/9010"}],"wp:attachment":[{"href":"https:\/\/africafashiontour.com\/es\/wp-json\/wp\/v2\/media?parent=9130"}],"curies":[{"name":"wp","href":"https:\/\/api.w.org\/{rel}","templated":true}]}}