{"id":9141,"date":"2024-01-09T00:14:25","date_gmt":"2024-01-08T23:14:25","guid":{"rendered":"https:\/\/africafashiontour.com\/nuestra-guia-de-la-moda-africana\/esta-representada-la-moda-africana-en-los-desfiles-internacionales\/"},"modified":"2024-01-09T00:14:25","modified_gmt":"2024-01-08T23:14:25","slug":"esta-representada-la-moda-africana-en-los-desfiles-internacionales","status":"publish","type":"page","link":"https:\/\/africafashiontour.com\/es\/nuestra-guia-de-la-moda-africana\/esta-representada-la-moda-africana-en-los-desfiles-internacionales\/","title":{"rendered":"\u00bfEst\u00e1 representada la moda africana en los desfiles internacionales?"},"content":{"rendered":"<p>La influencia de la <strong>moda afric<\/strong> ana trasciende ahora las fronteras del continente para ocupar su lugar en las pasarelas internacionales. Veh\u00edculo de riqueza cultural y saber hacer artesanal, la <a href=\"https:\/\/africafashiontour.com\/es\/\">moda africana<\/a> despierta curiosidad y admiraci\u00f3n en la <strong>escena mundial<\/strong>. En este esp\u00edritu de reconocimiento, examinaremos la presencia real de la moda africana en estos <strong>grandes acontecimientos<\/strong>, y c\u00f3mo los dise\u00f1adores africanos est\u00e1n influyendo en la moda mundial al tiempo que dejan su huella indeleble en las pasarelas de alta costura. Responderemos a la pregunta: \u00bfest\u00e1 representada la moda africana en las pasarelas internacionales?   <\/p>\n<p>Por \u00faltimo, se explorar\u00e1n los retos persistentes y las perspectivas de futuro de la integraci\u00f3n de esta polifac\u00e9tica industria de <a href=\"https:\/\/africafashiontour.com\/guide-mode-africaine\/mode-africaine-place-podiums\/\">la moda<\/a>, con el fin de captar su potencial y sus limitaciones en el actual contexto de globalizaci\u00f3n. <\/p>\n<p>&nbsp;<\/p>\n<p><img decoding=\"async\" class=\"img-responsive\" src=\"https:\/\/africafashiontour.com\/wp-content\/uploads\/2024\/01\/mode-africaine-representation-defiles-internationaux.jpg\" alt=\"\u00bfEst\u00e1 representada la moda africana en los desfiles internacionales?\"><\/p>\n<h2>La presencia de la moda africana en las pasarelas internacionales: balance de la situaci\u00f3n actual<\/h2>\n<p>Adornada con sus mejores galas y rebosante de originalidad, la moda africana se ha abierto paso con audacia en las pasarelas internacionales. Si se tiene en cuenta la amplitud del patrimonio cultural africano, es l\u00f3gico que su monumental b\u00fafalo, emblema por metonimia de una creatividad sin l\u00edmites, irrumpa en la sabana dorada de la alta costura. En las \u00faltimas temporadas se ha producido un avance significativo: los tejidos con estampados evocadores se hacen eco del clamor ancestral de los bazins ricamente te\u00f1idos y los kentes estrechamente tejidos, que ahora se exhiben a un p\u00fablico internacional \u00e1vido de lo ex\u00f3tico, pero sobre todo de autenticidad.  <\/p>\n<p><strong>Las semanas de la moda<\/strong> de Par\u00eds a Mil\u00e1n, pasando por Nueva York y Londres, han acogido con entusiasmo los innovadores drapeados y las esculturales siluetas inspiradas en un \u00c1frica tan cosmopolita como arraigada en sus tradiciones. Las colecciones insuflan nueva vida a la cera moderna y a la simplicidad estructural del bogol\u00e1n tradicional. Mientras que en el pasado el peso de la historia parec\u00eda obstaculizar el movimiento desenfrenado del pr\u00eat-\u00e0-porter internacional hacia este continente rebosante de nuevas ideas, hoy, dise\u00f1adores africanos como Alphadi e Imane Ayissi insuflan con fuerza el esp\u00edritu majestuoso de una tierra rica en el coraz\u00f3n palpitante de las capitales de la moda.  <\/p>\n<p>Sin embargo, es importante mirar m\u00e1s all\u00e1 de lo pintoresco, que demasiado a menudo se asocia con el &#8220;toque africano&#8221;, para captar todo su potencial art\u00edstico: estas creaciones no se limitan a accesorios o galas festivas. Cada vez que aparecen en pasarelas salpicadas de destellos multiculturales -gracias, en parte, a batallas de estilo como &#8220;African Fashion Up&#8221;- recuerdan al mundo la importancia de una industria en auge que reclama el lugar que le corresponde en los salones sagrados del dise\u00f1o mundial. <\/p>\n<p>A pesar de esta evoluci\u00f3n favorable, que comenz\u00f3 como una chispa bajo los t\u00edmidos balbuceos de los a\u00f1os anteriores, persiste una pregunta palpable: \u00bfes suficiente ante la vertiginosa escala que representa este universo de prendas? Es innegable que la mayor presencia en <strong>las pasarelas<\/strong> est\u00e1 dando a la moda africana un cierto reconocimiento; lo que queda es consolidar esta presencia para transformar lo que a\u00fan puede parecer un exotismo selectivo en una norma perenne y respetada. <\/p>\n<h2>Influencia y contribuci\u00f3n de los dise\u00f1adores africanos en la escena internacional<\/h2>\n<p>En el flamante caleidoscopio de la moda internacional, los dise\u00f1adores africanos tejen poco a poco su red, causando un impacto que trasciende las fronteras continentales. El lenguaje universal de la moda se est\u00e1 convirtiendo en el meg\u00e1fono de una identidad ricamente bordada con antiguas tradiciones y audaces innovaciones. De Addis Abeba a Lagos, pasando por Johannesburgo, los dise\u00f1adores de la cuna de la humanidad impregnan sus colecciones de una esencia que mezcla sutilmente herencia cultural y modernidad, cautivando las pasarelas de todo el mundo.  <\/p>\n<p>Esta combinaci\u00f3n sin precedentes de <strong>saber hacer ancestral<\/strong> y visi\u00f3n vanguardista da vida a obras textiles de espl\u00e9ndida originalidad, propulsando a los dise\u00f1adores africanos a la primera l\u00ednea de <strong>prestigiosos escenarios<\/strong> como <strong>las Semanas de la Moda de<\/strong> Par\u00eds y Mil\u00e1n. Personalidades como Thebe Magugu y Alphadi no s\u00f3lo han recibido elogios por su excepcional creatividad, sino que tambi\u00e9n han sido coronados con premios internacionales, s\u00edmbolo de un importante reconocimiento por parte de la industria mundial. <\/p>\n<p>La influencia tambi\u00e9n se aprecia en el creciente apetito por piezas con los potentes estampados gr\u00e1ficos y la viva gama de colores t\u00edpicos de ciertas regiones de \u00c1frica. Los estampados de cera y bogolan son ya parte integrante de las tendencias veraniegas en varias capitales europeas, se\u00f1al inequ\u00edvoca de su impacto fuera de sus tierras de origen. <\/p>\n<p>Tambi\u00e9n merece la pena destacar el impulso innovador de estos <strong>artesanos de la<\/strong> belleza: est\u00e1n reconfigurando brillantemente las percepciones al tiempo que promueven <strong>la sostenibilidad<\/strong> y la <strong>responsabilidad social<\/strong> en la moda. De hecho, muchas de estas casas se basan en una cadena de suministro \u00e9tica, al tiempo que revitalizan la econom\u00eda local mediante una producci\u00f3n artesanal que respeta los conocimientos tradicionales. <\/p>\n<p>As\u00ed pues, los dise\u00f1adores africanos est\u00e1n haciendo mucho m\u00e1s que <strong>diversificar sus estilos<\/strong>: est\u00e1n infundiendo a la escena mundial un mensaje vibrante inspirado en un <strong>\u00c1frica plural<\/strong> e innovadora. Estos talentos confirman que la moda africana no s\u00f3lo est\u00e1 arraigada en su tierra, sino que abraza el mundo con la cabeza majestuosamente levantada. <\/p>\n<h2>\u00bfDesaf\u00edos y perspectivas de la representaci\u00f3n de la moda africana en las pasarelas internacionales?<\/h2>\n<p>La integraci\u00f3n de <strong>la moda africana<\/strong> en las prestigiosas pasarelas internacionales plantea retos tan estimulantes como significativos. Parad\u00f3jicamente, es precisamente esta riqueza cultural la que a veces puede chocar con las ideas preconcebidas y la uniformidad de las normas est\u00e9ticas dominantes. Sin embargo, con una sed insaciable de reconocimiento y nuevos horizontes, los <strong>dise\u00f1adores<\/strong> y artesanos de todo el continente se esfuerzan por revolucionar el tejido mundial de la alta costura.  <\/p>\n<p>En el plano econ\u00f3mico, la financiaci\u00f3n sigue siendo un obst\u00e1culo formidable; los dise\u00f1adores tienen que competir con ingenio para acceder a recursos financieros suficientes para exponer sus obras allende los mares. Adem\u00e1s, aunque<strong>la artesan\u00eda local<\/strong> es una base esencial para la creaci\u00f3n de piezas aut\u00e9nticas, su producci\u00f3n en serie es dif\u00edcil de adaptar a las vertiginosas exigencias del mundo de la moda internacional. <\/p>\n<p>Sin embargo, se vislumbra un punto de inflexi\u00f3n: conscientes del potencial sin precedentes que encierran, algunas de las casas de moda del mundo est\u00e1n empezando a sumergirse sutilmente en el dinamismo de \u00c1frica. <strong>Las colaboraciones<\/strong> entre marcas consolidadas y dise\u00f1adores emergentes anuncian una nueva era en la que el mestizaje estil\u00edstico y la innovaci\u00f3n podr\u00edan dar forma a las pasarelas del futuro. En el coraz\u00f3n de esta sinergia potencial reside una oportunidad considerable para la moda africana: enriquecer el vocabulario visual internacional preservando al mismo tiempo sus profundas ra\u00edces y su identidad espec\u00edfica.  <\/p>\n<p>Por \u00faltimo, no hay que olvidar la creciente influencia de <strong>las redes sociales<\/strong>, que ahora act\u00faan como caja de resonancia de estos talentos a menudo poco conocidos. Las im\u00e1genes compartidas instant\u00e1neamente en todo el mundo contribuyen a sensibilizar a la opini\u00f3n p\u00fablica, lo que podr\u00eda allanar el camino para una mayor presencia en los grandes acontecimientos de la moda. De este modo, el sue\u00f1o de una <strong>industria textil<\/strong> africana sentada con orgullo a la mesa de la influencia mundial va tomando forma.  <\/p>\n<div>\n<h2>FAQ Clich\u00e9s y estereotipos<\/h2>\n<div class=\"question-container\">\n<div class=\"answer\">\n<p><strong>\u00bfSe pueden llevar dise\u00f1os africanos todo el a\u00f1o?<\/strong><br \/>\nLa moda africana trasciende las estaciones.<\/p>\n<p><strong>\u00bfSe pueden llevar las pulseras maasai en todas las ocasiones?<\/strong><br \/>\nLos brazaletes masai pueden llevarse con orgullo en ocasiones festivas, pero es aconsejable hacerlo con un conocimiento profundo de su significado cultural. Respetar el significado de estas pulseras es esencial para una apropiaci\u00f3n respetuosa. <\/p>\n<p><strong>\u00bfC\u00f3mo se percibe el singular al describir la rica variedad de estilos africanos?<\/strong><br \/>\nPuede referirse a colecciones influidas por \u00c1frica, independientemente del origen geogr\u00e1fico de los dise\u00f1adores.<\/p>\n<p><strong>\u00bfTiene el concepto de cera sus ra\u00edces en la tradici\u00f3n africana?<\/strong><br \/>\nLa respuesta a esta pregunta est\u00e1 por ver, pero le invitamos a sumergirse en la cautivadora historia de la cera. Es una pregunta que alimenta animados debates y requiere una comprensi\u00f3n profunda. El t\u00e9rmino &#8220;cera&#8221; tiene su origen en la t\u00e9cnica de impresi\u00f3n con cera inspirada en el batik javan\u00e9s de Indonesia. Este m\u00e9todo consiste en cubrir el dibujo en negativo con cera, te\u00f1ir la tela con un color y luego aclarar para eliminar la cera. Los colonizadores ingleses y holandeses adoptaron esta t\u00e9cnica para conquistar el mercado indonesio del batik javan\u00e9s, produci\u00e9ndolo r\u00e1pidamente y a bajo coste en Europa gracias a la industrializaci\u00f3n textil.    <\/p>\n<p>Cuando los batiks europeos se exportaban a Indonesia, se consideraban de calidad mediocre debido a irregularidades en la t\u00e9cnica de estampaci\u00f3n. Ante este fracaso, los colonizadores decidieron ofrecer su producto en \u00c1frica, donde tuvo un \u00e9xito rotundo. La cera se convirti\u00f3 en un elemento esencial de la moda africana, y empresarias como Nanas Benz construyeron imperios a partir de su comercializaci\u00f3n. Hoy en d\u00eda, la cera se produce en diversos lugares, como Holanda, China e India, y las f\u00e1bricas africanas especializadas se enfrentan a la competencia mundial.   <\/p>\n<p><strong>\u00bfSe expresa la moda africana principalmente a trav\u00e9s de colores vivos?<\/strong><br \/>\nEn absoluto, la moda africana abarca una variedad de tonos vibrantes, reflejo de la riqueza cultural y art\u00edstica de sus dise\u00f1adores.<\/p>\n<p>&nbsp;<\/p>\n<\/div>\n<\/div>\n<\/div>\n<p><em>Le recomendamos estas otras p\u00e1ginas:  <\/em><\/p>\n<ul>\n<li><a href=\"https:\/\/africafashiontour.com\/es\/nuestra-guia-de-la-moda-africana\/que-disenadores-de-alta-costura-se-han-inspirado-en-la-moda-africana\/\">\u00bfQu\u00e9 dise\u00f1adores de alta costura se han inspirado en la moda africana?<\/a><\/li>\n<li><a href=\"https:\/\/africafashiontour.com\/es\/nuestra-guia-de-la-moda-africana\/tiene-buena-acogida-la-moda-africana-en-las-pasarelas-de-alta-costura\/\">\u00bfTiene buena acogida la moda africana en las pasarelas de alta costura?<\/a><\/li>\n<li><a href=\"https:\/\/africafashiontour.com\/guide-mode-africaine\/mode-africaine-defis-designers-podiums-haute-couture\/\">\u00bfA qu\u00e9 retos se enfrentan los dise\u00f1adores africanos en la pasarela de la alta costura?<\/a><\/li>\n<li><a href=\"https:\/\/africafashiontour.com\/guide-mode-africaine\/mode-africaine-vetements-phares-podiums-haute-couture\/\">\u00bfQu\u00e9 prendas africanas son las m\u00e1s populares en las pasarelas de alta costura?<\/a><\/li>\n<li><a href=\"https:\/\/africafashiontour.com\/guide-mode-africaine\/mode-africaine-evenements-dedies-haute-couture\/\">\u00bfHay alg\u00fan evento espec\u00edfico dedicado a la moda africana en la alta costura?<\/a><\/li>\n<\/ul>\n","protected":false},"excerpt":{"rendered":"<p>La influencia de la moda afric ana trasciende ahora las fronteras del continente para ocupar su lugar en las pasarelas internacionales. Veh\u00edculo de riqueza cultural y saber hacer artesanal, la moda africana despierta curiosidad y admiraci\u00f3n en la escena mundial. En este esp\u00edritu de reconocimiento, examinaremos la presencia real de la moda africana en estos [&hellip;]<\/p>\n","protected":false},"author":17,"featured_media":0,"parent":9010,"menu_order":0,"comment_status":"closed","ping_status":"closed","template":"","meta":{"_et_pb_use_builder":"","_et_pb_old_content":"","_et_gb_content_width":"","footnotes":""},"class_list":["post-9141","page","type-page","status-publish","hentry"],"_links":{"self":[{"href":"https:\/\/africafashiontour.com\/es\/wp-json\/wp\/v2\/pages\/9141","targetHints":{"allow":["GET"]}}],"collection":[{"href":"https:\/\/africafashiontour.com\/es\/wp-json\/wp\/v2\/pages"}],"about":[{"href":"https:\/\/africafashiontour.com\/es\/wp-json\/wp\/v2\/types\/page"}],"author":[{"embeddable":true,"href":"https:\/\/africafashiontour.com\/es\/wp-json\/wp\/v2\/users\/17"}],"replies":[{"embeddable":true,"href":"https:\/\/africafashiontour.com\/es\/wp-json\/wp\/v2\/comments?post=9141"}],"version-history":[{"count":0,"href":"https:\/\/africafashiontour.com\/es\/wp-json\/wp\/v2\/pages\/9141\/revisions"}],"up":[{"embeddable":true,"href":"https:\/\/africafashiontour.com\/es\/wp-json\/wp\/v2\/pages\/9010"}],"wp:attachment":[{"href":"https:\/\/africafashiontour.com\/es\/wp-json\/wp\/v2\/media?parent=9141"}],"curies":[{"name":"wp","href":"https:\/\/api.w.org\/{rel}","templated":true}]}}