{"id":9165,"date":"2024-09-24T11:34:55","date_gmt":"2024-09-24T09:34:55","guid":{"rendered":"https:\/\/africafashiontour.com\/vestidos-de-moda-africanos-de-la-tradicion-a-las-tendencias-contemporaneas\/"},"modified":"2025-11-18T14:47:54","modified_gmt":"2025-11-18T13:47:54","slug":"vestidos-de-moda-africanos-de-la-tradicion-a-las-tendencias-contemporaneas","status":"publish","type":"page","link":"https:\/\/africafashiontour.com\/es\/vestidos-de-moda-africanos-de-la-tradicion-a-las-tendencias-contemporaneas\/","title":{"rendered":"Vestidos de moda africanos: de la tradici\u00f3n a las tendencias contempor\u00e1neas"},"content":{"rendered":"<p><span style=\"font-weight: 400;\">El mundo de la moda evoluciona constantemente, y en los \u00faltimos a\u00f1os, <\/span><b>la moda africana se ha hecho un hueco en la escena internacional.<\/b><span style=\"font-weight: 400;\">.. Con sus tejidos vibrantes y estampados \u00fanicos, se ha convertido en un poderoso s\u00edmbolo de diversidad e identidad cultural. Esta moda, sobre todo por una pieza ic\u00f3nica   <\/span><b>&#8220;el vestido  <\/b><span style=\"font-weight: 400;\">Africa Fashion Tour est\u00e1 impulsado por personas influyentes y dise\u00f1adores que revelan una fascinante riqueza de talento art\u00edstico. Nuestro medio Africa Fashion Tour explora las tendencias esenciales de la <strong><a href=\"https:\/\/africafashiontour.com\/es\/\">moda africana<\/a><\/strong><a href=\"https:\/\/africafashiontour.com\/es\/moda-masculina-africana-un-mundo-fascinante-y-rico-en-tradiciones\/\">(moda masculina africana<\/a>, <a href=\"https:\/\/africafashiontour.com\/es\/visionarios-de-la-moda-disenadores-de-moda-africanos\/\">dise\u00f1adores de moda africanos<\/a>, <a href=\"https:\/\/africafashiontour.com\/es\/el-renacimiento-del-desfile-de-moda-africano\/\">desfiles de moda africanos<\/a>, el taparrabos en la moda africana&#8230;). <\/span><\/p>\n<p>&nbsp;<\/p>\n<h2><b>El auge de los vestidos africanos en la industria de la moda<\/b><\/h2>\n<p><span style=\"font-weight: 400;\">El <\/span><b>vestidos tradicionales africanos<\/b><span style=\"font-weight: 400;\">  son todo un \u00e9xito. Ya sea para ceremonias o festivales, a menudo simbolizan mucho m\u00e1s que un simple pr\u00eat-\u00e0-porter. Combinando tradici\u00f3n y modernidad, estos trajes son una forma de celebrar culturas tan variadas como ricas en historia.  <\/span><\/p>\n<p><span style=\"font-weight: 400;\">Los dise\u00f1adores africanos se est\u00e1n reapropiando de cl\u00e1sicos como los dise\u00f1os kitenge y abaya, actualiz\u00e1ndolos con los est\u00e1ndares de la alta costura contempor\u00e1nea. En las pasarelas de todo el mundo, estos dise\u00f1adores muestran sus ra\u00edces al tiempo que innovan con cortes atrevidos y nuevas formas.   <\/span><b>tejidos ecol\u00f3gicos<\/b><span style=\"font-weight: 400;\">.<\/span><\/p>\n<p><strong><img decoding=\"async\" class=\"alignnone wp-image-4512 size-full\" src=\"https:\/\/africafashiontour.com\/wp-content\/uploads\/2024\/09\/mode-africaine-robe-scaled.webp\" alt=\"Vestido de moda africano\" width=\"1600\" height=\"2000\" srcset=\"https:\/\/africafashiontour.com\/wp-content\/uploads\/2024\/09\/mode-africaine-robe-scaled.webp 1600w, https:\/\/africafashiontour.com\/wp-content\/uploads\/2024\/09\/mode-africaine-robe-240x300.webp 240w\" sizes=\"(max-width: 1600px) 100vw, 1600px\" \/><\/strong><\/p>\n<div>\n<p>&nbsp;<\/p>\n<h3><b>La influencia de los medios de comunicaci\u00f3n africanos<\/b><\/h3>\n<p><b>Africa Fashion Tour<\/b><span style=\"font-weight: 400;\">Africa Fashion Tour, un medio clave en este campo, desempe\u00f1a un papel crucial en la promoci\u00f3n de esta moda \u00fanica. Al mostrar talentos emergentes y compartir nuevas tendencias, Africa Fashion Tour impulsa la visibilidad de los dise\u00f1adores africanos en la escena mundial. <\/span><\/p>\n<p><span style=\"font-weight: 400;\">Gracias a Africa Fashion Tour, los amantes del estilo pueden descubrir que un sofisticado peinado afro puede complementar a la perfecci\u00f3n un atuendo moderno, acentuando la elegancia natural propia del continente africano.<\/span><\/p>\n<h2><b>Estilos vers\u00e1tiles para cada ocasi\u00f3n<\/b><\/h2>\n<p><span style=\"font-weight: 400;\">No hay una sola manera de llevar el <\/span><b>vestido africano para mujer<\/b><span style=\"font-weight: 400;\">. Ya sea para un evento formal o para una salida informal, los dise\u00f1adores han sabido adaptar los estilos tradicionales a todas las circunstancias.<\/span><\/p>\n<ul>\n<li style=\"font-weight: 400;\" aria-level=\"1\"><span style=\"font-weight: 400;\">Para una ceremonia oficial: elige un bonito vestido africano adornado con abalorios o bordados refinados.<\/span><\/li>\n<li style=\"font-weight: 400;\" aria-level=\"1\"><span style=\"font-weight: 400;\">Para un d\u00eda informal: una falda africana combinada con un top sencillo garantiza comodidad y estilo.<\/span><\/li>\n<li style=\"font-weight: 400;\" aria-level=\"1\"><span style=\"font-weight: 400;\">Durante el embarazo: los dise\u00f1adores actuales ofrecen una variada gama de <\/span><b>vestidos africanos para embarazadas<\/b><span style=\"font-weight: 400;\">elegantes y c\u00f3modos.<\/span><\/li>\n<\/ul>\n<p><span style=\"font-weight: 400;\">Estas piezas no s\u00f3lo afirman su identidad, sino que tambi\u00e9n promueven el estilo africano entre un p\u00fablico m\u00e1s amplio.<\/span><\/p>\n<h3><b>Los nuevos rostros de la moda africana<\/b><\/h3>\n<p><span style=\"font-weight: 400;\">Las personas influyentes de hoy son conscientes del impacto cultural y social de sus elecciones de ropa. Muchos dise\u00f1adores est\u00e1n integrando esta dimensi\u00f3n para ofrecer prendas que cuenten una historia. Con una nueva generaci\u00f3n de dise\u00f1adores, el    <\/span><b>La moda africana<\/b><span style=\"font-weight: 400;\"> se convierte en un espacio de di\u00e1logo entre culturas.<\/span><\/p>\n<p><span style=\"font-weight: 400;\">Esto se refleja cuando los influencers adoptan <\/span><b>el modelo de cera para mujeres<\/b><span style=\"font-weight: 400;\">  Son distintivos, reconectan con su herencia al tiempo que afirman su independencia estil\u00edstica. Estas piezas cautivan con sus colores vibrantes y sus intrincados estampados. <\/span><\/p>\n<h3><strong>Vestimenta africana moderna: una fusi\u00f3n intercultural y urbana<\/strong><\/h3>\n<p>La indumentaria africana moderna ya no es un mero homenaje a la tradici\u00f3n. Se ha convertido en el reflejo de una asertiva mezcla cultural, influida por las grandes capitales de la moda de Par\u00eds, Londres y Nueva York. La moda de vestir africana incorpora ahora elementos streetwear, cortes asim\u00e9tricos e incluso materiales h\u00edbridos (vaqueros, cuero vegetal, punto t\u00e9cnico). Esta hibridaci\u00f3n da lugar a conjuntos a la vez sofisticados y funcionales, perfectos para una generaci\u00f3n que navega entre la herencia y la modernidad. En Lagos, Nairobi y Dakar, los dise\u00f1adores emergentes est\u00e1n cambiando las cosas inspir\u00e1ndose en la cultura urbana y los movimientos art\u00edsticos contempor\u00e1neos. Estas influencias han dado lugar a vestidos africanos modernizados, ponibles a diario y adaptados al ajetreado ritmo de vida. El \u00e9xito creciente de estas piezas se debe tambi\u00e9n a las colaboraciones con artistas pl\u00e1sticos, m\u00fasicos y marcas internacionales, lo que aumenta la notoriedad de esta nueva generaci\u00f3n de moda de vestidos africanos. Esta tendencia revela una clara voluntad de afirmar la identidad africana en un mundo globalizado, sin renunciar a la innovaci\u00f3n estil\u00edstica. Llevar hoy un vestido africano moderno es una declaraci\u00f3n de estilo, valores y compromiso.        <\/p>\n<p><span data-contrast=\"auto\">El vestido de moda africano es mucho m\u00e1s que una prenda: es una invitaci\u00f3n a vestir una historia, una cultura, un saber hacer. En Africa Fashion Tour, celebramos   <\/span><b><span data-contrast=\"auto\">vestir a la moda africana  <\/span><\/b><span data-contrast=\"auto\">como veh\u00edculo de elegancia, calidad y autenticidad. Cada modelo que presentamos, cada dise\u00f1ador que promocionamos, encarna una experiencia y una confianza reconocidas para el cliente de hoy. <\/span><span data-ccp-props=\"{\"134233117\":false,\"134233118\":false,\"335559738\":240,\"335559739\":240}\"> <\/span><\/p>\n<p><span data-contrast=\"auto\">El mundo de la indumentaria africana extrae su riqueza de un fuerte patrimonio textil: tejidos de cera, bogolan, kente, bazin&#8230; Adoptados por dise\u00f1adores contempor\u00e1neos, estos materiales dan vida a cortes modernos, a medida o ediciones limitadas. <\/span><span data-contrast=\"none\">Seg\u00fan la<\/span><a href=\"https:\/\/www.unesco.org\/en\/articles\/unesco-report-africa-new-global-fashion-leader\"><span data-contrast=\"none\">UNESCO<\/span><\/a><span data-contrast=\"none\">\u00c1frica posee un abanico de t\u00e9cnicas textiles \u00fanicas&#8230;&#8221;, subrayando el valor cultural y artesanal de cada pieza.<\/span><span data-ccp-props=\"{\"134233117\":false,\"134233118\":false,\"335559738\":240,\"335559739\":240}\"> <\/span><\/p>\n<p><span data-contrast=\"auto\">En Africa Fashion Tour, nuestro objetivo es sumergirle en el mundo de la moda africana, donde los vestidos africanos combinan un acabado meticuloso, tejidos excepcionales y un servicio impecable.<\/span><span data-ccp-props=\"{\"134233117\":false,\"134233118\":false,\"335559738\":240,\"335559739\":240}\"> <\/span><\/p>\n<p><span data-contrast=\"auto\">Ya sea para un evento, una celebraci\u00f3n o simplemente para destacar en la vida cotidiana, el vestido africano encarna el equilibrio perfecto entre herencia y modernidad. <\/span><span data-contrast=\"none\">En <\/span><a href=\"https:\/\/fr.fashionnetwork.com\/news\/Kanyinsola-onalaja-etoile-montante-de-la-mode-africaine-revendique-le-patrimoine-et-l-audace-nigerians,1778481.html\"><span data-contrast=\"none\">FashionNetwork<\/span><\/a><span data-contrast=\"none\">dise\u00f1adores africanos como Kanyinsola Onalaja ponen de relieve la herencia textil y la creatividad contempor\u00e1nea, demostrando que la moda africana es a la vez una herencia viva y una expresi\u00f3n audaz.<\/span><span data-contrast=\"auto\">. La indumentaria africana es parte integrante de este planteamiento, que realza la imagen, afirma la personalidad y adopta un enfoque consciente, significativo y exigente.<\/span><\/p>\n<h2><b>La importancia de la sostenibilidad en el dise\u00f1o<\/b><\/h2>\n<p><span style=\"font-weight: 400;\">A medida que la industria de la moda toma conciencia de los problemas ecol\u00f3gicos, el dise\u00f1o sostenible se convierte en una prioridad. Los tejidos africanos originales, a menudo producidos localmente, son m\u00e1s respetuosos con el medio ambiente y requieren menos recursos para su fabricaci\u00f3n. <\/span><\/p>\n<p><span style=\"font-weight: 400;\">Los dise\u00f1adores optan por procesos de fabricaci\u00f3n que minimicen los residuos. <\/span><b>residuos<\/b><span style=\"font-weight: 400;\">. Esto permite una producci\u00f3n m\u00e1s sostenible de los vestidos de las mujeres africanas, un aspecto demandado por las consumidoras de hoy que quieren combinar estilo con responsabilidad ecol\u00f3gica.<\/span><\/p>\n<h3><b>Hacia el reconocimiento internacional<\/b><\/h3>\n<p><span style=\"font-weight: 400;\">Cuestiones medioambientales aparte, la autenticidad de la <\/span><b>moda africana<\/b><span style=\"font-weight: 400;\">  atrae a un n\u00famero creciente de amantes de la moda de todo el mundo. Traspasando fronteras, esta industria tambi\u00e9n est\u00e1 atrayendo la atenci\u00f3n de grandes casas de dise\u00f1o que buscan incorporar a sus colecciones elementos culturalmente diversos. <\/span><\/p>\n<p><span style=\"font-weight: 400;\">Este movimiento es testigo de una \u00e9poca en la que se celebra la apertura a la diversidad y se desvela la belleza de las tradiciones ancestrales gracias a los retos que asume la futura alta costura africana.<\/span><span data-ccp-props=\"{\"134233117\":false,\"134233118\":false,\"335559738\":240,\"335559739\":240}\"> <\/span><\/p>\n<\/div>\n","protected":false},"excerpt":{"rendered":"<p>El mundo de la moda evoluciona constantemente, y en los \u00faltimos a\u00f1os, la moda africana se ha hecho un hueco en la escena internacional&#8230; Con sus tejidos vibrantes y estampados \u00fanicos, se ha convertido en un poderoso s\u00edmbolo de diversidad e identidad cultural. Esta moda, sobre todo por una pieza ic\u00f3nica &#8220;el vestido Africa Fashion [&hellip;]<\/p>\n","protected":false},"author":70,"featured_media":0,"parent":0,"menu_order":0,"comment_status":"closed","ping_status":"closed","template":"","meta":{"_et_pb_use_builder":"off","_et_pb_old_content":"","_et_gb_content_width":"","footnotes":""},"class_list":["post-9165","page","type-page","status-publish","hentry"],"_links":{"self":[{"href":"https:\/\/africafashiontour.com\/es\/wp-json\/wp\/v2\/pages\/9165","targetHints":{"allow":["GET"]}}],"collection":[{"href":"https:\/\/africafashiontour.com\/es\/wp-json\/wp\/v2\/pages"}],"about":[{"href":"https:\/\/africafashiontour.com\/es\/wp-json\/wp\/v2\/types\/page"}],"author":[{"embeddable":true,"href":"https:\/\/africafashiontour.com\/es\/wp-json\/wp\/v2\/users\/70"}],"replies":[{"embeddable":true,"href":"https:\/\/africafashiontour.com\/es\/wp-json\/wp\/v2\/comments?post=9165"}],"version-history":[{"count":2,"href":"https:\/\/africafashiontour.com\/es\/wp-json\/wp\/v2\/pages\/9165\/revisions"}],"predecessor-version":[{"id":11465,"href":"https:\/\/africafashiontour.com\/es\/wp-json\/wp\/v2\/pages\/9165\/revisions\/11465"}],"wp:attachment":[{"href":"https:\/\/africafashiontour.com\/es\/wp-json\/wp\/v2\/media?parent=9165"}],"curies":[{"name":"wp","href":"https:\/\/api.w.org\/{rel}","templated":true}]}}