{"id":9287,"date":"2024-01-09T00:14:59","date_gmt":"2024-01-08T23:14:59","guid":{"rendered":"https:\/\/africafashiontour.com\/nuestra-guia-de-la-moda-africana\/que-prendas-africanas-son-las-mas-populares-en-las-pasarelas-de-alta-costura\/"},"modified":"2024-01-09T00:14:59","modified_gmt":"2024-01-08T23:14:59","slug":"que-prendas-africanas-son-las-mas-populares-en-las-pasarelas-de-alta-costura","status":"publish","type":"page","link":"https:\/\/africafashiontour.com\/es\/nuestra-guia-de-la-moda-africana\/que-prendas-africanas-son-las-mas-populares-en-las-pasarelas-de-alta-costura\/","title":{"rendered":"\u00bfQu\u00e9 prendas africanas son las m\u00e1s populares en las pasarelas de alta costura?"},"content":{"rendered":"<p>Comenzaremos explorando la cera y el bazin, <strong>prendas africanas<\/strong> que se est\u00e1n abriendo camino hacia la fama internacional. Luego veremos c\u00f3mo la alta costura est\u00e1 incorporando prendas y accesorios tradicionales africanos a sus colecciones. Por \u00faltimo, destacaremos el papel decisivo que desempe\u00f1an los dise\u00f1adores africanos en la influencia internacional de su moda aut\u00e9ntica y vanguardista. Eche un vistazo a la web de <a href=\"https:\/\/africafashiontour.com\/es\/\">la moda<\/a> africana para adentrarse en el coraz\u00f3n de esta tendencia que est\u00e1 redefiniendo la alta costura.   <\/p>\n<p><strong>La moda africana<\/strong> trasciende fronteras y se est\u00e1 haciendo un hueco en las <a href=\"https:\/\/africafashiontour.com\/guide-mode-africaine\/mode-africaine-place-podiums\/\">pasarelas de la alta costura<\/a>. Se manifiesta tanto en la presencia de tejidos emblem\u00e1ticos como en la incorporaci\u00f3n de elementos tradicionales, contribuyendo a una fusi\u00f3n cultural en el mundo de la moda. Este auge es a\u00fan m\u00e1s marcado gracias a la aparici\u00f3n de dise\u00f1adores africanos que, con delicadeza, combinan herencia y modernidad.  <\/p>\n<p><img decoding=\"async\" class=\"img-responsive\" src=\"https:\/\/africafashiontour.com\/wp-content\/uploads\/2024\/01\/mode-africaine-vetements-phares-podiums-haute-couture.jpg\" alt=\"\u00bfQu\u00e9 prendas africanas son las m\u00e1s populares en las pasarelas de alta costura?\"><\/p>\n<h2>Cera y bazin: tejidos africanos en la pasarela<\/h2>\n<p>La exuberancia colorista de la <strong>cera<\/strong> y la nobleza <strong>del bazin<\/strong> se abren paso con fuerza en el mundo de la alta costura. Estos tejidos, anta\u00f1o confinados a los mercados locales y a las ceremonias tradicionales africanas, gozan ahora de un \u00e9xito fenomenal en la escena internacional de la moda. Dise\u00f1adores de renombre recurren a la innegable riqueza de los motivos y a la vibrante paleta de colores de la cera para insuflar nueva vitalidad a sus colecciones. Gracias a su notable resistencia, este tejido se presta admirablemente a los cortes estructurados y constituye un terreno f\u00e9rtil para la expresi\u00f3n art\u00edstica.   <\/p>\n<p>Igualmente prestigioso, el bazin se hace eco de la elegancia inherente al continente africano. Este tejido, famoso por su tacto ceremonial y su textura refinada, es tratado con respeto por las casas de alta costura, que reconocen su gran valor a\u00f1adido. Traspasa fronteras y a\u00f1ade un toque de sutil brillo a trajes y vestidos de noche. <strong>Los dise\u00f1adores<\/strong> explotan su belleza intr\u00ednseca para crear piezas majestuosas que celebran el rico patrimonio cultural africano. Bazin es el material preferido para crear prendas africanas reglamentarias que demuestren que perteneces a las altas esferas de la sociedad.    <\/p>\n<p><strong>M\u00e1s all\u00e1 de<\/strong> su cautivadora est\u00e9tica, estos tejidos encarnan un di\u00e1logo entre tradici\u00f3n y modernidad, ofreciendo una narrativa visual que abre la puerta a una moda inclusiva, donde cada prenda cuenta una historia \u00fanica. En las pasarelas de Par\u00eds, Nueva York y Mil\u00e1n, la cera y el bazin resuenan como emblemas de una identidad plural, invitando a dise\u00f1adores y espectadores a un viaje sensorial que trasciende las fronteras geogr\u00e1ficas. <\/p>\n<h2>Incorporaci\u00f3n de prendas y accesorios tradicionales a la alta costura<\/h2>\n<p>En la encrucijada de los mundos, la armoniosa incorporaci\u00f3n de los adornos y ornamentos t\u00edpicos de la indumentaria africana al \u00e1mbito exclusivo de la alta costura marca un importante punto de inflexi\u00f3n est\u00e9tico. Esta asimilaci\u00f3n, lejos de ser insignificante, refleja una profunda b\u00fasqueda de simbolismo e historia en las creaciones presentadas en las pasarelas. Las prendas tradicionales africanas, cargadas de identidad cultural, conforman una tendencia en la que cada pieza entrelaza continente y contenido: el esteticismo atemporal se une a la artesan\u00eda milenaria.  <\/p>\n<p>Vemos desfiles de moda en los que el <em>boubou<\/em>, revisado por la h\u00e1bil mano de un estilista de vanguardia, flota majestuosamente junto a los trajes de Chanel. <em>Las cuentas maasai<\/em>, verdaderos prismas multicolores, cautivan al p\u00fablico cuando se transforman en elegantes collares o se enroscan en mu\u00f1ecas cuidadas como pulseras chic. Los dise\u00f1adores tambi\u00e9n infunden regularmente el esp\u00edritu del continente a trav\u00e9s de esculturales <em>tocados Peulhes<\/em> que se elevan a lo alto, transformando a las modelos en modernos t\u00f3tems.  <\/p>\n<p>En esta b\u00fasqueda incesante de renovaci\u00f3n, la rica herencia de la indumentaria africana encuentra una nueva expresi\u00f3n. El<em>kente<\/em> ghan\u00e9s se transforma para <strong>decorar esbeltos vestidos<\/strong>, mientras que el ic\u00f3nico <em>sombrero fulani<\/em> a\u00f1ade un toque singular a una silueta sobria. Incluso dentro del enclave elitista que es la alta costura, el vibrante di\u00e1logo entre esta herencia ancestral y el minimalismo contempor\u00e1neo no s\u00f3lo crea un efecto visual impactante, sino que subraya el apetito por las ra\u00edces profundas que fortifican el tejido del ma\u00f1ana.  <\/p>\n<p>Este movimiento no puede considerarse una mera tendencia pasajera, sino que representa un pasaje opulento en el que cada prenda cuenta una historia, una historia de pertenencia, innovaci\u00f3n y, sobre todo, respeto mutuo entre dos mundos antes distintos. Florece la idea de que <strong>los pliegues sedosos de una falda o las curvas bordadas de un bolso reflejan siglos de creaci\u00f3n de una riqueza inconmensurable<\/strong>. <\/p>\n<h2>La indumentaria africana y su influencia en la moda internacional<\/h2>\n<p>El mete\u00f3rico ascenso de los dise\u00f1adores africanos en el \u00e1mbito de la alta costura marca una era de <strong>renovaci\u00f3n estil\u00edstica<\/strong> que honra las tradiciones textiles al tiempo que inyecta un soplo de <strong>modernidad<\/strong>. Nombres como Alphadi, Oumou Sy e Imane Ayissi abrazan con orgullo su <strong>herencia africana<\/strong> y se hacen un nombre en las pasarelas de Par\u00eds, Mil\u00e1n y Nueva York. Estos artesanos de lo chic <strong>est\u00e1n redefiniendo<\/strong> la est\u00e9tica contempor\u00e1nea con sus inspiradas manos, inspir\u00e1ndose en una rica herencia cultural.  <\/p>\n<p>Sus colecciones est\u00e1n llenas de referencias a c\u00f3digos ancestrales revisitados con audacia: donde el taparrabos se encuentra con cortes vanguardistas, donde el kente ghan\u00e9s o el shweshwe sudafricano visten siluetas estructuradas que evocan<strong>la intemporalidad<\/strong>. Este fen\u00f3meno no es un <strong>\u00e9xito pasajero<\/strong>; refleja una b\u00fasqueda de autenticidad combinada con una <strong>toma de conciencia global<\/strong> en el sector del lujo. Estos visionarios de la moda no s\u00f3lo dise\u00f1an ropa, sino que trazan un nuevo horizonte para una est\u00e9tica<strong>&#8220;afro-global<\/strong>&#8221; que atrae a un p\u00fablico diverso.  <\/p>\n<p>Estas <strong>importantes contribuciones<\/strong> tambi\u00e9n est\u00e1n impulsando un <strong>gran<\/strong> cambio <strong>socioecon\u00f3mico<\/strong> en \u00c1frica. Los j\u00f3venes talentos locales se inspiran y aprenden de estos gigantes del estilo, mientras que la<strong>aparici\u00f3n de plataformas<\/strong> como la Semana de la Moda de Dakar, la Semana de la Moda de Lagos y la Semana de la Moda Africana de Londres muestran este talento en la escena internacional. Al promover una imagen positiva y din\u00e1mica del continente, allanan el camino hacia un merecido reconocimiento, al tiempo que estimulan la econom\u00eda local promoviendo<strong>el &#8220;Made in Africa&#8221;<\/strong>.  <\/p>\n<p>En definitiva, la creciente influencia de los dise\u00f1adores africanos no s\u00f3lo refleja su <strong>ingenio<\/strong>, sino que tambi\u00e9n es sintom\u00e1tica de un <strong>profundo cambio<\/strong> dentro del muy exclusivo campo de la alta costura, que ahora se enriquece con<strong>influencias plurales<\/strong> que invitan al di\u00e1logo entre diferentes narrativas culturales a trav\u00e9s de prendas africanas que se mezclan con los armarios occidentales.<\/p>\n<div class=\"question-container\">\n<div class=\"answer\"><\/div>\n<\/div>\n<div>\n<p><em>Le recomendamos estas otras p\u00e1ginas:  <\/em><\/p>\n<ul>\n<li><a href=\"https:\/\/africafashiontour.com\/es\/nuestra-guia-de-la-moda-africana\/esta-representada-la-moda-africana-en-los-desfiles-internacionales\/\">\u00bfEst\u00e1 representada la moda africana en los desfiles internacionales?<\/a><\/li>\n<li><a href=\"https:\/\/africafashiontour.com\/es\/nuestra-guia-de-la-moda-africana\/que-disenadores-de-alta-costura-se-han-inspirado-en-la-moda-africana\/\">\u00bfQu\u00e9 dise\u00f1adores de alta costura se han inspirado en la moda africana?<\/a><\/li>\n<li><a href=\"https:\/\/africafashiontour.com\/es\/nuestra-guia-de-la-moda-africana\/tiene-buena-acogida-la-moda-africana-en-las-pasarelas-de-alta-costura\/\">\u00bfTiene buena acogida la moda africana en las pasarelas de alta costura?<\/a><\/li>\n<li><a href=\"https:\/\/africafashiontour.com\/es\/nuestra-guia-de-la-moda-africana\/a-que-retos-se-enfrentan-los-disenadores-africanos-en-la-pasarela-de-la-alta-costura\/\">\u00bfA qu\u00e9 retos se enfrentan los dise\u00f1adores africanos en la pasarela de la alta costura?<\/a><\/li>\n<li><a href=\"https:\/\/africafashiontour.com\/es\/nuestra-guia-de-la-moda-africana\/hay-algun-evento-especifico-dedicado-a-la-moda-africana-en-la-alta-costura\/\">\u00bfHay alg\u00fan evento espec\u00edfico dedicado a la moda africana en la alta costura?<\/a><\/li>\n<\/ul>\n<\/div>\n","protected":false},"excerpt":{"rendered":"<p>Comenzaremos explorando la cera y el bazin, prendas africanas que se est\u00e1n abriendo camino hacia la fama internacional. Luego veremos c\u00f3mo la alta costura est\u00e1 incorporando prendas y accesorios tradicionales africanos a sus colecciones. Por \u00faltimo, destacaremos el papel decisivo que desempe\u00f1an los dise\u00f1adores africanos en la influencia internacional de su moda aut\u00e9ntica y vanguardista. [&hellip;]<\/p>\n","protected":false},"author":17,"featured_media":0,"parent":9010,"menu_order":0,"comment_status":"closed","ping_status":"closed","template":"","meta":{"_et_pb_use_builder":"","_et_pb_old_content":"","_et_gb_content_width":"","footnotes":""},"class_list":["post-9287","page","type-page","status-publish","hentry"],"_links":{"self":[{"href":"https:\/\/africafashiontour.com\/es\/wp-json\/wp\/v2\/pages\/9287","targetHints":{"allow":["GET"]}}],"collection":[{"href":"https:\/\/africafashiontour.com\/es\/wp-json\/wp\/v2\/pages"}],"about":[{"href":"https:\/\/africafashiontour.com\/es\/wp-json\/wp\/v2\/types\/page"}],"author":[{"embeddable":true,"href":"https:\/\/africafashiontour.com\/es\/wp-json\/wp\/v2\/users\/17"}],"replies":[{"embeddable":true,"href":"https:\/\/africafashiontour.com\/es\/wp-json\/wp\/v2\/comments?post=9287"}],"version-history":[{"count":0,"href":"https:\/\/africafashiontour.com\/es\/wp-json\/wp\/v2\/pages\/9287\/revisions"}],"up":[{"embeddable":true,"href":"https:\/\/africafashiontour.com\/es\/wp-json\/wp\/v2\/pages\/9010"}],"wp:attachment":[{"href":"https:\/\/africafashiontour.com\/es\/wp-json\/wp\/v2\/media?parent=9287"}],"curies":[{"name":"wp","href":"https:\/\/api.w.org\/{rel}","templated":true}]}}