{"id":9294,"date":"2024-01-09T00:15:09","date_gmt":"2024-01-08T23:15:09","guid":{"rendered":"https:\/\/africafashiontour.com\/nuestra-guia-de-la-moda-africana\/hay-algun-evento-especifico-dedicado-a-la-moda-africana-en-la-alta-costura\/"},"modified":"2024-01-09T00:15:09","modified_gmt":"2024-01-08T23:15:09","slug":"hay-algun-evento-especifico-dedicado-a-la-moda-africana-en-la-alta-costura","status":"publish","type":"page","link":"https:\/\/africafashiontour.com\/es\/nuestra-guia-de-la-moda-africana\/hay-algun-evento-especifico-dedicado-a-la-moda-africana-en-la-alta-costura\/","title":{"rendered":"\u00bfHay alg\u00fan evento espec\u00edfico dedicado a la moda africana en la alta costura?"},"content":{"rendered":"<p><strong>La moda africana<\/strong> se impone cada vez m\u00e1s como un importante polo de atracci\u00f3n en el competitivo mundo de la alta costura, donde la originalidad y la autenticidad se convierten en vectores de inter\u00e9s mundial. Para rendir homenaje a este ascenso, se han organizado una serie de<strong>eventos<\/strong> especiales para mostrar el talento y la creatividad de los dise\u00f1adores del continente. Estos eventos sirven de trampol\u00edn para presentar piezas \u00fanicas del saber hacer africano en pasarelas de prestigio. La aparici\u00f3n de semanas de la moda exclusivas y las apariciones de alto nivel en las principales pasarelas internacionales simbolizan el reconocimiento y el inter\u00e9s por <a href=\"https:\/\/africafashiontour.com\/es\/\">la moda africana<\/a>. Los eventos y plataformas dedicados reflejan un claro deseo de celebrar esta rica est\u00e9tica y darle la visibilidad que merece, en particular respondiendo a la pregunta de <a href=\"https:\/\/africafashiontour.com\/guide-mode-africaine\/mode-africaine-place-podiums\/\">qu\u00e9 lugar ocupa la moda africana en las pasarelas de alta costura<\/a> mediante la organizaci\u00f3n y comisariado de iniciativas en su honor.    <\/p>\n<p>&nbsp;<\/p>\n<p><img decoding=\"async\" class=\"img-responsive\" src=\"https:\/\/africafashiontour.com\/wp-content\/uploads\/2024\/01\/mode-africaine-evenements-dedies-haute-couture.jpg\" alt=\"\u00bfHay alg\u00fan evento espec\u00edfico dedicado a la moda africana en la alta costura?\"><\/p>\n<h2>Las Semanas de la Moda celebran la moda africana<\/h2>\n<p>Las pasarelas de todo el mundo reconocen cada vez m\u00e1s la riqueza y creatividad de la moda africana y le dedican grandes eventos en los que los tejidos brillantes y los cortes atrevidos cautivan al p\u00fablico internacional. La Semana de la Moda de \u00c1frica es una cita ineludible para los aficionados al estilo afropolitano. En ciudades como Lagos, Johannesburgo y Nairobi, estos vibrantes eventos revelan tejidos ancestrales magnificados por un toque contempor\u00e1neo y moderno.  <\/p>\n<p>Nutridas por un rico patrimonio textil -pensemos en coloridos <strong>encerados<\/strong>, delicados <strong>bordados<\/strong> y <strong>abalorios<\/strong> meticulosamente elaborados-, estas semanas de la moda no s\u00f3lo celebran el talento de los dise\u00f1adores africanos, sino tambi\u00e9n el crecimiento de una industria que sigue evolucionando. Lejos de ser una mera sucesi\u00f3n de desfiles, estos eventos son una oportunidad para que varios talentos mantengan correspondencia con los oligarcas del sector y forjen fruct\u00edferas alianzas comerciales. Las colecciones presentadas oscilan entre el respeto a las tradiciones ancestrales y las aspiraciones vanguardistas, con el tradicional taparrabos tejido a mano como protagonista en un mundo que lo est\u00e1 transformando en alta costura.  <\/p>\n<p><strong>Las Africa Fashion Week de Londres<\/strong> y <strong>Nueva York<\/strong>, en particular, se han labrado una prestigiosa reputaci\u00f3n a lo largo de los a\u00f1os, proporcionando un escaparate internacional a esta forma de arte que fusiona la identidad cultural con las influencias cosmopolitas. A trav\u00e9s de estas catedrales temporales de tejidos y patrones, estas semanas celebran la fuerza indomable de un continente que acuna en su seno un dinamismo sin parang\u00f3n en el mundo global de la moda. <\/p>\n<h2>La presencia de la moda africana en las grandes pasarelas internacionales<\/h2>\n<p>Haci\u00e9ndose eco de los vibrantes colores y cautivadores estampados de \u00c1frica en las pasarelas internacionales, la moda africana ha ido en aumento en los \u00faltimos a\u00f1os. Lejos de ser una tendencia ef\u00edmera, se ha convertido en una parte esencial del paisaje de la alta costura. Los talentosos dise\u00f1adores del continente -cuna de la humanidad- est\u00e1n dejando su impronta en algunos de los eventos m\u00e1s prestigiosos del mundo de la moda, como la Semana de la Moda de Par\u00eds, la Semana de la Moda de Nueva York y la Semana de la Moda de Mil\u00e1n.  <\/p>\n<p><strong>Las creaciones inspiradas en la herencia africana<\/strong> irrumpen en escena con audacia, mostrando el refinamiento de tejidos como el bogol\u00e1n y la cera, sublimando la tradici\u00f3n a trav\u00e9s de un prisma contempor\u00e1neo. Iconos como Imane Ayissi y Alphadi han trascendido las fronteras art\u00edsticas y culturales para presentar colecciones que cautivan al p\u00fablico internacional. Aportan un soplo de aire fresco a trav\u00e9s de una est\u00e9tica que combina artesan\u00eda ancestral y visi\u00f3n vanguardista.  <\/p>\n<p>Esta presencia cada vez mayor es el resultado de un di\u00e1logo f\u00e9rtil entre culturas y saber hacer diferentes: cortes estructurados que acogen ornamentos tradicionales africanos, una paleta ilimitada de colores que abarca tejidos exclusivos del continente&#8230; todo contribuye a esta floreciente integraci\u00f3n. Es tambi\u00e9n gracias a esta fertilizaci\u00f3n cruzada de ideas innovadoras que algunas casas de moda europeas de renombre est\u00e1n incorporando elementos de la moda africana a sus propias creaciones, demostrando una admiraci\u00f3n mutua que va m\u00e1s all\u00e1 de las expectativas singulares de los apasionados de un aut\u00e9ntico vestuario africano. <\/p>\n<h2>Actos y plataformas espec\u00edficos<\/h2>\n<p>En el pululante mundo de la alta costura, la moda africana se ha hecho un hueco especial a lo largo de los a\u00f1os. Lejos de limitarse a una participaci\u00f3n ocasional en las cl\u00e1sicas manifestaciones mundiales de la moda, florece ahora en el marco de eventos y plataformas especialmente concebidos para poner de relieve su riqueza y diversidad \u00fanicas. Estos eventos son trampolines esenciales para los dise\u00f1adores africanos, que les dan proyecci\u00f3n internacional y el merecido reconocimiento de la artesan\u00eda africana.  <\/p>\n<p>Capitales como Dakar, Lagos y Johannesburgo se convierten en el escenario de estas flamantes celebraciones de la identidad cultural a trav\u00e9s de la moda. <strong>La Semana de la Moda Africana<\/strong>, por ejemplo, es una encrucijada de excelencia que atrae a dise\u00f1adores, modelos, inversores y entusiastas de la moda para saborear las \u00faltimas tendencias de los cuatro puntos cardinales del continente. Durante estos prestigiosos eventos, la riqueza de tejidos como la cera y el bogol\u00e1n se exhibe a trav\u00e9s de colecciones innovadoras de destacados dise\u00f1adores. <\/p>\n<p>Este fen\u00f3meno no se limita a las metr\u00f3polis africanas; tambi\u00e9n ha encontrado eco en ultramar, donde las di\u00e1sporas lucen su herencia con orgullo. De ah\u00ed que surjan iniciativas como la <strong>&#8220;Semana de la Moda Negra&#8221;<\/strong>, un acontecimiento que trasciende las fronteras terrestres para celebrar el impacto global de esta est\u00e9tica inclasificable en la escena internacional. Adem\u00e1s, estos encuentros adquieren a menudo un car\u00e1cter hol\u00edstico, combinando debates sobre el desarrollo sostenible o la econom\u00eda circular en el sector textil y de la confecci\u00f3n.  <\/p>\n<p><strong>El auge de Internet<\/strong> tambi\u00e9n ha facilitado la aparici\u00f3n de nuevas plataformas digitales dedicadas en gran parte o en su totalidad a promover la creatividad africana en el vestir, as\u00ed como eventos de moda africana. Desde mercados hasta revistas especializadas, pasando por las vibrantes redes sociales de una comunidad comprometida: la web ofrece una gama sin precedentes de formas de descubrir y adquirir estas piezas de estilo audaz e ingenioso. <\/p>\n<p><em>Le recomendamos estas otras p\u00e1ginas:  <\/em><\/p>\n<ul>\n<li><a href=\"https:\/\/africafashiontour.com\/es\/nuestra-guia-de-la-moda-africana\/esta-representada-la-moda-africana-en-los-desfiles-internacionales\/\">\u00bfEst\u00e1 representada la moda africana en los desfiles internacionales?<\/a><\/li>\n<li><a href=\"https:\/\/africafashiontour.com\/es\/nuestra-guia-de-la-moda-africana\/que-disenadores-de-alta-costura-se-han-inspirado-en-la-moda-africana\/\">\u00bfQu\u00e9 dise\u00f1adores de alta costura se han inspirado en la moda africana?<\/a><\/li>\n<li><a href=\"https:\/\/africafashiontour.com\/es\/nuestra-guia-de-la-moda-africana\/tiene-buena-acogida-la-moda-africana-en-las-pasarelas-de-alta-costura\/\">\u00bfTiene buena acogida la moda africana en las pasarelas de alta costura?<\/a><\/li>\n<li><a href=\"https:\/\/africafashiontour.com\/es\/nuestra-guia-de-la-moda-africana\/a-que-retos-se-enfrentan-los-disenadores-africanos-en-la-pasarela-de-la-alta-costura\/\">\u00bfA qu\u00e9 retos se enfrentan los dise\u00f1adores africanos en la pasarela de la alta costura?<\/a><\/li>\n<li><a href=\"https:\/\/africafashiontour.com\/es\/nuestra-guia-de-la-moda-africana\/que-prendas-africanas-son-las-mas-populares-en-las-pasarelas-de-alta-costura\/\">\u00bfQu\u00e9 prendas africanas son las m\u00e1s populares en las pasarelas de alta costura?<\/a><\/li>\n<\/ul>\n","protected":false},"excerpt":{"rendered":"<p>La moda africana se impone cada vez m\u00e1s como un importante polo de atracci\u00f3n en el competitivo mundo de la alta costura, donde la originalidad y la autenticidad se convierten en vectores de inter\u00e9s mundial. Para rendir homenaje a este ascenso, se han organizado una serie deeventos especiales para mostrar el talento y la creatividad [&hellip;]<\/p>\n","protected":false},"author":17,"featured_media":0,"parent":9010,"menu_order":0,"comment_status":"closed","ping_status":"closed","template":"","meta":{"_et_pb_use_builder":"","_et_pb_old_content":"","_et_gb_content_width":"","footnotes":""},"class_list":["post-9294","page","type-page","status-publish","hentry"],"_links":{"self":[{"href":"https:\/\/africafashiontour.com\/es\/wp-json\/wp\/v2\/pages\/9294","targetHints":{"allow":["GET"]}}],"collection":[{"href":"https:\/\/africafashiontour.com\/es\/wp-json\/wp\/v2\/pages"}],"about":[{"href":"https:\/\/africafashiontour.com\/es\/wp-json\/wp\/v2\/types\/page"}],"author":[{"embeddable":true,"href":"https:\/\/africafashiontour.com\/es\/wp-json\/wp\/v2\/users\/17"}],"replies":[{"embeddable":true,"href":"https:\/\/africafashiontour.com\/es\/wp-json\/wp\/v2\/comments?post=9294"}],"version-history":[{"count":0,"href":"https:\/\/africafashiontour.com\/es\/wp-json\/wp\/v2\/pages\/9294\/revisions"}],"up":[{"embeddable":true,"href":"https:\/\/africafashiontour.com\/es\/wp-json\/wp\/v2\/pages\/9010"}],"wp:attachment":[{"href":"https:\/\/africafashiontour.com\/es\/wp-json\/wp\/v2\/media?parent=9294"}],"curies":[{"name":"wp","href":"https:\/\/api.w.org\/{rel}","templated":true}]}}