{"id":11867,"date":"2026-01-22T09:15:58","date_gmt":"2026-01-22T08:15:58","guid":{"rendered":"https:\/\/africafashiontour.com\/quando-os-designers-africanos-redefinem-a-moda-contemporanea\/"},"modified":"2026-03-25T19:12:42","modified_gmt":"2026-03-25T18:12:42","slug":"quando-os-designers-africanos-redefinem-a-moda-contemporanea","status":"publish","type":"page","link":"https:\/\/africafashiontour.com\/pt-pt\/quando-os-designers-africanos-redefinem-a-moda-contemporanea\/","title":{"rendered":"Quando os designers africanos redefinem a moda contempor\u00e2nea"},"content":{"rendered":"<p><span style=\"font-weight: 400;\"><span class=\"TextRun SCXW68204277 BCX0\" lang=\"FR-FR\" data-contrast=\"auto\" xml:lang=\"FR-FR\"><span class=\"NormalTextRun SCXW68204277 BCX0\">O <\/span><\/span><strong><span class=\"TextRun SCXW68204277 BCX0\" lang=\"FR-FR\" xml:lang=\"FR-FR\" data-contrast=\"auto\"><span class=\"NormalTextRun SCXW68204277 BCX0\">cena internacional da moda<\/span><\/span><\/strong><span class=\"TextRun SCXW68204277 BCX0\" lang=\"FR-FR\" data-contrast=\"auto\" xml:lang=\"FR-FR\"><span class=\"NormalTextRun SCXW68204277 BCX0\"> A cena internacional da moda assistiu a um aumento not\u00e1vel do n\u00famero de <\/span><\/span><strong><span class=\"TextRun SCXW68204277 BCX0\" lang=\"FR-FR\" xml:lang=\"FR-FR\" data-contrast=\"auto\"><span class=\"NormalTextRun SCXW68204277 BCX0\">criadores africanos<\/span><\/span><\/strong><span class=\"TextRun SCXW68204277 BCX0\" lang=\"FR-FR\" xml:lang=\"FR-FR\" data-contrast=\"auto\"><span class=\"NormalTextRun SCXW68204277 BCX0\">. Longe de serem estere\u00f3tipos, estes  <\/span><\/span><strong><span class=\"TextRun SCXW68204277 BCX0\" lang=\"FR-FR\" xml:lang=\"FR-FR\" data-contrast=\"auto\"><span class=\"NormalTextRun SCXW68204277 BCX0\">Designers de moda africanos<\/span><\/span><\/strong><span class=\"TextRun SCXW68204277 BCX0\" lang=\"FR-FR\" data-contrast=\"auto\" xml:lang=\"FR-FR\"><span class=\"NormalTextRun SCXW68204277 BCX0\"> revelam uma<strong> <\/strong><\/span><\/span><strong><span class=\"TextRun SCXW68204277 BCX0\" lang=\"FR-FR\" xml:lang=\"FR-FR\" data-contrast=\"auto\"><span class=\"NormalTextRun SCXW68204277 BCX0\">criatividade africana<\/span><\/span><\/strong><span class=\"TextRun SCXW68204277 BCX0\" lang=\"FR-FR\" data-contrast=\"auto\" xml:lang=\"FR-FR\"><span class=\"NormalTextRun SCXW68204277 BCX0\"> onde o patrim\u00f3nio cultural se encontra com a inova\u00e7\u00e3o. <a href=\"https:\/\/africafashiontour.com\/pt-pt\/\"><b>Africa Fashion Tour<\/b><\/a><\/span><span class=\"NormalTextRun SCXW68204277 BCX0\">um meio de comunica\u00e7\u00e3o especializado em <\/span><\/span> <strong><span class=\"TextRun SCXW68204277 BCX0\" lang=\"FR-FR\" xml:lang=\"FR-FR\" data-contrast=\"auto\"><span class=\"NormalTextRun SCXW68204277 BCX0\">estilo de vida<\/span><\/span><\/strong><span class=\"TextRun SCXW68204277 BCX0\" lang=\"FR-FR\" data-contrast=\"auto\" xml:lang=\"FR-FR\"><span class=\"NormalTextRun SCXW68204277 BCX0\"> e <\/span><\/span><span class=\"TextRun SCXW68204277 BCX0\" lang=\"FR-FR\" data-contrast=\"auto\" xml:lang=\"FR-FR\"><span class=\"NormalTextRun SCXW68204277 BCX0\"><strong>e moda<\/strong><\/span><\/span><span class=\"TextRun SCXW68204277 BCX0\" lang=\"FR-FR\" data-contrast=\"auto\" xml:lang=\"FR-FR\"><span class=\"NormalTextRun SCXW68204277 BCX0\">, <\/span><span class=\"NormalTextRun SCXW68204277 BCX0\">m<\/span><span class=\"NormalTextRun SCXW68204277 BCX0\">e<\/span><span class=\"NormalTextRun SCXW68204277 BCX0\"> esta din\u00e2mica fascinante em que <\/span><\/span> <strong><span class=\"TextRun SCXW68204277 BCX0\" lang=\"FR-FR\" xml:lang=\"FR-FR\" data-contrast=\"auto\"><span class=\"NormalTextRun SCXW68204277 BCX0\">alta costura<\/span><\/span><\/strong><span class=\"TextRun SCXW68204277 BCX0\" lang=\"FR-FR\" data-contrast=\"auto\" xml:lang=\"FR-FR\"><span class=\"NormalTextRun SCXW68204277 BCX0\"> se mistura com <\/span><\/span><strong><span class=\"TextRun SCXW68204277 BCX0\" lang=\"FR-FR\" xml:lang=\"FR-FR\" data-contrast=\"auto\"><span class=\"NormalTextRun SCXW68204277 BCX0\">pronto-a-vestir<\/span><\/span><\/strong><span class=\"TextRun SCXW68204277 BCX0\" lang=\"FR-FR\" xml:lang=\"FR-FR\" data-contrast=\"auto\"><span class=\"NormalTextRun SCXW68204277 BCX0\">  ousado. O  <\/span><\/span><strong><span class=\"TextRun SCXW68204277 BCX0\" lang=\"FR-FR\" xml:lang=\"FR-FR\" data-contrast=\"auto\"><span class=\"NormalTextRun SCXW68204277 BCX0\">jovens designers<\/span><\/span><\/strong><span class=\"TextRun SCXW68204277 BCX0\" lang=\"FR-FR\" data-contrast=\"auto\" xml:lang=\"FR-FR\"><span class=\"NormalTextRun SCXW68204277 BCX0\"> est\u00e3o a subverter os c\u00f3digos estabelecidos, a agitar as passerelles e a multiplicar as suas colabora\u00e7\u00f5es com <\/span><\/span><strong><span class=\"TextRun SCXW68204277 BCX0\" lang=\"FR-FR\" xml:lang=\"FR-FR\" data-contrast=\"auto\"><span class=\"NormalTextRun SCXW68204277 BCX0\">influenciadores<\/span><\/span><\/strong><span class=\"TextRun SCXW68204277 BCX0\" lang=\"FR-FR\" data-contrast=\"auto\" xml:lang=\"FR-FR\"><span class=\"NormalTextRun SCXW68204277 BCX0\"> e colabora\u00e7\u00f5es com influenciadores apaixonados pelos estilos da moda de um continente em plena efervesc\u00eancia.<\/span><\/span><\/span><\/p>\n<p>&nbsp;<\/p>\n<h3><span class=\"TextRun SCXW155745016 BCX0\" lang=\"FR-FR\" xml:lang=\"FR-FR\" data-contrast=\"none\"><span class=\"NormalTextRun SCXW155745016 BCX0\" data-ccp-parastyle=\"heading 2\">Porque \u00e9 que a moda africana est\u00e1 a conquistar a cena internacional?<\/span><\/span><span class=\"EOP SCXW155745016 BCX0\" data-ccp-props=\"{\"134233117\":false,\"134233118\":false,\"134245418\":true,\"134245529\":true,\"335559738\":299,\"335559739\":299}\"> <\/span><\/h3>\n<p><span data-contrast=\"auto\">O apelo crescente da <\/span><b><span data-contrast=\"auto\">moda africana contempor\u00e2nea<\/span><\/b><span data-contrast=\"auto\">  n\u00e3o \u00e9 por acaso. O  <\/span><b><span data-contrast=\"auto\">Designers africanos<\/span><\/b><span data-contrast=\"auto\"> e <\/span><b><span data-contrast=\"auto\">estilistas<\/span><\/b><span data-contrast=\"auto\"> de todas as regi\u00f5es brilham com o seu talento para fundir <\/span><b><span data-contrast=\"auto\">tecidos tradicionais<\/span><\/b><span data-contrast=\"auto\">O resultado \u00e9 uma mistura subtil de colec\u00e7\u00f5es originais que agradam tanto aos amantes da moda como aos da moda. Esta mistura subtil d\u00e1 origem a colec\u00e7\u00f5es originais que agradam tanto aos f\u00e3s da moda como aos do design.   <\/span><b><span data-contrast=\"auto\">alta costura<\/span><\/b><span data-contrast=\"auto\"> do que <\/span><b><span data-contrast=\"auto\">pronto-a-vestir<\/span><\/b><span data-contrast=\"auto\"> pronto-a-vestir urbano.<\/span><span data-ccp-props=\"{\"134233117\":false,\"134233118\":false,\"335559738\":240,\"335559739\":240}\"> <\/span><\/p>\n<p><span data-contrast=\"auto\">O mundo <\/span><b><span data-contrast=\"auto\">Estilo de vida africano<\/span><\/b><span data-contrast=\"auto\">  est\u00e1 tamb\u00e9m a inspirar uma nova gera\u00e7\u00e3o de talentos, orgulhosos de mostrarem as suas ra\u00edzes ao mesmo tempo que incorporam influ\u00eancias internacionais. Entre o respeito pela tradi\u00e7\u00e3o e a abertura cosmopolita, oferecem pe\u00e7as \u00fanicas que reflectem a riqueza art\u00edstica do continente. <\/span><span data-ccp-props=\"{\"134233117\":false,\"134233118\":false,\"335559738\":240,\"335559739\":240}\"> <\/span><\/p>\n<p><img decoding=\"async\" class=\"aligncenter wp-image-11803 size-large\" src=\"https:\/\/africafashiontour.com\/wp-content\/uploads\/2026\/01\/designer-africain-683x1024.webp\" alt=\"\" width=\"683\" height=\"1024\" srcset=\"https:\/\/africafashiontour.com\/wp-content\/uploads\/2026\/01\/designer-africain-683x1024.webp 683w, https:\/\/africafashiontour.com\/wp-content\/uploads\/2026\/01\/designer-africain-480x720.webp 480w\" sizes=\"(min-width: 0px) and (max-width: 480px) 480px, (min-width: 481px) 683px, 100vw\" \/><\/p>\n<p>&nbsp;<\/p>\n<div>\n<h3><span class=\"TextRun SCXW70675462 BCX0\" lang=\"FR-FR\" xml:lang=\"FR-FR\" data-contrast=\"none\"><span class=\"NormalTextRun SCXW70675462 BCX0\" data-ccp-parastyle=\"heading 3\">A influ\u00eancia da<\/span><span class=\"NormalTextRun SCXW70675462 BCX0\" data-ccp-parastyle=\"heading 3\"> criatividade africana <\/span><span class=\"NormalTextRun SCXW70675462 BCX0\" data-ccp-parastyle=\"heading 3\">africana nas<\/span><span class=\"NormalTextRun SCXW70675462 BCX0\" data-ccp-parastyle=\"heading 3\"> tend\u00eancias mundiais<\/span><\/span><span class=\"LineBreakBlob BlobObject DragDrop SCXW70675462 BCX0\"><span class=\"SCXW70675462 BCX0\"> <\/span><br class=\"SCXW70675462 BCX0\"><\/span><\/h3>\n<p aria-level=\"3\"><span data-contrast=\"auto\">Muitos elementos da moda africana contempor\u00e2nea <\/span><b><span data-contrast=\"auto\">moda africana contempor\u00e2nea<\/span><\/b><span data-contrast=\"auto\">  s\u00e3o agora uma for\u00e7a a ter em conta na cena mundial. Vemos regularmente   <\/span><b><span data-contrast=\"auto\">tecidos de cera revisitados<\/span><\/b><span data-contrast=\"auto\"> e acess\u00f3rios adornados com missangas artesanais.<\/span><span data-ccp-props=\"{\"134233117\":false,\"134233118\":false,\"134245418\":true,\"134245529\":true,\"335559738\":281,\"335559739\":281}\"> <\/span><\/p>\n<p><span data-contrast=\"auto\">Esta influ\u00eancia vai para al\u00e9m da est\u00e9tica <\/span><b><span data-contrast=\"auto\">As marcas africanas<\/span><\/b><span data-contrast=\"auto\"> tamb\u00e9m demonstram os seus conhecimentos t\u00e9cnicos e privilegiam uma abordagem \u00e9tica. <\/span><b><span data-contrast=\"auto\">Produ\u00e7\u00e3o local<\/span><\/b><span data-contrast=\"auto\">Produ\u00e7\u00e3o local, rastreabilidade, reconhecimento do valor dos artes\u00e3os&#8230; estes s\u00e3o apenas alguns dos compromissos que apelam a um p\u00fablico empenhado na autenticidade e na sustentabilidade.<\/span><span data-ccp-props=\"{\"134233117\":false,\"134233118\":false,\"335559738\":240,\"335559739\":240}\"> <\/span><\/p>\n<h3><span class=\"TextRun SCXW240846284 BCX0\" lang=\"FR-FR\" xml:lang=\"FR-FR\" data-contrast=\"none\"><span class=\"NormalTextRun SCXW240846284 BCX0\" data-ccp-parastyle=\"heading 3\">L<\/span><span class=\"NormalTextRun SCXW240846284 BCX0\" data-ccp-parastyle=\"heading 3\">s principais activos dos designers africanos<\/span><\/span><span class=\"EOP SCXW240846284 BCX0\" data-ccp-props=\"{\"134233117\":false,\"134233118\":false,\"134245418\":true,\"134245529\":true,\"335559738\":281,\"335559739\":281}\"> <\/span><\/h3>\n<p><span data-contrast=\"auto\">Os <\/span><b><span data-contrast=\"auto\">criadores de moda africanos<\/span><\/b><span data-contrast=\"auto\">  destacaram-se pela sua capacidade de adapta\u00e7\u00e3o \u00e0s r\u00e1pidas mudan\u00e7as do mercado. A sua for\u00e7a reside na constru\u00e7\u00e3o de pontes entre a cultura africana e as expectativas estil\u00edsticas globais, dando vida a uma nova gera\u00e7\u00e3o de designers.   <\/span><b><span data-contrast=\"auto\">guarda-roupa misto<\/span><\/b><span data-contrast=\"auto\">inovador e significativo.<\/span><span data-ccp-props=\"{\"134233117\":false,\"134233118\":false,\"335559738\":240,\"335559739\":240}\"> <\/span><\/p>\n<p><span data-contrast=\"auto\">Estes <\/span><b><span data-contrast=\"auto\">designers africanos<\/span><\/b><span data-contrast=\"auto\">  contam uma hist\u00f3ria atrav\u00e9s de cada cole\u00e7\u00e3o. Com base na sua heran\u00e7a, seja na \u00c1frica Ocidental, do Sul ou Oriental, criam linhas distintas, ricas em simbolismo e emo\u00e7\u00e3o. <\/span><\/p>\n<p>&nbsp;<\/p>\n<h2><span class=\"TextRun SCXW66672605 BCX0\" lang=\"FR-FR\" xml:lang=\"FR-FR\" data-contrast=\"none\"><span class=\"NormalTextRun SCXW66672605 BCX0\" data-ccp-parastyle=\"heading 2\">Quem s\u00e3o os novos rostos da moda africana contempor\u00e2nea?<\/span><\/span><span class=\"EOP SCXW66672605 BCX0\" data-ccp-props=\"{\"134233117\":false,\"134233118\":false,\"134245418\":true,\"134245529\":true,\"335559738\":299,\"335559739\":299}\"> <\/span><\/h2>\n<p><span data-contrast=\"auto\">A nova gera\u00e7\u00e3o de <\/span><b><span data-contrast=\"auto\">jovens designers africanos<\/span><\/b><span data-contrast=\"auto\"> ousam afirmar a sua singularidade, gra\u00e7as aos <\/span><b><span data-contrast=\"auto\">Designers africanos<\/span><\/b><span data-contrast=\"auto\">  din\u00e2micos e inventivos. Muitos deles fazem o seu nome em semanas de moda dedicadas, enquanto alguns j\u00e1 est\u00e3o a trabalhar com algumas das principais casas de moda do mundo. <\/span><span data-ccp-props=\"{\"134233117\":false,\"134233118\":false,\"335559738\":240,\"335559739\":240}\"> <\/span><\/p>\n<p><span data-contrast=\"auto\"><strong>O Africa Fashion Tour<\/strong> destaca regularmente estas figuras ambiciosas que est\u00e3o a reinventar o futuro da ind\u00fastria. Alguns optam por uma abordagem de vanguarda baseada na experimenta\u00e7\u00e3o t\u00eaxtil, enquanto outros se concentram na sofistica\u00e7\u00e3o ou no minimalismo, revelando a diversidade do panorama da moda africana.   <\/span><b><span data-contrast=\"auto\">Criatividade africana<\/span><\/b><span data-contrast=\"auto\">.<\/span><\/p>\n<h3><span class=\"TextRun SCXW241529935 BCX0\" lang=\"FR-FR\" xml:lang=\"FR-FR\" data-contrast=\"none\"><span class=\"NormalTextRun SCXW241529935 BCX0\" data-ccp-parastyle=\"heading 3\">As<\/span><span class=\"NormalTextRun SCXW241529935 BCX0\" data-ccp-parastyle=\"heading 3\"> mensagens<\/span><span class=\"NormalTextRun SCXW241529935 BCX0\" data-ccp-parastyle=\"heading 3\">por<\/span><span class=\"NormalTextRun SCXW241529935 BCX0\" data-ccp-parastyle=\"heading 3\"> das marcas africanas atrav\u00e9s das suas cria\u00e7\u00f5es<\/span><\/span><span class=\"EOP SCXW241529935 BCX0\" data-ccp-props=\"{\"134233117\":false,\"134233118\":false,\"134245418\":true,\"134245529\":true,\"335559738\":281,\"335559739\":281}\"> <\/span><\/h3>\n<p><span data-contrast=\"auto\">Para al\u00e9m do estilo, o empenho das <\/span><b><span data-contrast=\"auto\">marcas africanas<\/span><\/b><span data-contrast=\"auto\">  \u00e9 muitas vezes uma assinatura. Quer se trate de promover o papel das mulheres no sector, de valorizar os materiais locais ou de apoiar oficinas comunit\u00e1rias, as suas ac\u00e7\u00f5es t\u00eam tanto peso como as suas roupas. <\/span><span data-ccp-props=\"{\"134233117\":false,\"134233118\":false,\"335559738\":240,\"335559739\":240}\"> <\/span><\/p>\n<p><span data-contrast=\"auto\">Alguns <\/span><b><span data-contrast=\"auto\">Designers africanos<\/span><\/b><span data-contrast=\"auto\">  est\u00e3o tamb\u00e9m a investir na forma\u00e7\u00e3o, conscientes do potencial dos jovens talentosos do continente. Muitos dos projectos apoiados pelo Africa Fashion Tour s\u00e3o impulsionados pela partilha de compet\u00eancias e pela transmiss\u00e3o de conhecimentos. <\/span><\/p>\n<p>&nbsp;<\/p>\n<\/div>\n<h2><span class=\"TextRun SCXW221204534 BCX0\" lang=\"FR-FR\" xml:lang=\"FR-FR\" data-contrast=\"none\"><span class=\"NormalTextRun SCXW221204534 BCX0\" data-ccp-parastyle=\"heading 2\">Que intervenientes nos meios de comunica\u00e7\u00e3o social est\u00e3o a ajudar a dar visibilidade aos designers africanos?<\/span><\/span><span class=\"EOP SCXW221204534 BCX0\" data-ccp-props=\"{\"134233117\":false,\"134233118\":false,\"134245418\":true,\"134245529\":true,\"335559738\":281,\"335559739\":281}\"> <\/span><\/h2>\n<p><span data-contrast=\"auto\">Os <\/span><b><span data-contrast=\"auto\">media especializados<\/span><\/b><span data-contrast=\"auto\"> desempenham um papel fundamental na divulga\u00e7\u00e3o das novas tend\u00eancias do continente africano. <\/span><b><span data-contrast=\"auto\">O Africa Fashion Tour<\/span><\/b><span data-contrast=\"auto\"> \u00e9 um desses meios empenhados, divulgando iniciativas prometedoras, tra\u00e7ando o perfil de <\/span><b><span data-contrast=\"auto\">designers africanos emergentes<\/span><\/b><span data-contrast=\"auto\"> e decifra os principais movimentos da moda africana <\/span><b><span data-contrast=\"auto\">moda africana contempor\u00e2nea<\/span><\/b><span data-contrast=\"auto\">.<\/span><span data-ccp-props=\"{\"134233117\":false,\"134233118\":false,\"335559738\":240,\"335559739\":240}\"> <\/span><\/p>\n<p><span data-contrast=\"auto\">Este compromisso editorial inclui tamb\u00e9m a cria\u00e7\u00e3o de redes de talentos, a organiza\u00e7\u00e3o de eventos dedicados e a promo\u00e7\u00e3o de workshops. Todas estas actividades contribuem para refor\u00e7ar o ecossistema local e internacional em torno da   <\/span><b><span data-contrast=\"auto\">Criatividade africana<\/span><\/b><span data-contrast=\"auto\">.<\/span><span data-ccp-props=\"{\"134233117\":false,\"134233118\":false,\"335559738\":240,\"335559739\":240}\"> <\/span><\/p>\n<p><span data-contrast=\"auto\">Organizando <\/span><b><span data-contrast=\"auto\">desfiles de moda<\/span><\/b><span data-contrast=\"auto\"> de jovens criadores, desenvolvendo <\/span><b><span data-contrast=\"auto\">plataformas digitais<\/span><\/b><span data-contrast=\"auto\"> plataformas digitais dedicadas \u00e0 descoberta de novos talentos, trabalhando com <\/span><b><span data-contrast=\"auto\">colaborando com fot\u00f3grafos<\/span><\/b><span data-contrast=\"auto\">modelos e artistas de todo o continente, bem como a difus\u00e3o de <\/span><b><span data-contrast=\"auto\">relat\u00f3rios<\/span><\/b><span data-contrast=\"auto\"> sobre a transforma\u00e7\u00e3o positiva do sector, o ecossistema criativo africano est\u00e1 a ser gradualmente estruturado e refor\u00e7ado.<\/span><span data-ccp-props=\"{\"134233117\":false,\"134233118\":false,\"335559738\":240,\"335559739\":240}\"> <\/span><\/p>\n<p><span data-contrast=\"auto\">Entrar <\/span><b><span data-contrast=\"auto\">redes sociais<\/span><\/b><span data-contrast=\"auto\">blogues influentes e revistas de estilo de vida, a voz dos <\/span><b><span data-contrast=\"auto\">designers de <a href=\"https:\/\/africafashiontour.com\/pt-pt\/descubra-a-moda-africana-moderna-uma-mistura-de-inovacao-tradicao-e-criatividade\/\">moda africana moderna<\/a><\/span><\/b><span data-contrast=\"auto\">  est\u00e1 a crescer. Solicitados por marcas europeias e americanas, est\u00e3o a encontrar uma plataforma para expressar a sua criatividade.   <\/span><b><span data-contrast=\"auto\">criatividade africana<\/span><\/b><span data-contrast=\"auto\"> e abrir novos horizontes para a moda mundial.<\/span><\/p>\n<p>&nbsp;<\/p>\n<h2><span class=\"TextRun SCXW189947214 BCX0\" lang=\"FR-FR\" xml:lang=\"FR-FR\" data-contrast=\"none\"><span class=\"NormalTextRun SCXW189947214 BCX0\" data-ccp-parastyle=\"heading 2\">Que desafios esperam os futuros designers de \u00c1frica?<\/span><\/span><span class=\"EOP SCXW189947214 BCX0\" data-ccp-props=\"{\"134233117\":false,\"134233118\":false,\"134245418\":true,\"134245529\":true,\"335559738\":299,\"335559739\":299}\"> <\/span><\/h2>\n<p><span data-contrast=\"auto\">Mesmo que <\/span><b><span data-contrast=\"auto\">a moda africana<\/span><\/b><span data-contrast=\"auto\"> africana esteja a crescer, ainda existem obst\u00e1culos para os <\/span><b><span data-contrast=\"auto\">jovens criadores<\/span><\/b><span data-contrast=\"auto\">. O acesso ao financiamento, a estrutura\u00e7\u00e3o das cadeias de abastecimento locais e a distribui\u00e7\u00e3o internacional continuam a ser desafios cruciais para manter esta din\u00e2mica.<\/span><span data-ccp-props=\"{\"134233117\":false,\"134233118\":false,\"335559738\":240,\"335559739\":240}\"> <\/span><\/p>\n<p><span data-contrast=\"auto\">No entanto, a aud\u00e1cia continua a ser o cerne de cada caminho. Os que perseveram apoiam-se muitas vezes em iniciativas colectivas, beneficiando de um ambiente prop\u00edcio \u00e0 coopera\u00e7\u00e3o e alimentado por projectos unificadores. <strong>O Africa Fashion Tour<\/strong> continua assim a servir de trampolim para aqueles que sonham em afirmar-se como grandes refer\u00eancias no mundo da moda.   <\/span><b><span data-contrast=\"auto\">Criatividade africana<\/span><\/b><span data-contrast=\"auto\">.<\/span><span data-ccp-props=\"{\"134233117\":false,\"134233118\":false,\"335559738\":240,\"335559739\":240}\"> <\/span><\/p>\n<p><span data-ccp-props=\"{\"134233117\":false,\"134233118\":false,\"335559738\":240,\"335559739\":240}\"> <\/span><\/p>\n<div>\n<p>&nbsp;<\/p>\n<\/div>\n","protected":false},"excerpt":{"rendered":"<p>O cena internacional da moda A cena internacional da moda assistiu a um aumento not\u00e1vel do n\u00famero de criadores africanos. Longe de serem estere\u00f3tipos, estes Designers de moda africanos revelam uma criatividade africana onde o patrim\u00f3nio cultural se encontra com a inova\u00e7\u00e3o. Africa Fashion Tourum meio de comunica\u00e7\u00e3o especializado em estilo de vida e e [&hellip;]<\/p>\n","protected":false},"author":70,"featured_media":0,"parent":0,"menu_order":0,"comment_status":"closed","ping_status":"closed","template":"","meta":{"_et_pb_use_builder":"off","_et_pb_old_content":"","_et_gb_content_width":"","footnotes":""},"class_list":["post-11867","page","type-page","status-publish","hentry"],"_links":{"self":[{"href":"https:\/\/africafashiontour.com\/pt-pt\/wp-json\/wp\/v2\/pages\/11867","targetHints":{"allow":["GET"]}}],"collection":[{"href":"https:\/\/africafashiontour.com\/pt-pt\/wp-json\/wp\/v2\/pages"}],"about":[{"href":"https:\/\/africafashiontour.com\/pt-pt\/wp-json\/wp\/v2\/types\/page"}],"author":[{"embeddable":true,"href":"https:\/\/africafashiontour.com\/pt-pt\/wp-json\/wp\/v2\/users\/70"}],"replies":[{"embeddable":true,"href":"https:\/\/africafashiontour.com\/pt-pt\/wp-json\/wp\/v2\/comments?post=11867"}],"version-history":[{"count":1,"href":"https:\/\/africafashiontour.com\/pt-pt\/wp-json\/wp\/v2\/pages\/11867\/revisions"}],"predecessor-version":[{"id":12578,"href":"https:\/\/africafashiontour.com\/pt-pt\/wp-json\/wp\/v2\/pages\/11867\/revisions\/12578"}],"wp:attachment":[{"href":"https:\/\/africafashiontour.com\/pt-pt\/wp-json\/wp\/v2\/media?parent=11867"}],"curies":[{"name":"wp","href":"https:\/\/api.w.org\/{rel}","templated":true}]}}