{"id":12217,"date":"2026-02-13T12:21:22","date_gmt":"2026-02-13T11:21:22","guid":{"rendered":"https:\/\/africafashiontour.com\/descubra-a-historia-da-moda-africana-das-tradicoes-as-tendencias-mundiais\/"},"modified":"2026-02-13T12:58:37","modified_gmt":"2026-02-13T11:58:37","slug":"descubra-a-historia-da-moda-africana-das-tradicoes-as-tendencias-mundiais","status":"publish","type":"page","link":"https:\/\/africafashiontour.com\/pt-pt\/descubra-a-historia-da-moda-africana-das-tradicoes-as-tendencias-mundiais\/","title":{"rendered":"Descubra a hist\u00f3ria da moda africana, das tradi\u00e7\u00f5es \u00e0s tend\u00eancias mundiais"},"content":{"rendered":"<p><span style=\"font-weight: 400;\"><br \/>\nA <\/span><b>riqueza estil\u00edstica do continente africano<\/b><span style=\"font-weight: 400;\">  n\u00e3o pode ser resumido em poucas palavras. O   <\/span><a href=\"https:\/\/africafashiontour.com\/pt-pt\/\"><b>A moda africana<\/b><\/a><span style=\"font-weight: 400;\">\u00e9 um mosaico de <\/span><b>tecidos vibrantes<\/b><span style=\"font-weight: 400;\">hist\u00f3rias ancestrais e express\u00f5es art\u00edsticas que atualmente fascinam o mundo inteiro. <\/span><b>Tour da moda em \u00c1frica<\/b><span style=\"font-weight: 400;\">  h\u00e1 v\u00e1rios anos que mergulha no cora\u00e7\u00e3o destas inspira\u00e7\u00f5es variadas, para esclarecer esta evolu\u00e7\u00e3o \u00fanica. Eis um olhar sobre uma viagem fascinante atrav\u00e9s dos tempos, pontuada pela   <\/span><b>criatividade<\/b><span style=\"font-weight: 400;\">os <\/span><b>recursos naturais<\/b><span style=\"font-weight: 400;\"> e a<\/span><b>identidade<\/b><span style=\"font-weight: 400;\"> de um continente em movimento.<\/span><\/p>\n<p>&nbsp;<\/p>\n<h2><span class=\"TextRun SCXW155745016 BCX0\" lang=\"FR-FR\" xml:lang=\"FR-FR\" data-contrast=\"none\"><span class=\"NormalTextRun SCXW155745016 BCX0\" data-ccp-parastyle=\"heading 2\">As ra\u00edzes da moda africana, entre tradi\u00e7\u00e3o e identidade<\/span><\/span><span class=\"EOP SCXW155745016 BCX0\" data-ccp-props=\"{\"134233117\":false,\"134233118\":false,\"134245418\":true,\"134245529\":true,\"335559738\":299,\"335559739\":299}\"> <\/span><\/h2>\n<p><span style=\"font-weight: 400;\"><br \/>\nMuito antes da globaliza\u00e7\u00e3o da moda, cada regi\u00e3o do continente desenvolveu os seus pr\u00f3prios <\/span><b>estilos de vestu\u00e1rio<\/b><span style=\"font-weight: 400;\">. O vestu\u00e1rio e os acess\u00f3rios n\u00e3o serviam apenas para prote\u00e7\u00e3o e adorno. Tamb\u00e9m exprimiam   <\/span><b>s\u00edmbolos poderosos de identidade<\/b><span style=\"font-weight: 400;\">Esta heran\u00e7a, que se materializa no nosso patrim\u00f3nio, \u00e9 uma fonte de inspira\u00e7\u00e3o. Este patrim\u00f3nio, que se traduz em   <\/span><b>Os tecidos africanos<\/b><span style=\"font-weight: 400;\"> como a tanga, o kente ou o boubou, reflectem o di\u00e1logo constante entre <\/span><b>costumes locais<\/b><span style=\"font-weight: 400;\"> e a express\u00e3o individual. <\/span> <\/p>\n<p><span style=\"font-weight: 400;\">Atrav\u00e9s do seu vestu\u00e1rio, os africanos j\u00e1 afirmavam a sua singularidade <\/span><b>singularidade durante as cerim\u00f3nias<\/b><span style=\"font-weight: 400;\">Estes eventos fazem parte de uma s\u00e9rie de rituais, ritos de inicia\u00e7\u00e3o ou festas religiosas. O  <\/span><b>motivos, cores e ornamentos<\/b><span style=\"font-weight: 400;\"> foram transmitidos oralmente, forjando uma <\/span><b>hist\u00f3ria da moda<\/b><span style=\"font-weight: 400;\">  que est\u00e1 ancorada na mem\u00f3ria colectiva. Em   <\/span><b>Tour de Moda em \u00c1frica<\/b><span style=\"font-weight: 400;\"> destacamos regularmente a nostalgia destes t\u00eaxteis hist\u00f3ricos, ao mesmo tempo que exploramos a forma como inspiram os actuais <\/span><b>designers e influenciadores<\/b><span style=\"font-weight: 400;\"> na cena contempor\u00e2nea<\/span><\/p>\n<p>&nbsp;<\/p>\n<p><img decoding=\"async\" class=\"aligncenter wp-image-12207 size-full\" src=\"https:\/\/africafashiontour.com\/wp-content\/uploads\/2026\/02\/pexels-photo-2170387.jpeg\" alt=\"mulheres que representam a hist\u00f3ria da moda africana\" width=\"500\" height=\"625\" srcset=\"https:\/\/africafashiontour.com\/wp-content\/uploads\/2026\/02\/pexels-photo-2170387.jpeg 500w, https:\/\/africafashiontour.com\/wp-content\/uploads\/2026\/02\/pexels-photo-2170387-480x600.jpeg 480w\" sizes=\"(min-width: 0px) and (max-width: 480px) 480px, (min-width: 481px) 500px, 100vw\" \/><\/p>\n<p>&nbsp;<\/p>\n<p>&nbsp;<\/p>\n<div>\n<h2>A mat\u00e9ria-prima, o bem precioso das tradi\u00e7\u00f5es africanas<\/h2>\n<p><span style=\"font-weight: 400;\"><br \/>\nSe africano <\/span><b>moda africana<\/b><span style=\"font-weight: 400;\"> t\u00e3o cativante, \u00e9 tamb\u00e9m gra\u00e7as \u00e0 diversidade das suas <\/span><b>mat\u00e9rias-primas<\/b><span style=\"font-weight: 400;\">. O algod\u00e3o cultivado localmente, a r\u00e1fia, o couro artisticamente trabalhado e as fibras vegetais tecidas \u00e0 m\u00e3o constituem uma paleta excecional. Estas   <\/span><b>recursos naturais<\/b><span style=\"font-weight: 400;\"> desempenham um papel ativo na<\/span><b>evolu\u00e7\u00e3o da moda<\/b><span style=\"font-weight: 400;\">Isto permite-nos renovar o nosso know-how e, ao mesmo tempo, valorizar o nosso patrim\u00f3nio. <\/span> <\/p>\n<p><span style=\"font-weight: 400;\">Alguns <\/span><b>tecidos africanos<\/b><span style=\"font-weight: 400;\">como o bogolan ou a cera, s\u00e3o criados atrav\u00e9s de uma t\u00e9cnica tradicional que combina cores, padr\u00f5es geom\u00e9tricos e hist\u00f3rias transmitidas de gera\u00e7\u00e3o em gera\u00e7\u00e3o. <\/span> <\/p>\n<p><span style=\"font-weight: 400;\">O apego \u00e0s <\/span><b>mat\u00e9rias-primas<\/b><span style=\"font-weight: 400;\">  nunca impediu a inova\u00e7\u00e3o. O  <\/span><b>Designers africanos<\/b><span style=\"font-weight: 400;\"> formas engenhosas de modernizar as tradi\u00e7\u00f5es africanas e <\/span><b>tradi\u00e7\u00f5es africanas<\/b><span style=\"font-weight: 400;\">misturando texturas e inventando novos processos de tingimento. Esta din\u00e2mica alimenta a <\/span><b>a influ\u00eancia global do continente<\/b><span style=\"font-weight: 400;\">confirmando o seu estatuto de vanguarda estil\u00edstica. <\/span> <\/p>\n<p><span style=\"font-weight: 400;\">H\u00e1 v\u00e1rias d\u00e9cadas, grupos de diferentes pa\u00edses j\u00e1 estavam a revisitar a utiliza\u00e7\u00e3o de p\u00e9rolas, conchas e bordados sofisticados. L&#8217;<\/span><b>autenticidade dos produtos contempor\u00e2neos<\/b><span style=\"font-weight: 400;\"> continua a recorrer a uma variedade de recursos naturais, criando uma verdadeira ponte entre <\/span><b>passado e o presente<\/b><span style=\"font-weight: 400;\">.<\/span><\/p>\n<p><span style=\"font-weight: 400;\"> <\/span><\/p>\n<h2>A evolu\u00e7\u00e3o da moda africana: quando a heran\u00e7a e a modernidade se fundem<\/h2>\n<p><span style=\"font-weight: 400;\"><br \/>\nO per\u00edodo p\u00f3s-colonial marcou um ponto de viragem importante na<\/span><b>hist\u00f3ria da moda africana<\/b><span style=\"font-weight: 400;\">. As influ\u00eancias externas do Ocidente e da \u00c1sia est\u00e3o agora a ser combinadas com um desejo crescente de promover a sua pr\u00f3pria cultura.  <\/span><b>ra\u00edzes<\/b><span style=\"font-weight: 400;\">. Um vento de liberdade soprou nas passerelles africanas, impulsionado pela emerg\u00eancia de uma nova gera\u00e7\u00e3o de designers de moda.  <\/span><b>designers<\/b><span style=\"font-weight: 400;\"> \u00e1vidos de reconhecimento internacional. <\/span> <\/p>\n<p><span style=\"font-weight: 400;\">A partir dos anos 80, registou-se uma explos\u00e3o de <\/span><b>criatividade<\/b><span style=\"font-weight: 400;\"> de mulheres e homens que se afirmaram como a voz de um <\/span><b>orgulho africano<\/b><span style=\"font-weight: 400;\">. O  <\/span><b>silhuetas arrojadas<\/b><span style=\"font-weight: 400;\">silhuetas, novos cortes e um jogo de sobreposi\u00e7\u00f5es testemunham uma ambi\u00e7\u00e3o crescente de fazer parte das tend\u00eancias globais. <\/span><b>tend\u00eancias globais<\/b><span style=\"font-weight: 400;\">sem comprometer a for\u00e7a da identidade local.<\/span><\/p>\n<p>&nbsp;<\/p>\n<p><span style=\"font-weight: 400;\"><img decoding=\"async\" class=\"aligncenter wp-image-12211\" src=\"https:\/\/africafashiontour.com\/wp-content\/uploads\/2026\/02\/pexels-askar-abayev-6190984-683x1024.jpg\" alt=\"homem que representa a hist\u00f3ria da moda africana\" width=\"500\" height=\"749\" srcset=\"https:\/\/africafashiontour.com\/wp-content\/uploads\/2026\/02\/pexels-askar-abayev-6190984-683x1024.jpg 683w, https:\/\/africafashiontour.com\/wp-content\/uploads\/2026\/02\/pexels-askar-abayev-6190984-200x300.jpg 200w, https:\/\/africafashiontour.com\/wp-content\/uploads\/2026\/02\/pexels-askar-abayev-6190984-768x1151.jpg 768w, https:\/\/africafashiontour.com\/wp-content\/uploads\/2026\/02\/pexels-askar-abayev-6190984-scaled.jpg 1922w\" sizes=\"(max-width: 500px) 100vw, 500px\" \/> <\/span><\/p>\n<h2><\/h2>\n<h2>Como \u00e9 que a moda africana est\u00e1 a mudar em todo o mundo?<\/h2>\n<p><span style=\"font-weight: 400;\"><br \/>\nA est\u00e9tica do continente est\u00e1 gradualmente a deixar a sua marca em Paris, Londres e Nova Iorque. Artistas, modelos e designers que cresceram longe do seu pa\u00eds de origem est\u00e3o agora a reinterpretar os estilos da sua terra natal.   <\/span><b>c\u00f3digos familiares<\/b><span style=\"font-weight: 400;\"> para impulsionar a moda africana para a vanguarda da<\/span><b>influ\u00eancia mundial<\/b><span style=\"font-weight: 400;\">. <\/span> <\/p>\n<p><span style=\"font-weight: 400;\">Inevitavelmente, a ascens\u00e3o das <\/span><b>redes sociais<\/b><span style=\"font-weight: 400;\">  est\u00e1 a transformar os m\u00e9todos de distribui\u00e7\u00e3o. Apoiado pelo dinamismo de uma popula\u00e7\u00e3o urbana ligada, um ecossistema sem precedentes de bloguistas, criadores de conte\u00fados e profissionais dos meios de comunica\u00e7\u00e3o social est\u00e1 a criar todo um novo mundo de conte\u00fados.   <\/span><b>influenciadores<\/b><span style=\"font-weight: 400;\"> popularizar a riqueza dos <\/span><b>tecidos africanos<\/b><span style=\"font-weight: 400;\">  no Instagram e no TikTok. Esta visibilidade acrescida est\u00e1 a ajudar a colocar os jovens talentos na cena internacional.   <\/span><\/p>\n<p><span style=\"font-weight: 400;\">O <\/span><b>estilo de rua africano<\/b><span style=\"font-weight: 400;\">est\u00e1 a ganhar popularidade. Este facto confirma a capacidade de adapta\u00e7\u00e3o do continente \u00e0s exig\u00eancias do s\u00e9culo XXI.   <\/span><b>luxo moderno<\/b><span style=\"font-weight: 400;\"> ao mesmo tempo que afirma com orgulho as suas <\/span><b>m\u00faltiplas identidades<\/b><span style=\"font-weight: 400;\">. Como tal,  <\/span><b>A Africa Fashion Tour<\/b><span style=\"font-weight: 400;\"> desempenha um papel essencial para documentar e real\u00e7ar a vitalidade destas express\u00f5es emergentes.<\/span><\/p>\n<p>&nbsp;<\/p>\n<h2>Um futuro promissor para a moda africana<\/h2>\n<p><span style=\"font-weight: 400;\"><br \/>\nO sector n\u00e3o p\u00e1ra de surpreender. Entre   <\/span><b>um regresso assertivo \u00e0 autenticidade<\/b><span style=\"font-weight: 400;\">procura de <\/span><b>sustentabilidade<\/b><span style=\"font-weight: 400;\"> e uma abertura a novos mercados, a moda africana <\/span><b>A moda africana seduz tanto quanto inspira<\/b><span style=\"font-weight: 400;\">. Este renascimento n\u00e3o s\u00f3 atrai as aten\u00e7\u00f5es, como tamb\u00e9m incute um novo orgulho nos jovens que est\u00e3o ligados \u00e0s suas fam\u00edlias.  <\/span><b>identidades e ra\u00edzes<\/b><span style=\"font-weight: 400;\">.<\/span><\/p>\n<p><span style=\"font-weight: 400;\"><b>O Africa Fashion Tour<\/b> \u00e9 um meio de comunica\u00e7\u00e3o empenhado nesta transforma\u00e7\u00e3o, reunindo os apaixonados pelo <b>estilo de vida africano<\/b> e orientando os curiosos e os profissionais para novas descobertas estil\u00edsticas. Num continente onde a express\u00e3o pessoal nunca deixou de se reinventar, o pr\u00f3ximo cap\u00edtulo promete ser repleto de ideias, encontros e ousadias criativas. <\/span><\/p>\n<\/div>\n<p><span data-ccp-props=\"{\"134233117\":false,\"134233118\":false,\"335559738\":240,\"335559739\":240}\"> <\/span><\/p>\n<div>\n<p>&nbsp;<\/p>\n<\/div>\n","protected":false},"excerpt":{"rendered":"<p>A riqueza estil\u00edstica do continente africano n\u00e3o pode ser resumido em poucas palavras. O A moda africana\u00e9 um mosaico de tecidos vibranteshist\u00f3rias ancestrais e express\u00f5es art\u00edsticas que atualmente fascinam o mundo inteiro. Tour da moda em \u00c1frica h\u00e1 v\u00e1rios anos que mergulha no cora\u00e7\u00e3o destas inspira\u00e7\u00f5es variadas, para esclarecer esta evolu\u00e7\u00e3o \u00fanica. Eis um olhar [&hellip;]<\/p>\n","protected":false},"author":70,"featured_media":0,"parent":0,"menu_order":0,"comment_status":"closed","ping_status":"closed","template":"","meta":{"_et_pb_use_builder":"off","_et_pb_old_content":"","_et_gb_content_width":"","footnotes":""},"class_list":["post-12217","page","type-page","status-publish","hentry"],"_links":{"self":[{"href":"https:\/\/africafashiontour.com\/pt-pt\/wp-json\/wp\/v2\/pages\/12217","targetHints":{"allow":["GET"]}}],"collection":[{"href":"https:\/\/africafashiontour.com\/pt-pt\/wp-json\/wp\/v2\/pages"}],"about":[{"href":"https:\/\/africafashiontour.com\/pt-pt\/wp-json\/wp\/v2\/types\/page"}],"author":[{"embeddable":true,"href":"https:\/\/africafashiontour.com\/pt-pt\/wp-json\/wp\/v2\/users\/70"}],"replies":[{"embeddable":true,"href":"https:\/\/africafashiontour.com\/pt-pt\/wp-json\/wp\/v2\/comments?post=12217"}],"version-history":[{"count":2,"href":"https:\/\/africafashiontour.com\/pt-pt\/wp-json\/wp\/v2\/pages\/12217\/revisions"}],"predecessor-version":[{"id":12225,"href":"https:\/\/africafashiontour.com\/pt-pt\/wp-json\/wp\/v2\/pages\/12217\/revisions\/12225"}],"wp:attachment":[{"href":"https:\/\/africafashiontour.com\/pt-pt\/wp-json\/wp\/v2\/media?parent=12217"}],"curies":[{"name":"wp","href":"https:\/\/api.w.org\/{rel}","templated":true}]}}