{"id":8010,"date":"2020-04-07T21:48:38","date_gmt":"2020-04-07T19:48:38","guid":{"rendered":"https:\/\/africafashiontour.com\/podcast-s1-ep1-adama-paris-empreendedor-em-serie-semana-da-moda-de-dakar\/"},"modified":"2020-04-07T21:48:38","modified_gmt":"2020-04-07T19:48:38","slug":"podcast-s1-ep1-adama-paris-empreendedor-em-serie-semana-da-moda-de-dakar","status":"publish","type":"page","link":"https:\/\/africafashiontour.com\/pt-pt\/podcast-s1-ep1-adama-paris-empreendedor-em-serie-semana-da-moda-de-dakar\/","title":{"rendered":"Podcast S1 Ep1: Adama Paris, empreendedor em s\u00e9rie | Semana da Moda de Dakar"},"content":{"rendered":"<p>[vc_row][vc_column][vc_column_text css=&#8221;.vc_custom_1593864946463{margin-top: 25px !important;margin-right: 2px !important;margin-bottom: 25px !important;margin-left: 2px !important;border-right-width: 2px !important;border-left-width: 2px !important;padding-right: 2px !important;padding-left: 2px !important;}&#8221;]<\/p>\n<h3 style=\"text-align: center;\">A hist\u00f3ria de<a href=\"https:\/\/www.instagram.com\/adamaparis\/?hl=fr\" target=\"_blank\" rel=\"ugc noopener noreferrer\">Adama Paris<\/a>, uma mulher de neg\u00f3cios influente e apaixonada que trabalha para promover a criatividade africana para al\u00e9m das fronteiras do continente.<\/h3>\n<p>[\/vc_column_text][\/vc_column][\/vc_row][vc_row][vc_column][vc_video link=&#8221;https:\/\/youtu.be\/c4vGI80NpzI&#8221;][\/vc_column][\/vc_row][vc_row][vc_column][vc_column_text][\/vc_column_text][\/vc_column][\/vc_row][vc_row][vc_column width=&#8221;1\/4&#8243;][vc_single_image image=&#8221;2026&#8243; alignment=&#8221;center&#8221; onclick=&#8221;custom_link&#8221; link=&#8221;https:\/\/podcasts.apple.com\/us\/podcast\/adama-paris-serial-entrepreneur-s1-ep1\/id1499497187?i=1000468966038&#8243;][vc_column_text font_family=&#8221;Julius Sans One&#8221;]<\/p>\n<p style=\"text-align: center;\"><strong>APPLE<\/strong><\/p>\n<p>[\/vc_column_text][\/vc_column][vc_column width=&#8221;1\/4&#8243;][vc_single_image image=&#8221;2025&#8243; alignment=&#8221;center&#8221; onclick=&#8221;custom_link&#8221; link=&#8221;https:\/\/deezer.page.link\/Hkgekr4ZANMd7HZV6&#8243;][vc_column_text font_family=&#8221;Julius Sans One&#8221;]<\/p>\n<p style=\"text-align: center;\"><strong>DEEZER<\/strong><\/p>\n<p>[\/vc_column_text][\/vc_column][vc_column width=&#8221;1\/4&#8243;][vc_single_image image=&#8221;2027&#8243; alignment=&#8221;center&#8221; onclick=&#8221;custom_link&#8221; link=&#8221;https:\/\/podcasts.google.com\/feed\/aHR0cHM6Ly9hbmNob3IuZm0vcy8xMjk1NjVjMC9wb2RjYXN0L3Jzcw\/episode\/aHR0cHM6Ly9hbmNob3IuZm0vYWZyaWNhZmFzaGlvbnRvdXIvZXBpc29kZXMvQWRhbWEtUGFyaXMtLVNlcmlhbC1FbnRyZXByZW5ldXItUzEtRVAxLWViaGVjMw?sa=X&amp;ved=2ahUKEwiTvteYgLvrAhWRw4UKHafoBFQQkfYCegQIARAF&#8221;][vc_column_text font_family=&#8221;Julius Sans One&#8221;]<\/p>\n<p style=\"text-align: center;\"><strong>GOOGLE<\/strong><\/p>\n<p>[\/vc_column_text][\/vc_column][vc_column width=&#8221;1\/4&#8243;][vc_single_image image=&#8221;2028&#8243; alignment=&#8221;center&#8221; onclick=&#8221;custom_link&#8221; link=&#8221;https:\/\/open.spotify.com\/episode\/0328Qn7VPaACLrKlNlMFK8&#8243;][vc_column_text font_family=&#8221;Julius Sans One&#8221;]<\/p>\n<p style=\"text-align: center;\"><strong>SPOTIFY<\/strong><\/p>\n<p>[\/vc_column_text][\/vc_column][\/vc_row][vc_row][vc_column][vc_column_text][\/vc_column_text][\/vc_column][\/vc_row][vc_row][vc_column width=&#8221;1\/2&#8243;][vc_single_image image=&#8221;1881&#8243; onclick=&#8221;custom_link&#8221; img_link_target=&#8221;_blank&#8221; css=&#8221;.vc_custom_1593893378433{padding-top: 10px !important;padding-right: 10px !important;padding-bottom: 10px !important;padding-left: 10px !important;}&#8221; link=&#8221;https:\/\/anchor.fm\/africafashiontour\/episodes\/Preview-S1-EP-1-eaqleq&#8221;][vc_column_text]<\/p>\n<p style=\"text-align: center;\">[luv_button href=&#8221;https:\/\/anchor.fm\/africafashiontour\/episodes\/Preview-S1-EP-1-eaqleq&#8221; text=&#8221;OUVIR O EPIS\u00d3DIO&#8221; font_family=&#8221;Julius Sans One&#8221; target=&#8221;_blank&#8221; color_scheme=&#8221;custom-color&#8221; color=&#8221;#ffffff&#8221; background_color=&#8221;#1b1d1f&#8221; hover_color=&#8221;#1b1d1f&#8221; hover_background_color=&#8221;#ffffff&#8221;]<\/p>\n<p>[\/vc_column_text][\/vc_column][vc_column width=&#8221;1\/2&#8243;][vc_single_image image=&#8221;1842&#8243; onclick=&#8221;custom_link&#8221; img_link_target=&#8221;_blank&#8221; css=&#8221;.vc_custom_1593893388773{padding-top: 10px !important;padding-right: 10px !important;padding-bottom: 10px !important;padding-left: 10px !important;}&#8221; link=&#8221;https:\/\/anchor.fm\/africafashiontour\/episodes\/Adama-Paris&#8211;Serial-Entrepreneur-S1-EP1-ebhec3&#8243;][vc_column_text]<\/p>\n<p style=\"text-align: center;\">[luv_button href=&#8221;https:\/\/anchor.fm\/africafashiontour\/episodes\/Adama-Paris&#8211;Serial-Entrepreneur-S1-EP1-ebhec3&#8243; text=&#8221;OUVIR O EPIS\u00d3DIO&#8221; font_family=&#8221;Julius Sans One&#8221; target=&#8221;_blank&#8221; color_scheme=&#8221;custom-color&#8221; color=&#8221;#ffffff&#8221; background_color=&#8221;#1b1d1f&#8221; hover_color=&#8221;#1b1d1f&#8221; hover_background_color=&#8221;#ffffff&#8221;]<\/p>\n<p>[\/vc_column_text][\/vc_column][\/vc_row][vc_row][vc_column][vc_column_text]<\/p>\n<p>[\/vc_column_text][\/vc_column][\/vc_row]<\/p>\n","protected":false},"excerpt":{"rendered":"<p>[vc_row][vc_column][vc_column_text css=&#8221;.vc_custom_1593864946463{margin-top: 25px !important;margin-right: 2px !important;margin-bottom: 25px !important;margin-left: 2px !important;border-right-width: 2px !important;border-left-width: 2px !important;padding-right: 2px !important;padding-left: 2px !important;}&#8221;] A hist\u00f3ria deAdama Paris, uma mulher de neg\u00f3cios influente e apaixonada que trabalha para promover a criatividade africana para al\u00e9m das fronteiras do continente. [\/vc_column_text][\/vc_column][\/vc_row][vc_row][vc_column][vc_video link=&#8221;https:\/\/youtu.be\/c4vGI80NpzI&#8221;][\/vc_column][\/vc_row][vc_row][vc_column][vc_column_text][\/vc_column_text][\/vc_column][\/vc_row][vc_row][vc_column width=&#8221;1\/4&#8243;][vc_single_image image=&#8221;2026&#8243; alignment=&#8221;center&#8221; onclick=&#8221;custom_link&#8221; link=&#8221;https:\/\/podcasts.apple.com\/us\/podcast\/adama-paris-serial-entrepreneur-s1-ep1\/id1499497187?i=1000468966038&#8243;][vc_column_text font_family=&#8221;Julius Sans One&#8221;] APPLE [\/vc_column_text][\/vc_column][vc_column width=&#8221;1\/4&#8243;][vc_single_image [&hellip;]<\/p>\n","protected":false},"author":2,"featured_media":0,"parent":0,"menu_order":0,"comment_status":"closed","ping_status":"closed","template":"","meta":{"_et_pb_use_builder":"","_et_pb_old_content":"","_et_gb_content_width":"","footnotes":""},"class_list":["post-8010","page","type-page","status-publish","hentry"],"_links":{"self":[{"href":"https:\/\/africafashiontour.com\/pt-pt\/wp-json\/wp\/v2\/pages\/8010","targetHints":{"allow":["GET"]}}],"collection":[{"href":"https:\/\/africafashiontour.com\/pt-pt\/wp-json\/wp\/v2\/pages"}],"about":[{"href":"https:\/\/africafashiontour.com\/pt-pt\/wp-json\/wp\/v2\/types\/page"}],"author":[{"embeddable":true,"href":"https:\/\/africafashiontour.com\/pt-pt\/wp-json\/wp\/v2\/users\/2"}],"replies":[{"embeddable":true,"href":"https:\/\/africafashiontour.com\/pt-pt\/wp-json\/wp\/v2\/comments?post=8010"}],"version-history":[{"count":0,"href":"https:\/\/africafashiontour.com\/pt-pt\/wp-json\/wp\/v2\/pages\/8010\/revisions"}],"wp:attachment":[{"href":"https:\/\/africafashiontour.com\/pt-pt\/wp-json\/wp\/v2\/media?parent=8010"}],"curies":[{"name":"wp","href":"https:\/\/api.w.org\/{rel}","templated":true}]}}