{"id":9046,"date":"2024-01-09T00:11:41","date_gmt":"2024-01-08T23:11:41","guid":{"rendered":"https:\/\/africafashiontour.com\/influencias-externas-na-moda-africana\/"},"modified":"2025-04-20T20:24:56","modified_gmt":"2025-04-20T18:24:56","slug":"influencias-externas-na-moda-africana","status":"publish","type":"page","link":"https:\/\/africafashiontour.com\/pt-pt\/o-nosso-guia-da-moda-africana\/influencias-externas-na-moda-africana\/","title":{"rendered":"Influ\u00eancias externas na moda africana"},"content":{"rendered":"<p><strong>A moda africana<\/strong> \u00e9 rica e diversificada, com uma hist\u00f3ria profunda e fortes ra\u00edzes culturais. No entanto, n\u00e3o se manteve confinada \u00e0s suas fronteiras originais; evoluiu ao incorporar influ\u00eancias externas. Quer seja atrav\u00e9s da leveza dos t\u00eaxteis ou dos cortes de vanguarda, a <strong>transforma\u00e7\u00e3o<\/strong> \u00e9 tang\u00edvel. Este impressionante hibridismo estil\u00edstico mostra como as culturas mundiais desempenharam um papel na reinven\u00e7\u00e3o da moda no continente africano. Clique em <a href=\"https:\/\/africafashiontour.com\/pt-pt\/\">Moda africana<\/a> para ver um pouco desta efervesc\u00eancia criativa.    <\/p>\n<p>A primeira parte da nossa an\u00e1lise centrar-se-\u00e1 na<strong>influ\u00eancia ocidental<\/strong>, que moldou muitos aspectos do vestu\u00e1rio tradicional. Em seguida, analisaremos em pormenor o impacto dos motivos orientais e do corte das pe\u00e7as de vestu\u00e1rio asi\u00e1ticas nos <strong>estilos africanos<\/strong>. Por \u00faltimo, ser\u00e1 examinado o impacto da <a href=\"https:\/\/africafashiontour.com\/pt-pt\/o-nosso-guia-da-moda-africana\/como-e-que-a-moda-africana-resistiu-ao-teste-do-tempo\/\">globaliza\u00e7\u00e3o<\/a>, revelando como esta uniformizou e enriqueceu a paleta de express\u00f5es da moda africana.  <\/p>\n<p>&nbsp;<\/p>\n<p><img decoding=\"async\" class=\"img-responsive\" src=\"https:\/\/africafashiontour.com\/wp-content\/uploads\/2024\/01\/mode-africaine-influences-exterieures-impacts.jpg\" alt=\"Influ\u00eancias externas na moda africana: impactos e consequ\u00eancias\"><\/p>\n<h2>Como \u00e9 que as culturas ocidentais influenciaram a moda africana?<\/h2>\n<p>No vasto tabuleiro de xadrez da moda internacional, onde cada cultura contribui com a sua pedra para o edif\u00edcio estil\u00edstico global, a influ\u00eancia das culturas ocidentais \u00e9 inegavelmente sentida na <a href=\"https:\/\/africafashiontour.com\/pt-pt\/o-nosso-guia-da-moda-africana\/como-e-que-as-culturas-ocidentais-influenciaram-a-moda-africana\/\">moda africana<\/a>. Esta influ\u00eancia n\u00e3o se limita \u00e0 simples ado\u00e7\u00e3o de tend\u00eancias, mas encarna um di\u00e1logo criativo entre tradi\u00e7\u00e3o e modernidade. A \u00c1frica, com a sua riqueza t\u00eaxtil e os seus motivos emblem\u00e1ticos, acolhe o pronto-a-vestir ocidental, impregnando-o da sua pr\u00f3pria ess\u00eancia est\u00e9tica.  <\/p>\n<p>A introdu\u00e7\u00e3o da <strong>alfaiataria<\/strong>, heran\u00e7a colonial por excel\u00eancia, conduziu a uma metamorfose dos cortes tradicionais, que se tornaram mais refinados e estruturados. A utiliza\u00e7\u00e3o de tecidos como o tweed e a ganga no vestu\u00e1rio africano ilustra bem esta fus\u00e3o de influ\u00eancias. Os criadores do continente negro utilizam estes materiais vindos de outros lugares para revisitar e reinventar as silhuetas nativas.  <\/p>\n<p><strong>O streetwear<\/strong>, que \u00e9 o pilar da moda ocidental atual, tamb\u00e9m se impregnou nos estilistas africanos, que o consideram um terreno f\u00e9rtil para a sua inventividade desenfreada. Estas marcas urbanas baseiam-se na sua heran\u00e7a iconogr\u00e1fica para criar colec\u00e7\u00f5es cativantes que ir\u00e3o certamente agitar as ruas de Accra e de Nova Iorque. <\/p>\n<p>Este fluxo transcontinental levou ao aparecimento de marcas africanas nas passerelles internacionais, trazendo uma narrativa \u00fanica, em que cada modelo conta uma hist\u00f3ria pessoal, desenvolvida por um saber-fazer local ancestral transfigurado atrav\u00e9s de um prisma contempor\u00e2neo.<\/p>\n<h2>O impacto das influ\u00eancias asi\u00e1ticas nos estilos africanos<\/h2>\n<p>No que diz respeito \u00e0 fertiliza\u00e7\u00e3o cruzada de estilos, <strong>\u00c1frica destaca-se<\/strong> pela sua capacidade de integrar e reinventar influ\u00eancias externas. A \u00c1sia, com as suas tradi\u00e7\u00f5es t\u00eaxteis seculares, deixou a sua marca no vestu\u00e1rio africano. Este impacto \u00e9 particularmente vis\u00edvel na escolha dos materiais e nos padr\u00f5es que atualmente adornam os tecidos usados no continente.  <\/p>\n<p>Os mercados africanos est\u00e3o agora repletos de tecidos como o cetim de seda e a organza, inegavelmente inspirados no Oriente. Os motivos de drag\u00e3o, que representam a for\u00e7a e o poder na \u00c1sia, est\u00e3o tamb\u00e9m a florescer nas cria\u00e7\u00f5es contempor\u00e2neas, dando uma dimens\u00e3o transcontinental \u00e0 identidade visual africana. <\/p>\n<p><strong>Alguns cortes tradicionais asi\u00e1ticos<\/strong> foram adaptados para refletir o<a href=\"https:\/\/africafashiontour.com\/pt-pt\/o-nosso-guia-da-moda-africana\/o-impacto-das-influencias-asiaticas-nos-estilos-africanos\/\">impacto das influ\u00eancias asi\u00e1ticas<\/a> nos estilos africanos. Um exemplo not\u00e1vel \u00e9 a ado\u00e7\u00e3o do colarinho mandarim, carater\u00edstico do qipao chin\u00eas, que encontra o seu lugar em vestidos ou t\u00fanicas ajustadas feitas de tecidos de cera tipicamente africanos. Esta fus\u00e3o cria uma ponte entre dois mundos est\u00e9ticos ricos, permitindo aos designers africanos oferecer pe\u00e7as que contam uma nova hist\u00f3ria.  <\/p>\n<p>A <strong>filosofia asi\u00e1tica da<\/strong> cor est\u00e1 gradualmente a permear as tend\u00eancias do mercado africano. Assistimos a uma utiliza\u00e7\u00e3o mais ousada e simb\u00f3lica das cores vivas &#8211; cores que j\u00e1 existiam, mas que agora encontram harmonias inovadoras inspiradas nas paletas asi\u00e1ticas. <\/p>\n<p>Esta influ\u00eancia m\u00fatua \u00e9 um testemunho da <strong>riqueza criativa que adv\u00e9m do di\u00e1logo<\/strong> entre diferentes culturas e um lembrete de como a moda \u00e9 frequentemente utilizada como um ve\u00edculo para expressar o respeito m\u00fatuo e a admira\u00e7\u00e3o partilhada entre os povos.<\/p>\n<h2>A influ\u00eancia da globaliza\u00e7\u00e3o na moda tradicional africana<\/h2>\n<p>A globaliza\u00e7\u00e3o, com os interc\u00e2mbios e liga\u00e7\u00f5es interculturais que lhe est\u00e3o associados, teve uma influ\u00eancia decisiva na moda africana. A dissemina\u00e7\u00e3o generalizada de tend\u00eancias e pr\u00e1ticas de vestu\u00e1rio abriu horizontes estil\u00edsticos, mas tamb\u00e9m coloca um desafio consider\u00e1vel \u00e0 autenticidade e \u00e0 preserva\u00e7\u00e3o de heran\u00e7as ancestrais. Os designers africanos est\u00e3o agora a navegar num espa\u00e7o onde a inspira\u00e7\u00e3o local e a din\u00e2mica global se fundem.  <\/p>\n<p>Este caldeir\u00e3o cultural \u00e9 ilustrado pelo aparecimento de pe\u00e7as que combinam habilmente motivos tradicionais africanos com cortes e t\u00e9cnicas da ind\u00fastria da moda global. Tecidos emblem\u00e1ticos como o kente e a cera s\u00e3o reinventados de novas formas, oscilando entre o respeito pelo passado e o desejo de inova\u00e7\u00e3o. Esta osmose tamb\u00e9m d\u00e1 origem a cria\u00e7\u00f5es h\u00edbridas em que os t\u00eaxteis africanos e os designs contempor\u00e2neos coexistem harmoniosamente.  <\/p>\n<p>No entanto, embora o enriquecimento m\u00fatuo seja evidente, h\u00e1 quem receie uma potencial eros\u00e3o da identidade do vestu\u00e1rio tradicional africano face ao rolo compressor da globaliza\u00e7\u00e3o. Perante isto, uma nova vaga de designers faz a escolha estrat\u00e9gica do localismo: ao promoverem a utiliza\u00e7\u00e3o exclusiva de materiais do continente e ao recorrerem constantemente ao vasto manancial de tradi\u00e7\u00f5es \u00e9tnicas locais para as suas cria\u00e7\u00f5es, n\u00e3o s\u00f3 afirmam a sua identidade, como tamb\u00e9m impulsionam um renascimento criativo, inspirando todo o sector. <\/p>\n<p>Com as suas m\u00faltiplas repercuss\u00f5es, tanto a n\u00edvel econ\u00f3mico como cultural, a quest\u00e3o continua a ser complexa: como tirar partido dos benef\u00edcios desta abertura, salvaguardando ao mesmo tempo a integridade da singularidade que caracteriza a riqueza dos t\u00eaxteis e dos desenhos africanos? Este delicado equil\u00edbrio entre integra\u00e7\u00e3o global e autenticidade est\u00e1 atualmente no centro de um <a href=\"https:\/\/africafashiontour.com\/guide-mode-africaine\/mode-africaine-influence-mondialisation-tradition\/\">di\u00e1logo permanente entre modernidade e tradi\u00e7\u00f5es ancestrais<\/a>. <\/p>\n<p>&nbsp;<\/p>\n<h2>FAQ Clich\u00e9s e estere\u00f3tipos<\/h2>\n<div class=\"question-container\">\n<div class=\"question\"><strong>Qual \u00e9 o objetivo de agrupar a diversidade de estilos sob o termo &#8220;moda africana&#8221;?<\/strong><br \/>\n\u00c9 utilizado para descrever uma vasta gama de cria\u00e7\u00f5es, embora cada pe\u00e7a tenha a sua pr\u00f3pria hist\u00f3ria.<\/div>\n<\/div>\n<div class=\"question-container\">\n<div class=\"question\"><\/div>\n<\/div>\n<div class=\"question-container\">\n<div class=\"answer\"><strong>A moda africana oferece roupa casual para todas as esta\u00e7\u00f5es?<\/strong><br \/>\nSem d\u00favida, a moda africana oferece roupas casuais para todas as esta\u00e7\u00f5es, oferecendo uma variedade de escolhas para todas as ocasi\u00f5es.<\/div>\n<\/div>\n<div>O chap\u00e9u Fulani Tengada pode ser usado com estilo em desfiles de moda africanos. No entanto, recomenda-se vivamente que isso seja feito com um conhecimento profundo do seu significado cultural. Respeitar o significado deste chap\u00e9u \u00e9 essencial para evitar a apropria\u00e7\u00e3o cultural.  <\/div>\n<div><\/div>\n<div><strong>A moda africana est\u00e1 sobretudo associada a cores vibrantes?<\/strong><br \/>\nN\u00e3o, a moda africana n\u00e3o se limita a cores intensas; pelo contr\u00e1rio, celebra a versatilidade crom\u00e1tica nas suas cria\u00e7\u00f5es.<\/div>\n<div><\/div>\n<div><strong>\u00c9 correto descrever a moda africana como ex\u00f3tica?<\/strong><br \/>\nN\u00e3o, a moda africana merece uma aprecia\u00e7\u00e3o mais matizada do que o termo &#8220;ex\u00f3tica&#8221;, porque contribui ativamente para a cena da moda global.<\/div>\n<div><\/div>\n<div>\n<p><em>Recomendamos estas outras p\u00e1ginas:  <\/em><\/p>\n<ul>\n<li><a href=\"https:\/\/africafashiontour.com\/pt-pt\/a-historia-da-moda-africana-e-a-sua-influencia-na-moda-internacional\/\">A hist\u00f3ria da moda africana e a sua influ\u00eancia na moda internacional<\/a><\/li>\n<li><a href=\"https:\/\/africafashiontour.com\/pt-pt\/o-nosso-guia-da-moda-africana\/a-evolucao-da-moda-africana-ao-longo-dos-anos\/\">A evolu\u00e7\u00e3o da moda africana ao longo dos anos<\/a><\/li>\n<li><a href=\"https:\/\/africafashiontour.com\/pt-pt\/o-nosso-guia-da-moda-africana\/diferentes-estilos-em-diferentes-partes-de-africa\/\">Diferentes estilos em diferentes partes de \u00c1frica<\/a><\/li>\n<li><a href=\"https:\/\/africafashiontour.com\/pt-pt\/o-nosso-guia-da-moda-africana\/moda-africana-moderna-quando-a-tradicao-e-a-contemporaneidade-se-encontram\/\">Moda africana moderna: quando a tradi\u00e7\u00e3o e a contemporaneidade se encontram<\/a><\/li>\n<li><a href=\"https:\/\/africafashiontour.com\/pt-pt\/o-nosso-guia-da-moda-africana\/descubra-as-ultimas-tendencias-da-moda-africana\/\">Descubra as \u00faltimas tend\u00eancias da moda africana<\/a><\/li>\n<\/ul>\n<\/div>\n","protected":false},"excerpt":{"rendered":"<p>A moda africana \u00e9 rica e diversificada, com uma hist\u00f3ria profunda e fortes ra\u00edzes culturais. No entanto, n\u00e3o se manteve confinada \u00e0s suas fronteiras originais; evoluiu ao incorporar influ\u00eancias externas. Quer seja atrav\u00e9s da leveza dos t\u00eaxteis ou dos cortes de vanguarda, a transforma\u00e7\u00e3o \u00e9 tang\u00edvel. Este impressionante hibridismo estil\u00edstico mostra como as culturas mundiais [&hellip;]<\/p>\n","protected":false},"author":17,"featured_media":0,"parent":9097,"menu_order":0,"comment_status":"closed","ping_status":"closed","template":"","meta":{"_et_pb_use_builder":"","_et_pb_old_content":"","_et_gb_content_width":"","footnotes":""},"class_list":["post-9046","page","type-page","status-publish","hentry"],"_links":{"self":[{"href":"https:\/\/africafashiontour.com\/pt-pt\/wp-json\/wp\/v2\/pages\/9046","targetHints":{"allow":["GET"]}}],"collection":[{"href":"https:\/\/africafashiontour.com\/pt-pt\/wp-json\/wp\/v2\/pages"}],"about":[{"href":"https:\/\/africafashiontour.com\/pt-pt\/wp-json\/wp\/v2\/types\/page"}],"author":[{"embeddable":true,"href":"https:\/\/africafashiontour.com\/pt-pt\/wp-json\/wp\/v2\/users\/17"}],"replies":[{"embeddable":true,"href":"https:\/\/africafashiontour.com\/pt-pt\/wp-json\/wp\/v2\/comments?post=9046"}],"version-history":[{"count":1,"href":"https:\/\/africafashiontour.com\/pt-pt\/wp-json\/wp\/v2\/pages\/9046\/revisions"}],"predecessor-version":[{"id":9106,"href":"https:\/\/africafashiontour.com\/pt-pt\/wp-json\/wp\/v2\/pages\/9046\/revisions\/9106"}],"up":[{"embeddable":true,"href":"https:\/\/africafashiontour.com\/pt-pt\/wp-json\/wp\/v2\/pages\/9097"}],"wp:attachment":[{"href":"https:\/\/africafashiontour.com\/pt-pt\/wp-json\/wp\/v2\/media?parent=9046"}],"curies":[{"name":"wp","href":"https:\/\/api.w.org\/{rel}","templated":true}]}}