{"id":9066,"date":"2024-01-09T00:12:32","date_gmt":"2024-01-08T23:12:32","guid":{"rendered":"https:\/\/africafashiontour.com\/quais-sao-os-principais-materiais-utilizados-na-moda-africana\/"},"modified":"2025-04-20T20:24:57","modified_gmt":"2025-04-20T18:24:57","slug":"quais-sao-os-principais-materiais-utilizados-na-moda-africana","status":"publish","type":"page","link":"https:\/\/africafashiontour.com\/pt-pt\/o-nosso-guia-da-moda-africana\/quais-sao-os-principais-materiais-utilizados-na-moda-africana\/","title":{"rendered":"Quais s\u00e3o os principais materiais utilizados na moda africana?"},"content":{"rendered":"<p><a href=\"https:\/\/africafashiontour.com\/pt-pt\/\">A moda africana<\/a> \u00e9 um mundo rico e colorido onde os materiais desempenham um papel central, reflectindo as tradi\u00e7\u00f5es e a inova\u00e7\u00e3o do continente. <strong>O algod\u00e3o<\/strong> \u00e9 frequentemente associado ao vestu\u00e1rio tradicional africano devido \u00e0 sua disponibilidade e adaptabilidade. Este t\u00eaxtil est\u00e1 dispon\u00edvel numa vasta gama de varia\u00e7\u00f5es e \u00e9 uma adi\u00e7\u00e3o bem-vinda aos guarda-roupas contempor\u00e2neos. Al\u00e9m disso, o bazin e a cera s\u00e3o tecidos que incorporam a identidade africana atrav\u00e9s dos seus padr\u00f5es ic\u00f3nicos e cores vibrantes, tornando-se telas de express\u00e3o para artes\u00e3os e designers. Sem esquecer que a ind\u00fastria <a href=\"https:\/\/africafashiontour.com\/pt-pt\/o-nosso-guia-da-moda-africana\/dicas-e-conselhos-para-adotar-um-estilo-de-moda-africano\/\">da moda africana<\/a> tamb\u00e9m est\u00e1 a explorar <strong>caminhos inovadores<\/strong>, incorporando <strong>materiais inovadores<\/strong> para enriquecer a paleta de escolhas dispon\u00edveis e satisfazer a crescente procura global. Esta vis\u00e3o geral dos principais tecidos utilizados \u00e9 uma porta de entrada para compreender a complexidade e o dinamismo da moda africana atual.     <\/p>\n<p>&nbsp;<\/p>\n<p><img decoding=\"async\" class=\"img-responsive\" src=\"https:\/\/africafashiontour.com\/wp-content\/uploads\/2024\/01\/mode-africaine-matieres-utilisees.jpg\" alt=\"Quais s\u00e3o os principais materiais utilizados na moda africana?\"><\/p>\n<h2>O algod\u00e3o e os seus derivados na moda africana<\/h2>\n<p>O algod\u00e3o est\u00e1 indissociavelmente ligado \u00e0 moda africana e desempenha um papel fundamental no patrim\u00f3nio t\u00eaxtil do continente. Esta fibra vegetal \u00e9 conhecida pela sua suavidade, resist\u00eancia e capacidade de acomodar cores vibrantes. A versatilidade do algod\u00e3o significa que pode ser utilizado para fabricar uma grande variedade de t\u00eaxteis que moldaram a ind\u00fastria da moda africana durante s\u00e9culos.  <\/p>\n<p>No centro deste sector, <strong>o algod\u00e3o biol\u00f3gico<\/strong>, cultivado sem pesticidas, \u00e9 atraente pela sua eco-responsabilidade e pela sua contribui\u00e7\u00e3o para o desenvolvimento sustent\u00e1vel do sector t\u00eaxtil. Os produtores optam por m\u00e9todos tradicionais ou inovadores que preservam o ecossistema, ao mesmo tempo que fornecem uma mat\u00e9ria-prima de primeira qualidade. <\/p>\n<p>A transforma\u00e7\u00e3o do algod\u00e3o d\u00e1 igualmente origem a uma variedade de tecidos com carater\u00edsticas espec\u00edficas. A musselina, leve e arejada, confere ao vestu\u00e1rio um drapeado elegante que \u00e9 particularmente procurado para trajes de festa ou v\u00e9us requintados. A ganga, por outro lado, \u00e9 feita de lona de algod\u00e3o resistente e permite-nos explorar uma faceta mais urbana e moderna da moda africana atrav\u00e9s de pe\u00e7as como casacos ou cal\u00e7as de ganga personalizadas com motivos tribais.  <\/p>\n<p>O artesanato africano tamb\u00e9m inclui <strong>o damasco,<\/strong> tecido carater\u00edstico obtido por uma subtil combina\u00e7\u00e3o de brilho e mate sobre fundos lisos ou jacquard. Capaz de encarnar sofistica\u00e7\u00e3o e requinte, \u00e9 muitas vezes escolhido para confecionar boubous topo de gama e outras pe\u00e7as de vestu\u00e1rio tradicional. <\/p>\n<p>Para real\u00e7ar a beleza destes t\u00eaxteis de algod\u00e3o, os artes\u00e3os utilizam t\u00e9cnicas milenares como o batik e o adire &#8211; provenientes da Indon\u00e9sia e da Nig\u00e9ria, respetivamente &#8211; para criar padr\u00f5es intrincados no tecido, tecidos a partir de uma rica hist\u00f3ria cultural. Cada pe\u00e7a de vestu\u00e1rio exprime a beleza singular ditada pela pr\u00f3pria natureza do tecido: aut\u00eantica e inventiva, transmitindo a exuber\u00e2ncia alegre do esp\u00edrito afrochique. <\/p>\n<p>Por isso, n\u00e3o \u00e9 de admirar que esta afei\u00e7\u00e3o pelo algod\u00e3o se reflicta nos designs contempor\u00e2neos, onde os designers locais e internacionais celebram esta heran\u00e7a atrav\u00e9s de uma moda ecl\u00e9tica que combina tradi\u00e7\u00e3o e modernidade no mesmo tecido.<\/p>\n<h2>A utiliza\u00e7\u00e3o de bazina e cera nos t\u00eaxteis africanos<\/h2>\n<p>O bazin e a cera, dois tecidos emblem\u00e1ticos, ocupam um lugar especial no guarda-roupa africano. <strong>O bazin<\/strong>, um tecido luxuoso com um toque granuloso, distingue-se pelo seu aspeto brilhante, resultado de um processo meticuloso de tingimento, batimento e acabamento. \u00c9 apreciado em cerim\u00f3nias festivas ou religiosas e tem a reputa\u00e7\u00e3o de real\u00e7ar a apar\u00eancia de quem o usa, gra\u00e7as aos seus reflexos cintilantes e \u00e0 sua capacidade de ser esculpido em dobras fascinantes.  <\/p>\n<p>Por seu lado, <strong>a cera<\/strong>, com a sua explos\u00e3o de cores vivas e padr\u00f5es t\u00edpicos que contam hist\u00f3rias ou simbolizam prov\u00e9rbios populares africanos, encarna a pr\u00f3pria express\u00e3o da moda africana nos mercados internacionais. Resistente, gra\u00e7as \u00e0 sua natureza algodonosa, e pr\u00e1tica <strong>, gra\u00e7as \u00e0<\/strong> sua facilidade de manuten\u00e7\u00e3o, \u00e9 t\u00e3o adequada para o uso quotidiano como para as cria\u00e7\u00f5es topo de gama aclamadas nas passarelas mundiais. <\/p>\n<p><strong>Esta dupla de tecidos<\/strong> afina a silhueta, criando conjuntos que combinam tradi\u00e7\u00e3o e modernidade, respeitando sempre os c\u00f3digos est\u00e9ticos inerentes \u00e0s diferentes culturas do continente. A vivacidade da cera contrasta com a sobriedade elegante do bazin; juntos ou separados, estes tecidos convidam a uma viagem sensorial onde a moda se torna uma forma de linguagem universal. <\/p>\n<h2>Materiais inovadores e sua integra\u00e7\u00e3o na moda africana contempor\u00e2nea<\/h2>\n<p>A moda africana sempre celebrou as suas ra\u00edzes tradicionais atrav\u00e9s de tecidos como a cera e o bazin. Mas um vento de modernidade est\u00e1 agora a soprar na ind\u00fastria da moda do continente com a chegada de materiais inovadores. Estes novos tecidos n\u00e3o s\u00f3 trazem um sopro de criatividade, como tamb\u00e9m incorporam uma maior consci\u00eancia ecol\u00f3gica e social entre os designers.  <\/p>\n<p>A incorpora\u00e7\u00e3o de <strong>fibras ecol\u00f3gicas<\/strong>, como o bambu, o c\u00e2nhamo e a fibra de anan\u00e1s, oferece aos criadores um terreno f\u00e9rtil para a experimenta\u00e7\u00e3o, ao mesmo tempo que se alinham com os princ\u00edpios do desenvolvimento sustent\u00e1vel. Al\u00e9m disso, estes materiais acrescentam uma dimens\u00e3o extra \u00e0 moda, combinando o estilo contempor\u00e2neo com a responsabilidade ambiental. Os designers africanos est\u00e3o a aderir a esta transi\u00e7\u00e3o, n\u00e3o s\u00f3 por esp\u00edrito de inova\u00e7\u00e3o, mas tamb\u00e9m para promover uma ind\u00fastria \u00e9tica que respeite os recursos naturais.  <\/p>\n<p>Esta <strong>nova<\/strong> vaga de t\u00eaxteis combina na perfei\u00e7\u00e3o com t\u00e9cnicas artesanais ancestrais que ainda est\u00e3o vivas e bem presentes no continente. Pr\u00e1ticas como o tingimento vegetal e a utiliza\u00e7\u00e3o de corantes naturais misturam-se harmoniosamente com estes t\u00eaxteis futuristas para criar pe\u00e7as que s\u00e3o simultaneamente vanguardistas e enraizadas num rico patrim\u00f3nio cultural. \u00c9 fascinante ver como os materiais de vanguarda est\u00e3o a remodelar um sector de vestu\u00e1rio que est\u00e1 profundamente ligado \u00e0 sua heran\u00e7a, criando uma entrada marcante na era moderna, expurgada da esc\u00f3ria do passado industrial.  <\/p>\n<p>A inova\u00e7\u00e3o t\u00eaxtil n\u00e3o p\u00e1ra de surpreender na moda africana contempor\u00e2nea, onde o design inovador e as preocupa\u00e7\u00f5es sustent\u00e1veis formam uma alian\u00e7a estrat\u00e9gica favor\u00e1vel a um mercado local e internacional din\u00e2mico.<\/p>\n<div>\n<h2>FAQ Clich\u00e9s e estere\u00f3tipos<\/h2>\n<div class=\"question-container\">\n<div class=\"answer\"><strong>A moda africana oferece op\u00e7\u00f5es para todas as esta\u00e7\u00f5es?<\/strong><br \/>\nSem d\u00favida! Os designers africanos incorporam uma variedade de tecidos e estilos nas suas colec\u00e7\u00f5es para oferecer op\u00e7\u00f5es para todas as esta\u00e7\u00f5es do ano. <\/div>\n<div><\/div>\n<div><strong>Qual \u00e9 o objetivo de agrupar a diversidade de estilos sob o termo &#8220;moda africana&#8221;?<\/strong><br \/>\n\u00c9 utilizado para descrever uma vasta gama de cria\u00e7\u00f5es, embora cada pe\u00e7a tenha a sua pr\u00f3pria hist\u00f3ria.<\/div>\n<\/div>\n<p><strong>O tecido de cera \u00e9 inspirado nas culturas africanas?<\/strong><br \/>\nEsta quest\u00e3o continua sem uma resposta definitiva, mas encorajamo-lo a explorar a hist\u00f3ria cativante da cera. \u00c9 uma quest\u00e3o que alimenta um debate apaixonado e merece ser compreendida em profundidade. O termo &#8220;cera&#8221; tem a sua origem na t\u00e9cnica de impress\u00e3o em cera inspirada no batik javan\u00eas da Indon\u00e9sia. Este m\u00e9todo consiste em cobrir o motivo negativo com cera, tingir o tecido com uma cor e depois enxaguar para remover a cera. Os colonizadores ingleses e holandeses adoptaram esta t\u00e9cnica para conquistar o mercado indon\u00e9sio do batik javan\u00eas, produzindo-o rapidamente e a baixo pre\u00e7o na Europa gra\u00e7as \u00e0 industrializa\u00e7\u00e3o dos t\u00eaxteis.    <\/p>\n<p>Quando os batiks europeus foram exportados para a Indon\u00e9sia, foram considerados de qualidade med\u00edocre devido a irregularidades na t\u00e9cnica de impress\u00e3o. Perante este fracasso, os colonizadores decidiram oferecer o seu produto em \u00c1frica, onde foi um sucesso retumbante. A cera tornou-se um elemento b\u00e1sico da moda africana, com empres\u00e1rias como Nanas Benz a constru\u00edrem imp\u00e9rios com a sua comercializa\u00e7\u00e3o. Atualmente, a cera \u00e9 produzida em v\u00e1rios locais, incluindo a Holanda, a China e a \u00cdndia, e as f\u00e1bricas africanas especializadas enfrentam a concorr\u00eancia global.   <\/p>\n<div class=\"question-container\"><strong>\u00c9 comum a moda africana privilegiar as cores intensas?<\/strong><br \/>\nDe modo algum, a moda africana n\u00e3o se resume a cores ousadas, mas estende-se a uma variedade de tons que exprimem a individualidade art\u00edstica.<\/div>\n<div class=\"question-container\">\n<div class=\"answer\"><\/div>\n<div class=\"answer\"><strong>A moda africana pode ser descrita com exatid\u00e3o como ex\u00f3tica?<\/strong><br \/>\nN\u00e3o, o termo &#8220;ex\u00f3tico&#8221; n\u00e3o tem em conta a diversidade e a modernidade da moda africana, que est\u00e1 a deixar a sua marca na cena internacional.<\/div>\n<\/div>\n<\/div>\n<p>&nbsp;<\/p>\n<p><em>Recomendamos estas outras p\u00e1ginas:  <\/em><\/p>\n<ul>\n<li><a href=\"https:\/\/africafashiontour.com\/pt-pt\/o-nosso-guia-da-moda-africana\/quais-sao-os-tecidos-mais-utilizados-na-moda-africana\/\">Quais s\u00e3o os tecidos mais utilizados na moda africana?<\/a><\/li>\n<li><a href=\"https:\/\/africafashiontour.com\/pt-pt\/o-nosso-guia-da-moda-africana\/quais-sao-os-acessorios-essenciais-para-um-look-inspirado-na-moda-africana\/\">Quais s\u00e3o os acess\u00f3rios essenciais para um look inspirado na moda africana?<\/a><\/li>\n<li><a href=\"https:\/\/africafashiontour.com\/pt-pt\/o-nosso-guia-da-moda-africana\/como-e-que-se-misturam-e-combinam-pecas-de-moda-africanas\/\">Como \u00e9 que se mistura a moda africana com pe\u00e7as ocidentais para obter um look \u00fanico?<\/a><\/li>\n<li><a href=\"https:\/\/africafashiontour.com\/pt-pt\/o-nosso-guia-da-moda-africana\/o-impacto-das-estampas-na-expressao-da-moda-africana\/\">O impacto das estampas na express\u00e3o da moda africana<\/a><\/li>\n<li><a href=\"https:\/\/africafashiontour.com\/guide-mode-africaine\/mode-africaine-couleurs-dominent-comment-utiliser\/\">Que cores dominam mais frequentemente a moda africana e como podem ser utilizadas num conjunto?<\/a><\/li>\n<\/ul>\n","protected":false},"excerpt":{"rendered":"<p>A moda africana \u00e9 um mundo rico e colorido onde os materiais desempenham um papel central, reflectindo as tradi\u00e7\u00f5es e a inova\u00e7\u00e3o do continente. O algod\u00e3o \u00e9 frequentemente associado ao vestu\u00e1rio tradicional africano devido \u00e0 sua disponibilidade e adaptabilidade. Este t\u00eaxtil est\u00e1 dispon\u00edvel numa vasta gama de varia\u00e7\u00f5es e \u00e9 uma adi\u00e7\u00e3o bem-vinda aos guarda-roupas [&hellip;]<\/p>\n","protected":false},"author":17,"featured_media":0,"parent":9097,"menu_order":0,"comment_status":"closed","ping_status":"closed","template":"","meta":{"_et_pb_use_builder":"","_et_pb_old_content":"","_et_gb_content_width":"","footnotes":""},"class_list":["post-9066","page","type-page","status-publish","hentry"],"_links":{"self":[{"href":"https:\/\/africafashiontour.com\/pt-pt\/wp-json\/wp\/v2\/pages\/9066","targetHints":{"allow":["GET"]}}],"collection":[{"href":"https:\/\/africafashiontour.com\/pt-pt\/wp-json\/wp\/v2\/pages"}],"about":[{"href":"https:\/\/africafashiontour.com\/pt-pt\/wp-json\/wp\/v2\/types\/page"}],"author":[{"embeddable":true,"href":"https:\/\/africafashiontour.com\/pt-pt\/wp-json\/wp\/v2\/users\/17"}],"replies":[{"embeddable":true,"href":"https:\/\/africafashiontour.com\/pt-pt\/wp-json\/wp\/v2\/comments?post=9066"}],"version-history":[{"count":1,"href":"https:\/\/africafashiontour.com\/pt-pt\/wp-json\/wp\/v2\/pages\/9066\/revisions"}],"predecessor-version":[{"id":9112,"href":"https:\/\/africafashiontour.com\/pt-pt\/wp-json\/wp\/v2\/pages\/9066\/revisions\/9112"}],"up":[{"embeddable":true,"href":"https:\/\/africafashiontour.com\/pt-pt\/wp-json\/wp\/v2\/pages\/9097"}],"wp:attachment":[{"href":"https:\/\/africafashiontour.com\/pt-pt\/wp-json\/wp\/v2\/media?parent=9066"}],"curies":[{"name":"wp","href":"https:\/\/api.w.org\/{rel}","templated":true}]}}