{"id":9073,"date":"2024-01-09T00:13:00","date_gmt":"2024-01-08T23:13:00","guid":{"rendered":"https:\/\/africafashiontour.com\/como-e-que-se-misturam-e-combinam-pecas-de-moda-africanas\/"},"modified":"2025-04-20T20:24:58","modified_gmt":"2025-04-20T18:24:58","slug":"como-e-que-se-misturam-e-combinam-pecas-de-moda-africanas","status":"publish","type":"page","link":"https:\/\/africafashiontour.com\/pt-pt\/o-nosso-guia-da-moda-africana\/como-e-que-se-misturam-e-combinam-pecas-de-moda-africanas\/","title":{"rendered":"Como \u00e9 que se misturam e combinam pe\u00e7as de moda africanas?"},"content":{"rendered":"<p>Como \u00e9 que se mistura a moda africana com pe\u00e7as ocidentais para obter um look \u00fanico? A arte de fundir a moda africana <strong><a href=\"https:\/\/africafashiontour.com\/pt-pt\/\">moda africana<\/a><\/strong> com elementos do estilo ocidental \u00e9 uma abordagem criativa que oferece uma riqueza inestim\u00e1vel. Esta abordagem apela \u00e0queles que querem expressar a sua identidade cultural, mantendo-se enraizados na modernidade. Compreender a ess\u00eancia da <strong>moda africana<\/strong>, com os seus tecidos coloridos, estampados arrojados e cortes tradicionais, \u00e9 fundamental para conseguir este tipo de combina\u00e7\u00e3o. Em seguida, exploraremos os princ\u00edpios da mistura harmoniosa de estilos, para que as pe\u00e7as africanas e ocidentais se complementem sem entrar em conflito. Por fim, partilharemos <strong><a href=\"https:\/\/africafashiontour.com\/pt-pt\/o-nosso-guia-da-moda-africana\/dicas-e-conselhos-para-adotar-um-estilo-de-moda-africano\/\">dicas e inspira\u00e7\u00e3o<\/a><\/strong> para criar looks \u00fanicos que far\u00e3o as del\u00edcias de quem est\u00e1 disposto a experimentar e inovar no seu guarda-roupa. <strong>Os conjuntos<\/strong> resultantes, longe de serem fruto do acaso, reflectir\u00e3o uma escolha deliberada de express\u00e3o pessoal e de mistura cultural.     <\/p>\n<p>&nbsp;<\/p>\n<p><img decoding=\"async\" class=\"img-responsive\" src=\"https:\/\/africafashiontour.com\/wp-content\/uploads\/2024\/01\/mode-africaine-melanger-pieces-africaines-occidentales-look-unique.jpg\" alt=\"Como \u00e9 que se mistura a moda africana com pe\u00e7as ocidentais para obter um look \u00fanico?\"><\/p>\n<h2>Compreender a ess\u00eancia da moda africana<\/h2>\n<p>Para criar um look memor\u00e1vel, combinando <strong>a moda africana<\/strong> com as <strong>tend\u00eancias ocidentais<\/strong>, \u00e9 essencial compreender a pr\u00f3pria ess\u00eancia da moda do continente africano. Esta caracteriza-se por tecidos de cores ricas, estampados arrojados e uma grande variedade de texturas que se inspiram numa heran\u00e7a cultural ancestral. <\/p>\n<p>A est\u00e9tica africana vai al\u00e9m do simples aspeto visual; incorpora um profundo simbolismo em que cada motivo conta uma hist\u00f3ria, <strong>reflecte valores<\/strong> sociais ou marca as principais etapas da vida. A famosa <strong>cera<\/strong>, o <strong>bazin<\/strong> e <strong>o kente<\/strong> n\u00e3o s\u00e3o apenas tecidos; s\u00e3o um di\u00e1logo visual vibrante, impregnado de hist\u00f3ria e de significado. <\/p>\n<p>Esta riqueza \u00e9 acompanhada de um trabalho artesanal meticuloso, seja na tecelagem, na tinturaria ou na costura. Os designers africanos preservam esta heran\u00e7a, injectando-lhe uma modernidade palp\u00e1vel, o que torna cada pe\u00e7a t\u00e3o intemporal quanto vanguardista. Compreender esta <strong>dualidade<\/strong> entre tradi\u00e7\u00e3o e contemporaneidade \u00e9 essencial para qualquer entusiasta que queira combinar pe\u00e7as africanas com as do guarda-roupa ocidental. Depois de apanhar o jeito, tornar-se-\u00e1 um mestre na arte subtil de misturar estilos para criar um conjunto harmonioso que honre ambas as culturas.   <\/p>\n<h2>Princ\u00edpios para misturar harmoniosamente pe\u00e7as africanas<\/h2>\n<p>A arte de combinar a moda africana com pe\u00e7as de inspira\u00e7\u00e3o ocidental consiste em encontrar o equil\u00edbrio perfeito entre brilho e subtileza. Para o conseguir, \u00e9 necess\u00e1rio adotar certos princ\u00edpios que ajudar\u00e3o a criar uma <strong>simbiose estil\u00edstica<\/strong> que certamente causar\u00e1 uma impress\u00e3o duradoura com a sua originalidade e eleg\u00e2ncia. <\/p>\n<p><strong>Comece<\/strong> sempre com uma pe\u00e7a central; quer se trate de um boubou com motivos ankara ou de uma tanga meticulosamente tecida, ser\u00e1 ela a dar o tom ao look. Depois, combine-o com elementos mais neutros para real\u00e7ar o car\u00e1cter \u00fanico do t\u00eaxtil africano sem o afogar em demasiados acentos divergentes. <\/p>\n<h3>Escolher as cores certas para misturar pe\u00e7as africanas<\/h3>\n<p>As cores vivas e os estampados arrojados s\u00e3o muitas vezes a assinatura da moda africana, pelo que \u00e9 essencial compor cuidadosamente. As cores s\u00f3lidas, em tons terra ou pastel, podem complementar estes padr\u00f5es de forma eficaz sem criar disson\u00e2ncia visual. A utiliza\u00e7\u00e3o estrat\u00e9gica da cor atrai o olhar para onde se quer e mant\u00e9m a harmonia geral.  <\/p>\n<h3>Equil\u00edbrio de propor\u00e7\u00f5es para misturar pe\u00e7as africanas<\/h3>\n<p><strong>Assim,<\/strong> mesmo no exerc\u00edcio criativo de mistura de estilos, as propor\u00e7\u00f5es desempenham um papel fundamental. Um par de cal\u00e7as de cera largas \u00e9 ideal com um top s\u00f3brio e justo para contrabalan\u00e7ar a exuber\u00e2ncia do padr\u00e3o. Por outro lado, um vestido solto com um estampado pode ser complementado por acess\u00f3rios discretos e minimalistas.  <\/p>\n<h3>Sele\u00e7\u00e3o cuidadosa de materiais para misturar pe\u00e7as africanas<\/h3>\n<p>Para al\u00e9m das cores e dos cortes, a pr\u00f3pria textura pode ser um fator decisivo na sua mistura de vestu\u00e1rio. A combina\u00e7\u00e3o da riqueza sensorial de um tecido de cera com a simplicidade de um algod\u00e3o ou seda ocidental convida a uma viagem t\u00e1til e visual. Este contraste de materiais cria uma experi\u00eancia de vestu\u00e1rio envolvente e coesa.  <\/p>\n<p><strong>Dominar<\/strong> a combina\u00e7\u00e3o de pe\u00e7as de inspira\u00e7\u00e3o africana e ocidental n\u00e3o \u00e9 insuper\u00e1vel. Basta lembrar que cada escolha deve contribuir para a hist\u00f3ria que o seu conjunto conta; cada elemento deve interagir sem se impor, construindo a hist\u00f3ria subtil de um estilo que atravessa continentes e culturas para se unir em harmonia. <\/p>\n<h2>Criar looks \u00fanicos: dicas e inspira\u00e7\u00e3o<\/h2>\n<p>Criar <strong>looks \u00fanicos<\/strong> que misturam a moda africana com pe\u00e7as ocidentais \u00e9 uma forma de express\u00e3o pessoal que transcende as fronteiras culturais. Para dar um toque distinto a estes conjuntos, \u00e9 essencial combinar texturas, complementar cores e equilibrar volumes. Por exemplo, considere a possibilidade de integrar uma tanga de cera colorida sob a forma de uma saia justa com um top ocidental branco s\u00f3brio para criar um contraste marcante.  <\/p>\n<h3>Dicas para misturar pe\u00e7as africanas<\/h3>\n<p>Eis algumas dicas sobre como harmonizar estes dois mundos:<\/p>\n<ul>\n<li>Opte por <strong>um acess\u00f3rio<\/strong> de moda africano <strong>forte<\/strong>, como uma mala vistosa ou j\u00f3ias \u00e9tnicas, para elevar instantaneamente um conjunto b\u00e1sico.<\/li>\n<li>Encontre <strong>pe\u00e7as-chave<\/strong>, como um casaco \u00e0 medida num tecido bogolan ic\u00f3nico, para combinar com cal\u00e7as de ganga cruas e sapatos de salto alto para combinar um estilo arrojado com uma eleg\u00e2ncia intemporal.<\/li>\n<li>Atreva-se a criar um conjunto que combine <strong>tecidos com padr\u00f5es imponentes<\/strong>, tendo o cuidado de escolher cores que funcionem naturalmente com os tons neutros do seu guarda-roupa ocidental.<\/li>\n<\/ul>\n<p>Ao criar estas misturas, nunca se esque\u00e7a de que cada pe\u00e7a tem uma hist\u00f3ria por detr\u00e1s. O requinte reside no di\u00e1logo subtil entre a heran\u00e7a simb\u00f3lica africana e a simplicidade por vezes mais minimalista da moda ocidental. Um simples boubou revisitado desta forma pode combinar graciosamente com cal\u00e7as de cigarro profissionais para delinear um <strong>visual vanguardista harmonioso<\/strong>.  <\/p>\n<h3>Inspira\u00e7\u00f5es estil\u00edsticas retiradas das fontes do continente africano<\/h3>\n<p>Inspirar-se no imagin\u00e1rio africano contempor\u00e2neo pode transformar a sua express\u00e3o de moda quotidiana em <strong>cria\u00e7\u00f5es de vanguarda<\/strong>. Inspire-se nos estilistas que est\u00e3o a revolucionar o mundo da moda, como Alphadi ou Imane Ayissi, que baseiam as suas colec\u00e7\u00f5es na fus\u00e3o cultural. Estes criadores provam que a riqueza visual e estrutural de uma pe\u00e7a de vestu\u00e1rio Kente ou Maasai tem o seu lugar ao lado de uma simples camisa oxford ou mesmo de um par de t\u00e9nis minimalistas.  <\/p>\n<p>Nesta procura de uma est\u00e9tica \u00fanica, lembre-se que cada adi\u00e7\u00e3o deve real\u00e7ar a sua individualidade sem comprometer o conforto ou a inten\u00e7\u00e3o por detr\u00e1s do estilo que escolheu. N\u00e3o se trata tanto de seguir cegamente as tend\u00eancias, mas sim de criar uma <strong>linguagem de vestu\u00e1rio<\/strong> em que as suas ra\u00edzes e os seus desejos contempor\u00e2neos se unam. <\/p>\n<p>Podcast do Africa Fashion Tour<\/p>\n<h2>FAQ Clich\u00e9s e estere\u00f3tipos<\/h2>\n<div>\n<div class=\"question-container\">\n<div class=\"answer\">\n<p><b>A moda africana est\u00e1 reservada para a \u00e9poca de ver\u00e3o?  <\/b><span style=\"font-weight: 400;\">A moda africana n\u00e3o se limita a uma esta\u00e7\u00e3o espec\u00edfica.<\/span><\/p>\n<p><b>As conchas de b\u00fazio podem ser usadas com orgulho em qualquer ocasi\u00e3o?  <\/b><span style=\"font-weight: 400;\">As conchas de b\u00fazio podem ser usadas com eleg\u00e2ncia em ocasi\u00f5es formais, mas recomenda-se vivamente que tal seja feito com um conhecimento profundo do seu significado cultural. Respeitar o valor cultural das conchas de b\u00fazio \u00e9 essencial para evitar a apropria\u00e7\u00e3o cultural. <\/span><\/p>\n<p><b>Qual \u00e9 a ideia subjacente \u00e0 utiliza\u00e7\u00e3o da express\u00e3o &#8220;moda africana&#8221; em vez de &#8220;modas africanas&#8221;?  <\/b><span style=\"font-weight: 400;\">A utiliza\u00e7\u00e3o da express\u00e3o &#8220;moda africana&#8221; tem por objetivo simplificar a compreens\u00e3o, embora a diversidade mere\u00e7a um estudo mais aprofundado.<\/span><\/p>\n<p><b>A tradi\u00e7\u00e3o da cera come\u00e7ou em \u00c1frica?  <\/b><span style=\"font-weight: 400;\">A resposta a esta pergunta permanece em aberto, mas convidamo-lo a explorar a fascinante hist\u00f3ria da cera. \u00c9 uma quest\u00e3o que suscita debate e exige uma compreens\u00e3o profunda. O termo &#8220;cera&#8221; teve origem na t\u00e9cnica de impress\u00e3o em cera inspirada no batik javan\u00eas da Indon\u00e9sia.    <\/span><\/p>\n<p><span style=\"font-weight: 400;\">Este m\u00e9todo consiste em cobrir o padr\u00e3o negativo com cera, tingir o tecido com uma cor e depois enxaguar para remover a cera. Os colonizadores ingleses e holandeses adoptaram esta t\u00e9cnica para conquistar o mercado indon\u00e9sio do batik de Java, produzindo-o rapidamente e a baixo pre\u00e7o na Europa gra\u00e7as \u00e0 industrializa\u00e7\u00e3o dos t\u00eaxteis. <\/span><\/p>\n<p><span style=\"font-weight: 400;\">Quando os batiks europeus foram exportados para a Indon\u00e9sia, foram considerados de qualidade med\u00edocre devido a irregularidades na t\u00e9cnica de impress\u00e3o. Perante este fracasso, os colonizadores decidiram oferecer o seu produto em \u00c1frica, onde foi um sucesso retumbante. A cera tornou-se um elemento essencial da moda africana e mulheres de neg\u00f3cios como Nanas Benz constru\u00edram imp\u00e9rios com a sua comercializa\u00e7\u00e3o.    <\/span><\/p>\n<p><span style=\"font-weight: 400;\">Atualmente, a cera \u00e9 produzida numa variedade de locais, incluindo a Holanda, a China e a \u00cdndia, e as f\u00e1bricas africanas especializadas enfrentam a concorr\u00eancia global.<\/span><\/p>\n<p><b>A variedade crom\u00e1tica da moda africana \u00e9 essencialmente constitu\u00edda por cores vivas?  <\/b><span style=\"font-weight: 400;\">N\u00e3o, a moda africana apresenta uma paleta de cores completa, reflectindo a diversidade art\u00edstica dos designers do continente.<\/span><\/p>\n<p>&nbsp;<\/p>\n<\/div>\n<\/div>\n<\/div>\n<p><em>Recomendamos estas outras p\u00e1ginas:  <\/em><\/p>\n<ul>\n<li><a href=\"https:\/\/africafashiontour.com\/pt-pt\/o-nosso-guia-da-moda-africana\/quais-sao-os-principais-materiais-utilizados-na-moda-africana\/\">Quais s\u00e3o os principais materiais utilizados na moda africana?<\/a><\/li>\n<li><a href=\"https:\/\/africafashiontour.com\/pt-pt\/o-nosso-guia-da-moda-africana\/quais-sao-os-tecidos-mais-utilizados-na-moda-africana\/\">Quais s\u00e3o os tecidos mais utilizados na moda africana?<\/a><\/li>\n<li><a href=\"https:\/\/africafashiontour.com\/pt-pt\/o-nosso-guia-da-moda-africana\/quais-sao-os-acessorios-essenciais-para-um-look-inspirado-na-moda-africana\/\">Quais s\u00e3o os acess\u00f3rios essenciais para um look inspirado na moda africana?<\/a><\/li>\n<li><a href=\"https:\/\/africafashiontour.com\/pt-pt\/o-nosso-guia-da-moda-africana\/o-impacto-das-estampas-na-expressao-da-moda-africana\/\">O impacto das estampas na express\u00e3o da moda africana<\/a><\/li>\n<li><a href=\"https:\/\/africafashiontour.com\/guide-mode-africaine\/mode-africaine-couleurs-dominent-comment-utiliser\/\">Que cores dominam mais frequentemente a moda africana e como podem ser utilizadas num conjunto?<\/a><\/li>\n<\/ul>\n","protected":false},"excerpt":{"rendered":"<p>Como \u00e9 que se mistura a moda africana com pe\u00e7as ocidentais para obter um look \u00fanico? A arte de fundir a moda africana moda africana com elementos do estilo ocidental \u00e9 uma abordagem criativa que oferece uma riqueza inestim\u00e1vel. Esta abordagem apela \u00e0queles que querem expressar a sua identidade cultural, mantendo-se enraizados na modernidade. Compreender [&hellip;]<\/p>\n","protected":false},"author":17,"featured_media":0,"parent":9097,"menu_order":0,"comment_status":"closed","ping_status":"closed","template":"","meta":{"_et_pb_use_builder":"","_et_pb_old_content":"","_et_gb_content_width":"","footnotes":""},"class_list":["post-9073","page","type-page","status-publish","hentry"],"_links":{"self":[{"href":"https:\/\/africafashiontour.com\/pt-pt\/wp-json\/wp\/v2\/pages\/9073","targetHints":{"allow":["GET"]}}],"collection":[{"href":"https:\/\/africafashiontour.com\/pt-pt\/wp-json\/wp\/v2\/pages"}],"about":[{"href":"https:\/\/africafashiontour.com\/pt-pt\/wp-json\/wp\/v2\/types\/page"}],"author":[{"embeddable":true,"href":"https:\/\/africafashiontour.com\/pt-pt\/wp-json\/wp\/v2\/users\/17"}],"replies":[{"embeddable":true,"href":"https:\/\/africafashiontour.com\/pt-pt\/wp-json\/wp\/v2\/comments?post=9073"}],"version-history":[{"count":1,"href":"https:\/\/africafashiontour.com\/pt-pt\/wp-json\/wp\/v2\/pages\/9073\/revisions"}],"predecessor-version":[{"id":9117,"href":"https:\/\/africafashiontour.com\/pt-pt\/wp-json\/wp\/v2\/pages\/9073\/revisions\/9117"}],"up":[{"embeddable":true,"href":"https:\/\/africafashiontour.com\/pt-pt\/wp-json\/wp\/v2\/pages\/9097"}],"wp:attachment":[{"href":"https:\/\/africafashiontour.com\/pt-pt\/wp-json\/wp\/v2\/media?parent=9073"}],"curies":[{"name":"wp","href":"https:\/\/api.w.org\/{rel}","templated":true}]}}