{"id":9097,"date":"2024-01-09T00:04:46","date_gmt":"2024-01-08T23:04:46","guid":{"rendered":"https:\/\/africafashiontour.com\/o-nosso-guia-da-moda-africana\/"},"modified":"2024-01-09T00:04:46","modified_gmt":"2024-01-08T23:04:46","slug":"o-nosso-guia-da-moda-africana","status":"publish","type":"page","link":"https:\/\/africafashiontour.com\/pt-pt\/o-nosso-guia-da-moda-africana\/","title":{"rendered":"O nosso guia da moda africana"},"content":{"rendered":"<h2><a href=\"https:\/\/africafashiontour.com\/pt-pt\/o-nosso-guia-da-moda-africana\/explorar-as-origens-e-a-influencia-da-moda-africana\/\">Explorar as origens e a influ\u00eancia da moda africana<\/a><\/h2>\n<h3><a href=\"https:\/\/africafashiontour.com\/pt-pt\/o-nosso-guia-da-moda-africana\/como-e-que-a-moda-africana-resistiu-ao-teste-do-tempo\/\">Como \u00e9 que a moda africana resistiu ao teste do tempo?<\/a><\/h3>\n<ul>\n<li style=\"list-style-type: none;\">\n<ul>\n<li><span style=\"color: #000000;\"><a style=\"color: #000000;\" href=\"https:\/\/africafashiontour.com\/pt-pt\/a-historia-da-moda-africana-e-a-sua-influencia-na-moda-internacional\/\">A hist\u00f3ria da moda africana e a sua influ\u00eancia na moda internacional<\/a><\/span><\/li>\n<li><span style=\"color: #000000;\"><a style=\"color: #000000;\" href=\"https:\/\/africafashiontour.com\/pt-pt\/o-nosso-guia-da-moda-africana\/a-evolucao-da-moda-africana-ao-longo-dos-anos\/\">A evolu\u00e7\u00e3o da moda africana ao longo dos anos<\/a><\/span><\/li>\n<li><span style=\"color: #000000;\"><a style=\"color: #000000;\" href=\"https:\/\/africafashiontour.com\/pt-pt\/o-nosso-guia-da-moda-africana\/diferentes-estilos-em-diferentes-partes-de-africa\/\">Diferentes estilos em diferentes partes de \u00c1frica<\/a><\/span><\/li>\n<li><span style=\"color: #000000;\"><a style=\"color: #000000;\" href=\"https:\/\/africafashiontour.com\/pt-pt\/o-nosso-guia-da-moda-africana\/moda-africana-moderna-quando-a-tradicao-e-a-contemporaneidade-se-encontram\/\">Moda africana moderna: quando a tradi\u00e7\u00e3o e a contemporaneidade se encontram<\/a><\/span><\/li>\n<li><span style=\"color: #000000;\"><a style=\"color: #000000;\" href=\"https:\/\/africafashiontour.com\/pt-pt\/o-nosso-guia-da-moda-africana\/descubra-as-ultimas-tendencias-da-moda-africana\/\">Descubra as \u00faltimas tend\u00eancias da moda africana<\/a><\/span><\/li>\n<li><span style=\"color: #000000;\"><a style=\"color: #000000;\" href=\"https:\/\/africafashiontour.com\/pt-pt\/o-nosso-guia-da-moda-africana\/influencias-externas-na-moda-africana\/\">Influ\u00eancias externas na moda africana: impactos e consequ\u00eancias<\/a><\/span><\/li>\n<li><span style=\"color: #000000;\"><a style=\"color: #000000;\" href=\"https:\/\/africafashiontour.com\/pt-pt\/o-nosso-guia-da-moda-africana\/como-e-que-as-culturas-ocidentais-influenciaram-a-moda-africana\/\">Como \u00e9 que as culturas ocidentais influenciaram a moda africana?<\/a><\/span><\/li>\n<li><span style=\"color: #000000;\"><a style=\"color: #000000;\" href=\"https:\/\/africafashiontour.com\/pt-pt\/o-nosso-guia-da-moda-africana\/o-impacto-das-influencias-asiaticas-nos-estilos-africanos\/\">O impacto das influ\u00eancias asi\u00e1ticas nos estilos africanos<\/a><\/span><\/li>\n<li><span style=\"color: #000000;\"><a style=\"color: #000000;\" href=\"https:\/\/africafashiontour.com\/guide-mode-africaine\/mode-africaine-influence-mondialisation-tradition\/\">A influ\u00eancia da globaliza\u00e7\u00e3o na moda tradicional africana<\/a><\/span><\/li>\n<\/ul>\n<\/li>\n<\/ul>\n<h3><a href=\"https:\/\/africafashiontour.com\/pt-pt\/o-nosso-guia-da-moda-africana\/como-e-que-a-moda-africana-pode-inspirar-o-seu-estilo-pessoal\/\">Como \u00e9 que a moda africana pode inspirar o seu estilo pessoal?<\/a><\/h3>\n<ul>\n<li style=\"list-style-type: none;\">\n<ul>\n<li><span style=\"color: #000000;\"><a style=\"color: #000000;\" href=\"https:\/\/africafashiontour.com\/pt-pt\/o-nosso-guia-da-moda-africana\/dicas-e-conselhos-para-adotar-um-estilo-de-moda-africano\/\">Dicas e conselhos para adotar um estilo de moda africano<\/a><\/span><\/li>\n<li><span style=\"color: #000000;\"><a style=\"color: #000000;\" href=\"https:\/\/africafashiontour.com\/pt-pt\/o-nosso-guia-da-moda-africana\/quais-sao-os-principais-materiais-utilizados-na-moda-africana\/\">Quais s\u00e3o os principais materiais utilizados na moda africana?<\/a><\/span><\/li>\n<li><span style=\"color: #000000;\"><a style=\"color: #000000;\" href=\"https:\/\/africafashiontour.com\/pt-pt\/o-nosso-guia-da-moda-africana\/quais-sao-os-tecidos-mais-utilizados-na-moda-africana\/\">Quais s\u00e3o os tecidos mais utilizados na moda africana?<\/a><\/span><\/li>\n<li><span style=\"color: #000000;\"><a style=\"color: #000000;\" href=\"https:\/\/africafashiontour.com\/pt-pt\/o-nosso-guia-da-moda-africana\/quais-sao-os-acessorios-essenciais-para-um-look-inspirado-na-moda-africana\/\">Quais s\u00e3o os acess\u00f3rios essenciais para um look inspirado na moda africana?<\/a><\/span><\/li>\n<li><span style=\"color: #000000;\"><a style=\"color: #000000;\" href=\"https:\/\/africafashiontour.com\/pt-pt\/o-nosso-guia-da-moda-africana\/como-e-que-se-misturam-e-combinam-pecas-de-moda-africanas\/\">Como \u00e9 que se mistura a moda africana com pe\u00e7as ocidentais para obter um look \u00fanico?<\/a><\/span><\/li>\n<li><span style=\"color: #000000;\"><a style=\"color: #000000;\" href=\"https:\/\/africafashiontour.com\/pt-pt\/o-nosso-guia-da-moda-africana\/o-impacto-das-estampas-na-expressao-da-moda-africana\/\">O impacto das estampas na express\u00e3o da moda africana<\/a><\/span><\/li>\n<li><span style=\"color: #000000;\"><a style=\"color: #000000;\" href=\"https:\/\/africafashiontour.com\/pt-pt\/o-nosso-guia-da-moda-africana\/que-estampado-escolher-para-um-elegante-conjunto-africano\/\">Que estampado escolher para um elegante conjunto africano?<\/a><\/span><\/li>\n<li><span style=\"color: #000000;\"><a style=\"color: #000000;\" href=\"https:\/\/africafashiontour.com\/guide-mode-africaine\/mode-africaine-comment-melanger-imprimes-style\/\">Como \u00e9 que se misturam estampados na moda africana?<\/a><\/span><\/li>\n<li><span style=\"color: #000000;\"><a style=\"color: #000000;\" href=\"https:\/\/africafashiontour.com\/guide-mode-africaine\/mode-africaine-couleurs-dominent-comment-utiliser\/\">Que cores dominam mais frequentemente a moda africana e como podem ser utilizadas num conjunto?<\/a><\/span><\/li>\n<li><span style=\"color: #000000;\"><a style=\"color: #000000;\" href=\"https:\/\/africafashiontour.com\/guide-mode-africaine\/mode-africaine-rend-unique\/\">O que torna a moda africana \u00fanica em compara\u00e7\u00e3o com outros estilos?<\/a><\/span><\/li>\n<li><span style=\"color: #000000;\"><a style=\"color: #000000;\" href=\"https:\/\/africafashiontour.com\/guide-mode-africaine\/mode-africaine-trouver-createurs-qualite\/\">Onde posso encontrar criadores de moda africanos?<\/a><\/span><\/li>\n<\/ul>\n<\/li>\n<\/ul>\n<h3><a href=\"https:\/\/africafashiontour.com\/guide-mode-africaine\/mode-africaine-place-podiums\/\">Que papel desempenha a moda africana nas passarelas da alta costura?<\/a><\/h3>\n<ul>\n<li style=\"list-style-type: none;\">\n<ul>\n<li><span style=\"color: #000000;\"><a style=\"color: #000000;\" href=\"https:\/\/africafashiontour.com\/guide-mode-africaine\/mode-africaine-representation-defiles-internationaux\/\">A moda africana est\u00e1 representada nos desfiles de moda internacionais?<\/a><\/span><\/li>\n<li><span style=\"color: #000000;\"><a style=\"color: #000000;\" href=\"https:\/\/africafashiontour.com\/guide-mode-africaine\/mode-africaine-createurs-haute-couture-inspires-afrique\/\">Que criadores de alta costura se inspiraram na moda africana?<\/a><\/span><\/li>\n<li><span style=\"color: #000000;\"><a style=\"color: #000000;\" href=\"https:\/\/africafashiontour.com\/guide-mode-africaine\/mode-africaine-recue-podiums-haute-couture\/\">A moda africana \u00e9 bem recebida nas passarelas da alta costura?<\/a><\/span><\/li>\n<li><span style=\"color: #000000;\"><a style=\"color: #000000;\" href=\"https:\/\/africafashiontour.com\/guide-mode-africaine\/mode-africaine-defis-designers-podiums-haute-couture\/\">Que desafios enfrentam os estilistas africanos na passerelle da alta costura?<\/a><\/span><\/li>\n<li><span style=\"color: #000000;\"><a style=\"color: #000000;\" href=\"https:\/\/africafashiontour.com\/guide-mode-africaine\/mode-africaine-vetements-phares-podiums-haute-couture\/\">Quais s\u00e3o as pe\u00e7as de vestu\u00e1rio africanas mais populares nas passerelles de alta costura?<\/a><\/span><\/li>\n<li><span style=\"color: #000000;\"><a style=\"color: #000000;\" href=\"https:\/\/africafashiontour.com\/guide-mode-africaine\/mode-africaine-evenements-dedies-haute-couture\/\">H\u00e1 algum evento espec\u00edfico dedicado \u00e0 moda africana na alta costura?<\/a><\/span><\/li>\n<\/ul>\n<\/li>\n<\/ul>\n","protected":false},"excerpt":{"rendered":"<p>Explorar as origens e a influ\u00eancia da moda africana Como \u00e9 que a moda africana resistiu ao teste do tempo? A hist\u00f3ria da moda africana e a sua influ\u00eancia na moda internacional A evolu\u00e7\u00e3o da moda africana ao longo dos anos Diferentes estilos em diferentes partes de \u00c1frica Moda africana moderna: quando a tradi\u00e7\u00e3o e [&hellip;]<\/p>\n","protected":false},"author":17,"featured_media":0,"parent":0,"menu_order":0,"comment_status":"closed","ping_status":"closed","template":"","meta":{"_et_pb_use_builder":"","_et_pb_old_content":"","_et_gb_content_width":"","footnotes":""},"class_list":["post-9097","page","type-page","status-publish","hentry"],"_links":{"self":[{"href":"https:\/\/africafashiontour.com\/pt-pt\/wp-json\/wp\/v2\/pages\/9097","targetHints":{"allow":["GET"]}}],"collection":[{"href":"https:\/\/africafashiontour.com\/pt-pt\/wp-json\/wp\/v2\/pages"}],"about":[{"href":"https:\/\/africafashiontour.com\/pt-pt\/wp-json\/wp\/v2\/types\/page"}],"author":[{"embeddable":true,"href":"https:\/\/africafashiontour.com\/pt-pt\/wp-json\/wp\/v2\/users\/17"}],"replies":[{"embeddable":true,"href":"https:\/\/africafashiontour.com\/pt-pt\/wp-json\/wp\/v2\/comments?post=9097"}],"version-history":[{"count":0,"href":"https:\/\/africafashiontour.com\/pt-pt\/wp-json\/wp\/v2\/pages\/9097\/revisions"}],"wp:attachment":[{"href":"https:\/\/africafashiontour.com\/pt-pt\/wp-json\/wp\/v2\/media?parent=9097"}],"curies":[{"name":"wp","href":"https:\/\/api.w.org\/{rel}","templated":true}]}}