{"id":9127,"date":"2024-01-09T00:14:34","date_gmt":"2024-01-08T23:14:34","guid":{"rendered":"https:\/\/africafashiontour.com\/o-nosso-guia-da-moda-africana\/que-criadores-de-alta-costura-se-inspiraram-na-moda-africana\/"},"modified":"2024-01-09T00:14:34","modified_gmt":"2024-01-08T23:14:34","slug":"que-criadores-de-alta-costura-se-inspiraram-na-moda-africana","status":"publish","type":"page","link":"https:\/\/africafashiontour.com\/pt-pt\/o-nosso-guia-da-moda-africana\/que-criadores-de-alta-costura-se-inspiraram-na-moda-africana\/","title":{"rendered":"Que criadores de alta costura se inspiraram na moda africana?"},"content":{"rendered":"<p>A express\u00e3o art\u00edstica que caracteriza a <strong>moda africana<\/strong> atravessou continentes e \u00e9pocas, infundindo no mundo da alta costura um dinamismo colorido e uma riqueza cultural. \u00c9 interessante olhar para aqueles que se inspiraram na moda africana. Para compreender melhor este impacto, \u00e9 essencial olhar para os <strong>criadores<\/strong> que se inspiraram neste tesouro <strong>estil\u00edstico<\/strong>. Nas primeiras linhas desta hist\u00f3ria, vamos percorrer os passos dos <strong>pioneiros da<\/strong> alta costura que se inspiraram nos t\u00eaxteis, padr\u00f5es e silhuetas africanos. O resto da nossa explora\u00e7\u00e3o analisar\u00e1 a forma como a moda africana est\u00e1 a permear <a href=\"https:\/\/africafashiontour.com\/guide-mode-africaine\/mode-africaine-place-podiums\/\">as tend\u00eancias contempor\u00e2neas da alta costura<\/a>, uma forma de ver como os tecidos tradicionais e os vibrantes estampados africanos continuam a enriquecer as colec\u00e7\u00f5es mais vanguardistas. Por fim, destacaremos as colabora\u00e7\u00f5es entre <strong>criadores de renome<\/strong> e <strong>artes\u00e3os africanos<\/strong>, testemunhando a uni\u00e3o criativa e o respeito m\u00fatuo entre estes diferentes actores. Esta abordagem permitir-nos-\u00e1 compreender o <a href=\"https:\/\/africafashiontour.com\/pt-pt\/\">alcance<\/a> e a influ\u00eancia duradoura de \u00c1frica na esfera elitista da moda internacional.      <\/p>\n<p>&nbsp;<\/p>\n<p><img decoding=\"async\" class=\"img-responsive\" src=\"https:\/\/africafashiontour.com\/wp-content\/uploads\/2024\/01\/mode-africaine-createurs-haute-couture-inspires-afrique.jpg\" alt=\"Que criadores de alta costura se inspiraram na moda africana?\"><\/p>\n<h2>Pioneiros da alta costura inspirados na moda africana<\/h2>\n<p>A moda africana, com os seus estampados cintilantes e tecidos ricos em cores e texturas, foi sempre uma fonte de inspira\u00e7\u00e3o para os grandes estilistas. Os pioneiros da alta costura, seduzidos por esta <strong>est\u00e9tica singular<\/strong>, incorporaram corajosamente elementos da heran\u00e7a africana nas suas colec\u00e7\u00f5es, fundindo o artesanato com a eleg\u00e2ncia da alta costura. Entre estes vision\u00e1rios, destaca-se <strong>Yves Saint Laurent<\/strong>. A sua famosa cole\u00e7\u00e3o &#8220;Bambara&#8221;, apresentada em 1967, foi um vibrante tributo a \u00c1frica, com trajes inspirados nas m\u00e1scaras e vestidos tradicionais do Mali.   <\/p>\n<p>A estilista brit\u00e2nica <strong>Vivienne Westwood<\/strong> \u00e9 tamb\u00e9m conhecida por se inspirar na diversidade cultural africana para revisitar a sua ic\u00f3nica est\u00e9tica punk. As suas pe\u00e7as marcantes, como os corpetes serigrafados com motivos africanos e as saias drapeadas com cortes t\u00edpicos de bogolan (uma t\u00e9cnica de tingimento do Mali), ficaram gravadas na mem\u00f3ria do mundo da moda. <\/p>\n<p>Este di\u00e1logo entre dois mundos tamb\u00e9m pode ser visto no trabalho de<strong>Azzedine Ala\u00efa<\/strong>, que esculpiu o corpo feminino com uma precis\u00e3o not\u00e1vel, incorporando subtilmente motivos e t\u00eaxteis africanos como um acento chique nos seus vestidos intemporais. Marcando uma viragem definitiva para uma celebra\u00e7\u00e3o globalizada da moda, estes criadores abra\u00e7aram toda a riqueza est\u00e9tica oferecida pelo continente africano, enriquecendo de forma duradoura a linguagem visual da alta costura. <\/p>\n<h2>A influ\u00eancia da moda africana nas tend\u00eancias da alta costura contempor\u00e2nea<\/h2>\n<p>A africanidade \u00e9 revelada em silhuetas que emanam da criatividade sem limites dos designers, repletas de tons cintilantes e padr\u00f5es din\u00e2micos do continente. A profunda influ\u00eancia da moda africana pode ser vista nas colec\u00e7\u00f5es contempor\u00e2neas das casas de alta costura, onde o cruzamento cultural se torna uma fonte inesgot\u00e1vel de inspira\u00e7\u00e3o. Oferecendo uma lufada de ar fresco \u00e0 ind\u00fastria, esta hibrida\u00e7\u00e3o art\u00edstica est\u00e1 a conduzir a um renascimento est\u00e9tico em que as cores ousadas e os estampados geom\u00e9tricos assumem um lugar de destaque.  <\/p>\n<p>Os designers baseiam-se neste <strong>patrim\u00f3nio<\/strong> para enriquecer o seu vocabul\u00e1rio visual, prestando simultaneamente homenagem \u00e0 riqueza de uma terra com horizontes art\u00edsticos diversos. Os t\u00eaxteis tradicionais africanos, como a cera, o bogolan e o kente, conferem \u00e0s pe\u00e7as topo de gama um car\u00e1cter e uma narrativa, muitas vezes reinterpretados para agradar a uma clientela exigente. O di\u00e1logo estabelecido entre estes tecidos milenares e os cortes estruturados do mundo do luxo evoca uma nova est\u00e9tica, s\u00edmbolo de uma globaliza\u00e7\u00e3o que respeita as ra\u00edzes e as tradi\u00e7\u00f5es.  <\/p>\n<p>N\u00e3o s\u00e3o apenas as mat\u00e9rias-primas que captam a aten\u00e7\u00e3o das grandes marcas; \u00e9 tamb\u00e9m a arte do drapeado, praticada por v\u00e1rios povos africanos, que influenciou muitas colec\u00e7\u00f5es sazonais, propondo uma linguagem corporal diferente. Os volumes s\u00e3o revisitados com delicadeza para abra\u00e7ar as formas ou, pelo contr\u00e1rio, exprimir uma liberdade descontra\u00edda. Nesta explos\u00e3o criativa transcontinental, tamb\u00e9m se assiste a um aumento da utiliza\u00e7\u00e3o de acess\u00f3rios sofisticados feitos \u00e0 m\u00e3o &#8211; missangas multicoloridas ou j\u00f3ias feitas de materiais naturais &#8211; como acentos em pe\u00e7as de vestu\u00e1rio simples.  <\/p>\n<p>No final, esta assimila\u00e7\u00e3o bem sucedida n\u00e3o s\u00f3 permitiu aos criadores de todo o mundo distinguirem-se atrav\u00e9s das suas abordagens inovadoras, como tamb\u00e9m serviu de trampolim para o reconhecimento internacional do know-how africano no restrito e procurado mundo da alta costura.<\/p>\n<h2>Colabora\u00e7\u00e3o entre designers de alta costura e artes\u00e3os africanos<\/h2>\n<p>A alquimia entre os <strong>mestres da alta costura<\/strong> e os <strong>virtuosos do artesanato africano<\/strong> resulta invariavelmente em colec\u00e7\u00f5es que combinam requinte e exuber\u00e2ncia. Estas colabora\u00e7\u00f5es representam muito mais do que uma fus\u00e3o de know-how; s\u00e3o um di\u00e1logo criativo em que as t\u00e9cnicas tradicionais africanas, como a tecelagem, os bordados e a tinturaria, s\u00e3o celebradas e ampliadas pela eleg\u00e2ncia inata das grandes casas de moda. <\/p>\n<p>A <strong>converg\u00eancia<\/strong> entre estes dois mundos estende-se tamb\u00e9m a uma responsabilidade social partilhada, oferecendo aos artes\u00e3os do continente africano uma oportunidade valiosa de entrar na arena internacional, preservando simultaneamente o seu patrim\u00f3nio cultural. Os projectos de colabora\u00e7\u00e3o ajudam a contar hist\u00f3rias \u00fanicas tecidas no cora\u00e7\u00e3o das aldeias, real\u00e7ando compet\u00eancias ancestrais que s\u00e3o frequentemente pouco conhecidas. <\/p>\n<p>A Yves Saint Laurent, por exemplo, inspirou-se no esp\u00edrito colorido das estampas de cera para algumas das suas linhas, enquanto a Stella McCartney incorporou nas suas colec\u00e7\u00f5es o delicado trabalho de bordado Shweshwe realizado por grupos de artes\u00e3s. Estas iniciativas s\u00e3o um poderoso vetor de capacita\u00e7\u00e3o econ\u00f3mica para as comunidades envolvidas e demonstram o impacto positivo que o luxo pode ter quando est\u00e1 ancorado numa abordagem \u00e9tica fundamentada. <\/p>\n<p>Estas parcerias s\u00e3o tamb\u00e9m indicativas de uma mudan\u00e7a progressiva na ind\u00fastria, em que a responsabilidade ambiental e o reconhecimento do artesanato africano est\u00e3o a tornar-se parte integrante do processo criativo. Desta forma, cada pe\u00e7a de vestu\u00e1rio resultante destas colabora\u00e7\u00f5es torna-se um embaixador cultural, ostentando orgulhosamente a heran\u00e7a est\u00e9tica de uma \u00c1frica plural num territ\u00f3rio tradicionalmente dominado pelos valores ocidentais. <\/p>\n<h2><\/h2>\n<div>\n<p><em>Recomendamos estas outras p\u00e1ginas:  <\/em><\/p>\n<ul>\n<li><a href=\"https:\/\/africafashiontour.com\/guide-mode-africaine\/mode-africaine-representation-defiles-internationaux\/\">A moda africana est\u00e1 representada nos desfiles de moda internacionais?<\/a><\/li>\n<li><a href=\"https:\/\/africafashiontour.com\/guide-mode-africaine\/mode-africaine-recue-podiums-haute-couture\/\">A moda africana \u00e9 bem recebida nas passarelas da alta costura?<\/a><\/li>\n<li><a href=\"https:\/\/africafashiontour.com\/pt-pt\/o-nosso-guia-da-moda-africana\/que-desafios-enfrentam-os-estilistas-africanos-na-passerelle-da-alta-costura\/\">Que desafios enfrentam os estilistas africanos na passerelle da alta costura?<\/a><\/li>\n<li><a href=\"https:\/\/africafashiontour.com\/guide-mode-africaine\/mode-africaine-vetements-phares-podiums-haute-couture\/\">Quais s\u00e3o as pe\u00e7as de vestu\u00e1rio africanas mais populares nas passerelles de alta costura?<\/a><\/li>\n<li><a href=\"https:\/\/africafashiontour.com\/guide-mode-africaine\/mode-africaine-evenements-dedies-haute-couture\/\">H\u00e1 algum evento espec\u00edfico dedicado \u00e0 moda africana na alta costura?<\/a><\/li>\n<\/ul>\n<\/div>\n","protected":false},"excerpt":{"rendered":"<p>A express\u00e3o art\u00edstica que caracteriza a moda africana atravessou continentes e \u00e9pocas, infundindo no mundo da alta costura um dinamismo colorido e uma riqueza cultural. \u00c9 interessante olhar para aqueles que se inspiraram na moda africana. Para compreender melhor este impacto, \u00e9 essencial olhar para os criadores que se inspiraram neste tesouro estil\u00edstico. Nas primeiras [&hellip;]<\/p>\n","protected":false},"author":17,"featured_media":0,"parent":9097,"menu_order":0,"comment_status":"closed","ping_status":"closed","template":"","meta":{"_et_pb_use_builder":"","_et_pb_old_content":"","_et_gb_content_width":"","footnotes":""},"class_list":["post-9127","page","type-page","status-publish","hentry"],"_links":{"self":[{"href":"https:\/\/africafashiontour.com\/pt-pt\/wp-json\/wp\/v2\/pages\/9127","targetHints":{"allow":["GET"]}}],"collection":[{"href":"https:\/\/africafashiontour.com\/pt-pt\/wp-json\/wp\/v2\/pages"}],"about":[{"href":"https:\/\/africafashiontour.com\/pt-pt\/wp-json\/wp\/v2\/types\/page"}],"author":[{"embeddable":true,"href":"https:\/\/africafashiontour.com\/pt-pt\/wp-json\/wp\/v2\/users\/17"}],"replies":[{"embeddable":true,"href":"https:\/\/africafashiontour.com\/pt-pt\/wp-json\/wp\/v2\/comments?post=9127"}],"version-history":[{"count":0,"href":"https:\/\/africafashiontour.com\/pt-pt\/wp-json\/wp\/v2\/pages\/9127\/revisions"}],"up":[{"embeddable":true,"href":"https:\/\/africafashiontour.com\/pt-pt\/wp-json\/wp\/v2\/pages\/9097"}],"wp:attachment":[{"href":"https:\/\/africafashiontour.com\/pt-pt\/wp-json\/wp\/v2\/media?parent=9127"}],"curies":[{"name":"wp","href":"https:\/\/api.w.org\/{rel}","templated":true}]}}