{"id":9135,"date":"2024-01-09T00:14:42","date_gmt":"2024-01-08T23:14:42","guid":{"rendered":"https:\/\/africafashiontour.com\/o-nosso-guia-da-moda-africana\/a-moda-africana-e-bem-recebida-nas-passarelas-da-alta-costura\/"},"modified":"2024-01-09T00:14:42","modified_gmt":"2024-01-08T23:14:42","slug":"a-moda-africana-e-bem-recebida-nas-passarelas-da-alta-costura","status":"publish","type":"page","link":"https:\/\/africafashiontour.com\/pt-pt\/o-nosso-guia-da-moda-africana\/a-moda-africana-e-bem-recebida-nas-passarelas-da-alta-costura\/","title":{"rendered":"A moda africana \u00e9 bem recebida nas passarelas da alta costura?"},"content":{"rendered":"<p>A ascens\u00e3o da <strong><a href=\"https:\/\/africafashiontour.com\/pt-pt\/\">moda africana<\/a><\/strong> no panorama internacional \u00e9 ineg\u00e1vel. Das cores vibrantes aos tecidos tradicionais, cada cria\u00e7\u00e3o transporta consigo uma hist\u00f3ria, uma cultura e um saber-fazer que atravessam as fronteiras para chegar \u00e0s passerelles do mundo inteiro. A moda africana j\u00e1 n\u00e3o \u00e9 apenas um convidado espor\u00e1dico nas passarelas: est\u00e1 a tornar-se uma fonte de influ\u00eancia para muitos designers de renome. A inclus\u00e3o destes elementos nas colec\u00e7\u00f5es dos grandes estilistas \u00e9 um sinal de reconhecimento significativo. \u00c9 interessante refletir sobre a integra\u00e7\u00e3o da moda africana no mundo da moda.    <\/p>\n<p>Analisaremos a presen\u00e7a destes designs ricos e vibrantes nas <strong>passerelles internacionais<\/strong>, antes de destacarmos a forma como algumas das <strong>principais<\/strong> marcas de moda <strong>do mundo<\/strong> se inspiram neste <strong>patrim\u00f3nio est\u00e9tico<\/strong>. Por fim, avaliaremos a forma como o <a href=\"https:\/\/africafashiontour.com\/guide-mode-africaine\/mode-africaine-place-podiums\/\">lugar da moda africana nas passerelles de alta costura<\/a> \u00e9 percepcionado pelo p\u00fablico e pela cr\u00edtica, o que significa o seu impacto no mundo da moda. <\/p>\n<p>&nbsp;<\/p>\n<p><img decoding=\"async\" class=\"img-responsive\" src=\"https:\/\/africafashiontour.com\/wp-content\/uploads\/2024\/01\/mode-africaine-recue-podiums-haute-couture.jpg\" alt=\"A moda africana \u00e9 bem recebida nas passarelas da alta costura?\"><\/p>\n<h2>A presen\u00e7a da moda africana nas passarelas internacionais<\/h2>\n<p>A vibra\u00e7\u00e3o e o dinamismo da moda africana chegaram recentemente \u00e0s passarelas internacionais, trazendo consigo um vento de inova\u00e7\u00e3o e renova\u00e7\u00e3o. <strong>As semanas da moda<\/strong> em todo o mundo est\u00e3o agora adornadas com as cores vivas, os padr\u00f5es \u00e9tnicos arrojados e os t\u00eaxteis luxuosamente trabalhados que s\u00e3o a assinatura desta arte de vestir enraizada numa cultura rica e antiga. Vale a pena perguntar como \u00e9 que a moda africana est\u00e1 a ser integrada fora do continente.  <\/p>\n<p>O esp\u00edrito criativo que move os designers africanos ressoa num p\u00fablico internacional \u00e1vido de autenticidade e frescura. As passerelles foram palco de uma mistura harmoniosa entre as tradi\u00e7\u00f5es ancestrais africanas e a vanguarda do mundo moderno. Designers como <strong>Alphadi<\/strong> e <strong>Ozwald Boateng<\/strong> surpreenderam o p\u00fablico com colec\u00e7\u00f5es que prestam homenagem \u00e0 heran\u00e7a africana e sublimam a eleg\u00e2ncia contempor\u00e2nea.  <\/p>\n<p><strong>Paris, Mil\u00e3o e Nova Iorque<\/strong>, cidades emblem\u00e1ticas da alta costura, atraem agora regularmente estes talentos de \u00c1frica, prova de que o seu trabalho se enquadra perfeitamente neste meio de prest\u00edgio. A cera africana convive com as sedas europeias e, quando modelos vestidos de Kente ou Aso Oke desfilam nas passarelas sob o olhar fascinado dos amantes da moda, todo um continente demonstra a sua influ\u00eancia crescente neste mundo seleto. <\/p>\n<p>J\u00e1 n\u00e3o \u00e9 uma mera presen\u00e7a: as silhuetas carater\u00edsticas dos trajes tradicionais, reinterpretadas com brio, despertam a curiosidade dos espectadores para descobrirem mais sobre estes tecidos cativantes e cheios de hist\u00f3ria. A moda africana n\u00e3o se limita a desfilar nas passerelles, ela dan\u00e7a e celebra a sua identidade, encarnando com orgulho o esp\u00edrito inovador e cosmopolita que caracteriza o mundo contempor\u00e2neo. <\/p>\n<h2>Influ\u00eancia e integra\u00e7\u00e3o da moda africana nas grandes marcas de moda<\/h2>\n<p>A ascens\u00e3o mete\u00f3rica da moda africana j\u00e1 n\u00e3o passa despercebida na cena internacional, de tal forma que as casas de alta costura se inspiram nela. As suas colec\u00e7\u00f5es apresentam agora uma alquimia impar\u00e1vel de modernidade e tradicionalismo, reflectindo uma paix\u00e3o crescente pela rica heran\u00e7a t\u00eaxtil e pelos padr\u00f5es exuberantes de \u00c1frica. Assim, a integra\u00e7\u00e3o destes elementos est\u00e9ticos n\u00e3o \u00e9 um fen\u00f3meno passageiro; reflecte uma profunda evolu\u00e7\u00e3o dos c\u00f3digos do luxo. E n\u00f3s vamos analisar como integrar com sucesso a moda africana na cena internacional?   <\/p>\n<p>Veja-se, por exemplo, as <strong>silhuetas desenhadas por<\/strong> marcas ic\u00f3nicas que desfilam nas passerelles salpicadas de flashes de cera, ou os tecidos bogolanos que envolvem formas contempor\u00e2neas. Estas <strong>reinterpreta\u00e7\u00f5es arrojadas<\/strong> quebram as fronteiras criativas, dando origem a pe\u00e7as que combinam harmoniosamente o estilo coup\u00e9-d\u00e9cal\u00e9 africano com a eleg\u00e2ncia tradicional ocidental. <\/p>\n<p>Por muito not\u00e1vel que seja, esta colabora\u00e7\u00e3o transcontinental vai para al\u00e9m da simples apropria\u00e7\u00e3o est\u00e9tica; tem uma dimens\u00e3o colaborativa e \u00e9tica. <strong>Os<\/strong> pr\u00f3prios <strong>estilistas africanos<\/strong> s\u00e3o honrados na ribalta de Paris, Mil\u00e3o ou Nova Iorque, colaborando ativamente com estes vener\u00e1veis templos da moda. Do mesmo modo, v\u00e1rias grandes casas de moda participam num movimento virtuoso, apoiando o aparecimento de ateliers locais atrav\u00e9s de parcerias diretas. Ao faz\u00ea-lo, trazem <strong>um valor acrescentado tang\u00edvel<\/strong> \u00e0s comunidades artesanais, preservando simultaneamente o seu patrim\u00f3nio cultural imemorial.   <\/p>\n<p>Por conseguinte, \u00e9 ineg\u00e1vel que a moda africana est\u00e1 a enriquecer profundamente o mundo da alta-costura de luxo com a sua autenticidade e vis\u00e3o inovadora. O interesse que desperta junto dos criadores de renome e dos seus clientes ilustra perfeitamente este di\u00e1logo f\u00e9rtil entre tradi\u00e7\u00e3o milenar e inova\u00e7\u00e3o vanguardista. <\/p>\n<h2>Rece\u00e7\u00e3o e perce\u00e7\u00e3o da moda africana pelo p\u00fablico e pelos cr\u00edticos de moda<\/h2>\n<p>A integra\u00e7\u00e3o da moda africana no mundo do luxo e nas passarelas n\u00e3o passou despercebida. Acolhida com um interesse crescente, a sua rece\u00e7\u00e3o pelo p\u00fablico mundial e as suas <strong>cr\u00edticas entusiasmadas<\/strong> oferecem uma vis\u00e3o fascinante da evolu\u00e7\u00e3o das tend\u00eancias. Ao mesmo tempo que preserva a sua ess\u00eancia aut\u00eantica, consegue infundir o esp\u00edrito contempor\u00e2neo da alta costura com os seus padr\u00f5es exuberantes e paletas coloridas. As cria\u00e7\u00f5es africanas oferecem uma narrativa rica que se traduz numa forte express\u00e3o de identidade.   <\/p>\n<p>Longe de se limitarem a acess\u00f3rios ex\u00f3ticos ou a clich\u00e9s simplistas de um folclore imut\u00e1vel, os criadores africanos est\u00e3o a deixar a sua marca atrav\u00e9s de uma <strong>fus\u00e3o habilmente orquestrada de<\/strong> tradi\u00e7\u00e3o e inova\u00e7\u00e3o estil\u00edstica. \u00c9 assim que vemos a integra\u00e7\u00e3o da moda africana no Cet \u00e9quilibre seduzir os apaixonados pela moda que procuram originalidade e hist\u00f3rias nos seus trajes. A apet\u00eancia por estas pe\u00e7as \u00fanicas \u00e9 evidente nos desfiles, onde cada apari\u00e7\u00e3o de uma silhueta imbu\u00edda desta rica heran\u00e7a cultural \u00e9 recebida com aplausos arrebatadores.  <\/p>\n<p>Muitos cr\u00edticos de moda est\u00e3o tamb\u00e9m a aderir a esta moda, vendo nestes modelos um potencial vetor de influ\u00eancia que poder\u00e1 remodelar o futuro do pronto-a-vestir topo de gama. As p\u00e1ginas brilhantes das revistas especializadas est\u00e3o cheias de elogios ao trabalho dos estilistas africanos, que injectam frescura e dinamismo nos c\u00e2nones est\u00e9ticos, por vezes r\u00edgidos, da alta costura. O di\u00e1logo est\u00e1 aberto para facilitar a integra\u00e7\u00e3o da moda africana nas passerelles de todo o mundo.  <\/p>\n<p>Este movimento est\u00e1 tamb\u00e9m a provocar um di\u00e1logo essencial sobre <strong>representatividade e diversidade<\/strong> no seio da pr\u00f3pria ind\u00fastria. A resson\u00e2ncia cultural proporcionada pela moda africana est\u00e1 a estimular uma reflex\u00e3o mais ampla sobre a inclus\u00e3o e as perspectivas que est\u00e1 a trabalhar para alargar. Mais do que nunca, esta irrup\u00e7\u00e3o colorida ultrapassa os t\u00eaxteis para criar la\u00e7os profundos com os seus espectadores, encarnando muito mais do que uma tend\u00eancia, mas uma muta\u00e7\u00e3o simb\u00f3lica na pr\u00f3pria alma da ind\u00fastria internacional do vestu\u00e1rio.  <\/p>\n<div>\n<h2>FAQ Clich\u00e9s e estere\u00f3tipos<\/h2>\n<div class=\"question-container\"><\/div>\n<div class=\"question-container\">\n<div class=\"answer\"><strong>A moda africana est\u00e1 limitada a uma determinada esta\u00e7\u00e3o?<\/strong><br \/>\nDe modo algum! Os criadores de moda africanos, guiados por um saber-fazer excecional, criam colec\u00e7\u00f5es que transcendem as esta\u00e7\u00f5es. Da leveza dos tecidos para o ver\u00e3o \u00e0 eleg\u00e2ncia das pe\u00e7as mais quentes para o inverno, a moda africana adapta-se a todos os climas.  <\/div>\n<\/div>\n<p><strong>Existem contextos espec\u00edficos em que o singular \u00e9 mais apropriado para descrever a moda africana?<\/strong><br \/>\nA utiliza\u00e7\u00e3o de &#8220;moda africana&#8221; simplifica a conversa, mas vale a pena explorar em profundidade a riqueza de influ\u00eancias.<\/p>\n<div class=\"question-container\">\n<div class=\"answer\">\n<p><strong>A cera come\u00e7ou a ser fabricada em \u00c1frica?  <\/strong>A resposta a esta pergunta permanece indefinida, mas encorajamo-lo a mergulhar na cativante hist\u00f3ria da cera. \u00c9 uma quest\u00e3o que provoca um debate animado e exige uma compreens\u00e3o profunda. O termo &#8220;cera&#8221; tem a sua origem na t\u00e9cnica de impress\u00e3o em cera inspirada no batik javan\u00eas da Indon\u00e9sia. Este m\u00e9todo consiste em cobrir o motivo negativo com cera, tingir o tecido com uma cor e depois enxaguar para remover a cera. Os colonizadores ingleses e holandeses adoptaram esta t\u00e9cnica para conquistar o mercado indon\u00e9sio do batik javan\u00eas, produzindo-o rapidamente e a baixo pre\u00e7o na Europa gra\u00e7as \u00e0 industrializa\u00e7\u00e3o dos t\u00eaxteis.    <\/p>\n<p>Quando os batiks europeus foram exportados para a Indon\u00e9sia, foram considerados de qualidade med\u00edocre devido a irregularidades na t\u00e9cnica de impress\u00e3o. Perante este fracasso, os colonizadores decidiram oferecer o seu produto em \u00c1frica, onde foi um sucesso retumbante. A cera tornou-se um elemento essencial da moda africana, com empres\u00e1rias como Nanas Benz a constru\u00edrem imp\u00e9rios com a sua comercializa\u00e7\u00e3o. Atualmente, a cera \u00e9 produzida em v\u00e1rios locais, incluindo a Holanda, a China e a \u00cdndia, e as f\u00e1bricas africanas especializadas enfrentam a concorr\u00eancia global.   <\/p>\n<\/div>\n<\/div>\n<\/div>\n<p><strong>Acha que a moda africana pode ser descrita como ex\u00f3tica?<\/strong><br \/>\nN\u00e3o, o termo &#8220;ex\u00f3tico&#8221; n\u00e3o faz justi\u00e7a \u00e0 diversidade e sofistica\u00e7\u00e3o da moda africana, que transcende os clich\u00e9s ultrapassados.<\/p>\n<p><em>Recomendamos estas outras p\u00e1ginas:  <\/em><\/p>\n<ul>\n<li><a href=\"https:\/\/africafashiontour.com\/guide-mode-africaine\/mode-africaine-representation-defiles-internationaux\/\">A moda africana est\u00e1 representada nos desfiles de moda internacionais?<\/a><\/li>\n<li><a href=\"https:\/\/africafashiontour.com\/pt-pt\/o-nosso-guia-da-moda-africana\/que-criadores-de-alta-costura-se-inspiraram-na-moda-africana\/\">Que criadores de alta costura se inspiraram na moda africana?<\/a><\/li>\n<li><a href=\"https:\/\/africafashiontour.com\/pt-pt\/o-nosso-guia-da-moda-africana\/que-desafios-enfrentam-os-estilistas-africanos-na-passerelle-da-alta-costura\/\">Que desafios enfrentam os estilistas africanos na passerelle da alta costura?<\/a><\/li>\n<li><a href=\"https:\/\/africafashiontour.com\/guide-mode-africaine\/mode-africaine-vetements-phares-podiums-haute-couture\/\">Quais s\u00e3o as pe\u00e7as de vestu\u00e1rio africanas mais populares nas passerelles de alta costura?<\/a><\/li>\n<li><a href=\"https:\/\/africafashiontour.com\/guide-mode-africaine\/mode-africaine-evenements-dedies-haute-couture\/\">H\u00e1 algum evento espec\u00edfico dedicado \u00e0 moda africana na alta costura?<\/a><\/li>\n<\/ul>\n","protected":false},"excerpt":{"rendered":"<p>A ascens\u00e3o da moda africana no panorama internacional \u00e9 ineg\u00e1vel. Das cores vibrantes aos tecidos tradicionais, cada cria\u00e7\u00e3o transporta consigo uma hist\u00f3ria, uma cultura e um saber-fazer que atravessam as fronteiras para chegar \u00e0s passerelles do mundo inteiro. A moda africana j\u00e1 n\u00e3o \u00e9 apenas um convidado espor\u00e1dico nas passarelas: est\u00e1 a tornar-se uma fonte [&hellip;]<\/p>\n","protected":false},"author":17,"featured_media":0,"parent":9097,"menu_order":0,"comment_status":"closed","ping_status":"closed","template":"","meta":{"_et_pb_use_builder":"","_et_pb_old_content":"","_et_gb_content_width":"","footnotes":""},"class_list":["post-9135","page","type-page","status-publish","hentry"],"_links":{"self":[{"href":"https:\/\/africafashiontour.com\/pt-pt\/wp-json\/wp\/v2\/pages\/9135","targetHints":{"allow":["GET"]}}],"collection":[{"href":"https:\/\/africafashiontour.com\/pt-pt\/wp-json\/wp\/v2\/pages"}],"about":[{"href":"https:\/\/africafashiontour.com\/pt-pt\/wp-json\/wp\/v2\/types\/page"}],"author":[{"embeddable":true,"href":"https:\/\/africafashiontour.com\/pt-pt\/wp-json\/wp\/v2\/users\/17"}],"replies":[{"embeddable":true,"href":"https:\/\/africafashiontour.com\/pt-pt\/wp-json\/wp\/v2\/comments?post=9135"}],"version-history":[{"count":0,"href":"https:\/\/africafashiontour.com\/pt-pt\/wp-json\/wp\/v2\/pages\/9135\/revisions"}],"up":[{"embeddable":true,"href":"https:\/\/africafashiontour.com\/pt-pt\/wp-json\/wp\/v2\/pages\/9097"}],"wp:attachment":[{"href":"https:\/\/africafashiontour.com\/pt-pt\/wp-json\/wp\/v2\/media?parent=9135"}],"curies":[{"name":"wp","href":"https:\/\/api.w.org\/{rel}","templated":true}]}}