{"id":9142,"date":"2024-01-09T00:14:25","date_gmt":"2024-01-08T23:14:25","guid":{"rendered":"https:\/\/africafashiontour.com\/o-nosso-guia-da-moda-africana\/a-moda-africana-esta-representada-nos-desfiles-de-moda-internacionais\/"},"modified":"2024-01-09T00:14:25","modified_gmt":"2024-01-08T23:14:25","slug":"a-moda-africana-esta-representada-nos-desfiles-de-moda-internacionais","status":"publish","type":"page","link":"https:\/\/africafashiontour.com\/pt-pt\/o-nosso-guia-da-moda-africana\/a-moda-africana-esta-representada-nos-desfiles-de-moda-internacionais\/","title":{"rendered":"A moda africana est\u00e1 representada nos desfiles de moda internacionais?"},"content":{"rendered":"<p>A influ\u00eancia da <strong>moda africana<\/strong> ultrapassa agora as fronteiras do continente para ocupar o seu lugar nas passerelles internacionais. Ve\u00edculo de riqueza cultural e de saber-fazer artesanal, <a href=\"https:\/\/africafashiontour.com\/pt-pt\/\">a moda africana<\/a> suscita curiosidade e admira\u00e7\u00e3o na <strong>cena mundial<\/strong>. Neste esp\u00edrito de reconhecimento, vamos analisar a presen\u00e7a efectiva da moda africana nestes <strong>grandes eventos<\/strong> e a forma como os estilistas africanos est\u00e3o a influenciar a moda mundial, deixando a sua marca indel\u00e9vel nas passerelles de alta costura. Responderemos \u00e0 pergunta: a moda africana est\u00e1 representada nas passarelas internacionais?   <\/p>\n<p>Por \u00faltimo, ser\u00e3o explorados os desafios persistentes e as perspectivas futuras de integra\u00e7\u00e3o desta ind\u00fastria <a href=\"https:\/\/africafashiontour.com\/guide-mode-africaine\/mode-africaine-place-podiums\/\">da moda<\/a> multifacetada, a fim de apreender as suas potencialidades e limita\u00e7\u00f5es no contexto atual da globaliza\u00e7\u00e3o. <\/p>\n<p>&nbsp;<\/p>\n<p><img decoding=\"async\" class=\"img-responsive\" src=\"https:\/\/africafashiontour.com\/wp-content\/uploads\/2024\/01\/mode-africaine-representation-defiles-internationaux.jpg\" alt=\"A moda africana est\u00e1 representada nos desfiles de moda internacionais?\"><\/p>\n<h2>A presen\u00e7a da moda africana nas passarelas internacionais: um balan\u00e7o da situa\u00e7\u00e3o atual<\/h2>\n<p>Adornada com as suas melhores roupas e vibrante com originalidade, a moda africana abriu caminho corajosamente para as passerelles internacionais. Se considerarmos a extens\u00e3o do patrim\u00f3nio cultural de \u00c1frica, \u00e9 mais do que apropriado que o seu monumental b\u00fafalo &#8211; um emblema meton\u00edmico da criatividade sem limites &#8211; irrompa na savana dourada da alta costura. Nas \u00faltimas temporadas, assistiu-se a um avan\u00e7o significativo: tecidos com estampados evocativos ecoam o clamor ancestral dos bazins ricamente tingidos e dos kentes firmemente entran\u00e7ados, agora expostos a um p\u00fablico internacional \u00e1vido de exotismo, mas sobretudo de autenticidade.  <\/p>\n<p><strong>As semanas da moda<\/strong> de Paris a Mil\u00e3o, passando por Nova Iorque e Londres, acolheram com entusiasmo os drapeados inovadores e as silhuetas esculturais inspiradas numa \u00c1frica t\u00e3o cosmopolita quanto enraizada nas suas tradi\u00e7\u00f5es. As colec\u00e7\u00f5es d\u00e3o uma nova vida \u00e0 cera moderna e \u00e0 simplicidade estrutural do bogolan tradicional. Se, no passado, o peso da hist\u00f3ria parecia impedir o movimento desenfreado do pronto-a-vestir internacional em dire\u00e7\u00e3o a este continente repleto de novas ideias, hoje em dia, designers africanos como Alphadi e Imane Ayissi est\u00e3o a insuflar com for\u00e7a o esp\u00edrito majestoso de uma terra rica no cora\u00e7\u00e3o pulsante das capitais da moda.  <\/p>\n<p>No entanto, \u00e9 importante olhar para al\u00e9m do pitoresco, que \u00e9 muitas vezes associado ao &#8220;toque africano&#8221;, para apreender todo o seu potencial art\u00edstico: estas cria\u00e7\u00f5es n\u00e3o se limitam a acess\u00f3rios ou a artigos de festa. Cada vez que aparecem nas passerelles salpicadas de brilhos multiculturais &#8211; gra\u00e7as, em parte, a batalhas de estilo como a &#8220;African Fashion Up&#8221; &#8211; recordam ao mundo a import\u00e2ncia de uma ind\u00fastria em expans\u00e3o que est\u00e1 a reclamar o seu lugar de direito nos corredores sagrados do design global. <\/p>\n<p>Apesar desta evolu\u00e7\u00e3o favor\u00e1vel, que come\u00e7ou como uma fa\u00edsca sob o t\u00edmido balbuciar dos anos anteriores, permanece uma quest\u00e3o palp\u00e1vel: ser\u00e1 suficiente face \u00e0 escala vertiginosa que representa este universo de vestu\u00e1rio? O aumento da presen\u00e7a nas <strong>passarelas<\/strong> est\u00e1 inegavelmente a dar \u00e0 moda africana um certo reconhecimento; resta consolidar esta presen\u00e7a para transformar o que pode ainda parecer um exotismo seletivo num padr\u00e3o perene e respeitado. <\/p>\n<h2>Influ\u00eancia e contribui\u00e7\u00e3o dos designers africanos na cena internacional<\/h2>\n<p>No caleidosc\u00f3pio extravagante da moda internacional, os designers africanos est\u00e3o gradualmente a tecer a sua teia, causando um impacto que transcende as fronteiras continentais. A linguagem universal da moda est\u00e1 a tornar-se o megafone de uma identidade ricamente bordada com tradi\u00e7\u00f5es antigas e inova\u00e7\u00f5es arrojadas. De Adis Abeba a Lagos e a Joanesburgo, os estilistas do ber\u00e7o da humanidade impregnam as suas colec\u00e7\u00f5es de uma ess\u00eancia que mistura subtilmente a heran\u00e7a cultural e a modernidade, cativando as passarelas de todo o mundo.  <\/p>\n<p>Esta combina\u00e7\u00e3o sem precedentes de <strong>saber-fazer ancestral<\/strong> e vis\u00e3o vanguardista d\u00e1 vida a obras t\u00eaxteis de espl\u00eandida originalidade, impulsionando os designers africanos para a vanguarda de <strong>palcos prestigiados<\/strong> como <strong>a Semana da Moda<\/strong> de Paris e Mil\u00e3o. Personalidades como Thebe Magugu e Alphadi n\u00e3o s\u00f3 receberam elogios pela sua criatividade excecional, como tamb\u00e9m foram coroados com pr\u00e9mios internacionais, simbolizando um reconhecimento significativo da ind\u00fastria global. <\/p>\n<p>A influ\u00eancia tamb\u00e9m se faz sentir na crescente apet\u00eancia por pe\u00e7as com fortes padr\u00f5es gr\u00e1ficos e um espetro de cores vivas t\u00edpicas de certas regi\u00f5es de \u00c1frica. Os estampados de cera e bogolan fazem agora parte integrante das tend\u00eancias de ver\u00e3o em v\u00e1rias capitais europeias, um sinal claro do seu impacto fora das suas terras de origem. <\/p>\n<p>Tamb\u00e9m vale a pena real\u00e7ar o impulso inovador destes <strong>artes\u00e3os da beleza<\/strong>: est\u00e3o a remodelar brilhantemente as percep\u00e7\u00f5es ao mesmo tempo que promovem <strong>a sustentabilidade<\/strong> e <strong>a responsabilidade social<\/strong> na moda. De facto, muitas destas casas baseiam-se numa cadeia de fornecimento \u00e9tica, ao mesmo tempo que revitalizam a economia local atrav\u00e9s da produ\u00e7\u00e3o artesanal que respeita os conhecimentos tradicionais. <\/p>\n<p>Assim, os estilistas africanos est\u00e3o a fazer muito mais do que <strong>diversificar os seus estilos<\/strong>; est\u00e3o a infundir a arena global com uma mensagem vibrante inspirada por uma <strong>\u00c1frica plural<\/strong> e inovadora. Sob aplausos entusiasmados quando uma modelo vestida com as suas cria\u00e7\u00f5es pisa a passerelle internacional, estes talentos confirmam que a moda africana n\u00e3o est\u00e1 apenas enraizada nos seus terroirs &#8211; ela abra\u00e7a o mundo com a cabe\u00e7a majestosamente levantada. <\/p>\n<h2>Os desafios e as perspectivas da representa\u00e7\u00e3o da moda africana nas passarelas internacionais?<\/h2>\n<p>A integra\u00e7\u00e3o da <strong>moda africana<\/strong> nas prestigiadas passerelles internacionais apresenta desafios t\u00e3o estimulantes quanto significativos. Paradoxalmente, \u00e9 precisamente esta riqueza cultural que pode por vezes colidir com ideias preconcebidas e com a uniformidade dos padr\u00f5es est\u00e9ticos dominantes. No entanto, com uma sede insaci\u00e1vel de reconhecimento e de novos horizontes, <strong>os designers<\/strong> e artes\u00e3os de todo o continente est\u00e3o a trabalhar arduamente para revolucionar o tecido global da alta costura.  <\/p>\n<p>Na frente econ\u00f3mica, o financiamento continua a ser um obst\u00e1culo formid\u00e1vel; os designers t\u00eam de competir com engenho para aceder a recursos financeiros suficientes para expor o seu trabalho al\u00e9m-mar. Al\u00e9m disso, embora<strong>o artesanato local<\/strong> seja uma base essencial para a cria\u00e7\u00e3o de pe\u00e7as aut\u00eanticas, a sua produ\u00e7\u00e3o em massa \u00e9 dif\u00edcil de adaptar \u00e0s exig\u00eancias aceleradas do mundo da moda internacional. <\/p>\n<p>No entanto, h\u00e1 um ponto de viragem no horizonte: conscientes do potencial sem precedentes que encerram, algumas das casas de moda mundiais come\u00e7am subtilmente a mergulhar no dinamismo de \u00c1frica. <strong>As colabora\u00e7\u00f5es<\/strong> entre marcas estabelecidas e criadores emergentes anunciam uma nova era em que a fertiliza\u00e7\u00e3o cruzada de estilos e a inova\u00e7\u00e3o poder\u00e3o, em conjunto, moldar as passerelles do futuro. No centro desta sinergia potencial est\u00e1 uma oportunidade consider\u00e1vel para a moda africana: enriquecer o vocabul\u00e1rio visual internacional, preservando ao mesmo tempo as suas ra\u00edzes profundas e a sua identidade espec\u00edfica.  <\/p>\n<p>Por \u00faltimo, n\u00e3o podemos esquecer a influ\u00eancia crescente das <strong>redes sociais<\/strong>, que funcionam atualmente como uma caixa de resson\u00e2ncia para estes talentos, muitas vezes pouco conhecidos. As imagens partilhadas instantaneamente em todo o mundo contribuem para aumentar a sensibiliza\u00e7\u00e3o, o que poder\u00e1 abrir caminho a uma maior presen\u00e7a nos grandes eventos de moda. Desta forma, os sonhos de uma <strong>ind\u00fastria t\u00eaxtil<\/strong> africana orgulhosamente sentada \u00e0 mesa da influ\u00eancia global est\u00e3o gradualmente a tomar forma.  <\/p>\n<div>\n<h2>FAQ Clich\u00e9s e estere\u00f3tipos<\/h2>\n<div class=\"question-container\">\n<div class=\"answer\">\n<p><strong>Os modelos africanos podem ser usados durante todo o ano?<\/strong><br \/>\nA moda africana transcende as esta\u00e7\u00f5es do ano.<\/p>\n<p><strong>As pulseiras Maasai podem ser usadas em todas as ocasi\u00f5es?<\/strong><br \/>\nAs pulseiras Maasai podem ser usadas com orgulho em ocasi\u00f5es festivas, mas \u00e9 aconselh\u00e1vel faz\u00ea-lo com um conhecimento profundo do seu significado cultural. Respeitar o significado destas pulseiras \u00e9 essencial para uma apropria\u00e7\u00e3o respeitosa. <\/p>\n<p><strong>Como \u00e9 que o singular \u00e9 entendido na descri\u00e7\u00e3o da rica variedade de estilos africanos?<\/strong><br \/>\nPode referir-se a colec\u00e7\u00f5es influenciadas por \u00c1frica, independentemente da origem geogr\u00e1fica dos criadores.<\/p>\n<p><strong>O conceito de cera tem ra\u00edzes na tradi\u00e7\u00e3o africana?<\/strong><br \/>\nA resposta a esta pergunta ainda n\u00e3o foi dada, mas convidamo-lo a mergulhar na cativante hist\u00f3ria da cera. \u00c9 uma quest\u00e3o que alimenta uma discuss\u00e3o animada e requer uma compreens\u00e3o profunda. O termo &#8220;cera&#8221; tem a sua origem na t\u00e9cnica de impress\u00e3o em cera inspirada no batik javan\u00eas da Indon\u00e9sia. Este m\u00e9todo consiste em cobrir o padr\u00e3o negativo com cera, tingir o tecido com uma cor e depois enxaguar para remover a cera. Os colonizadores ingleses e holandeses adoptaram esta t\u00e9cnica para conquistar o mercado indon\u00e9sio do batik javan\u00eas, produzindo-o rapidamente e a baixo pre\u00e7o na Europa gra\u00e7as \u00e0 industrializa\u00e7\u00e3o dos t\u00eaxteis.    <\/p>\n<p>Quando os batiks europeus foram exportados para a Indon\u00e9sia, foram considerados de qualidade med\u00edocre devido a irregularidades na t\u00e9cnica de impress\u00e3o. Perante este fracasso, os colonizadores decidiram oferecer o seu produto em \u00c1frica, onde foi um sucesso retumbante. A cera tornou-se um elemento essencial da moda africana, com empres\u00e1rias como Nanas Benz a constru\u00edrem imp\u00e9rios com a sua comercializa\u00e7\u00e3o. Atualmente, a cera \u00e9 produzida em v\u00e1rios locais, incluindo a Holanda, a China e a \u00cdndia, e as f\u00e1bricas africanas especializadas enfrentam a concorr\u00eancia global.   <\/p>\n<p><strong>A moda africana exprime-se sobretudo atrav\u00e9s de cores vivas?<\/strong><br \/>\nDe modo algum, a moda africana abra\u00e7a uma variedade de tons vibrantes, reflectindo a riqueza cultural e art\u00edstica dos seus criadores.<\/p>\n<p>&nbsp;<\/p>\n<\/div>\n<\/div>\n<\/div>\n<p><em>Recomendamos estas outras p\u00e1ginas:  <\/em><\/p>\n<ul>\n<li><a href=\"https:\/\/africafashiontour.com\/pt-pt\/o-nosso-guia-da-moda-africana\/que-criadores-de-alta-costura-se-inspiraram-na-moda-africana\/\">Que criadores de alta costura se inspiraram na moda africana?<\/a><\/li>\n<li><a href=\"https:\/\/africafashiontour.com\/pt-pt\/o-nosso-guia-da-moda-africana\/a-moda-africana-e-bem-recebida-nas-passarelas-da-alta-costura\/\">A moda africana \u00e9 bem recebida nas passarelas da alta costura?<\/a><\/li>\n<li><a href=\"https:\/\/africafashiontour.com\/pt-pt\/o-nosso-guia-da-moda-africana\/que-desafios-enfrentam-os-estilistas-africanos-na-passerelle-da-alta-costura\/\">Que desafios enfrentam os estilistas africanos na passerelle da alta costura?<\/a><\/li>\n<li><a href=\"https:\/\/africafashiontour.com\/guide-mode-africaine\/mode-africaine-vetements-phares-podiums-haute-couture\/\">Quais s\u00e3o as pe\u00e7as de vestu\u00e1rio africanas mais populares nas passerelles de alta costura?<\/a><\/li>\n<li><a href=\"https:\/\/africafashiontour.com\/guide-mode-africaine\/mode-africaine-evenements-dedies-haute-couture\/\">H\u00e1 algum evento espec\u00edfico dedicado \u00e0 moda africana na alta costura?<\/a><\/li>\n<\/ul>\n","protected":false},"excerpt":{"rendered":"<p>A influ\u00eancia da moda africana ultrapassa agora as fronteiras do continente para ocupar o seu lugar nas passerelles internacionais. Ve\u00edculo de riqueza cultural e de saber-fazer artesanal, a moda africana suscita curiosidade e admira\u00e7\u00e3o na cena mundial. Neste esp\u00edrito de reconhecimento, vamos analisar a presen\u00e7a efectiva da moda africana nestes grandes eventos e a forma [&hellip;]<\/p>\n","protected":false},"author":17,"featured_media":0,"parent":9097,"menu_order":0,"comment_status":"closed","ping_status":"closed","template":"","meta":{"_et_pb_use_builder":"","_et_pb_old_content":"","_et_gb_content_width":"","footnotes":""},"class_list":["post-9142","page","type-page","status-publish","hentry"],"_links":{"self":[{"href":"https:\/\/africafashiontour.com\/pt-pt\/wp-json\/wp\/v2\/pages\/9142","targetHints":{"allow":["GET"]}}],"collection":[{"href":"https:\/\/africafashiontour.com\/pt-pt\/wp-json\/wp\/v2\/pages"}],"about":[{"href":"https:\/\/africafashiontour.com\/pt-pt\/wp-json\/wp\/v2\/types\/page"}],"author":[{"embeddable":true,"href":"https:\/\/africafashiontour.com\/pt-pt\/wp-json\/wp\/v2\/users\/17"}],"replies":[{"embeddable":true,"href":"https:\/\/africafashiontour.com\/pt-pt\/wp-json\/wp\/v2\/comments?post=9142"}],"version-history":[{"count":0,"href":"https:\/\/africafashiontour.com\/pt-pt\/wp-json\/wp\/v2\/pages\/9142\/revisions"}],"up":[{"embeddable":true,"href":"https:\/\/africafashiontour.com\/pt-pt\/wp-json\/wp\/v2\/pages\/9097"}],"wp:attachment":[{"href":"https:\/\/africafashiontour.com\/pt-pt\/wp-json\/wp\/v2\/media?parent=9142"}],"curies":[{"name":"wp","href":"https:\/\/api.w.org\/{rel}","templated":true}]}}