{"id":9290,"date":"2024-01-09T00:14:59","date_gmt":"2024-01-08T23:14:59","guid":{"rendered":"https:\/\/africafashiontour.com\/o-nosso-guia-da-moda-africana\/quais-sao-as-pecas-de-vestuario-africanas-mais-populares-nas-passerelles-de-alta-costura\/"},"modified":"2024-01-09T00:14:59","modified_gmt":"2024-01-08T23:14:59","slug":"quais-sao-as-pecas-de-vestuario-africanas-mais-populares-nas-passerelles-de-alta-costura","status":"publish","type":"page","link":"https:\/\/africafashiontour.com\/pt-pt\/o-nosso-guia-da-moda-africana\/quais-sao-as-pecas-de-vestuario-africanas-mais-populares-nas-passerelles-de-alta-costura\/","title":{"rendered":"Quais s\u00e3o as pe\u00e7as de vestu\u00e1rio africanas mais populares nas passerelles de alta costura?"},"content":{"rendered":"<p>Come\u00e7amos por explorar a cera e o bazin, <strong>pe\u00e7as de vestu\u00e1rio africanas<\/strong> que est\u00e3o a ganhar fama internacional. Em seguida, analisaremos a forma como a alta costura est\u00e1 a incorporar nas suas colec\u00e7\u00f5es pe\u00e7as de vestu\u00e1rio e acess\u00f3rios tradicionais africanos. Por \u00faltimo, destacaremos o papel decisivo desempenhado pelos criadores africanos na influ\u00eancia internacional da sua moda aut\u00eantica e vanguardista. Visite o s\u00edtio Web <a href=\"https:\/\/africafashiontour.com\/pt-pt\/\">da moda africana<\/a> para ficar a conhecer o cerne desta tend\u00eancia que est\u00e1 a redefinir a alta costura.   <\/p>\n<p><strong>A moda africana<\/strong> ultrapassa as fronteiras e assume corajosamente o seu lugar nas passerelles <a href=\"https:\/\/africafashiontour.com\/guide-mode-africaine\/mode-africaine-place-podiums\/\">da alta costura<\/a>. \u00c9 evidente tanto na presen\u00e7a de tecidos emblem\u00e1ticos como na incorpora\u00e7\u00e3o de elementos tradicionais, contribuindo para uma fus\u00e3o cultural no mundo da moda. Este boom \u00e9 ainda mais acentuado gra\u00e7as ao aparecimento de estilistas africanos que, com delicadeza, combinam patrim\u00f3nio e modernidade.  <\/p>\n<p><img decoding=\"async\" class=\"img-responsive\" src=\"https:\/\/africafashiontour.com\/wp-content\/uploads\/2024\/01\/mode-africaine-vetements-phares-podiums-haute-couture.jpg\" alt=\"Quais s\u00e3o as pe\u00e7as de vestu\u00e1rio africanas mais populares nas passerelles de alta costura?\"><\/p>\n<h2>Cera e bazina: os tecidos africanos na passerelle<\/h2>\n<p>A exuber\u00e2ncia colorida da <strong>cera<\/strong> e a nobreza do <strong>bazin<\/strong> est\u00e3o a fazer incurs\u00f5es ousadas no mundo da alta costura. Estes tecidos, outrora confinados aos mercados locais e \u00e0s cerim\u00f3nias tradicionais africanas, gozam agora de um sucesso fenomenal no panorama da moda internacional. Designers de renome est\u00e3o a aproveitar os padr\u00f5es inegavelmente ricos e a paleta de cores vibrantes da cera para dar uma nova vitalidade \u00e0s suas colec\u00e7\u00f5es. Com a sua not\u00e1vel resist\u00eancia, este tecido presta-se admiravelmente a cortes estruturados e proporciona um terreno f\u00e9rtil para a express\u00e3o art\u00edstica.   <\/p>\n<p>Igualmente prestigiado, o bazin reflecte a eleg\u00e2ncia inerente ao continente africano. Este t\u00eaxtil, conhecido pelo seu toque cerimonial e textura refinada, \u00e9 tratado com respeito pelas casas de alta costura, que reconhecem o seu forte valor acrescentado. Transcende fronteiras, acrescentando um toque de brilho subtil a vestidos de noite e fatos. <strong>Os designers<\/strong> exploram a sua beleza intr\u00ednseca para criar pe\u00e7as majestosas que celebram a rica heran\u00e7a cultural de \u00c1frica. O Bazin \u00e9 o material de elei\u00e7\u00e3o para a cria\u00e7\u00e3o de pe\u00e7as de vestu\u00e1rio africanas de car\u00e1cter obrigat\u00f3rio que demonstram a sua perten\u00e7a aos escal\u00f5es superiores da sociedade.    <\/p>\n<p><strong>Para al\u00e9m da<\/strong> sua est\u00e9tica cativante, estes tecidos encarnam um di\u00e1logo entre tradi\u00e7\u00e3o e modernidade, oferecendo uma narrativa visual que abre a porta \u00e0 moda inclusiva, onde cada pe\u00e7a de vestu\u00e1rio conta uma hist\u00f3ria \u00fanica. Nas passarelas de Paris, Nova Iorque e Mil\u00e3o, a cera e o bazin ressoam como emblemas de uma identidade plural, convidando designers e espectadores a uma viagem sensorial que transcende as fronteiras geogr\u00e1ficas. <\/p>\n<h2>Incorpora\u00e7\u00e3o de vestu\u00e1rio e acess\u00f3rios tradicionais na alta costura<\/h2>\n<p>Na encruzilhada dos mundos, a incorpora\u00e7\u00e3o harmoniosa dos ornamentos africanos e dos ornamentos t\u00edpicos do vestu\u00e1rio africano na esfera exclusiva da alta costura marca uma viragem est\u00e9tica significativa. Esta assimila\u00e7\u00e3o, longe de ser insignificante, reflecte uma profunda procura de simbolismo e de hist\u00f3ria nas cria\u00e7\u00f5es apresentadas nas passarelas. O vestu\u00e1rio tradicional africano, carregado de identidade cultural, est\u00e1 a dar forma a uma tend\u00eancia em que cada pe\u00e7a entrela\u00e7a contentor e conte\u00fado: a est\u00e9tica intemporal encontra-se com o artesanato milenar.  <\/p>\n<p>Vemos desfiles de moda em que o <em>boubou<\/em>, revisto pela m\u00e3o h\u00e1bil de um estilista de vanguarda, flutua majestosamente ao lado de fatos Chanel. <em>As missangas Maasai<\/em>, verdadeiros prismas multicoloridos, cativam o p\u00fablico quando s\u00e3o transformadas em elegantes colares ou enroladas em pulsos bem cuidados como pulseiras chiques. Os estilistas tamb\u00e9m infundem regularmente o esp\u00edrito do continente nos seus <em>toucados Peulhes<\/em> esculturais, transformando os modelos em totens modernos.  <\/p>\n<p>Nesta busca incessante de renova\u00e7\u00e3o, o rico patrim\u00f3nio do vestu\u00e1rio africano encontra uma nova express\u00e3o. O<em>kente<\/em> do Gana \u00e9 transformado para <strong>decorar vestidos esguios<\/strong>, enquanto o ic\u00f3nico <em>chap\u00e9u Fulani<\/em> d\u00e1 um toque singular a uma silhueta s\u00f3bria. Mesmo dentro do enclave elitista que \u00e9 a alta costura, o di\u00e1logo vibrante entre esta heran\u00e7a ancestral e o minimalismo contempor\u00e2neo n\u00e3o s\u00f3 cria um efeito visual marcante, como tamb\u00e9m sublinha um apetite pelas ra\u00edzes profundas que fortificam o tecido do futuro.  <\/p>\n<p>Este movimento n\u00e3o pode ser visto como uma mera tend\u00eancia passageira, mas sim como uma passagem opulenta onde cada pe\u00e7a de vestu\u00e1rio conta uma hist\u00f3ria, uma hist\u00f3ria de perten\u00e7a, de inova\u00e7\u00e3o e, acima de tudo, de respeito m\u00fatuo entre dois mundos anteriormente distintos. \u00c9 assim que floresce a ideia <strong>de que na dobra sedosa de uma saia ou na curva bordada de uma mala se encontram s\u00e9culos de uma cria\u00e7\u00e3o incomensuravelmente rica<\/strong>. <\/p>\n<h2>O vestu\u00e1rio africano e a sua influ\u00eancia na moda internacional<\/h2>\n<p>A ascens\u00e3o mete\u00f3rica dos estilistas africanos na alta costura marca uma era de <strong>renova\u00e7\u00e3o estil\u00edstica<\/strong> que honra as tradi\u00e7\u00f5es t\u00eaxteis, ao mesmo tempo que injecta um sopro de <strong>modernidade<\/strong>. Nomes como Alphadi, Oumou Sy e Imane Ayissi abra\u00e7am orgulhosamente a sua <strong>heran\u00e7a africana<\/strong> e fazem o seu nome nas passerelles de Paris, Mil\u00e3o e Nova Iorque. Estes artes\u00e3os do chique <strong>est\u00e3o a redefinir a<\/strong> est\u00e9tica contempor\u00e2nea com as suas m\u00e3os inspiradas, inspirando-se numa rica heran\u00e7a cultural.  <\/p>\n<p>As suas colec\u00e7\u00f5es est\u00e3o repletas de refer\u00eancias a c\u00f3digos ancestrais que foram audaciosamente revisitados: onde a tanga se encontra com cortes vanguardistas, onde o Kente gan\u00eas ou o Shweshwe sul-africano vestem silhuetas estruturadas que evocam<strong>a intemporalidade<\/strong>. Este fen\u00f3meno n\u00e3o \u00e9 apenas um <strong>sucesso passageiro<\/strong>; reflecte uma procura de autenticidade combinada com uma <strong>consci\u00eancia global<\/strong> no sector do luxo. Estes vision\u00e1rios da moda n\u00e3o est\u00e3o apenas a desenhar roupas, est\u00e3o a tra\u00e7ar um novo horizonte para uma est\u00e9tica<strong>&#8220;afro-global&#8221;<\/strong> que apela a um p\u00fablico diversificado.  <\/p>\n<p>Estas <strong>contribui\u00e7\u00f5es significativas<\/strong> est\u00e3o tamb\u00e9m a impulsionar <strong>importantes<\/strong> mudan\u00e7as <strong>socioecon\u00f3micas<\/strong> em \u00c1frica. Os jovens talentos locais inspiram-se e adquirem know-how destes gigantes do estilo, enquanto o<strong>aparecimento de plataformas<\/strong> como a Semana da Moda de Dakar, a Semana da Moda de Lagos e a Semana da Moda Africana de Londres mostra estes talentos na cena internacional. Ao promoverem uma imagem positiva e din\u00e2mica do continente, preparam o caminho para o merecido reconhecimento, estimulando simultaneamente a economia local atrav\u00e9s da promo\u00e7\u00e3o do<strong>&#8220;Made in Africa&#8221;<\/strong>.  <\/p>\n<p>Em \u00faltima an\u00e1lise, a influ\u00eancia crescente dos criadores africanos n\u00e3o s\u00f3 reflecte o seu <strong>engenho<\/strong>, como tamb\u00e9m \u00e9 sintom\u00e1tica de uma <strong>mudan\u00e7a profunda<\/strong> no dom\u00ednio muito exclusivo da alta costura, que \u00e9 agora enriquecido por<strong>influ\u00eancias plurais<\/strong> que convidam ao di\u00e1logo entre diferentes narrativas culturais atrav\u00e9s de pe\u00e7as de vestu\u00e1rio africanas que se misturam com guarda-roupas ocidentais.<\/p>\n<div class=\"question-container\">\n<div class=\"answer\"><\/div>\n<\/div>\n<div>\n<p><em>Recomendamos estas outras p\u00e1ginas:  <\/em><\/p>\n<ul>\n<li><a href=\"https:\/\/africafashiontour.com\/pt-pt\/o-nosso-guia-da-moda-africana\/a-moda-africana-esta-representada-nos-desfiles-de-moda-internacionais\/\">A moda africana est\u00e1 representada nos desfiles de moda internacionais?<\/a><\/li>\n<li><a href=\"https:\/\/africafashiontour.com\/pt-pt\/o-nosso-guia-da-moda-africana\/que-criadores-de-alta-costura-se-inspiraram-na-moda-africana\/\">Que criadores de alta costura se inspiraram na moda africana?<\/a><\/li>\n<li><a href=\"https:\/\/africafashiontour.com\/pt-pt\/o-nosso-guia-da-moda-africana\/a-moda-africana-e-bem-recebida-nas-passarelas-da-alta-costura\/\">A moda africana \u00e9 bem recebida nas passarelas da alta costura?<\/a><\/li>\n<li><a href=\"https:\/\/africafashiontour.com\/pt-pt\/o-nosso-guia-da-moda-africana\/que-desafios-enfrentam-os-estilistas-africanos-na-passerelle-da-alta-costura\/\">Que desafios enfrentam os estilistas africanos na passerelle da alta costura?<\/a><\/li>\n<li><a href=\"https:\/\/africafashiontour.com\/pt-pt\/o-nosso-guia-da-moda-africana\/ha-algum-evento-especifico-dedicado-a-moda-africana-na-alta-costura\/\">H\u00e1 algum evento espec\u00edfico dedicado \u00e0 moda africana na alta costura?<\/a><\/li>\n<\/ul>\n<\/div>\n","protected":false},"excerpt":{"rendered":"<p>Come\u00e7amos por explorar a cera e o bazin, pe\u00e7as de vestu\u00e1rio africanas que est\u00e3o a ganhar fama internacional. Em seguida, analisaremos a forma como a alta costura est\u00e1 a incorporar nas suas colec\u00e7\u00f5es pe\u00e7as de vestu\u00e1rio e acess\u00f3rios tradicionais africanos. Por \u00faltimo, destacaremos o papel decisivo desempenhado pelos criadores africanos na influ\u00eancia internacional da sua [&hellip;]<\/p>\n","protected":false},"author":17,"featured_media":0,"parent":9097,"menu_order":0,"comment_status":"closed","ping_status":"closed","template":"","meta":{"_et_pb_use_builder":"","_et_pb_old_content":"","_et_gb_content_width":"","footnotes":""},"class_list":["post-9290","page","type-page","status-publish","hentry"],"_links":{"self":[{"href":"https:\/\/africafashiontour.com\/pt-pt\/wp-json\/wp\/v2\/pages\/9290","targetHints":{"allow":["GET"]}}],"collection":[{"href":"https:\/\/africafashiontour.com\/pt-pt\/wp-json\/wp\/v2\/pages"}],"about":[{"href":"https:\/\/africafashiontour.com\/pt-pt\/wp-json\/wp\/v2\/types\/page"}],"author":[{"embeddable":true,"href":"https:\/\/africafashiontour.com\/pt-pt\/wp-json\/wp\/v2\/users\/17"}],"replies":[{"embeddable":true,"href":"https:\/\/africafashiontour.com\/pt-pt\/wp-json\/wp\/v2\/comments?post=9290"}],"version-history":[{"count":0,"href":"https:\/\/africafashiontour.com\/pt-pt\/wp-json\/wp\/v2\/pages\/9290\/revisions"}],"up":[{"embeddable":true,"href":"https:\/\/africafashiontour.com\/pt-pt\/wp-json\/wp\/v2\/pages\/9097"}],"wp:attachment":[{"href":"https:\/\/africafashiontour.com\/pt-pt\/wp-json\/wp\/v2\/media?parent=9290"}],"curies":[{"name":"wp","href":"https:\/\/api.w.org\/{rel}","templated":true}]}}