{"id":9304,"date":"2024-04-23T09:37:20","date_gmt":"2024-04-23T07:37:20","guid":{"rendered":"https:\/\/africafashiontour.com\/moda-masculina-africana-um-mundo-fascinante-e-rico-em-tradicoes\/"},"modified":"2026-01-21T22:17:08","modified_gmt":"2026-01-21T21:17:08","slug":"moda-masculina-africana-um-mundo-fascinante-e-rico-em-tradicoes","status":"publish","type":"page","link":"https:\/\/africafashiontour.com\/pt-pt\/moda-masculina-africana-um-mundo-fascinante-e-rico-em-tradicoes\/","title":{"rendered":"Moda masculina africana: um mundo fascinante e rico em tradi\u00e7\u00f5es"},"content":{"rendered":"<p><span style=\"font-weight: 400;\">\u00c1frica \u00e9 um continente multifacetado que inspira atrav\u00e9s da sua rica cultura e hist\u00f3ria. A moda, em particular com   <\/span><b>Moda africana para homem<\/b><span style=\"font-weight: 400;\">A moda masculina africana n\u00e3o \u00e9 exce\u00e7\u00e3o, reinventando-se de acordo com as tend\u00eancias actuais. O Africa Fashion Tour \u00e9 um meio imperd\u00edvel neste dom\u00ednio, permitindo-lhe descobrir os designers, os influenciadores e os estilos que est\u00e3o a tornar a moda masculina africana famosa. Somos apaixonados por partilhar tudo o que tem a ver com    <\/span><a href=\"https:\/\/africafashiontour.com\/pt-pt\/\"><span style=\"font-weight: 400;\">Moda africana<\/span><\/a><span style=\"font-weight: 400;\">Africana <\/span><a href=\"https:\/\/africafashiontour.com\/pt-pt\/moda-feminina-africana-uma-tendencia-em-expansao\/\"><span style=\"font-weight: 400;\">Moda africana para mulheres<\/span><\/a><span style=\"font-weight: 400;\"> desde <a href=\"https:\/\/africafashiontour.com\/pt-pt\/o-renascimento-do-desfile-de-moda-africano\/\">desfiles de moda africanos<\/a> a tend\u00eancias de alta-costura, <a href=\"https:\/\/africafashiontour.com\/pt-pt\/visionarios-da-moda-designers-de-moda-africanos\/\">designers de moda africanos,<\/a> <a href=\"https:\/\/africafashiontour.com\/pt-pt\/vestidos-de-moda-africanos-da-tradicao-as-tendencias-contemporaneas\/\">vestidos de moda africana<\/a> e muito mais. <\/span> <\/p>\n<p>&nbsp;<\/p>\n<h2><b>Os tecidos l\u00edderes da moda africana para homem<\/b><\/h2>\n<p><span style=\"font-weight: 400;\">Os tecidos s\u00e3o um dos elementos essenciais da moda masculina africana e uma parte vital da compreens\u00e3o deste mundo. Transmitem n\u00e3o s\u00f3 a hist\u00f3ria e as tradi\u00e7\u00f5es do passado, mas tamb\u00e9m a inova\u00e7\u00e3o e o estilo contempor\u00e2neo. <\/span><\/p>\n<p>&nbsp;<\/p>\n<h3><b>O Bazin: um forte s\u00edmbolo de identidade<\/b><\/h3>\n<p><span style=\"font-weight: 400;\">Bazin \u00e9 um algod\u00e3o damasco tingido \u00e0 m\u00e3o que define o padr\u00e3o da moda masculina africana. Para todas as grandes celebra\u00e7\u00f5es, cerim\u00f3nias religiosas e eventos, os homens mandam fazer boubous por medida ou compram pe\u00e7as prontas a vestir que s\u00e3o ajustadas \u00e0s suas medidas. Os trajes Bazin continuam a ser uma parte essencial do guarda-roupa do homem moderno. Os cortes evolu\u00edram, mas a tradi\u00e7\u00e3o de usar o bazin foi preservada e as gera\u00e7\u00f5es mais jovens usam orgulhosamente os seus trajes tradicionais. O tamanho do bazin boubou revela o estatuto social. Quanto maior for, mais elevado \u00e9 o seu estatuto na sociedade. O termo &#8220;grand boubou&#8221; ou &#8220;bazin rico&#8221; \u00e9 utilizado para descrever estes tecidos preciosos, que s\u00e3o representativos da moda africana.        <\/span><\/p>\n<p>&nbsp;<\/p>\n<h3><b>L&#8217;Ankara: um toque de autenticidade<\/b><\/h3>\n<p><span style=\"font-weight: 400;\">Ankara \u00e9 um tecido que \u00e9 o orgulho de \u00c1frica e que est\u00e1 constantemente a ser renovado para oferecer designs inovadores. Combina tradi\u00e7\u00e3o e modernidade, com estampados de cores vivas que reflectem diferentes influ\u00eancias culturais africanas. Os homens t\u00eam agora a oportunidade de se apropriarem deste tecido, optando por conjuntos como camisas, cal\u00e7as ou fatos Ankara para refor\u00e7ar a sua identidade de vestu\u00e1rio.  <\/span><\/p>\n<p>&nbsp;<\/p>\n<p>&nbsp;<\/p>\n<div>\n<p><strong><img decoding=\"async\" class=\"wp-image-3920 size-large aligncenter\" src=\"https:\/\/africafashiontour.com\/wp-content\/uploads\/2024\/04\/Marche-Noir-1-819x1024.jpg\" alt=\"Moda masculina africana\" width=\"819\" height=\"1024\"><\/strong><\/p>\n<\/div>\n<p>&nbsp;<\/p>\n<h2><b>Moda masculina africana: luxo e eleg\u00e2ncia<\/b><\/h2>\n<p><span style=\"font-weight: 400;\">A moda masculina africana n\u00e3o se resume a estes tecidos ic\u00f3nicos, mas tamb\u00e9m ao luxo e ao design de alta qualidade para satisfazer uma clientela cada vez mais exigente.<\/span><\/p>\n<p>&nbsp;<\/p>\n<h3><b>O bordado: um patrim\u00f3nio ancestral<\/b><\/h3>\n<p><span style=\"font-weight: 400;\">Moda africana <\/span><b>Moda africana para homem<\/b><span style=\"font-weight: 400;\">Os bordados tradicionais s\u00e3o um verdadeiro reflexo das compet\u00eancias dos artes\u00e3os africanos. Ricos em padr\u00f5es e cores, acrescentam um verdadeiro valor est\u00e9tico, trazendo nobreza \u00e0 moda masculina africana. <\/span><\/p>\n<p>&nbsp;<\/p>\n<h3><b>Estilo moderno e na moda<\/b><\/h3>\n<p><span style=\"font-weight: 400;\">Atualmente, os estilistas decidiram combinar t\u00e9cnicas ancestrais com cortes modernos e contempor\u00e2neos para criar um estilo completo para a moda masculina africana. Inspirada na alfaiataria europeia, esta mistura harmoniosa de culturas traz o melhor dos dois mundos, oferecendo pe\u00e7as modernas, mas mantendo as aut\u00eanticas influ\u00eancias africanas. <\/span><\/p>\n<p>&nbsp;<\/p>\n<h2><b>Influenciadores e designers da moda masculina africana<\/b><\/h2>\n<p><span style=\"font-weight: 400;\">A moda masculina africana \u00e9 tamb\u00e9m colocada no centro das aten\u00e7\u00f5es por estas personalidades que se mobilizam para criar e hastear a bandeira africana. Os nossos meios de comunica\u00e7\u00e3o do Africa Fashion Tour partilham regularmente as suas novidades e d\u00e3o-lhe a conhecer as suas paix\u00f5es. <\/span><\/p>\n<ol>\n<li style=\"font-weight: 400;\" aria-level=\"1\"><span style=\"font-weight: 400;\">Influenciadores: exibem com orgulho as cria\u00e7\u00f5es africanas e destacam as \u00faltimas tend\u00eancias para inspirar a comunidade masculina. Desta forma, ajudam a elevar o perfil da moda africana na cena internacional. <\/span><\/li>\n<li style=\"font-weight: 400;\" aria-level=\"1\"><span style=\"font-weight: 400;\">Os criadores: o seu talento \u00e9 ineg\u00e1vel e o seu sentido de moda atrai os amantes de trajes chiques e elegantes. A moda masculina africana deve a sua notoriedade a estes artes\u00e3os que aliam tradi\u00e7\u00e3o e inova\u00e7\u00e3o. <\/span><\/li>\n<\/ol>\n<p>&nbsp;<\/p>\n<h2><b><span class=\"TextRun SCXW15524001 BCX0\" lang=\"FR-FR\" xml:lang=\"FR-FR\" data-contrast=\"auto\"><span class=\"NormalTextRun SCXW15524001 BCX0\">Patrim\u00f3nio, s\u00edmbolos e identidade revisitados<\/span><\/span><span class=\"EOP SCXW15524001 BCX0\" data-ccp-props=\"{\"134233117\":false,\"134233118\":false,\"335559738\":299,\"335559739\":299}\"> da<\/span><\/b><b><span class=\"TextRun SCXW15524001 BCX0\" lang=\"FR-FR\" xml:lang=\"FR-FR\" data-contrast=\"auto\"><span class=\"NormalTextRun SCXW15524001 BCX0\">moda masculina africana<\/span><\/span><\/b><\/h2>\n<p><b><span data-contrast=\"auto\">Moda masculina africana<\/span><\/b><span data-contrast=\"auto\">  est\u00e1 a passar por uma verdadeira reinven\u00e7\u00e3o narrativa. J\u00e1 n\u00e3o se contenta com a adapta\u00e7\u00e3o de c\u00f3digos antigos: est\u00e1 a criar um novo vocabul\u00e1rio visual, no qual os homens utilizam roupas, texturas e silhuetas para afirmar uma identidade plural, enraizada no passado, mas resolutamente virada para o futuro. <\/span><span data-ccp-props=\"{\"134233117\":false,\"134233118\":false,\"335559738\":240,\"335559739\":240}\"> <\/span><\/p>\n<p><span data-contrast=\"auto\">Esta evolu\u00e7\u00e3o reflecte-se no aparecimento de formas h\u00edbridas, onde as linhas simples se encontram com as tradi\u00e7\u00f5es t\u00eaxteis. Alguns designers, por exemplo, revisitam a arquitetura do grande boubou, acrescentando volumes controlados, mangas estruturadas e golas minimalistas. O objetivo j\u00e1 n\u00e3o \u00e9 simplesmente modernizar, mas oferecer uma nova interpreta\u00e7\u00e3o da masculinidade africana, mais expressiva, mais sens\u00edvel e mais consciente da sua heran\u00e7a.    <\/span><span data-contrast=\"none\">Tal como a<\/span><a href=\"https:\/\/www.unesco.org\/sites\/default\/files\/medias\/fichiers\/2024\/03\/387232fre%20%281%29.pdf\"><span data-contrast=\"none\">UNESCO<\/span><\/a><span data-contrast=\"none\">sublinha que as pr\u00e1ticas de vestu\u00e1rio do continente evolu\u00edram e s\u00e3o express\u00f5es culturais essenciais que revelam identidades e sistemas de valores.<\/span><\/p>\n<p><span data-contrast=\"auto\">Em <\/span><b><span data-contrast=\"auto\">Africa Fashion Tour<\/span><\/b><span data-contrast=\"auto\">deciframos a <\/span><b><span data-contrast=\"auto\">A moda masculina africana<\/span><\/b><span data-contrast=\"auto\">  como uma cena cultural por direito pr\u00f3prio. Das silhuetas tradicionais \u00e0s reinterpreta\u00e7\u00f5es contempor\u00e2neas, a forma como os homens se vestem em \u00c1frica conta uma hist\u00f3ria viva, estruturada por rituais, lealdades e transforma\u00e7\u00f5es sociais. <\/span><span data-ccp-props=\"{\"134233117\":false,\"134233118\":false,\"335559738\":240,\"335559739\":240}\"> <\/span><\/p>\n<p><span data-contrast=\"auto\">\u00c9 aqui que entra a nossa experi\u00eancia, pois procuramos compreender como o homem africano, atrav\u00e9s do seu estilo, exprime n\u00e3o s\u00f3 o seu lugar na comunidade ou o seu estatuto, mas tamb\u00e9m a sua criatividade pessoal e a sua forma \u00fanica de habitar a tradi\u00e7\u00e3o.<\/span><\/p>\n<p>&nbsp;<\/p>\n<h2><b>A ascens\u00e3o do estilo &#8220;tradi-moderne&#8221;: uma nova era para a moda masculina africana<\/b><\/h2>\n<p><span style=\"font-weight: 400;\">La <\/span><b>Moda masculina africana<\/b><span style=\"font-weight: 400;\">  est\u00e1 a sofrer uma transforma\u00e7\u00e3o not\u00e1vel com o aparecimento do estilo &#8220;tradi-moderne&#8221;, uma fus\u00e3o harmoniosa de tradi\u00e7\u00f5es ancestrais e influ\u00eancias contempor\u00e2neas. Este estilo, adotado por personalidades pol\u00edticas como o Presidente senegal\u00eas Bassirou Diomaye Faye e o Primeiro-Ministro Ousmane Sonko, reflecte a vontade de preservar o patrim\u00f3nio cultural e de se adaptar aos c\u00f3digos de vestu\u00e1rio actuais.   <\/span><\/p>\n<p><span style=\"font-weight: 400;\">Os designers africanos est\u00e3o a desempenhar um papel central nesta evolu\u00e7\u00e3o, reinterpretando pe\u00e7as tradicionais com cortes modernos e tecidos inovadores. Por exemplo, o designer burquinense S\u00e9bastien Bazemo revitalizou a tanga Koko Dunda, um t\u00eaxtil emblem\u00e1tico, modernizando-a para apelar a uma clientela jovem e urbana. Da mesma forma, designers como Path\u00e9&#8217;O e Mossi Traor\u00e9 incorporam elementos da cultura africana em designs contempor\u00e2neos, refor\u00e7ando a identidade da regi\u00e3o.    <\/span><b>Alfaiataria para homem africano<\/b><span style=\"font-weight: 400;\">. <\/span> <\/p>\n<p><span style=\"font-weight: 400;\">Esta tend\u00eancia \u00e9 tamb\u00e9m evidente na escolha de tecidos e padr\u00f5es. Os estampados de cera, os bordados finos e os t\u00eaxteis como o rico bazin s\u00e3o revisitados para criar conjuntos que combinam eleg\u00e2ncia e autenticidade. Os homens africanos est\u00e3o a adotar estes estilos para uma variedade de ocasi\u00f5es, desde o dia a dia a eventos formais, afirmando a sua identidade cultural com orgulho.    <\/span><\/p>\n<p><span style=\"font-weight: 400;\">O estilo &#8220;tradi-moderne&#8221; simboliza uma nova era para a <\/span><b>moda masculina africana<\/b><span style=\"font-weight: 400;\">onde a inova\u00e7\u00e3o coexiste com a tradi\u00e7\u00e3o. Esta abordagem permite aos homens africanos exprimirem-se atrav\u00e9s de uma   <\/span><b>Roupa de homem africana<\/b><span style=\"font-weight: 400;\"> que honram a sua heran\u00e7a e abra\u00e7am a modernidade.<\/span><\/p>\n<p>&nbsp;<\/p>\n","protected":false},"excerpt":{"rendered":"<p>\u00c1frica \u00e9 um continente multifacetado que inspira atrav\u00e9s da sua rica cultura e hist\u00f3ria. A moda, em particular com Moda africana para homemA moda masculina africana n\u00e3o \u00e9 exce\u00e7\u00e3o, reinventando-se de acordo com as tend\u00eancias actuais. O Africa Fashion Tour \u00e9 um meio imperd\u00edvel neste dom\u00ednio, permitindo-lhe descobrir os designers, os influenciadores e os estilos [&hellip;]<\/p>\n","protected":false},"author":70,"featured_media":0,"parent":0,"menu_order":0,"comment_status":"closed","ping_status":"closed","template":"","meta":{"_et_pb_use_builder":"off","_et_pb_old_content":"","_et_gb_content_width":"","footnotes":""},"class_list":["post-9304","page","type-page","status-publish","hentry"],"_links":{"self":[{"href":"https:\/\/africafashiontour.com\/pt-pt\/wp-json\/wp\/v2\/pages\/9304","targetHints":{"allow":["GET"]}}],"collection":[{"href":"https:\/\/africafashiontour.com\/pt-pt\/wp-json\/wp\/v2\/pages"}],"about":[{"href":"https:\/\/africafashiontour.com\/pt-pt\/wp-json\/wp\/v2\/types\/page"}],"author":[{"embeddable":true,"href":"https:\/\/africafashiontour.com\/pt-pt\/wp-json\/wp\/v2\/users\/70"}],"replies":[{"embeddable":true,"href":"https:\/\/africafashiontour.com\/pt-pt\/wp-json\/wp\/v2\/comments?post=9304"}],"version-history":[{"count":2,"href":"https:\/\/africafashiontour.com\/pt-pt\/wp-json\/wp\/v2\/pages\/9304\/revisions"}],"predecessor-version":[{"id":11820,"href":"https:\/\/africafashiontour.com\/pt-pt\/wp-json\/wp\/v2\/pages\/9304\/revisions\/11820"}],"wp:attachment":[{"href":"https:\/\/africafashiontour.com\/pt-pt\/wp-json\/wp\/v2\/media?parent=9304"}],"curies":[{"name":"wp","href":"https:\/\/api.w.org\/{rel}","templated":true}]}}