{"id":9410,"date":"2025-04-18T15:08:07","date_gmt":"2025-04-18T13:08:07","guid":{"rendered":"https:\/\/africafashiontour.com\/tendencias-da-moda-africana-em-2025\/"},"modified":"2025-04-18T15:08:07","modified_gmt":"2025-04-18T13:08:07","slug":"tendencias-da-moda-africana-em-2025","status":"publish","type":"page","link":"https:\/\/africafashiontour.com\/pt-pt\/tendencias-da-moda-africana-em-2025\/","title":{"rendered":"Tend\u00eancias da moda africana em 2025"},"content":{"rendered":"<p><span style=\"font-weight: 400;\">A evolu\u00e7\u00e3o da <a href=\"https:\/\/africafashiontour.com\/pt-pt\/\">moda africana<\/a> continua a surpreender e a inspirar \u00e0 escala global. Em 2025, novas tend\u00eancias est\u00e3o a tomar forma, posicionando \u00c1frica como um verdadeiro centro de criatividade e inova\u00e7\u00e3o. Os estilistas africanos destacam-se pela sua capacidade de fundir tradi\u00e7\u00e3o e modernidade, dando origem a estilos \u00fanicos e ousados.    <\/span><b>Africa Fashion Tour<\/b><span style=\"font-weight: 400;\"> desempenha um papel fundamental como meio de comunica\u00e7\u00e3o social, apresentando o talento, as tend\u00eancias e o estilo de vida africanos e celebrando a riqueza deste sector em r\u00e1pida expans\u00e3o. <\/span> <\/p>\n<h2><b>Quais s\u00e3o as novas influ\u00eancias da moda africana em 2025?<\/b><\/h2>\n<p>&nbsp;<\/p>\n<p><img decoding=\"async\" class=\"size-large wp-image-8842\" src=\"https:\/\/africafashiontour.com\/wp-content\/uploads\/2025\/04\/clem-onojeghuo-24vjqgcu0pi-unsplash-1-1024x671.webp\" alt=\"Tend\u00eancias da moda africana 2025\" width=\"1024\" height=\"671\" srcset=\"https:\/\/africafashiontour.com\/wp-content\/uploads\/2025\/04\/clem-onojeghuo-24vjqgcu0pi-unsplash-1-980x642.webp 980w, https:\/\/africafashiontour.com\/wp-content\/uploads\/2025\/04\/clem-onojeghuo-24vjqgcu0pi-unsplash-1-480x315.webp 480w\" sizes=\"(min-width: 0px) and (max-width: 480px) 480px, (min-width: 481px) and (max-width: 980px) 980px, (min-width: 981px) 1024px, 100vw\" \/><\/p>\n<p>&nbsp;<\/p>\n<p><span style=\"font-weight: 400;\">A moda africana em 2025 \u00e9 marcada por uma explos\u00e3o de <\/span><b>motivos tribais revisitados<\/b><span style=\"font-weight: 400;\">. Estes motivos, s\u00edmbolos fortes de  <\/span><b>Cultura africana<\/b><span style=\"font-weight: 400;\">Estes s\u00e3o integrados em cria\u00e7\u00f5es modernas que apelam a uma clientela internacional cada vez mais diversificada. A fus\u00e3o de   <\/span><b>tecidos tradicionais<\/b><span style=\"font-weight: 400;\"> com cortes contempor\u00e2neos cria um universo visual vibrante que atrai a aten\u00e7\u00e3o nos desfiles de moda em todo o mundo. <\/span> <\/p>\n<p><span style=\"font-weight: 400;\">Outro aspeto not\u00e1vel \u00e9 a utiliza\u00e7\u00e3o crescente de <\/span><b>cores vivas<\/b><span style=\"font-weight: 400;\">  nas colec\u00e7\u00f5es primavera-ver\u00e3o. Inspiradas na rica paleta natural do continente, estas tonalidades conferem uma frescura e uma vitalidade ineg\u00e1veis aos conjuntos. O uso arrojado da cor est\u00e1 a tornar-se sin\u00f3nimo de luxo e sofistica\u00e7\u00e3o nas passarelas da Europa e da Am\u00e9rica.  <\/span><\/p>\n<h3><b>O regresso dos tecidos tradicionais: porque \u00e9 que s\u00e3o t\u00e3o fascinantes?<\/b><\/h3>\n<p><span style=\"font-weight: 400;\">Os <\/span><b>tecidos tradicionais<\/b><span style=\"font-weight: 400;\">Os tecidos africanos, como a cera e o kente, continuam a ser elementos essenciais nos guarda-roupas africanos. Estes materiais incorporam hist\u00f3ria, t\u00e9cnicas ancestrais e um saber-fazer inigual\u00e1vel. Atualmente, a sua popularidade estende-se muito para al\u00e9m das fronteiras do continente. S\u00e3o valorizados por designs modernos que renovam o interesse e se adaptam \u00e0s exig\u00eancias da sociedade atual.     <\/span><b>moda contempor\u00e2nea<\/b><span style=\"font-weight: 400;\">. <\/span> <\/p>\n<p><span style=\"font-weight: 400;\">V\u00e1rios jovens criadores africanos conseguiram construir a sua reputa\u00e7\u00e3o adoptando estes tecidos nas suas colec\u00e7\u00f5es, gerando entusiasmo em cada semana da moda. Atrav\u00e9s da sua cobertura medi\u00e1tica, o Africa Fashion Tour contribui de forma significativa para a promo\u00e7\u00e3o destes criadores, cujo trabalho valoriza o patrim\u00f3nio cultural africano. <\/span><\/p>\n<h2><b>Que papel desempenham os influenciadores na moda africana atual?<\/b><\/h2>\n<p><span style=\"font-weight: 400;\">No panorama atual <\/span><b>influenciadores<\/b><span style=\"font-weight: 400;\">  desempenham um papel importante. Desempenham um papel ativo na divulga\u00e7\u00e3o e no reconhecimento mundial de   <\/span><b>Designers africanos<\/b><span style=\"font-weight: 400;\">. Atrav\u00e9s das suas plataformas digitais, amplificam a visibilidade dos estilos e tend\u00eancias de \u00c1frica. Estes embaixadores de marcas e especialistas em moda fazem eco das \u00faltimas inova\u00e7\u00f5es do continente atrav\u00e9s de   <\/span><b>podcasts din\u00e2micos<\/b><span style=\"font-weight: 400;\"> podcasts.<\/span><\/p>\n<p><span style=\"font-weight: 400;\">Uma tend\u00eancia recente not\u00e1vel \u00e9 o aparecimento de colabora\u00e7\u00f5es entre grandes marcas internacionais e personalidades africanas influentes. Esta tend\u00eancia demonstra o apelo global dos conceitos multiculturais e empresariais da \u00c1frica moderna. Gra\u00e7as ao Africa Fashion Tour, v\u00e1rios influenciadores est\u00e3o a ver a sua contribui\u00e7\u00e3o valorizada, refor\u00e7ando o apelo est\u00e9tico da moda africana para al\u00e9m do seu territ\u00f3rio de origem.  <\/span><\/p>\n<h3><b>Que influ\u00eancia t\u00eam as semanas de moda dedicadas exclusivamente a \u00c1frica?<\/b><\/h3>\n<p><span style=\"font-weight: 400;\">As <\/span><b>semanas de moda<\/b><span style=\"font-weight: 400;\">  dedicados \u00e0 moda africana est\u00e3o a expandir-se e a enriquecer o panorama internacional. Estes eventos constituem um trampolim ideal para os estilistas africanos mostrarem a sua vis\u00e3o \u00fanica. Muitos pa\u00edses africanos, como a Nig\u00e9ria e a \u00c1frica do Sul, est\u00e3o agora a organizar semanas de moda populares que atraem tanto os profissionais da ind\u00fastria como os entusiastas da moda.  <\/span><\/p>\n<p><span style=\"font-weight: 400;\">Estes eventos imperd\u00edveis d\u00e3o visibilidade \u00e0 est\u00e9tica \u00fanica da moda africana. Designers talentosos apresentam colec\u00e7\u00f5es inovadoras onde a autenticidade e a modernidade coexistem harmoniosamente. O resultado \u00e9 uma efervesc\u00eancia palp\u00e1vel durante estas semanas de moda, muitas vezes transmitida pelo Africa Fashion Tour, que cativa um p\u00fablico \u00e1vido de descobrir as \u00faltimas tend\u00eancias da moda.    <\/span><b>novidades est\u00e9ticas<\/b><span style=\"font-weight: 400;\">.<\/span><\/p>\n<h2><b>Como \u00e9 que a cultura africana influencia as tend\u00eancias futuras?<\/b><\/h2>\n<p><span style=\"font-weight: 400;\">A profunda influ\u00eancia da <\/span><b>cultura africana<\/b><span style=\"font-weight: 400;\">  sobre moda transcende as meras considera\u00e7\u00f5es est\u00e9ticas para abra\u00e7ar uma identidade mais ampla e inclusiva. Convida-nos a todos a repensar a nossa rela\u00e7\u00e3o com as roupas e a forma como estas podem incorporar valores sociais fortes. A este respeito, a sustentabilidade e o respeito pelas pr\u00e1ticas artesanais locais est\u00e3o a tornar-se quest\u00f5es reais para os designers actuais e futuros.  <\/span><\/p>\n<p><span style=\"font-weight: 400;\">Hoje em dia, as iniciativas colectivas est\u00e3o a incentivar a capacita\u00e7\u00e3o econ\u00f3mica atrav\u00e9s da moda e a contribuir para uma narrativa que associa a cultura e o estilo \u00e0 justi\u00e7a social e ao progresso econ\u00f3mico.<\/span><\/p>\n<h3><b>Quais s\u00e3o os desafios que os designers africanos enfrentam at\u00e9 2025?<\/b><\/h3>\n<p><span style=\"font-weight: 400;\">Os <\/span><b>designers africanos<\/b><span style=\"font-weight: 400;\">  t\u00eam frequentemente de se debater com infra-estruturas limitadas, o que pode dificultar a sua expans\u00e3o \u00e0 escala mundial. Existem muitas oportunidades possibilitadas pelas novas tecnologias e pela crescente digitaliza\u00e7\u00e3o. Apoiados por um marketing digital ambicioso e direcionado, estes artes\u00e3os de estilo est\u00e3o a desafiar as expectativas, redefinindo continuamente os seus processos criativos e log\u00edsticos.  <\/span><\/p>\n<p><span style=\"font-weight: 400;\">H\u00e1 tamb\u00e9m o desafio constante de preservar a ess\u00eancia e a autenticidade da moda africana face \u00e0s ofertas estandardizadas de outras regi\u00f5es. \u00c9 vital que as vozes africanas permane\u00e7am no centro desta ind\u00fastria global, assegurando que o patrim\u00f3nio \u00fanico de cada regi\u00e3o continua a ser valorizado e preservado para as gera\u00e7\u00f5es futuras. <\/span><\/p>\n<h2><b>Que mudan\u00e7as s\u00e3o esperadas no mundo do luxo africano?<\/b><\/h2>\n<p><span style=\"font-weight: 400;\">O mercado de luxo africano est\u00e1 a passar por uma profunda transforma\u00e7\u00e3o. Ao concentrar-se em pe\u00e7as excepcionais, criadas com um cuidado meticuloso, est\u00e3o a surgir novas perspectivas sobre o luxo. Os designers africanos esfor\u00e7am-se por criar objectos de alta qualidade, ricos em identidade e profundamente enraizados nas suas ra\u00edzes culturais.  <\/span><span style=\"font-weight: 400;\"><br \/>\n<\/span><span style=\"font-weight: 400;\">Esta evolu\u00e7\u00e3o para um luxo mais respons\u00e1vel e aut\u00eantico est\u00e1 a ajudar a redefinir certas percep\u00e7\u00f5es globais. Prova que a contribui\u00e7\u00e3o africana n\u00e3o se limita a responder a uma procura externa, mas \u00e9 o resultado de um verdadeiro interc\u00e2mbio intercultural baseado em princ\u00edpios sustent\u00e1veis.   <\/span><b>Tour de Moda em \u00c1frica<\/b><span style=\"font-weight: 400;\">enquanto fonte de informa\u00e7\u00e3o de refer\u00eancia, desempenha um papel ativo na valoriza\u00e7\u00e3o dos produtos de luxo &#8220;made in Africa&#8221;. N\u00e3o h\u00e1 d\u00favida de que a complementaridade entre os formatos tradicionais e as ferramentas digitais se tornar\u00e1 um pilar central nas estrat\u00e9gias das casas e iniciativas africanas. Encontrar o equil\u00edbrio certo entre a inova\u00e7\u00e3o tecnol\u00f3gica e o patrim\u00f3nio cultural tornar-se-\u00e1 essencial para os designers do continente num mundo em constante mudan\u00e7a.  <\/span><\/p>\n<p><span style=\"font-weight: 400;\">Combinando uma vis\u00e3o global com ra\u00edzes locais e baseando-se numa abordagem simultaneamente sustent\u00e1vel e resolutamente virada para o futuro, a moda africana pretende ter um forte impacto na cena internacional. Apoiada pelo apoio de actores empenhados como   <\/span><b>\u00c1frica Fashion Tour<\/b><span style=\"font-weight: 400;\">Esta din\u00e2mica j\u00e1 n\u00e3o \u00e9 facultativa, \u00e9 uma evid\u00eancia. <\/span> <\/p>\n","protected":false},"excerpt":{"rendered":"<p>A evolu\u00e7\u00e3o da moda africana continua a surpreender e a inspirar \u00e0 escala global. Em 2025, novas tend\u00eancias est\u00e3o a tomar forma, posicionando \u00c1frica como um verdadeiro centro de criatividade e inova\u00e7\u00e3o. Os estilistas africanos destacam-se pela sua capacidade de fundir tradi\u00e7\u00e3o e modernidade, dando origem a estilos \u00fanicos e ousados. Africa Fashion Tour desempenha [&hellip;]<\/p>\n","protected":false},"author":70,"featured_media":0,"parent":0,"menu_order":0,"comment_status":"closed","ping_status":"closed","template":"","meta":{"_et_pb_use_builder":"off","_et_pb_old_content":"","_et_gb_content_width":"","footnotes":""},"class_list":["post-9410","page","type-page","status-publish","hentry"],"_links":{"self":[{"href":"https:\/\/africafashiontour.com\/pt-pt\/wp-json\/wp\/v2\/pages\/9410","targetHints":{"allow":["GET"]}}],"collection":[{"href":"https:\/\/africafashiontour.com\/pt-pt\/wp-json\/wp\/v2\/pages"}],"about":[{"href":"https:\/\/africafashiontour.com\/pt-pt\/wp-json\/wp\/v2\/types\/page"}],"author":[{"embeddable":true,"href":"https:\/\/africafashiontour.com\/pt-pt\/wp-json\/wp\/v2\/users\/70"}],"replies":[{"embeddable":true,"href":"https:\/\/africafashiontour.com\/pt-pt\/wp-json\/wp\/v2\/comments?post=9410"}],"version-history":[{"count":0,"href":"https:\/\/africafashiontour.com\/pt-pt\/wp-json\/wp\/v2\/pages\/9410\/revisions"}],"wp:attachment":[{"href":"https:\/\/africafashiontour.com\/pt-pt\/wp-json\/wp\/v2\/media?parent=9410"}],"curies":[{"name":"wp","href":"https:\/\/api.w.org\/{rel}","templated":true}]}}